{"id":51327,"date":"2026-05-13T15:39:34","date_gmt":"2026-05-13T13:39:34","guid":{"rendered":"https:\/\/premino.pl\/?product=nuxuriance-ultra-krem-przeciwstarzeniowy-na-dzien-i-na-noc-75ml"},"modified":"2026-05-13T15:39:34","modified_gmt":"2026-05-13T13:39:34","slug":"nuxuriance-ultra-krem-przeciwstarzeniowy-na-dzien-i-na-noc-75ml","status":"publish","type":"product","link":"https:\/\/premino.pl\/?product=nuxuriance-ultra-krem-przeciwstarzeniowy-na-dzien-i-na-noc-75ml","title":{"rendered":"Nuxuriance Ultra krem przeciwstarzeniowy na dzie\u0144 i na noc 75ml"},"content":{"rendered":"<p>Nuxe stworzy\u0142 wyj\u0105tkowy, wielozadaniowy krem przeciwstarzeniowy, kt\u00f3ry dzia\u0142a kompleksowo przez ca\u0142\u0105 dob\u0119. W ci\u0105gu dnia chroni, wyg\u0142adza, ujednolica koloryt i dodaje sk\u00f3rze blasku, natomiast noc\u0105 wspiera regeneracj\u0119, odnow\u0119 i intensywne nawil\u017cenie. Eksperci laboratorium NUXE opracowali formu\u0142\u0119 dostosowan\u0105 do rytmu biologicznego sk\u00f3ry, \u0142\u0105cz\u0105c innowacyjn\u0105 technologi\u0119 Alfa [3R] z niacynamidem, zapewniaj\u0105c 24-godzinn\u0105 piel\u0119gnacj\u0119: korekcj\u0119 w dzie\u0144 i odnow\u0119 noc\u0105.<\/p>\n<p>Elegancki szmaragdowo-z\u0142oty s\u0142oiczek zawiera 75 ml kremu o ultralekkiej, p\u0142ynnej konsystencji, kt\u00f3ra rano daje satynowe wyko\u0144czenie, a wieczorem otula sk\u00f3r\u0119, zapewniaj\u0105c komfort. Produkt jest odpowiedni dla ka\u017cdego rodzaju sk\u00f3ry, a jego nowoczesny, subtelny zapach podkre\u015bla luksusow\u0105 jako\u015b\u0107 kremu.<\/p>\n<p><b>Ekskluzywna technologia Alfa [3R]<br \/><\/b>Formu\u0142a Alfa [3R] dzia\u0142a na trzech poziomach, wspieraj\u0105c naturaln\u0105 regeneracj\u0119 nask\u00f3rka:<br \/>[R]ewitalizuje \u2013 aktywuje keratynocyty, stymuluj\u0105c odnow\u0119 sk\u00f3ry.<br \/>[R]egeneruje \u2013 zwi\u0119ksza proliferacj\u0119 kom\u00f3rek nask\u00f3rka, wspomagaj\u0105c odbudow\u0119 sk\u00f3ry.<br \/>[R]edukuje zmarszczki \u2013 wyg\u0142adza zmarszczki i przyspiesza odnow\u0119 nask\u00f3rka.<\/p>\n<p><b>Trio sk\u0142adnik\u00f3w aktywnych pochodzenia naturalnego<br \/><\/b>\u2022 Kwas hialuronowy \u2013 pozyskiwany w procesie biofermentacji, wspiera regeneracj\u0119 w\u0142\u00f3kien podporowych sk\u00f3ry.<br \/>\u2022 Ekstrakt z lucerny siewnej \u2013 ro\u015blinny koncentrat o silnym dzia\u0142aniu regeneruj\u0105cym nask\u00f3rek i sk\u00f3r\u0119 w\u0142a\u015bciw\u0105.<br \/>\u2022 Ekstrakt z liliowca rdzawego \u2013 antyoksydant o w\u0142a\u015bciwo\u015bciach przeciwglikacyjnych.<\/p>\n<p>Technologia Alfa [3R] to naturalne, skuteczniejsze ni\u017c retinol rozwi\u0105zanie przeciwstarzeniowe, testowane dermatologicznie i bezpieczne dla wszystkich rodzaj\u00f3w sk\u00f3ry. Nie wymaga dodatkowej ochrony UV i nie powoduje podra\u017cnie\u0144.<\/p>\n<p><b>Formu\u0142a wzbogacona o niacynamid \u2013 wszechstronna piel\u0119gnacja<br \/><\/b>Po\u0142\u0105czenie niacynamidu (witamina B3) z technologi\u0105 Alfa [3R] daje efekt intensywnej regeneracji i ochrony sk\u00f3ry:<br \/>\u2022 Stymuluje fibroblasty do produkcji kolagenu \u2192 uj\u0119drnia sk\u00f3r\u0119<br \/>\u2022 Wzmacnia barier\u0119 ochronn\u0105 i nawil\u017ca \u2192 intensywne nawil\u017cenie<br \/>\u2022 Neutralizuje wolne rodniki \u2192 dzia\u0142anie antyoksydacyjne<br \/>\u2022 Redukuje nadmiar sebum \u2192 zw\u0119\u017ca pory<br \/>\u2022 Wyr\u00f3wnuje koloryt sk\u00f3ry \u2192 redukuje przebarwienia<\/p>\n<p><b>Spos\u00f3b u\u017cycia<br \/><\/b>Nabierz porcj\u0119 kremu wielko\u015bci orzecha w\u0142oskiego, rozgrzej w d\u0142oniach i na\u0142\u00f3\u017c na twarz, szyj\u0119 oraz dekolt, omijaj\u0105c okolice oczu. Delikatnie wmasuj a\u017c do pe\u0142nego wch\u0142oni\u0119cia, a na koniec lekko wklep opuszkami palc\u00f3w, aby uzyska\u0107 promienn\u0105, wyg\u0142adzon\u0105 cer\u0119.<\/p>\n<p><strong>Dzia\u0142anie:<\/strong> chroni, nawil\u017caj\u0105ce, od\u017cywcze, redukuje zmarszczki, regeneruje, uelastycznia, uj\u0119drnia, wyg\u0142adza, wyr\u00f3wnuje koloryt sk\u00f3ry, \u0142agodzi podra\u017cnienia<br \/>\n<strong>Gramatura:<\/strong> ml<br \/>\n<strong>Konsystencja:<\/strong> krem<br \/>\n<strong>Linie elitarne:<\/strong> nie<br \/>\n<strong>Piel\u0119gnacja specyficzna:<\/strong> nie<br \/>\n<strong>Pojemno\u015b\u0107:<\/strong> 75<br \/>\n<strong>Pora stosowania:<\/strong> dowolnie, dzie\u0144, noc<br \/>\n<strong>P\u0142e\u0107:<\/strong> damski<br \/>\n<strong>Rodzaj sk\u00f3ry:<\/strong> wra\u017cliwa<br \/>\n<strong>S\u0142o\u0144ce:<\/strong> nie<br \/>\n<strong>Typ sk\u00f3ry:<\/strong> mieszana\/t\u0142usta, normalna, sucha<\/p>\n<p><strong>Uwagi:<\/strong><\/p>\n<p>Tylko do u\u017cytku zewn\u0119trznego. Unika\u0107 bezpo\u015bredniego kontaktu z oczami.<\/p>\n<p><strong>Sk\u0142adniki:<\/strong><\/p>\n<p>Aqua\/water, Coco-caprylate, Glycerin, Glyceryl Stearate Citrate, Behenyl Alcohol, C10-18 Triglycerides, Cetearyl Alcohol, Niacinamide, Butyrospermum Parkii (Shea) Butter, Pentylene Glycol, Simmondsia Chinensis (Jojoba) Seed Oil, Squalane, Parfum\/fragrance, Microcrystalline Cellulose, Persea Gratissima (Avocado) Oil, Sodium Stearoyl Glutamate, Xanthan Gum, Ethylhexylglycerin, 1, 2-hexanediol, Caprylyl Glycol, Hyaluronic Acid, Rosa Canina Fruit Oil, Sodium Gluconate, Medicago Sativa (Alfalfa) Extract, Cellulose Gum, Hemerocallis Fulva Extract, Citric Acid, Tropolone, Tocopherol, Tetramethyl Acetyloctahydronaphthalenes, Linalool, Coumarin, Hydroxycitronellal, Geraniol, Citronellol, Rose Ketones [n5709\/b]<\/p>\n","protected":false},"excerpt":{"rendered":"<p> <strong>Dzia\u0142anie:<\/strong> chroni, nawil\u017caj\u0105ce, od\u017cywcze, redukuje zmarszczki, regeneruje, uelastycznia, uj\u0119drnia, wyg\u0142adza, wyr\u00f3wnuje koloryt sk\u00f3ry, \u0142agodzi podra\u017cnienia<br \/>  <strong>Gramatura:<\/strong> ml<br \/>  <strong>Konsystencja:<\/strong> krem<br \/>  <strong>Linie elitarne:<\/strong> nie<br \/>  <strong>Piel\u0119gnacja specyficzna:<\/strong> nie<br \/>  <strong>Pojemno\u015b\u0107:<\/strong> 75<br \/>  <strong>Pora stosowania:<\/strong> dowolnie, dzie\u0144, noc<br \/>  <strong>P\u0142e\u0107:<\/strong> damski<br \/>  <strong>Rodzaj sk\u00f3ry:<\/strong> wra\u017cliwa<br \/>  <strong>S\u0142o\u0144ce:<\/strong> nie<br \/>  <strong>Typ sk\u00f3ry:<\/strong> mieszana\/t\u0142usta, normalna, sucha <\/p>\n","protected":false},"featured_media":51328,"comment_status":"open","ping_status":"closed","template":"","meta":{"_acf_changed":false},"kategoria-hurtowni":[211,214,215],"product_brand":[213],"product_cat":[76],"product_tag":[],"class_list":{"0":"post-51327","1":"product","2":"type-product","3":"status-publish","4":"has-post-thumbnail","6":"kategoria-hurtowni-dermokosmetyki","7":"kategoria-hurtowni-pielegnacja-twarzy-dermokosmetyki","8":"kategoria-hurtowni-twarz-pielegnacja-twarzy-dermokosmetyki","9":"product_brand-nuxe","10":"product_cat-primavera","12":"first","13":"outofstock","14":"taxable","15":"shipping-taxable","16":"product-type-simple"},"acf":[],"_links":{"self":[{"href":"https:\/\/premino.pl\/index.php?rest_route=\/wp\/v2\/product\/51327","targetHints":{"allow":["GET"]}}],"collection":[{"href":"https:\/\/premino.pl\/index.php?rest_route=\/wp\/v2\/product"}],"about":[{"href":"https:\/\/premino.pl\/index.php?rest_route=\/wp\/v2\/types\/product"}],"replies":[{"embeddable":true,"href":"https:\/\/premino.pl\/index.php?rest_route=%2Fwp%2Fv2%2Fcomments&post=51327"}],"wp:featuredmedia":[{"embeddable":true,"href":"https:\/\/premino.pl\/index.php?rest_route=\/wp\/v2\/media\/51328"}],"wp:attachment":[{"href":"https:\/\/premino.pl\/index.php?rest_route=%2Fwp%2Fv2%2Fmedia&parent=51327"}],"wp:term":[{"taxonomy":"kategoria-hurtowni","embeddable":true,"href":"https:\/\/premino.pl\/index.php?rest_route=%2Fwp%2Fv2%2Fkategoria-hurtowni&post=51327"},{"taxonomy":"product_brand","embeddable":true,"href":"https:\/\/premino.pl\/index.php?rest_route=%2Fwp%2Fv2%2Fproduct_brand&post=51327"},{"taxonomy":"product_cat","embeddable":true,"href":"https:\/\/premino.pl\/index.php?rest_route=%2Fwp%2Fv2%2Fproduct_cat&post=51327"},{"taxonomy":"product_tag","embeddable":true,"href":"https:\/\/premino.pl\/index.php?rest_route=%2Fwp%2Fv2%2Fproduct_tag&post=51327"}],"curies":[{"name":"wp","href":"https:\/\/api.w.org\/{rel}","templated":true}]}}