{"id":51381,"date":"2026-05-13T15:39:53","date_gmt":"2026-05-13T13:39:53","guid":{"rendered":"https:\/\/premino.pl\/?product=leau-bleue-woda-perfumowana-spray-30ml"},"modified":"2026-05-13T15:39:54","modified_gmt":"2026-05-13T13:39:54","slug":"leau-bleue-woda-perfumowana-spray-30ml","status":"publish","type":"product","link":"https:\/\/premino.pl\/?product=leau-bleue-woda-perfumowana-spray-30ml","title":{"rendered":"L&#8217;Eau Bleue woda perfumowana spray 30ml"},"content":{"rendered":"<p>Miu Miu L&#8217;Eau Bleue to esencja \u015bwie\u017co\u015bci i rado\u015bci \u2013 moment, kt\u00f3ry wszyscy znamy: nag\u0142e u\u015bwiadomienie sobie, \u017ce wiosna wreszcie nadesz\u0142a. To uczucie lekkie, subtelne, niemal nieuchwytne, unosz\u0105ce si\u0119 w powietrzu i wype\u0142niaj\u0105ce ka\u017cdy oddech wyj\u0105tkow\u0105 delikatno\u015bci\u0105.<\/p>\n<p><b>Nuty zapachowe:<br \/><\/b><br \/><b>Nuta g\u0142owy: <\/b>konwalia<br \/><b>Nuta serca: <\/b>nuty zielone, kropla rosy, bia\u0142e kwiaty, ja\u015bmin, dzika r\u00f3\u017ca, hedione<br \/><b>Nuta bazy: <\/b>akigalawood, bia\u0142e pi\u017cmo<\/p>\n<p><strong>Gramatura:<\/strong> ml<br \/>\n<strong>Linia k\u0105pielowa:<\/strong> nie<br \/>\n<strong>Miniatura:<\/strong> nie<br \/>\n<strong>Nuta bazy:<\/strong> akigalawood, bia\u0142e pi\u017cmo<br \/>\n<strong>Nuta g\u0142owy:<\/strong> konwalia<br \/>\n<strong>Nuta g\u0142\u00f3wna:<\/strong> kwiatowe<br \/>\n<strong>Nuta serca:<\/strong> bia\u0142e kwiaty, dzika r\u00f3\u017ca, hedione, ja\u015bmin, kropla rosy, nuty zielone<br \/>\n<strong>Pojemno\u015b\u0107:<\/strong> 30<br \/>\n<strong>Produkt rzadki:<\/strong> nie<br \/>\n<strong>Pr\u00f3bka:<\/strong> nie<br \/>\n<strong>P\u0142e\u0107:<\/strong> damski<br \/>\n<strong>Rodzaj:<\/strong> woda perfumowana<br \/>\n<strong>Tester:<\/strong> nie<br \/>\n<strong>Zapach alternatywny:<\/strong> nie<br \/>\n<strong>Zestaw:<\/strong> nie<\/p>\n<p><strong>Uwagi:<\/strong><\/p>\n<p>Ostrze\u017cenie: Produkt \u0142atwopalny a\u017c do wyschni\u0119cia. Przechowuj z dala od \u017ar\u00f3de\u0142 ciep\u0142a i zap\u0142onu. Unika\u0107 rozpylania w kierunku oczu.<\/p>\n<p><strong>Sk\u0142adniki:<\/strong><\/p>\n<p>ALCOHOL \u2022 PARFUM \/ FRAGRANCE \u2022 AQUA \/ WATER \/ EAU \u2022 TETRAMETHYL ACETYLOCTAHYDRONAPHTHALENES \u2022 TRIMETHYLBENZENEPROPANOL \u2022 ACETYL CEDRENE \u2022 BENZYL SALICYLATE \u2022 HEXADECANOLACTONE \u2022 BENZYL ALCOHOL \u2022 HYDROXYCITRONELLAL \u2022 BUTYL METHOXYDIBENZOYLMETHANE \u2022 HEXYL CINNAMAL \u2022 CITRONELLOL \u2022 GERANIOL \u2022 CITRUS AURANTIUM BERGAMIA PEEL OIL \u2022 TERPINEOL \u2022 CARVONE \u2022 LINALYL ACETATE \u2022 LIMONENE \u2022 PINENE \u2022 BENZALDEHYDE \u2022 DIMETHYL PHENETHYL ACETATE \u2022 LINALOOL \u2022 ROSE FLOWER OIL\/EXTRACT \u2022 ISOEUGENYL ACETATE \u2022 CITRUS AURANTIUM PEEL OIL \u2022 ISOEUGENOL \u2022 VANILLIN \u2022 CITRUS AURANTIUM FLOWER OIL \u2022 CINNAMYL ALCOHOL \u2022 CITRAL \u2022 EUGENOL \u2022 BETA-CARYOPHYLLENE \u2022 GERANYL ACETATE \u2022 TERPINOLENE \u2022 CI 60730 \/ EXT. VIOLET 2 (F.I.L. N70062309\/1).<\/p>\n","protected":false},"excerpt":{"rendered":"<p> <strong>Gramatura:<\/strong> ml<br \/>  <strong>Linia k\u0105pielowa:<\/strong> nie<br \/>  <strong>Miniatura:<\/strong> nie<br \/>  <strong>Nuta bazy:<\/strong> akigalawood, bia\u0142e pi\u017cmo<br \/>  <strong>Nuta g\u0142owy:<\/strong> konwalia<br \/>  <strong>Nuta g\u0142\u00f3wna:<\/strong> kwiatowe<br \/>  <strong>Nuta serca:<\/strong> bia\u0142e kwiaty, dzika r\u00f3\u017ca, hedione, ja\u015bmin, kropla rosy, nuty zielone<br \/>  <strong>Pojemno\u015b\u0107:<\/strong> 30<br \/>  <strong>Produkt rzadki:<\/strong> nie<br \/>  <strong>Pr\u00f3bka:<\/strong> nie<br \/>  <strong>P\u0142e\u0107:<\/strong> damski<br \/>  <strong>Rodzaj:<\/strong> woda perfumowana<br \/>  <strong>Tester:<\/strong> nie<br \/>  <strong>Zapach alternatywny:<\/strong> nie<br \/>  <strong>Zestaw:<\/strong> nie <\/p>\n","protected":false},"featured_media":51382,"comment_status":"open","ping_status":"closed","template":"","meta":{"_acf_changed":false},"kategoria-hurtowni":[87,88],"product_brand":[312],"product_cat":[76],"product_tag":[],"class_list":{"0":"post-51381","1":"product","2":"type-product","3":"status-publish","4":"has-post-thumbnail","6":"kategoria-hurtowni-perfumy","7":"kategoria-hurtowni-zapachy","8":"product_brand-miu-miu","9":"product_cat-primavera","11":"first","12":"outofstock","13":"taxable","14":"shipping-taxable","15":"product-type-simple"},"acf":[],"_links":{"self":[{"href":"https:\/\/premino.pl\/index.php?rest_route=\/wp\/v2\/product\/51381","targetHints":{"allow":["GET"]}}],"collection":[{"href":"https:\/\/premino.pl\/index.php?rest_route=\/wp\/v2\/product"}],"about":[{"href":"https:\/\/premino.pl\/index.php?rest_route=\/wp\/v2\/types\/product"}],"replies":[{"embeddable":true,"href":"https:\/\/premino.pl\/index.php?rest_route=%2Fwp%2Fv2%2Fcomments&post=51381"}],"wp:featuredmedia":[{"embeddable":true,"href":"https:\/\/premino.pl\/index.php?rest_route=\/wp\/v2\/media\/51382"}],"wp:attachment":[{"href":"https:\/\/premino.pl\/index.php?rest_route=%2Fwp%2Fv2%2Fmedia&parent=51381"}],"wp:term":[{"taxonomy":"kategoria-hurtowni","embeddable":true,"href":"https:\/\/premino.pl\/index.php?rest_route=%2Fwp%2Fv2%2Fkategoria-hurtowni&post=51381"},{"taxonomy":"product_brand","embeddable":true,"href":"https:\/\/premino.pl\/index.php?rest_route=%2Fwp%2Fv2%2Fproduct_brand&post=51381"},{"taxonomy":"product_cat","embeddable":true,"href":"https:\/\/premino.pl\/index.php?rest_route=%2Fwp%2Fv2%2Fproduct_cat&post=51381"},{"taxonomy":"product_tag","embeddable":true,"href":"https:\/\/premino.pl\/index.php?rest_route=%2Fwp%2Fv2%2Fproduct_tag&post=51381"}],"curies":[{"name":"wp","href":"https:\/\/api.w.org\/{rel}","templated":true}]}}