{"id":51531,"date":"2026-05-13T15:40:53","date_gmt":"2026-05-13T13:40:53","guid":{"rendered":"https:\/\/premino.pl\/?product=hydragenist-zestaw-nawilzajacy-krem-rozswietlajacy-50ml-maska-wypelniajaca-75ml"},"modified":"2026-05-13T15:40:55","modified_gmt":"2026-05-13T13:40:55","slug":"hydragenist-zestaw-nawilzajacy-krem-rozswietlajacy-50ml-maska-wypelniajaca-75ml","status":"publish","type":"product","link":"https:\/\/premino.pl\/?product=hydragenist-zestaw-nawilzajacy-krem-rozswietlajacy-50ml-maska-wypelniajaca-75ml","title":{"rendered":"Hydragenist zestaw nawil\u017caj\u0105cy krem roz\u015bwietlaj\u0105cy 50ml + maska wype\u0142niaj\u0105ca 75ml"},"content":{"rendered":"<p>\u015awi\u0119tuj wyj\u0105tkowe chwile w botanicznym laboratorium pi\u0119kna i odkryj ekskluzywne zestawy prezentowe Lierac.<\/p>\n<p><b>Zawarto\u015b\u0107 zestawu:<br \/><\/b>\u2022 Nawil\u017caj\u0105cy krem roz\u015bwietlaj\u0105cy 50 ml<br \/>\u2022 Maska wype\u0142niaj\u0105ca 75 ml<\/p>\n<p><b>W zestawie znajdziesz:<br \/><\/b>&#8211; Nawil\u017caj\u0105cy krem roz\u015bwietlaj\u0105cy \u2013 lekka, kremowa konsystencja delikatnie wtapia si\u0119 w sk\u00f3r\u0119, zapewniaj\u0105c intensywne nawil\u017cenie i natychmiastowe uczucie komfortu. Otula sk\u00f3r\u0119 mi\u0119kkim woalem, \u0142\u0105cz\u0105c komfort z lekko\u015bci\u0105, a sk\u00f3ra normalna i sucha odzyskuje elastyczno\u015b\u0107 i \u015bwie\u017cy wygl\u0105d. Formu\u0142a zawiera 98% sk\u0142adnik\u00f3w pochodzenia naturalnego. Odpowiednia dla sk\u00f3ry normalnej i suchej, tak\u017ce wra\u017cliwej.<br \/>&#8211; Maska wype\u0142niaj\u0105ca \u2013 zapewnia natychmiastow\u0105 i d\u0142ugotrwa\u0142\u0105 k\u0105piel nawil\u017caj\u0105c\u0105 w zaledwie 10 minut. Sk\u00f3ra staje si\u0119 napi\u0119ta, drobne linie spowodowane odwodnieniem wyg\u0142adzone, a cera wygl\u0105da \u015bwie\u017co i promiennie. \u017belowo-kremowa konsystencja delikatnie wtapia si\u0119 w sk\u00f3r\u0119, zapewniaj\u0105c komfort i mi\u0119kko\u015b\u0107. Formu\u0142a zawiera 96% sk\u0142adnik\u00f3w pochodzenia naturalnego. Odpowiednia dla wszystkich rodzaj\u00f3w sk\u00f3ry z wyj\u0105tkiem wra\u017cliwej lub podra\u017cnionej.<\/p>\n<p>Testowane pod kontrol\u0105 dermatologiczn\u0105 i okulistyczn\u0105<\/p>\n<p><b>Spos\u00f3b u\u017cycia:<br \/><\/b>Nawil\u017caj\u0105cy krem roz\u015bwietlaj\u0105cy: stosowa\u0107 rano i wieczorem na twarz i szyj\u0119.<br \/>Maska wype\u0142niaj\u0105ca: na\u0142o\u017cy\u0107 obfit\u0105 warstw\u0119 na sk\u00f3r\u0119, pozostawi\u0107 na 10 minut, a nast\u0119pnie wmasowa\u0107 nadmiar lub usun\u0105\u0107 wacikiem.<\/p>\n<p><strong>Dzia\u0142anie:<\/strong> chroni, nawil\u017caj\u0105ce, redukuje zmarszczki, regeneruje, roz\u015bwietlaj\u0105ce, uelastycznia, wyg\u0142adza, wyr\u00f3wnuje koloryt sk\u00f3ry<br \/>\n<strong>Gramatura:<\/strong> sztuka<br \/>\n<strong>Konsystencja:<\/strong> krem, maska<br \/>\n<strong>Linie elitarne:<\/strong> tak<br \/>\n<strong>Piel\u0119gnacja specyficzna:<\/strong> maska<br \/>\n<strong>Pojemno\u015b\u0107:<\/strong> 2<br \/>\n<strong>Pora stosowania:<\/strong> dowolnie<br \/>\n<strong>P\u0142e\u0107:<\/strong> damski<br \/>\n<strong>Rodzaj sk\u00f3ry:<\/strong> dojrza\u0142a<br \/>\n<strong>S\u0142o\u0144ce:<\/strong> nie<br \/>\n<strong>Typ sk\u00f3ry:<\/strong> mieszana\/t\u0142usta, normalna, sucha<\/p>\n<p><strong>Uwagi:<\/strong><\/p>\n<p>Unika\u0107 kontaktu z oczami i ustami. Nie stosowa\u0107 na sk\u00f3r\u0119 wra\u017cliw\u0105 lub podra\u017cnion\u0105.<\/p>\n<p><strong>Sk\u0142adniki:<\/strong><\/p>\n<p>The Rehydrating Radiance Cream: AQUA \/ WATER \/ EAU. GLYCERIN. C15-19 ALKANE. ISOSTEARYL ISOSTEARATE. SQUALANE. PROPANEDIOL. BUTYROSPERMUM PARKII (SHEA) BUTTER. CETYL STEARATE. C10-18 TRIGLYCERIDES. CETYL PALMITATE. CETYL ALCOHOL. POTASSIUM CETYL PHOSPHATE. CARBOMER. PARFUM \/ FRAGRANCE. CAESALPINIA SPINOSA GUM. ETHYLHEXYLGLYCERIN. SODIUM BENZOATE. SODIUM HYALURONATE. TOCOPHEROL. SODIUM HYDROXIDE. STEARIC ACID. HELIANTHUS ANNUUS (SUNFLOWER) SEED OIL. BACILLUS FERMENT.<br \/>The Plumping Mask: AQUA \/ WATER \/ EAU. DIISOPROPYL SEBACATE. GLYCERIN. PROPANEDIOL. LINUM USITATISSIMUM (LINSEED) SEED EXTRACT. HYDROLYZED HYALURONIC ACID. SODIUM HYALURONATE. BACILLUS FERMENT. CARBOMER. ALCOHOL. PARFUM \/ FRAGRANCE. MALTODEXTRIN. CHLORPHENESIN. ALTHAEA OFFICINALIS ROOT EXTRACT. PRUNUS AMYGDALUS DULCIS (SWEET ALMOND) FRUIT EXTRACT. ETHYLHEXYLGLYCERIN. SODIUM HYDROXIDE. SODIUM PHYTATE. BIOSACCHARIDE GUM-1. XANTHAN GUM. BENZYL ALCOHOL. LINALOOL. LINALYL ACETATE. TOCOPHEROL. GLYCINE SOJA (SOYBEAN) OIL.<\/p>\n","protected":false},"excerpt":{"rendered":"<p> <strong>Dzia\u0142anie:<\/strong> chroni, nawil\u017caj\u0105ce, redukuje zmarszczki, regeneruje, roz\u015bwietlaj\u0105ce, uelastycznia, wyg\u0142adza, wyr\u00f3wnuje koloryt sk\u00f3ry<br \/>  <strong>Gramatura:<\/strong> sztuka<br \/>  <strong>Konsystencja:<\/strong> krem, maska<br \/>  <strong>Linie elitarne:<\/strong> tak<br \/>  <strong>Piel\u0119gnacja specyficzna:<\/strong> maska<br \/>  <strong>Pojemno\u015b\u0107:<\/strong> 2<br \/>  <strong>Pora stosowania:<\/strong> dowolnie<br \/>  <strong>P\u0142e\u0107:<\/strong> damski<br \/>  <strong>Rodzaj sk\u00f3ry:<\/strong> dojrza\u0142a<br \/>  <strong>S\u0142o\u0144ce:<\/strong> nie<br \/>  <strong>Typ sk\u00f3ry:<\/strong> mieszana\/t\u0142usta, normalna, sucha <\/p>\n","protected":false},"featured_media":51532,"comment_status":"open","ping_status":"closed","template":"","meta":{"_acf_changed":false},"kategoria-hurtowni":[211,214,215],"product_brand":[626],"product_cat":[76],"product_tag":[],"class_list":{"0":"post-51531","1":"product","2":"type-product","3":"status-publish","4":"has-post-thumbnail","6":"kategoria-hurtowni-dermokosmetyki","7":"kategoria-hurtowni-pielegnacja-twarzy-dermokosmetyki","8":"kategoria-hurtowni-twarz-pielegnacja-twarzy-dermokosmetyki","9":"product_brand-lierac","10":"product_cat-primavera","12":"first","13":"outofstock","14":"taxable","15":"shipping-taxable","16":"product-type-simple"},"acf":[],"_links":{"self":[{"href":"https:\/\/premino.pl\/index.php?rest_route=\/wp\/v2\/product\/51531","targetHints":{"allow":["GET"]}}],"collection":[{"href":"https:\/\/premino.pl\/index.php?rest_route=\/wp\/v2\/product"}],"about":[{"href":"https:\/\/premino.pl\/index.php?rest_route=\/wp\/v2\/types\/product"}],"replies":[{"embeddable":true,"href":"https:\/\/premino.pl\/index.php?rest_route=%2Fwp%2Fv2%2Fcomments&post=51531"}],"wp:featuredmedia":[{"embeddable":true,"href":"https:\/\/premino.pl\/index.php?rest_route=\/wp\/v2\/media\/51532"}],"wp:attachment":[{"href":"https:\/\/premino.pl\/index.php?rest_route=%2Fwp%2Fv2%2Fmedia&parent=51531"}],"wp:term":[{"taxonomy":"kategoria-hurtowni","embeddable":true,"href":"https:\/\/premino.pl\/index.php?rest_route=%2Fwp%2Fv2%2Fkategoria-hurtowni&post=51531"},{"taxonomy":"product_brand","embeddable":true,"href":"https:\/\/premino.pl\/index.php?rest_route=%2Fwp%2Fv2%2Fproduct_brand&post=51531"},{"taxonomy":"product_cat","embeddable":true,"href":"https:\/\/premino.pl\/index.php?rest_route=%2Fwp%2Fv2%2Fproduct_cat&post=51531"},{"taxonomy":"product_tag","embeddable":true,"href":"https:\/\/premino.pl\/index.php?rest_route=%2Fwp%2Fv2%2Fproduct_tag&post=51531"}],"curies":[{"name":"wp","href":"https:\/\/api.w.org\/{rel}","templated":true}]}}