{"id":51625,"date":"2026-05-13T15:41:33","date_gmt":"2026-05-13T13:41:33","guid":{"rendered":"https:\/\/premino.pl\/?product=silver-man-50-multiwitaminy-dla-mezczyzn-suplement-diety-90-tabletek"},"modified":"2026-05-13T15:41:35","modified_gmt":"2026-05-13T13:41:35","slug":"silver-man-50-multiwitaminy-dla-mezczyzn-suplement-diety-90-tabletek","status":"publish","type":"product","link":"https:\/\/premino.pl\/?product=silver-man-50-multiwitaminy-dla-mezczyzn-suplement-diety-90-tabletek","title":{"rendered":"Silver Man 50+ multiwitaminy dla m\u0119\u017cczyzn suplement diety 90 tabletek"},"content":{"rendered":"<p>Wysokiej jako\u015bci formu\u0142a suplementu diety zosta\u0142a opracowana specjalnie z my\u015bl\u0105 o m\u0119\u017cczyznach po 50. roku \u017cycia, aby codziennie wspiera\u0107 ich zdrowie i dobre samopoczucie.<\/p>\n<p>\u2022 Og\u00f3lne samopoczucie, wygl\u0105d i prawid\u0142owy poziom testosteronu we krwi s\u0105 niezwykle wa\u017cne dla m\u0119\u017cczyzn w kwiecie wieku.<br \/>\u2022 Specjalnie zbilansowana formu\u0142a dostosowana jest do potrzeb \u017cywieniowych m\u0119\u017cczyzn, a dzi\u0119ki zawarto\u015bci niezb\u0119dnych mikroelement\u00f3w (witaminy, minera\u0142y i pierwiastki \u015bladowe) przyczynia si\u0119 do pokrycia ich potrzeb \u017cywieniowych, stanowi\u0105c idealne uzupe\u0142nienie diety dla m\u0119\u017cczyzn w starszym wieku.<br \/>\u2022 Zawiera cynk, kt\u00f3ry przyczynia si\u0119 do utrzymania prawid\u0142owego poziomu testosteronu we krwi.<br \/>\u2022 Witamina C przyczynia si\u0119 do prawid\u0142owego funkcjonowaniu uk\u0142adu odporno\u015bciowego.<br \/>\u2022 Wa\u017cna jest tak\u017ce witamina E i selen, kt\u00f3re przyczyniaj\u0105 si\u0119 do ochrony kom\u00f3rek przed stresem oksydacyjnym.<br \/>\u2022 Zawiera tak\u017ce witaminy z grupy B i magnez, kt\u00f3re r\u00f3wnie\u017c odgrywaj\u0105 wa\u017cn\u0105 rol\u0119 w utrzymaniu zdrowego funkcjonowania organizmu.<br \/>\u2022 Ze wzgl\u0119du na og\u00f3lnie wi\u0119ksze zapotrzebowanie na energi\u0119 u m\u0119\u017cczyzn, witaminy z grupy B (B1, B2, B6, B12) odgrywaj\u0105 wa\u017cn\u0105 rol\u0119 we wspieraniu prawid\u0142owych proces\u00f3w metabolicznych wytwarzaj\u0105cych energi\u0119.<br \/>\u2022 Uzupe\u0142nia go magnez, kt\u00f3ry jest wa\u017cny dla utrzymania zdrowego funkcjonowania mi\u0119\u015bni.<br \/>\u2022 Witamina B1 jest wa\u017cna dla utrzymania prawid\u0142owego funkcjonowania serca.<br \/>\u2022 Mog\u0105 go stosowa\u0107 diabetycy.<br \/>\u2022 Bez glutenu i laktozy.<\/p>\n<p><b>Efekt:\u00a0<\/b>starannie skomponowana, zbilansowana formu\u0142a suplementu diety dla m\u0119\u017cczyzn zapewnia optymalne wsparcie dla organizmu.<\/p>\n<p><b>Zalecane dzienne spo\u017cycie:<\/b>\u00a0Nale\u017cy stosowa\u0107 1 tabletk\u0119 dziennie. Tabletki Centrum posiadaj\u0105 specjaln\u0105 pow\u0142oczk\u0119, aby u\u0142atwi\u0107 ich po\u0142ykanie. Je\u017celi wyst\u0105pi\u0105 trudno\u015bci w po\u0142ykaniu, tabletk\u0119 mo\u017cna podzieli\u0107 wzd\u0142u\u017c linii. Nie nale\u017cy przekracza\u0107 zalecanej dziennej porcji do spo\u017cycia.<\/p>\n<p><b>Bezpiecze\u0144stwo stosowania:<\/b>\u00a0Zr\u00f3\u017cnicowana i zr\u00f3wnowa\u017cona dieta oraz zdrowy tryb \u017cycia s\u0105 bardzo wa\u017cne. Produktu tego nie nale\u017cy stosowa\u0107 jako substytutu (zamiennika) zr\u00f3\u017cnicowanej diety. Przy przyjmowaniu innych suplement\u00f3w zawieraj\u0105cych witamin\u0119 A nale\u017cy przeczyta\u0107 ulotk\u0119, poniewa\u017c r\u00f3\u017cne suplementy diety mog\u0105 zawiera\u0107 te same sk\u0142adniki. Nie stosowa\u0107 w przypadku nadwra\u017cliwo\u015bci na kt\u00f3rykolwiek ze sk\u0142adnik\u00f3w preparatu.<\/p>\n<p><b>Przechowywanie:\u00a0<\/b>Przechowywa\u0107 w suchym miejscu, poni\u017cej 25\u2070C. Przechowywa\u0107 w spos\u00f3b niedost\u0119pny dla ma\u0142ych dzieci. Nie stosowa\u0107, je\u015bli folia na opakowaniu jest uszkodzona. Po u\u017cyciu nale\u017cy dok\u0142adnie zamkn\u0105\u0107 wieczko.<\/p>\n<p><strong>Forma podania:<\/strong> tabletki<br \/>\n<strong>Gramatura:<\/strong> sztuka<br \/>\n<strong>Pojemno\u015b\u0107:<\/strong> 90<br \/>\n<strong>P\u0142e\u0107:<\/strong> m\u0119ski<br \/>\n<strong>Rodzaj:<\/strong> witaminy i minera\u0142y<\/p>\n<p><strong>Uwagi:<\/strong><\/p>\n<p>Suplement diety nie mo\u017ce by\u0107 stosowany jako substytut zr\u00f3\u017cnicowanej diety. Zr\u00f3wnowa\u017cony spos\u00f3b od\u017cywiania i zdrowy tryb \u017cycia s\u0105 istotne dla prawid\u0142owego funkcjonowania organizmu. Przechowywa\u0107 w temperaturze pokojowej, w spos\u00f3b niedost\u0119pny dla ma\u0142ych dzieci.<\/p>\n<p><strong>Sk\u0142adniki:<\/strong><\/p>\n<p>Sole wapniowe kwasu ortofosforowego, Tlenek magnezu, W\u0119glan wapnia, Substancje wype\u0142niaj\u0105ce: E 460, E 464, E 1200, Kwas L-askorbinowy, Substancje przeciwzbrylaj\u0105ce: E 468, E 470b, E 551, E 553b, DL-alfa- octan tokoferylu, nikotynamid, D-pantotenian wapnia, fumaran \u017celaza(II), tlenek cynku, beta-karoten, chlorowodorek pirydoksyny, monoazotan tiaminy, ryboflawina, olej ro\u015blinny (kokosowy i palmowy), siarczan miedzi(II), octan retinylu, pteroilomonoglutamin kwas, chlorek chromu(III), molibdenian sodu, jodek potasu, selenian sodu, D-biotyna, filochinon, cholekalcyferol, cyjanokobalamina, barwnik: E132<\/p>\n","protected":false},"excerpt":{"rendered":"<p> <strong>Forma podania:<\/strong> tabletki<br \/>  <strong>Gramatura:<\/strong> sztuka<br \/>  <strong>Pojemno\u015b\u0107:<\/strong> 90<br \/>  <strong>P\u0142e\u0107:<\/strong> m\u0119ski<br \/>  <strong>Rodzaj:<\/strong> witaminy i minera\u0142y <\/p>\n","protected":false},"featured_media":51626,"comment_status":"open","ping_status":"closed","template":"","meta":{"_acf_changed":false},"kategoria-hurtowni":[206,205],"product_brand":[619],"product_cat":[76],"product_tag":[],"class_list":{"0":"post-51625","1":"product","2":"type-product","3":"status-publish","4":"has-post-thumbnail","6":"kategoria-hurtowni-suplementy-diety","7":"kategoria-hurtowni-zdrowie","8":"product_brand-centrum","9":"product_cat-primavera","11":"first","12":"outofstock","13":"taxable","14":"shipping-taxable","15":"product-type-simple"},"acf":[],"_links":{"self":[{"href":"https:\/\/premino.pl\/index.php?rest_route=\/wp\/v2\/product\/51625","targetHints":{"allow":["GET"]}}],"collection":[{"href":"https:\/\/premino.pl\/index.php?rest_route=\/wp\/v2\/product"}],"about":[{"href":"https:\/\/premino.pl\/index.php?rest_route=\/wp\/v2\/types\/product"}],"replies":[{"embeddable":true,"href":"https:\/\/premino.pl\/index.php?rest_route=%2Fwp%2Fv2%2Fcomments&post=51625"}],"wp:featuredmedia":[{"embeddable":true,"href":"https:\/\/premino.pl\/index.php?rest_route=\/wp\/v2\/media\/51626"}],"wp:attachment":[{"href":"https:\/\/premino.pl\/index.php?rest_route=%2Fwp%2Fv2%2Fmedia&parent=51625"}],"wp:term":[{"taxonomy":"kategoria-hurtowni","embeddable":true,"href":"https:\/\/premino.pl\/index.php?rest_route=%2Fwp%2Fv2%2Fkategoria-hurtowni&post=51625"},{"taxonomy":"product_brand","embeddable":true,"href":"https:\/\/premino.pl\/index.php?rest_route=%2Fwp%2Fv2%2Fproduct_brand&post=51625"},{"taxonomy":"product_cat","embeddable":true,"href":"https:\/\/premino.pl\/index.php?rest_route=%2Fwp%2Fv2%2Fproduct_cat&post=51625"},{"taxonomy":"product_tag","embeddable":true,"href":"https:\/\/premino.pl\/index.php?rest_route=%2Fwp%2Fv2%2Fproduct_tag&post=51625"}],"curies":[{"name":"wp","href":"https:\/\/api.w.org\/{rel}","templated":true}]}}