{"id":51627,"date":"2026-05-13T15:41:36","date_gmt":"2026-05-13T13:41:36","guid":{"rendered":"https:\/\/premino.pl\/?product=silver-woman-50-multiwitaminy-dla-kobiet-suplement-diety-90-tabletek"},"modified":"2026-05-13T15:41:36","modified_gmt":"2026-05-13T13:41:36","slug":"silver-woman-50-multiwitaminy-dla-kobiet-suplement-diety-90-tabletek","status":"publish","type":"product","link":"https:\/\/premino.pl\/?product=silver-woman-50-multiwitaminy-dla-kobiet-suplement-diety-90-tabletek","title":{"rendered":"Silver Woman 50+ multiwitaminy dla kobiet suplement diety 90 tabletek"},"content":{"rendered":"<p><b>Centrum\u00a0Silver Woman 50+\u00a0to kompletny zestaw witamin i minera\u0142\u00f3w, stworzony specjalnie dla kobiet po 50-tym roku \u017cycia.<\/b><\/p>\n<p>Zaawansowana formu\u0142a Centrum Silver Woman 50+ zosta\u0142a opracowana specjalnie na potrzeby kobiet po 50-tym roku \u017cycia, aby codziennie wspiera\u0107 ich zdrowie i dobre samopoczucie.<\/p>\n<p>\u2022 Bogaty sk\u0142ad \u2013 suplement diety Centrum Silver Woman 50+ zawiera witaminy i minera\u0142y wa\u017cne dla kobiet po 50-tym roku \u017cycia,\u00a0w tym istotn\u0105 ilo\u015b\u0107 kwasu foliowego (300\u00a0\u03bcg = 150% RWS) i witaminy D (15 \u03bcg = 300% RWS), wap\u0144 i \u017celazo.<br \/>\u2022 Sk\u0142adniki multiwitaminy Centrum Silver Woman 50+ przyczyniaj\u0105 si\u0119 do\u00a0regulacji aktywno\u015bci hormonalnej\u00a0(witamina B6) i do\u00a0zmniejszenia uczucia zm\u0119czenia\u00a0(witaminy B2, B6, B12, kwas pantotenowy, kwas foliowy),\u00a0pomagaj\u0105 w utrzymaniu zdrowych ko\u015bci i z\u0119b\u00f3w\u00a0(witaminy D i K, wap\u0144),\u00a0przyczyniaj\u0105 si\u0119 do prawid\u0142owego funkcjonowania uk\u0142adu odporno\u015bciowego\u00a0(witaminy D, A i C, mied\u017a, kwas foliowy, selen i cynk).<\/p>\n<p>Centrum Silver Woman 50+ to suplement diety dla kobiet po 50-tym r.\u017c., kt\u00f3ry zawiera kompletny zestaw witamin i minera\u0142\u00f3w oraz mikroelement\u00f3w.\u00a0Wsp\u00f3\u0142czesne kobiety 50+ potrzebuj\u0105 multiwitaminy opartej na sk\u0142adnikach od\u017cywczych dostosowanych do ich potrzeb.<\/p>\n<p><b>POTRZEBY OD\u017bYWCZE KOBIET 50+<br \/><\/b>Odpowiednie spo\u017cycie\u00a0\u017celaza\u00a0pomaga w prawid\u0142owej produkcji czerwonych krwinek oraz w utrzymaniu prawid\u0142owego metabolizmu energetycznego.\u00a0Kwas foliowy\u00a0przyczynia si\u0119 do zmniejszenia uczucia zm\u0119czenia i znu\u017cenia.<\/p>\n<p><b>WITALNO\u015a\u0106<br \/><\/b>Witaminy z grupy B (witaminy B1, B2, B6, B12), \u017celazo, magnez\u00a0oraz\u00a0fosfor\u00a0przyczyniaj\u0105 si\u0119 do utrzymania prawid\u0142owego metabolizmu energetycznego.\u00a0\u017belazo\u00a0pomaga w prawid\u0142owym transporcie tlenu w organizmie, za\u015b\u00a0mied\u017a\u00a0pomaga w prawid\u0142owym transporcie \u017celaza w organizmie.\u00a0Witamina B2, B6, B12, kwas\u00a0pantotenowy\u00a0oraz\u00a0kwas foliowy\u00a0przyczyniaj\u0105 si\u0119 do zmniejszenia uczucia zm\u0119czenia i znu\u017cenia.<\/p>\n<p><b>ODPORNO\u015a\u0106<br \/><\/b>Witaminy D, A\u00a0i\u00a0C, mied\u017a, kwas foliowy, selen\u00a0i\u00a0cynk\u00a0pomagaj\u0105 w prawid\u0142owym funkcjonowaniu uk\u0142adu odporno\u015bciowego.<\/p>\n<p><b>R\u00d3WNOWAGA HORMONALNA<br \/><\/b>Witamina B6\u00a0przyczynia si\u0119 do regulacji aktywno\u015bci hormonalnej.<\/p>\n<p><b>SILNE KO\u015aCI<br \/><\/b>Wap\u0144\u00a0jest potrzebny do utrzymania zdrowych ko\u015bci. Dodatkowo\u00a0witamina D\u00a0i\u00a0K\u00a0pomagaj\u0105 w utrzymaniu zdrowych ko\u015bci.<\/p>\n<p>Centrum Silver Woman 50+ zawiera 100 \u03bcg\u00a0jodu.\u00a0Jod pomaga w prawid\u0142owym funkcjonowaniu tarczycy oraz w prawid\u0142owej produkcji hormon\u00f3w tarczycy.<\/p>\n<p><b>Zalecane dzienne spo\u017cycie:\u00a0<\/b>Nale\u017cy stosowa\u0107 1 tabletk\u0119 dziennie.\u00a0<\/p>\n<p><b>Przechowywanie:\u00a0<\/b>Przechowywa\u0107 w suchym miejscu poni\u017cej 25\u2070C. Przechowywa\u0107 w spos\u00f3b niedost\u0119pny dla ma\u0142ych dzieci. Nie stosowa\u0107, je\u015bli folia na opakowaniu jest uszkodzona. Po u\u017cyciu nale\u017cy dok\u0142adnie zamkn\u0105\u0107 wieczko.<\/p>\n<p><strong>Forma podania:<\/strong> tabletki<br \/>\n<strong>Gramatura:<\/strong> sztuka<br \/>\n<strong>Pojemno\u015b\u0107:<\/strong> 90<br \/>\n<strong>P\u0142e\u0107:<\/strong> damski<br \/>\n<strong>Rodzaj:<\/strong> witaminy i minera\u0142y<\/p>\n<p><strong>Uwagi:<\/strong><\/p>\n<p>Zr\u00f3\u017cnicowana i zr\u00f3wnowa\u017cona dieta oraz zdrowy tryb \u017cycia s\u0105 bardzo wa\u017cne, dlatego te\u017c produktu tego nie nale\u017cy stosowa\u0107 jako substytutu (zamiennika) zr\u00f3\u017cnicowanej diety. B\u0119d\u0105c w ci\u0105\u017cy, przez za\u017cyciem Centrum nale\u017cy skonsultowa\u0107 si\u0119 z lekarzem b\u0105d\u017a farmaceut\u0105, ze wzgl\u0119du na to, i\u017c produkt zawiera witamin\u0119 A. Nie stosowa\u0107 w przypadku nadwra\u017cliwo\u015bci na kt\u00f3rykolwiek ze sk\u0142adnik\u00f3w preparatu.<\/p>\n<p><strong>Sk\u0142adniki:<\/strong><\/p>\n<p>Calcium carbonate, Calcium salts of orthophosphoric acid, Magnesium oxide, Bulking agents: E 460, E 464, E 1200, L-ascorbic acid, Anti-caking agents: E 468, E 470b, E 551, E 553b, DL-alpha-tocopheryl acetate , Nicotinamide, Iron(II) fumarate, Calcium D-pantothenate, Zinc oxide, Beta-carotene, Pyridoxine hydrochloride, Thiamin mononitrate, Riboflavin, Vegetable oil (coconut and palm), Copper(II) sulfate, Retinyl -acetate, pteroylmonoglutamic acid, chromium (III) chloride, sodium molybdate, potassium iodide, D-biotin, sodium selenate, phylloquinone, cholecalciferol, cyanocobalamin, dyes: E120, E133<\/p>\n","protected":false},"excerpt":{"rendered":"<p> <strong>Forma podania:<\/strong> tabletki<br \/>  <strong>Gramatura:<\/strong> sztuka<br \/>  <strong>Pojemno\u015b\u0107:<\/strong> 90<br \/>  <strong>P\u0142e\u0107:<\/strong> damski<br \/>  <strong>Rodzaj:<\/strong> witaminy i minera\u0142y <\/p>\n","protected":false},"featured_media":51628,"comment_status":"open","ping_status":"closed","template":"","meta":{"_acf_changed":false},"kategoria-hurtowni":[206,205],"product_brand":[619],"product_cat":[76],"product_tag":[],"class_list":{"0":"post-51627","1":"product","2":"type-product","3":"status-publish","4":"has-post-thumbnail","6":"kategoria-hurtowni-suplementy-diety","7":"kategoria-hurtowni-zdrowie","8":"product_brand-centrum","9":"product_cat-primavera","11":"first","12":"outofstock","13":"taxable","14":"shipping-taxable","15":"product-type-simple"},"acf":[],"_links":{"self":[{"href":"https:\/\/premino.pl\/index.php?rest_route=\/wp\/v2\/product\/51627","targetHints":{"allow":["GET"]}}],"collection":[{"href":"https:\/\/premino.pl\/index.php?rest_route=\/wp\/v2\/product"}],"about":[{"href":"https:\/\/premino.pl\/index.php?rest_route=\/wp\/v2\/types\/product"}],"replies":[{"embeddable":true,"href":"https:\/\/premino.pl\/index.php?rest_route=%2Fwp%2Fv2%2Fcomments&post=51627"}],"wp:featuredmedia":[{"embeddable":true,"href":"https:\/\/premino.pl\/index.php?rest_route=\/wp\/v2\/media\/51628"}],"wp:attachment":[{"href":"https:\/\/premino.pl\/index.php?rest_route=%2Fwp%2Fv2%2Fmedia&parent=51627"}],"wp:term":[{"taxonomy":"kategoria-hurtowni","embeddable":true,"href":"https:\/\/premino.pl\/index.php?rest_route=%2Fwp%2Fv2%2Fkategoria-hurtowni&post=51627"},{"taxonomy":"product_brand","embeddable":true,"href":"https:\/\/premino.pl\/index.php?rest_route=%2Fwp%2Fv2%2Fproduct_brand&post=51627"},{"taxonomy":"product_cat","embeddable":true,"href":"https:\/\/premino.pl\/index.php?rest_route=%2Fwp%2Fv2%2Fproduct_cat&post=51627"},{"taxonomy":"product_tag","embeddable":true,"href":"https:\/\/premino.pl\/index.php?rest_route=%2Fwp%2Fv2%2Fproduct_tag&post=51627"}],"curies":[{"name":"wp","href":"https:\/\/api.w.org\/{rel}","templated":true}]}}