{"id":51629,"date":"2026-05-13T15:41:36","date_gmt":"2026-05-13T13:41:36","guid":{"rendered":"https:\/\/premino.pl\/?product=extreme-clean-szczoteczka-do-zebow-medium-2szt"},"modified":"2026-05-13T15:41:37","modified_gmt":"2026-05-13T13:41:37","slug":"extreme-clean-szczoteczka-do-zebow-medium-2szt","status":"publish","type":"product","link":"https:\/\/premino.pl\/?product=extreme-clean-szczoteczka-do-zebow-medium-2szt","title":{"rendered":"Extreme Clean szczoteczka do z\u0119b\u00f3w Medium 2szt."},"content":{"rendered":"<p>Szczoteczka do z\u0119b\u00f3w Aquafresh Extreme Clean Medium zosta\u0142a zaprojektowana, aby skutecznie usuwa\u0107 p\u0142ytk\u0119 naz\u0119bn\u0105 i jednocze\u015bnie delikatnie dba\u0107 o dzi\u0105s\u0142a. Dzi\u0119ki innowacyjnej technologii Flex-Zone pomaga redukowa\u0107 nadmierny nacisk podczas szczotkowania, chroni\u0105c wra\u017cliwe dzi\u0105s\u0142a. Specjalna g\u0142\u00f3wka z trzema precyzyjnymi pier\u015bcieniami czyszcz\u0105cymi oraz podw\u00f3jn\u0105 liczb\u0105 w\u0142\u00f3kien* zapewnia:<br \/>\u2022 o 49% lepsze czyszczenie trudno dost\u0119pnych miejsc*,<br \/>\u2022 o 57% skuteczniejsze usuwanie p\u0142ytki wzd\u0142u\u017c linii dzi\u0105se\u0142*.<\/p>\n<p>Aquafresh Extreme Clean Medium \u2013 dla dok\u0142adnego czyszczenia i pi\u0119knego u\u015bmiechu ka\u017cdego dnia.<\/p>\n<p>*W por\u00f3wnaniu ze standardow\u0105 szczoteczk\u0105 z p\u0142ask\u0105 g\u0142\u00f3wk\u0105.<\/p>\n<p><strong>Gramatura:<\/strong> sztuka<br \/>\n<strong>Konsystencja:<\/strong> szczotka<br \/>\n<strong>Linie elitarne:<\/strong> nie<br \/>\n<strong>Pojemno\u015b\u0107:<\/strong> 2<br \/>\n<strong>P\u0142e\u0107:<\/strong> unisex<br \/>\n<strong>S\u0142o\u0144ce:<\/strong> nie<\/p>\n<p><strong>Uwagi:<\/strong><\/p>\n<p>Uwaga: Unikaj nadmiernego wyginania r\u0105czki \u2013 mo\u017ce to doprowadzi\u0107 do jej z\u0142amania. Dzieci poni\u017cej 6. roku \u017cycia powinny szczotkowa\u0107 z\u0119by pod nadzorem doros\u0142ych. Nie nale\u017cy gry\u017a\u0107 w\u0142\u00f3kien ani samej szczoteczki.<\/p>\n<p><strong>Sk\u0142adniki:<\/strong><\/p>\n<p>tworzywo sztuczne<\/p>\n","protected":false},"excerpt":{"rendered":"<p> <strong>Gramatura:<\/strong> sztuka<br \/>  <strong>Konsystencja:<\/strong> szczotka<br \/>  <strong>Linie elitarne:<\/strong> nie<br \/>  <strong>Pojemno\u015b\u0107:<\/strong> 2<br \/>  <strong>P\u0142e\u0107:<\/strong> unisex<br \/>  <strong>S\u0142o\u0144ce:<\/strong> nie <\/p>\n","protected":false},"featured_media":51630,"comment_status":"open","ping_status":"closed","template":"","meta":{"_acf_changed":false},"kategoria-hurtowni":[222,90,223],"product_brand":[260],"product_cat":[76],"product_tag":[],"class_list":{"0":"post-51629","1":"product","2":"type-product","3":"status-publish","4":"has-post-thumbnail","6":"kategoria-hurtowni-higiena-jamy-ustnej","7":"kategoria-hurtowni-pielegnacja","8":"kategoria-hurtowni-szczoteczki-do-zebow","9":"product_brand-aquafresh","10":"product_cat-primavera","12":"first","13":"outofstock","14":"taxable","15":"shipping-taxable","16":"product-type-simple"},"acf":[],"_links":{"self":[{"href":"https:\/\/premino.pl\/index.php?rest_route=\/wp\/v2\/product\/51629","targetHints":{"allow":["GET"]}}],"collection":[{"href":"https:\/\/premino.pl\/index.php?rest_route=\/wp\/v2\/product"}],"about":[{"href":"https:\/\/premino.pl\/index.php?rest_route=\/wp\/v2\/types\/product"}],"replies":[{"embeddable":true,"href":"https:\/\/premino.pl\/index.php?rest_route=%2Fwp%2Fv2%2Fcomments&post=51629"}],"wp:featuredmedia":[{"embeddable":true,"href":"https:\/\/premino.pl\/index.php?rest_route=\/wp\/v2\/media\/51630"}],"wp:attachment":[{"href":"https:\/\/premino.pl\/index.php?rest_route=%2Fwp%2Fv2%2Fmedia&parent=51629"}],"wp:term":[{"taxonomy":"kategoria-hurtowni","embeddable":true,"href":"https:\/\/premino.pl\/index.php?rest_route=%2Fwp%2Fv2%2Fkategoria-hurtowni&post=51629"},{"taxonomy":"product_brand","embeddable":true,"href":"https:\/\/premino.pl\/index.php?rest_route=%2Fwp%2Fv2%2Fproduct_brand&post=51629"},{"taxonomy":"product_cat","embeddable":true,"href":"https:\/\/premino.pl\/index.php?rest_route=%2Fwp%2Fv2%2Fproduct_cat&post=51629"},{"taxonomy":"product_tag","embeddable":true,"href":"https:\/\/premino.pl\/index.php?rest_route=%2Fwp%2Fv2%2Fproduct_tag&post=51629"}],"curies":[{"name":"wp","href":"https:\/\/api.w.org\/{rel}","templated":true}]}}