{"id":51663,"date":"2026-05-13T15:41:46","date_gmt":"2026-05-13T13:41:46","guid":{"rendered":"https:\/\/premino.pl\/?product=puszysta-pianka-do-mycia-ciala-150ml"},"modified":"2026-05-13T15:41:48","modified_gmt":"2026-05-13T13:41:48","slug":"puszysta-pianka-do-mycia-ciala-150ml","status":"publish","type":"product","link":"https:\/\/premino.pl\/?product=puszysta-pianka-do-mycia-ciala-150ml","title":{"rendered":"Puszysta pianka do mycia cia\u0142a 150ml"},"content":{"rendered":"<p><b>Puszysta pianka do mycia cia\u0142a<br \/><\/b>&#8211; delikatnie myje<br \/>&#8211; nawil\u017ca<br \/>&#8211; zapobiega podra\u017cnieniom\u00a0<\/p>\n<p>Produkt delikatnie myje, a zarazem intensywnie nawil\u017ca i koi. Zawiera wyselekcjonowane sk\u0142adniki od\u017cywcze, nawil\u017caj\u0105ce i \u0142agodz\u0105ce. Naturalne substancje myj\u0105ce &#8211; glikolipidy, dbaj\u0105 o barier\u0119 ochronn\u0105 sk\u00f3ry i nie powoduj\u0105 podra\u017cnie\u0144.<\/p>\n<p><b>Wyj\u0105tkowa kompozycja naturalnych sk\u0142adnik\u00f3w aktywnych:<br \/><\/b>&#8211; Beta-glukan \u2013 skutecznie poprawia mechanizmy obronne sk\u00f3ry.<br \/>&#8211; Glikolipidy \u2013 bardzo delikatnie myj\u0105 i skutecznie nawil\u017caj\u0105.<br \/>&#8211; Ekstrakt z melisy \u2013 dzia\u0142a wyciszaj\u0105co i \u0142agodz\u0105co.<br \/>&#8211; Naturalny prebiotyk z cykorii \u2013 inulina, stymuluje rozw\u00f3j przyjaznych dla sk\u00f3ry \u201edobrych bakterii\u201d i zapobiega podra\u017cnieniom.<br \/>&#8211; Aloeferm \u2013 naturalny, rewolucyjny sk\u0142adnik, kt\u00f3ry zmniejsza szorstko\u015b\u0107 sk\u00f3ry, daj\u0105c uczucie ulgi i komfortu.<\/p>\n<p><b>Spos\u00f3b u\u017cycia:<\/b><br \/>Niewielk\u0105 ilo\u015b\u0107 nanie\u015b na wilgotne cia\u0142o lub d\u0142onie. Umyj. Sp\u0142ucz obficie ciep\u0142\u0105 wod\u0105.<\/p>\n<p><strong>Dla dzieci:<\/strong> Tak<br \/>\n<strong>Dzia\u0142anie:<\/strong> nawil\u017caj\u0105ce, oczyszczaj\u0105ce, od\u015bwie\u017ca, zmi\u0119kcza<br \/>\n<strong>Gramatura:<\/strong> ml<br \/>\n<strong>Konsystencja:<\/strong> pianka<br \/>\n<strong>Linie elitarne:<\/strong> nie<br \/>\n<strong>Lokalizacja:<\/strong> ca\u0142e cia\u0142o<br \/>\n<strong>Piel\u0119gnacja cia\u0142a:<\/strong> tak<br \/>\n<strong>Pojemno\u015b\u0107:<\/strong> 150<br \/>\n<strong>P\u0142e\u0107:<\/strong> unisex<br \/>\n<strong>S\u0142o\u0144ce:<\/strong> nie<\/p>\n<p><strong>Uwagi:<\/strong><\/p>\n<p>Tylko do u\u017cytku zewn\u0119trznego.<\/p>\n<p><strong>Sk\u0142adniki:<\/strong><\/p>\n<p>Aqua, Glycerin, Coco-Glucoside, Decyl Glucoside, Caprylyl\/Capryl Glucoside, Betaine, Glycolipids, Glyceryl Oleate, Inulin, Panthenol, Xylitol, Citric Acid, Sodium Benzoate, Potassium Sorbate, Sodium Phytate, Sodium Lactate, Beta-Glucan, Aloe Barbadensis Leaf Juice,Melissa Officinalis Leaf Extract, Saccharomyces Ferment Lysate filtrate, Tocopherol, Caprylyl Glycol, 1,2 Hexanediol, Hydrogenated Palm Glycerides Citrate, Parfum.<\/p>\n","protected":false},"excerpt":{"rendered":"<p> <strong>Dla dzieci:<\/strong> Tak<br \/>  <strong>Dzia\u0142anie:<\/strong> nawil\u017caj\u0105ce, oczyszczaj\u0105ce, od\u015bwie\u017ca, zmi\u0119kcza<br \/>  <strong>Gramatura:<\/strong> ml<br \/>  <strong>Konsystencja:<\/strong> pianka<br \/>  <strong>Linie elitarne:<\/strong> nie<br \/>  <strong>Lokalizacja:<\/strong> ca\u0142e cia\u0142o<br \/>  <strong>Piel\u0119gnacja cia\u0142a:<\/strong> tak<br \/>  <strong>Pojemno\u015b\u0107:<\/strong> 150<br \/>  <strong>P\u0142e\u0107:<\/strong> unisex<br \/>  <strong>S\u0142o\u0144ce:<\/strong> nie <\/p>\n","protected":false},"featured_media":51664,"comment_status":"open","ping_status":"closed","template":"","meta":{"_acf_changed":false},"kategoria-hurtowni":[90,91],"product_brand":[771],"product_cat":[76],"product_tag":[],"class_list":{"0":"post-51663","1":"product","2":"type-product","3":"status-publish","4":"has-post-thumbnail","6":"kategoria-hurtowni-pielegnacja","7":"kategoria-hurtowni-pielegnacja-ciala","8":"product_brand-momme","9":"product_cat-primavera","11":"first","12":"outofstock","13":"taxable","14":"shipping-taxable","15":"product-type-simple"},"acf":[],"_links":{"self":[{"href":"https:\/\/premino.pl\/index.php?rest_route=\/wp\/v2\/product\/51663","targetHints":{"allow":["GET"]}}],"collection":[{"href":"https:\/\/premino.pl\/index.php?rest_route=\/wp\/v2\/product"}],"about":[{"href":"https:\/\/premino.pl\/index.php?rest_route=\/wp\/v2\/types\/product"}],"replies":[{"embeddable":true,"href":"https:\/\/premino.pl\/index.php?rest_route=%2Fwp%2Fv2%2Fcomments&post=51663"}],"wp:featuredmedia":[{"embeddable":true,"href":"https:\/\/premino.pl\/index.php?rest_route=\/wp\/v2\/media\/51664"}],"wp:attachment":[{"href":"https:\/\/premino.pl\/index.php?rest_route=%2Fwp%2Fv2%2Fmedia&parent=51663"}],"wp:term":[{"taxonomy":"kategoria-hurtowni","embeddable":true,"href":"https:\/\/premino.pl\/index.php?rest_route=%2Fwp%2Fv2%2Fkategoria-hurtowni&post=51663"},{"taxonomy":"product_brand","embeddable":true,"href":"https:\/\/premino.pl\/index.php?rest_route=%2Fwp%2Fv2%2Fproduct_brand&post=51663"},{"taxonomy":"product_cat","embeddable":true,"href":"https:\/\/premino.pl\/index.php?rest_route=%2Fwp%2Fv2%2Fproduct_cat&post=51663"},{"taxonomy":"product_tag","embeddable":true,"href":"https:\/\/premino.pl\/index.php?rest_route=%2Fwp%2Fv2%2Fproduct_tag&post=51663"}],"curies":[{"name":"wp","href":"https:\/\/api.w.org\/{rel}","templated":true}]}}