{"id":51699,"date":"2026-05-13T15:41:59","date_gmt":"2026-05-13T13:41:59","guid":{"rendered":"https:\/\/premino.pl\/?product=b-a-d-femme-woda-perfumowana-spray-100ml"},"modified":"2026-05-13T15:42:00","modified_gmt":"2026-05-13T13:42:00","slug":"b-a-d-femme-woda-perfumowana-spray-100ml","status":"publish","type":"product","link":"https:\/\/premino.pl\/?product=b-a-d-femme-woda-perfumowana-spray-100ml","title":{"rendered":"B.A.D. Femme woda perfumowana spray 100ml"},"content":{"rendered":"<p>B.A.D. Femme to zapach dla kobiety, kt\u00f3ra nie boi si\u0119 wyr\u00f3\u017cnia\u0107 \u2013 pewnej siebie, eleganckiej i pe\u0142nej pasji.\u00a0<\/p>\n<p><b>Nuty zapachowe:<br \/><\/b><br \/><b>Nuta g\u0142owy: <\/b>bergamotka, migda\u0142 , kawa, cytryna<br \/><b>Nuta serca: <\/b>tuberoza, kwiat pomara\u0144czy, r\u00f3\u017ca bu\u0142garska, ja\u015bmin wielkolistny, irys<br \/><b>Nuta bazy: <\/b>fasolka tonka, wanilia, drzewo kaszmirowe, pralina, kakao, drzewo sanda\u0142owe, pi\u017cmo, paczula, cedr, bursztyn, cynamon<\/p>\n<p><strong>Gramatura:<\/strong> ml<br \/>\n<strong>Linia k\u0105pielowa:<\/strong> nie<br \/>\n<strong>Miniatura:<\/strong> nie<br \/>\n<strong>Nuta bazy:<\/strong> bursztyn, cedr, cynamon, drzewo kaszmirowe, drzewo sanda\u0142owe, fasolka tonka, kakao, paczula, pi\u017cmo, pralina, wanilia<br \/>\n<strong>Nuta g\u0142owy:<\/strong> bergamotka, cytryna, kawa, migda\u0142<br \/>\n<strong>Nuta g\u0142\u00f3wna:<\/strong> cytrusowe, gourmand, kwiatowe, s\u0142odka<br \/>\n<strong>Nuta serca:<\/strong> irys, ja\u015bmin wielkolistny, kwiat pomara\u0144czy, r\u00f3\u017ca bu\u0142garska, tuberoza<br \/>\n<strong>Pojemno\u015b\u0107:<\/strong> 100<br \/>\n<strong>Produkt rzadki:<\/strong> nie<br \/>\n<strong>Pr\u00f3bka:<\/strong> nie<br \/>\n<strong>P\u0142e\u0107:<\/strong> damski<br \/>\n<strong>Rodzaj:<\/strong> woda perfumowana<br \/>\n<strong>Tester:<\/strong> nie<br \/>\n<strong>Zapach alternatywny:<\/strong> nie<br \/>\n<strong>Zestaw:<\/strong> nie<\/p>\n<p><strong>Uwagi:<\/strong><\/p>\n<p>Produkt \u0142atwopalny \u2013 trzyma\u0107 z dala od ognia, unika\u0107 kontaktu z oczami, mo\u017ce powodowa\u0107 reakcje alergiczne, przechowywa\u0107 poza zasi\u0119giem dzieci. Unika\u0107 kontaktu z oczami. Nie po\u0142yka\u0107 ani nie przyjmowa\u0107 perfum wewn\u0119trznie. Przechowywa\u0107 w miejscu niedost\u0119pnym dla dzieci i zwierz\u0105t domowych. Nie stosowa\u0107 na wra\u017cliw\u0105 sk\u00f3r\u0119.<\/p>\n<p><strong>Sk\u0142adniki:<\/strong><\/p>\n<p>Alcohol Denat., Parfum (Fragrance), Water (Aqua), Linalool, Limonene, Benzyl Salicylate, Hydroxycitronellal, Citral, Geraniol, Benzyl Benzoate, Alpha-isomethyl Ionone, Citronellol, Benzyl Alcohol, Cinnamal, Isoeugenol, Hexyl Cinnamal.<\/p>\n","protected":false},"excerpt":{"rendered":"<p> <strong>Gramatura:<\/strong> ml<br \/>  <strong>Linia k\u0105pielowa:<\/strong> nie<br \/>  <strong>Miniatura:<\/strong> nie<br \/>  <strong>Nuta bazy:<\/strong> bursztyn, cedr, cynamon, drzewo kaszmirowe, drzewo sanda\u0142owe, fasolka tonka, kakao, paczula, pi\u017cmo, pralina, wanilia<br \/>  <strong>Nuta g\u0142owy:<\/strong> bergamotka, cytryna, kawa, migda\u0142<br \/>  <strong>Nuta g\u0142\u00f3wna:<\/strong> cytrusowe, gourmand, kwiatowe, s\u0142odka<br \/>  <strong>Nuta serca:<\/strong> irys, ja\u015bmin wielkolistny, kwiat pomara\u0144czy, r\u00f3\u017ca bu\u0142garska, tuberoza<br \/>  <strong>Pojemno\u015b\u0107:<\/strong> 100<br \/>  <strong>Produkt rzadki:<\/strong> nie<br \/>  <strong>Pr\u00f3bka:<\/strong> nie<br \/>  <strong>P\u0142e\u0107:<\/strong> damski<br \/>  <strong>Rodzaj:<\/strong> woda perfumowana<br \/>  <strong>Tester:<\/strong> nie<br \/>  <strong>Zapach alternatywny:<\/strong> nie<br \/>  <strong>Zestaw:<\/strong> nie <\/p>\n","protected":false},"featured_media":51700,"comment_status":"open","ping_status":"closed","template":"","meta":{"_acf_changed":false},"kategoria-hurtowni":[87,88],"product_brand":[676],"product_cat":[76],"product_tag":[],"class_list":{"0":"post-51699","1":"product","2":"type-product","3":"status-publish","4":"has-post-thumbnail","6":"kategoria-hurtowni-perfumy","7":"kategoria-hurtowni-zapachy","8":"product_brand-maison-alhambra","9":"product_cat-primavera","11":"first","12":"outofstock","13":"taxable","14":"shipping-taxable","15":"product-type-simple"},"acf":[],"_links":{"self":[{"href":"https:\/\/premino.pl\/index.php?rest_route=\/wp\/v2\/product\/51699","targetHints":{"allow":["GET"]}}],"collection":[{"href":"https:\/\/premino.pl\/index.php?rest_route=\/wp\/v2\/product"}],"about":[{"href":"https:\/\/premino.pl\/index.php?rest_route=\/wp\/v2\/types\/product"}],"replies":[{"embeddable":true,"href":"https:\/\/premino.pl\/index.php?rest_route=%2Fwp%2Fv2%2Fcomments&post=51699"}],"wp:featuredmedia":[{"embeddable":true,"href":"https:\/\/premino.pl\/index.php?rest_route=\/wp\/v2\/media\/51700"}],"wp:attachment":[{"href":"https:\/\/premino.pl\/index.php?rest_route=%2Fwp%2Fv2%2Fmedia&parent=51699"}],"wp:term":[{"taxonomy":"kategoria-hurtowni","embeddable":true,"href":"https:\/\/premino.pl\/index.php?rest_route=%2Fwp%2Fv2%2Fkategoria-hurtowni&post=51699"},{"taxonomy":"product_brand","embeddable":true,"href":"https:\/\/premino.pl\/index.php?rest_route=%2Fwp%2Fv2%2Fproduct_brand&post=51699"},{"taxonomy":"product_cat","embeddable":true,"href":"https:\/\/premino.pl\/index.php?rest_route=%2Fwp%2Fv2%2Fproduct_cat&post=51699"},{"taxonomy":"product_tag","embeddable":true,"href":"https:\/\/premino.pl\/index.php?rest_route=%2Fwp%2Fv2%2Fproduct_tag&post=51699"}],"curies":[{"name":"wp","href":"https:\/\/api.w.org\/{rel}","templated":true}]}}