{"id":51715,"date":"2026-05-13T15:42:03","date_gmt":"2026-05-13T13:42:03","guid":{"rendered":"https:\/\/premino.pl\/?product=5th-avenue-nyc-dream-woda-perfumowana-spray-75ml"},"modified":"2026-05-13T15:42:06","modified_gmt":"2026-05-13T13:42:06","slug":"5th-avenue-nyc-dream-woda-perfumowana-spray-75ml","status":"publish","type":"product","link":"https:\/\/premino.pl\/?product=5th-avenue-nyc-dream-woda-perfumowana-spray-75ml","title":{"rendered":"5th Avenue NYC Dream woda perfumowana spray 75ml"},"content":{"rendered":"<p>5th Avenue NYC Dream to intensywny i pe\u0142en energii zapach, kt\u00f3ry przenosi w sam \u015brodek t\u0119tni\u0105cego \u017cyciem Nowego Jorku. Stworzony dla nowoczesnych kobiet, kt\u00f3re z odwag\u0105 odkrywaj\u0105 swoj\u0105 kobieco\u015b\u0107, realizuj\u0105 marzenia i czerpi\u0105 rado\u015b\u0107 z wolno\u015bci ka\u017cdego dnia.<\/p>\n<p><b>Nuty zapachowe:<br \/><\/b><br \/><b>Nuta g\u0142owy: <\/b>r\u00f3\u017cowy pieprz, czarna porzeczka<br \/><b>Nuta serca: <\/b>egipski ja\u015bmin, kwiat afryka\u0144skiej pomara\u0144czy, tuberoza, sza\u0142wia<br \/><b>Nuta bazy: <\/b>ambertonic, cedr virginia, drzewo sanda\u0142owe<\/p>\n<p><strong>Gramatura:<\/strong> ml<br \/>\n<strong>Linia k\u0105pielowa:<\/strong> nie<br \/>\n<strong>Miniatura:<\/strong> nie<br \/>\n<strong>Nuta bazy:<\/strong> ambertonic, cedr virginia, drzewo sanda\u0142owe<br \/>\n<strong>Nuta g\u0142owy:<\/strong> czarna porzeczka, r\u00f3\u017cowy pieprz<br \/>\n<strong>Nuta g\u0142\u00f3wna:<\/strong> kwiatowe, orientalne<br \/>\n<strong>Nuta serca:<\/strong> egipski ja\u015bmin, kwiat afryka\u0144skiej pomara\u0144czy, sza\u0142wia, tuberoza<br \/>\n<strong>Pojemno\u015b\u0107:<\/strong> 75<br \/>\n<strong>Produkt rzadki:<\/strong> nie<br \/>\n<strong>Pr\u00f3bka:<\/strong> nie<br \/>\n<strong>P\u0142e\u0107:<\/strong> damski<br \/>\n<strong>Rodzaj:<\/strong> woda perfumowana<br \/>\n<strong>Tester:<\/strong> nie<br \/>\n<strong>Zapach alternatywny:<\/strong> nie<br \/>\n<strong>Zestaw:<\/strong> nie<\/p>\n<p><strong>Uwagi:<\/strong><\/p>\n<p>Stosowa\u0107 wy\u0142\u0105cznie zgodnie z zaleceniami. Unika\u0107 kontaktu z oczami. Trzyma\u0107 poza zasi\u0119giem dzieci. Przerwa\u0107 stosowanie w przypadku wyst\u0105pienia podra\u017cnienia.<\/p>\n<p><strong>Sk\u0142adniki:<\/strong><\/p>\n<p>Water\/Aqua\/Eau, Glycerin, Pentylene Glycol, Butylene Glycol, Caprylic\/Capric Triglyceride, Cyclopentasiloxane, Dimethicone, Peg-11 Methyl Ether Dimethicone, Alpha-Glucan Oligosaccharide, Ammonium Acryloyldimethyltaurate\/Vp Copolymer, Amodimethicone, Caprylyl Glycol, Carbomer, Ceramide 1, Ceramide 3, Ceramide 6 Ii, Cholesterol, Crithmum Maritimum Extract, Dimethicone\/Vinyl Dimethicone Crosspolymer, Disodium Edta, Ethylhexylglycerin, Kefiran, Lactobacillus, Linum Usitatissimum (Linseed) Seed Extract, Maltodextrin, Parfum\/Fragrance, Phytosphingosine, Polymnia Sonchifolia Root Juice, Saccharide Isomerate, Salicornia Herbacea Extract, Sodium Hydroxide, Sodium Lauroyl Lactylate, Sodium Polyacrylate Starch, Xanthan Gum, Chlorphenesin, Phenoxyethanol, Sodium Benzoate.<\/p>\n","protected":false},"excerpt":{"rendered":"<p> <strong>Gramatura:<\/strong> ml<br \/>  <strong>Linia k\u0105pielowa:<\/strong> nie<br \/>  <strong>Miniatura:<\/strong> nie<br \/>  <strong>Nuta bazy:<\/strong> ambertonic, cedr virginia, drzewo sanda\u0142owe<br \/>  <strong>Nuta g\u0142owy:<\/strong> czarna porzeczka, r\u00f3\u017cowy pieprz<br \/>  <strong>Nuta g\u0142\u00f3wna:<\/strong> kwiatowe, orientalne<br \/>  <strong>Nuta serca:<\/strong> egipski ja\u015bmin, kwiat afryka\u0144skiej pomara\u0144czy, sza\u0142wia, tuberoza<br \/>  <strong>Pojemno\u015b\u0107:<\/strong> 75<br \/>  <strong>Produkt rzadki:<\/strong> nie<br \/>  <strong>Pr\u00f3bka:<\/strong> nie<br \/>  <strong>P\u0142e\u0107:<\/strong> damski<br \/>  <strong>Rodzaj:<\/strong> woda perfumowana<br \/>  <strong>Tester:<\/strong> nie<br \/>  <strong>Zapach alternatywny:<\/strong> nie<br \/>  <strong>Zestaw:<\/strong> nie <\/p>\n","protected":false},"featured_media":51716,"comment_status":"open","ping_status":"closed","template":"","meta":{"_acf_changed":false},"kategoria-hurtowni":[87,88],"product_brand":[256],"product_cat":[76],"product_tag":[],"class_list":{"0":"post-51715","1":"product","2":"type-product","3":"status-publish","4":"has-post-thumbnail","6":"kategoria-hurtowni-perfumy","7":"kategoria-hurtowni-zapachy","8":"product_brand-elizabeth-arden","9":"product_cat-primavera","11":"first","12":"outofstock","13":"taxable","14":"shipping-taxable","15":"product-type-simple"},"acf":[],"_links":{"self":[{"href":"https:\/\/premino.pl\/index.php?rest_route=\/wp\/v2\/product\/51715","targetHints":{"allow":["GET"]}}],"collection":[{"href":"https:\/\/premino.pl\/index.php?rest_route=\/wp\/v2\/product"}],"about":[{"href":"https:\/\/premino.pl\/index.php?rest_route=\/wp\/v2\/types\/product"}],"replies":[{"embeddable":true,"href":"https:\/\/premino.pl\/index.php?rest_route=%2Fwp%2Fv2%2Fcomments&post=51715"}],"wp:featuredmedia":[{"embeddable":true,"href":"https:\/\/premino.pl\/index.php?rest_route=\/wp\/v2\/media\/51716"}],"wp:attachment":[{"href":"https:\/\/premino.pl\/index.php?rest_route=%2Fwp%2Fv2%2Fmedia&parent=51715"}],"wp:term":[{"taxonomy":"kategoria-hurtowni","embeddable":true,"href":"https:\/\/premino.pl\/index.php?rest_route=%2Fwp%2Fv2%2Fkategoria-hurtowni&post=51715"},{"taxonomy":"product_brand","embeddable":true,"href":"https:\/\/premino.pl\/index.php?rest_route=%2Fwp%2Fv2%2Fproduct_brand&post=51715"},{"taxonomy":"product_cat","embeddable":true,"href":"https:\/\/premino.pl\/index.php?rest_route=%2Fwp%2Fv2%2Fproduct_cat&post=51715"},{"taxonomy":"product_tag","embeddable":true,"href":"https:\/\/premino.pl\/index.php?rest_route=%2Fwp%2Fv2%2Fproduct_tag&post=51715"}],"curies":[{"name":"wp","href":"https:\/\/api.w.org\/{rel}","templated":true}]}}