{"id":52421,"date":"2026-05-13T15:46:51","date_gmt":"2026-05-13T13:46:51","guid":{"rendered":"https:\/\/premino.pl\/?product=master-brush-pedzelek-do-ombre-rose-gold"},"modified":"2026-05-13T15:46:52","modified_gmt":"2026-05-13T13:46:52","slug":"master-brush-pedzelek-do-ombre-rose-gold","status":"publish","type":"product","link":"https:\/\/premino.pl\/?product=master-brush-pedzelek-do-ombre-rose-gold","title":{"rendered":"Master Brush p\u0119dzelek do ombre Rose Gold"},"content":{"rendered":"<p>P\u0119dzelek marki Excellent PRO to profesjonalne narz\u0119dzie do stylizacji paznokci metod\u0105 \u017celow\u0105. Wykonany z najwy\u017cszej jako\u015bci spr\u0119\u017cystego w\u0142osia syntetycznego, cechuje si\u0119 ombre kszta\u0142tem u\u0142atwiaj\u0105cym aplikacj\u0119 \u017celu. Trwa\u0142o\u015b\u0107 w\u0142osia zapewniona jest dzi\u0119ki odpowiedniej impregnacji podczas produkcji. Metalowy trzonek w modnym kolorze rose gold i srebrna skuwka dodaj\u0105 p\u0119dzelkowi eleganckiego wygl\u0105du, czyni\u0105c go nie tylko niezb\u0119dnym narz\u0119dziem, ale i stylowym dodatkiem do Twojego salonu. Zatyczka chroni w\u0142osie i zapewnia higieniczne przechowywanie.<\/p>\n<p><strong>Gramatura:<\/strong> sztuka<br \/>\n<strong>Pojemno\u015b\u0107:<\/strong> 1<br \/>\n<strong>P\u0142e\u0107:<\/strong> damski<br \/>\n<strong>S\u0142o\u0144ce:<\/strong> nie<\/p>\n<p><strong>Uwagi:<\/strong><\/p>\n<p>Produkt przeznaczony wy\u0142\u0105cznie do u\u017cytku profesjonalnego. Chroni\u0107 przed dzie\u0107mi.<\/p>\n<p><strong>Sk\u0142adniki:<\/strong><\/p>\n<p>w\u0142osie syntetyczne<\/p>\n","protected":false},"excerpt":{"rendered":"<p> <strong>Gramatura:<\/strong> sztuka<br \/>  <strong>Pojemno\u015b\u0107:<\/strong> 1<br \/>  <strong>P\u0142e\u0107:<\/strong> damski<br \/>  <strong>S\u0142o\u0144ce:<\/strong> nie <\/p>\n","protected":false},"featured_media":52422,"comment_status":"open","ping_status":"closed","template":"","meta":{"_acf_changed":false},"kategoria-hurtowni":[175,83,174],"product_brand":[623],"product_cat":[76],"product_tag":[],"class_list":{"0":"post-52421","1":"product","2":"type-product","3":"status-publish","4":"has-post-thumbnail","6":"kategoria-hurtowni-akcesoria-makijaz-paznokcie","7":"kategoria-hurtowni-makijaz","8":"kategoria-hurtowni-makijaz-paznokcie","9":"product_brand-excellent-pro","10":"product_cat-primavera","12":"first","13":"outofstock","14":"taxable","15":"shipping-taxable","16":"product-type-simple"},"acf":[],"_links":{"self":[{"href":"https:\/\/premino.pl\/index.php?rest_route=\/wp\/v2\/product\/52421","targetHints":{"allow":["GET"]}}],"collection":[{"href":"https:\/\/premino.pl\/index.php?rest_route=\/wp\/v2\/product"}],"about":[{"href":"https:\/\/premino.pl\/index.php?rest_route=\/wp\/v2\/types\/product"}],"replies":[{"embeddable":true,"href":"https:\/\/premino.pl\/index.php?rest_route=%2Fwp%2Fv2%2Fcomments&post=52421"}],"wp:featuredmedia":[{"embeddable":true,"href":"https:\/\/premino.pl\/index.php?rest_route=\/wp\/v2\/media\/52422"}],"wp:attachment":[{"href":"https:\/\/premino.pl\/index.php?rest_route=%2Fwp%2Fv2%2Fmedia&parent=52421"}],"wp:term":[{"taxonomy":"kategoria-hurtowni","embeddable":true,"href":"https:\/\/premino.pl\/index.php?rest_route=%2Fwp%2Fv2%2Fkategoria-hurtowni&post=52421"},{"taxonomy":"product_brand","embeddable":true,"href":"https:\/\/premino.pl\/index.php?rest_route=%2Fwp%2Fv2%2Fproduct_brand&post=52421"},{"taxonomy":"product_cat","embeddable":true,"href":"https:\/\/premino.pl\/index.php?rest_route=%2Fwp%2Fv2%2Fproduct_cat&post=52421"},{"taxonomy":"product_tag","embeddable":true,"href":"https:\/\/premino.pl\/index.php?rest_route=%2Fwp%2Fv2%2Fproduct_tag&post=52421"}],"curies":[{"name":"wp","href":"https:\/\/api.w.org\/{rel}","templated":true}]}}