{"id":52671,"date":"2026-05-13T15:48:36","date_gmt":"2026-05-13T13:48:36","guid":{"rendered":"https:\/\/premino.pl\/?product=cuticle-oil-oliwka-do-skorek-i-paznokci-peach-35ml"},"modified":"2026-05-13T15:48:37","modified_gmt":"2026-05-13T13:48:37","slug":"cuticle-oil-oliwka-do-skorek-i-paznokci-peach-35ml","status":"publish","type":"product","link":"https:\/\/premino.pl\/?product=cuticle-oil-oliwka-do-skorek-i-paznokci-peach-35ml","title":{"rendered":"Cuticle Oil oliwka do sk\u00f3rek i paznokci Peach 35ml"},"content":{"rendered":"<p>Intensywnie pachn\u0105ca oliwka zamkni\u0119ta w niezwykle eleganckiej buteleczce z dozownikiem (pipet\u0105) Przeznaczona do nat\u0142uszczenia i nawil\u017cenia wa\u0142\u00f3w oko\u0142opaznokciowych. Regeneruje, od\u017cywia i piel\u0119gnuje sk\u00f3r\u0119 wok\u00f3\u0142 paznokci, pozostawiaj\u0105c j\u0105 wypiel\u0119gnowan\u0105 i zdrowo wygl\u0105daj\u0105c\u0105. Aplikacja od\u017cywiaj\u0105cego olejku b\u0119dzie idealnym zako\u0144czeniem manicure wykonanego produktami Excellent PRO.<\/p>\n<p><strong>Gramatura:<\/strong> ml<br \/>\n<strong>Pojemno\u015b\u0107:<\/strong> 35<br \/>\n<strong>P\u0142e\u0107:<\/strong> damski<br \/>\n<strong>S\u0142o\u0144ce:<\/strong> nie<\/p>\n<p><strong>Uwagi:<\/strong><\/p>\n<p>Produkt przeznaczony wy\u0142\u0105cznie do u\u017cytku profesjonalnego. Unika\u0107 bezpo\u015bredniego kontaktu z oczami. Chroni\u0107 przed dzie\u0107mi. Przed u\u017cyciem nale\u017cy dok\u0142adnie zapozna\u0107 si\u0119 z instrukcj\u0105 i stosowa\u0107 zgodnie z jej przeznaczeniem. Nie stosowa\u0107 w przypadku nadwra\u017cliwo\u015bci na jakikolwiek sk\u0142adnik produktu. Sk\u0142ad produktu znajduje si\u0119 na etykiecie i mo\u017ce r\u00f3\u017cni\u0107 si\u0119 w zale\u017cno\u015bci od partii produkcyjnej. Produkt nale\u017cy aplikowa\u0107 wy\u0142\u0105cznie na zdrow\u0105, nieuszkodzon\u0105 p\u0142ytk\u0119 paznokcia. Nie stosowa\u0107 po up\u0142ywie terminu wa\u017cno\u015bci Przechowywa\u0107 w ch\u0142odnym, suchym miejscu, z dala od bezpo\u015bredniego \u015bwiat\u0142a s\u0142onecznego i \u017ar\u00f3de\u0142 ciep\u0142a.Przeciwwskazania: Choroby p\u0142ytki paznokcia. Stany zapalne, alergiczne lub inne podra\u017cnienia w obszarze paznokci. Urazy mechaniczne paznokcia lub otaczaj\u0105cej go sk\u00f3ry. Wrastaj\u0105ce lub zniekszta\u0142cone paznokcie. Nadwra\u017cliwo\u015b\u0107 na sk\u0142adniki zawarte w produkcie.<\/p>\n<p><strong>Sk\u0142adniki:<\/strong><\/p>\n<p>PARAFFINUM LIQUIDUM, PRUNUS AMYGDALUS DULCIS (SWEET ALMOND) OIL, PRUNUS PERSICA (PEACH) KERNEL OIL, PARFUM, +\/- [CI 16255, CI 42090, CI 19140, CI 26100].<\/p>\n","protected":false},"excerpt":{"rendered":"<p> <strong>Gramatura:<\/strong> ml<br \/>  <strong>Pojemno\u015b\u0107:<\/strong> 35<br \/>  <strong>P\u0142e\u0107:<\/strong> damski<br \/>  <strong>S\u0142o\u0144ce:<\/strong> nie <\/p>\n","protected":false},"featured_media":52672,"comment_status":"open","ping_status":"closed","template":"","meta":{"_acf_changed":false},"kategoria-hurtowni":[83,174,187],"product_brand":[623],"product_cat":[76],"product_tag":[],"class_list":{"0":"post-52671","1":"product","2":"type-product","3":"status-publish","4":"has-post-thumbnail","6":"kategoria-hurtowni-makijaz","7":"kategoria-hurtowni-makijaz-paznokcie","8":"kategoria-hurtowni-odzywki-do-paznokci","9":"product_brand-excellent-pro","10":"product_cat-primavera","12":"first","13":"outofstock","14":"taxable","15":"shipping-taxable","16":"product-type-simple"},"acf":[],"_links":{"self":[{"href":"https:\/\/premino.pl\/index.php?rest_route=\/wp\/v2\/product\/52671","targetHints":{"allow":["GET"]}}],"collection":[{"href":"https:\/\/premino.pl\/index.php?rest_route=\/wp\/v2\/product"}],"about":[{"href":"https:\/\/premino.pl\/index.php?rest_route=\/wp\/v2\/types\/product"}],"replies":[{"embeddable":true,"href":"https:\/\/premino.pl\/index.php?rest_route=%2Fwp%2Fv2%2Fcomments&post=52671"}],"wp:featuredmedia":[{"embeddable":true,"href":"https:\/\/premino.pl\/index.php?rest_route=\/wp\/v2\/media\/52672"}],"wp:attachment":[{"href":"https:\/\/premino.pl\/index.php?rest_route=%2Fwp%2Fv2%2Fmedia&parent=52671"}],"wp:term":[{"taxonomy":"kategoria-hurtowni","embeddable":true,"href":"https:\/\/premino.pl\/index.php?rest_route=%2Fwp%2Fv2%2Fkategoria-hurtowni&post=52671"},{"taxonomy":"product_brand","embeddable":true,"href":"https:\/\/premino.pl\/index.php?rest_route=%2Fwp%2Fv2%2Fproduct_brand&post=52671"},{"taxonomy":"product_cat","embeddable":true,"href":"https:\/\/premino.pl\/index.php?rest_route=%2Fwp%2Fv2%2Fproduct_cat&post=52671"},{"taxonomy":"product_tag","embeddable":true,"href":"https:\/\/premino.pl\/index.php?rest_route=%2Fwp%2Fv2%2Fproduct_tag&post=52671"}],"curies":[{"name":"wp","href":"https:\/\/api.w.org\/{rel}","templated":true}]}}