{"id":52765,"date":"2026-05-13T15:49:14","date_gmt":"2026-05-13T13:49:14","guid":{"rendered":"https:\/\/premino.pl\/?product=grafen-hard-top-top-hybrydowy-7g"},"modified":"2026-05-13T15:49:17","modified_gmt":"2026-05-13T13:49:17","slug":"grafen-hard-top-top-hybrydowy-7g","status":"publish","type":"product","link":"https:\/\/premino.pl\/?product=grafen-hard-top-top-hybrydowy-7g","title":{"rendered":"Grafen Hard Top top hybrydowy 7g"},"content":{"rendered":"<p>EXCELLENT PRO GRAFEN HARD TOP &#8211; niezwykle wytrzyma\u0142y i odporny na zarysowania top z warstw\u0105 inhibicyjn\u0105 o niesamowitym b\u0142ysku. Idealny produkt do wyko\u0144czenia manicure hybrydowego oraz \u017celowego wykonanego produktami Excellent PRO. \u015awietnie sprawdzi si\u0119 r\u00f3wnie\u017c do aplikowania py\u0142k\u00f3w i odbijania folii a tak\u017ce doskonale zabezpieczy wcierane py\u0142ki w ko\u0144cowym etapie stylizacji. Dzi\u0119ki swojej innowacyjnej formule charakteryzuje si\u0119 niezwyk\u0142\u0105 odporno\u015bci\u0105 na \u015bcieranie i mechaniczne uszkodzenia, co pozwoli utrzyma\u0107 pi\u0119knie b\u0142yszcz\u0105c\u0105 stylizacj\u0119 przez ca\u0142y okres jej noszenia. \u015aredniog\u0119sta konsystencja pozwoli na na\u0142o\u017cenie produktu na cztery paznokcie na raz bez obaw o zalane sk\u00f3rki. Produkt wolny od TPO.<\/p>\n<p>TIP!\u00a0Dla uzyskania jeszcze wi\u0119kszego po\u0142ysku rekomendujemy u\u017cycie EXCELLENT PRO MAGIC SHINE, kt\u00f3ry doskonale usunie warstw\u0119 inhibicji tlenowej i nada niesamowitego blasku stylizacji. Nale\u017cy pociera\u0107 wacikiem a\u017c do momentu kiedy zacznie on wydawa\u0107 d\u017awi\u0119k jak polerowana szyba. Grafen Hard Top mo\u017cna r\u00f3wnie\u017c przemywa\u0107 Excellent PRO Aceton oraz Excellent PRO Clean&#038;Prep.<\/p>\n<p>Czas fotopolimeryzacji 60s-120s w zale\u017cno\u015bci od mocy i rodzaju lampy.<\/p>\n<p><strong>Gramatura:<\/strong> g<br \/>\n<strong>Pojemno\u015b\u0107:<\/strong> 7<br \/>\n<strong>P\u0142e\u0107:<\/strong> damski<br \/>\n<strong>S\u0142o\u0144ce:<\/strong> nie<\/p>\n<p><strong>Uwagi:<\/strong><\/p>\n<p>Produkt przeznaczony wy\u0142\u0105cznie do u\u017cytku profesjonalnego.\u00a0Mo\u017ce powodowa\u0107 reakcje alergiczne.\u00a0Unika\u0107 bezpo\u015bredniego kontaktu ze sk\u00f3r\u0105 i oczami.\u00a0Chroni\u0107 przed dzie\u0107mi.\u00a0Przed u\u017cyciem nale\u017cy dok\u0142adnie zapozna\u0107 si\u0119 z instrukcj\u0105 i stosowa\u0107 zgodnie z jej przeznaczeniem.\u00a0Nie stosowa\u0107 w przypadku nadwra\u017cliwo\u015bci na jakikolwiek sk\u0142adnik produktu.\u00a0Sk\u0142ad produktu znajduje si\u0119 na etykiecie i mo\u017ce r\u00f3\u017cni\u0107 si\u0119 w zale\u017cno\u015bci od partii produkcyjnej.\u00a0W razie wyst\u0105pienia reakcji niepo\u017c\u0105danej, takich jak pieczenie, sw\u0119dzenie czy zaczerwienienie, nale\u017cy przerwa\u0107 stosowanie i skonsultowa\u0107 si\u0119 z lekarzem.\u00a0Produkt nale\u017cy aplikowa\u0107 wy\u0142\u0105cznie na zdrow\u0105, nieuszkodzon\u0105 p\u0142ytk\u0119 paznokcia.\u00a0Przechowywa\u0107 w ch\u0142odnym, suchym miejscu, z dala od bezpo\u015bredniego \u015bwiat\u0142a s\u0142onecznego i \u017ar\u00f3de\u0142 ciep\u0142a.<\/p>\n<p><strong>Sk\u0142adniki:<\/strong><\/p>\n<p>BIS-HEA POLY(1,4-BUTANEDIOL)-22\/IPDI COPOLYMER, HEMA, TRIMETHYLOLPROPANE TRIMETHACRYLATE, ISOBORNYL METHACRYLATE, ETHYL TRIMETHYLBENZOYL PHENYLPHOSPHINATE, HYDROXYCYCLOHEXYL PHENYL KETONE, PEG-10 DIMETHICONE, P-HYDROXYANISOLE, HYDROQUINONE, CI 60725.<\/p>\n","protected":false},"excerpt":{"rendered":"<p> <strong>Gramatura:<\/strong> g<br \/>  <strong>Pojemno\u015b\u0107:<\/strong> 7<br \/>  <strong>P\u0142e\u0107:<\/strong> damski<br \/>  <strong>S\u0142o\u0144ce:<\/strong> nie <\/p>\n","protected":false},"featured_media":52766,"comment_status":"open","ping_status":"closed","template":"","meta":{"_acf_changed":false},"kategoria-hurtowni":[289,83,174],"product_brand":[623],"product_cat":[76],"product_tag":[],"class_list":{"0":"post-52765","1":"product","2":"type-product","3":"status-publish","4":"has-post-thumbnail","6":"kategoria-hurtowni-bazy-i-top-coaty","7":"kategoria-hurtowni-makijaz","8":"kategoria-hurtowni-makijaz-paznokcie","9":"product_brand-excellent-pro","10":"product_cat-primavera","12":"first","13":"outofstock","14":"taxable","15":"shipping-taxable","16":"product-type-simple"},"acf":[],"_links":{"self":[{"href":"https:\/\/premino.pl\/index.php?rest_route=\/wp\/v2\/product\/52765","targetHints":{"allow":["GET"]}}],"collection":[{"href":"https:\/\/premino.pl\/index.php?rest_route=\/wp\/v2\/product"}],"about":[{"href":"https:\/\/premino.pl\/index.php?rest_route=\/wp\/v2\/types\/product"}],"replies":[{"embeddable":true,"href":"https:\/\/premino.pl\/index.php?rest_route=%2Fwp%2Fv2%2Fcomments&post=52765"}],"wp:featuredmedia":[{"embeddable":true,"href":"https:\/\/premino.pl\/index.php?rest_route=\/wp\/v2\/media\/52766"}],"wp:attachment":[{"href":"https:\/\/premino.pl\/index.php?rest_route=%2Fwp%2Fv2%2Fmedia&parent=52765"}],"wp:term":[{"taxonomy":"kategoria-hurtowni","embeddable":true,"href":"https:\/\/premino.pl\/index.php?rest_route=%2Fwp%2Fv2%2Fkategoria-hurtowni&post=52765"},{"taxonomy":"product_brand","embeddable":true,"href":"https:\/\/premino.pl\/index.php?rest_route=%2Fwp%2Fv2%2Fproduct_brand&post=52765"},{"taxonomy":"product_cat","embeddable":true,"href":"https:\/\/premino.pl\/index.php?rest_route=%2Fwp%2Fv2%2Fproduct_cat&post=52765"},{"taxonomy":"product_tag","embeddable":true,"href":"https:\/\/premino.pl\/index.php?rest_route=%2Fwp%2Fv2%2Fproduct_tag&post=52765"}],"curies":[{"name":"wp","href":"https:\/\/api.w.org\/{rel}","templated":true}]}}