{"id":52769,"date":"2026-05-13T15:49:19","date_gmt":"2026-05-13T13:49:19","guid":{"rendered":"https:\/\/premino.pl\/?product=one-coat-speed-base-kryjaca-baza-hybrydowa-burned-beige-7g"},"modified":"2026-05-13T15:49:19","modified_gmt":"2026-05-13T13:49:19","slug":"one-coat-speed-base-kryjaca-baza-hybrydowa-burned-beige-7g","status":"publish","type":"product","link":"https:\/\/premino.pl\/?product=one-coat-speed-base-kryjaca-baza-hybrydowa-burned-beige-7g","title":{"rendered":"One Coat Speed Base kryj\u0105ca baza hybrydowa Burned Beige 7g"},"content":{"rendered":"<p>Baza w odcieniu ch\u0142odnego be\u017cu. \u015awietnie przykryje kolor naturalnej p\u0142ytki i jej ewentualne przebarwienia, tworz\u0105c delikatny efekt. Dzi\u0119ki elastycznej formule baza \u015bwietnie wsp\u00f3\u0142pracuje z p\u0142ytk\u0105, obni\u017caj\u0105c ryzyko powstania uraz\u00f3w mechanicznych. Produktem tym maksymalnie zwi\u0119kszysz przyczepno\u015b\u0107 hybrydy i idealnie wyr\u00f3wnasz nier\u00f3wno\u015bci naturalnego paznokcia. Samopoziomuj\u0105ca si\u0119 baza przeznaczona do szybkiego manicure, kt\u00f3ry pozwoli Ci zaoszcz\u0119dzi\u0107 czas potrzebny na wykonanie stylizacji. Manicure wykonany przy u\u017cyciu bazy BURNED BEIGE zapewni trwa\u0142o\u015b\u0107 a\u017c do 4 tygodni. Produkt wolny od HEMA i TPO.<\/p>\n<p><strong>Gramatura:<\/strong> g<br \/>\n<strong>Pojemno\u015b\u0107:<\/strong> 7<br \/>\n<strong>P\u0142e\u0107:<\/strong> damski<br \/>\n<strong>S\u0142o\u0144ce:<\/strong> nie<\/p>\n<p><strong>Uwagi:<\/strong><\/p>\n<p>Produkt przeznaczony wy\u0142\u0105cznie do u\u017cytku profesjonalnego.\u00a0Mo\u017ce powodowa\u0107 reakcje alergiczne.\u00a0Unika\u0107 bezpo\u015bredniego kontaktu ze sk\u00f3r\u0105 i oczami.\u00a0Chroni\u0107 przed dzie\u0107mi.\u00a0Przed u\u017cyciem nale\u017cy dok\u0142adnie zapozna\u0107 si\u0119 z instrukcj\u0105 i stosowa\u0107 zgodnie z jej przeznaczeniem.\u00a0Nie stosowa\u0107 w przypadku nadwra\u017cliwo\u015bci na jakikolwiek sk\u0142adnik produktu.\u00a0Sk\u0142ad produktu znajduje si\u0119 na etykiecie i mo\u017ce r\u00f3\u017cni\u0107 si\u0119 w zale\u017cno\u015bci od partii produkcyjnej.\u00a0W razie wyst\u0105pienia reakcji niepo\u017c\u0105danej, takich jak pieczenie, sw\u0119dzenie czy zaczerwienienie, nale\u017cy przerwa\u0107 stosowanie i skonsultowa\u0107 si\u0119 z lekarzem.\u00a0Produkt nale\u017cy aplikowa\u0107 wy\u0142\u0105cznie na zdrow\u0105, nieuszkodzon\u0105 p\u0142ytk\u0119 paznokcia.\u00a0Przechowywa\u0107 w ch\u0142odnym, suchym miejscu, z dala od bezpo\u015bredniego \u015bwiat\u0142a s\u0142onecznego i \u017ar\u00f3de\u0142 ciep\u0142a.<\/p>\n<p><strong>Sk\u0142adniki:<\/strong><\/p>\n<p>POLYURETHANE-57, HYDROXYPROPYL METHACRYLATE, ISOBORNYL METHACRYLATE, CELLULOSE ACETATE BUTYRATE, HYDROXYCYCLOHEXYL PHENYL KETONE, ETHYL TRIMETHYLBENZOYL PHENYLPHOSPHINATE, GLYCOL DIMETHACRYLATE, SILICA, CALCIUM ALUMINUM BOROSILICATE, PEG-9 DIMETHACRYLATE, BIS(METHACRYLOYLOXYETHYL) PHOSPHATE, P-HYDROXYANISOLE, HYDROQUINONE, METHYL BENZOATE, BENZALDEHYDE, +\/- [TIN OXIDE, MICA, CI 77891, CI 77007, CI 15850, CI 77499, CI 77491, CI 77492, CI 73360].<\/p>\n","protected":false},"excerpt":{"rendered":"<p> <strong>Gramatura:<\/strong> g<br \/>  <strong>Pojemno\u015b\u0107:<\/strong> 7<br \/>  <strong>P\u0142e\u0107:<\/strong> damski<br \/>  <strong>S\u0142o\u0144ce:<\/strong> nie <\/p>\n","protected":false},"featured_media":52770,"comment_status":"open","ping_status":"closed","template":"","meta":{"_acf_changed":false},"kategoria-hurtowni":[289,83,174],"product_brand":[623],"product_cat":[76],"product_tag":[],"class_list":{"0":"post-52769","1":"product","2":"type-product","3":"status-publish","4":"has-post-thumbnail","6":"kategoria-hurtowni-bazy-i-top-coaty","7":"kategoria-hurtowni-makijaz","8":"kategoria-hurtowni-makijaz-paznokcie","9":"product_brand-excellent-pro","10":"product_cat-primavera","12":"first","13":"outofstock","14":"taxable","15":"shipping-taxable","16":"product-type-simple"},"acf":[],"_links":{"self":[{"href":"https:\/\/premino.pl\/index.php?rest_route=\/wp\/v2\/product\/52769","targetHints":{"allow":["GET"]}}],"collection":[{"href":"https:\/\/premino.pl\/index.php?rest_route=\/wp\/v2\/product"}],"about":[{"href":"https:\/\/premino.pl\/index.php?rest_route=\/wp\/v2\/types\/product"}],"replies":[{"embeddable":true,"href":"https:\/\/premino.pl\/index.php?rest_route=%2Fwp%2Fv2%2Fcomments&post=52769"}],"wp:featuredmedia":[{"embeddable":true,"href":"https:\/\/premino.pl\/index.php?rest_route=\/wp\/v2\/media\/52770"}],"wp:attachment":[{"href":"https:\/\/premino.pl\/index.php?rest_route=%2Fwp%2Fv2%2Fmedia&parent=52769"}],"wp:term":[{"taxonomy":"kategoria-hurtowni","embeddable":true,"href":"https:\/\/premino.pl\/index.php?rest_route=%2Fwp%2Fv2%2Fkategoria-hurtowni&post=52769"},{"taxonomy":"product_brand","embeddable":true,"href":"https:\/\/premino.pl\/index.php?rest_route=%2Fwp%2Fv2%2Fproduct_brand&post=52769"},{"taxonomy":"product_cat","embeddable":true,"href":"https:\/\/premino.pl\/index.php?rest_route=%2Fwp%2Fv2%2Fproduct_cat&post=52769"},{"taxonomy":"product_tag","embeddable":true,"href":"https:\/\/premino.pl\/index.php?rest_route=%2Fwp%2Fv2%2Fproduct_tag&post=52769"}],"curies":[{"name":"wp","href":"https:\/\/api.w.org\/{rel}","templated":true}]}}