{"id":52929,"date":"2026-05-13T15:50:27","date_gmt":"2026-05-13T13:50:27","guid":{"rendered":"https:\/\/premino.pl\/?product=one-coat-top-shine-more-top-hybrydowy-7g"},"modified":"2026-05-13T15:50:27","modified_gmt":"2026-05-13T13:50:27","slug":"one-coat-top-shine-more-top-hybrydowy-7g","status":"publish","type":"product","link":"https:\/\/premino.pl\/?product=one-coat-top-shine-more-top-hybrydowy-7g","title":{"rendered":"One Coat Top Shine &amp; More top hybrydowy 7g"},"content":{"rendered":"<p>Niezwykle wytrzyma\u0142y i odporny na zarysowania produkt. Doskonale sprawdzi si\u0119 jako zabezpieczenie manicure wykonanego produktami Excellent PRO. \u015awietnie chroni przed czynnikami zewn\u0119trznymi nie pozwalaj\u0105c na rysy, p\u0119kni\u0119cia, odpryski i z\u017c\u00f3\u0142kni\u0119cie. Top kt\u00f3ry nie sp\u0142ywa z p\u0142ytki paznokcia i nie zalewa sk\u00f3rek. SHINE &#038; MORE to top z warstw\u0105 dyspersyjn\u0105, po przetarciu kt\u00f3rej ukazuje si\u0119 niesamowity b\u0142ysk i blask. Zastosowanie go pozwoli cieszy\u0107 si\u0119 idealnie nab\u0142yszczonymi paznokciami przez wiele tygodni.<\/p>\n<p><b>TIP!\u00a0<\/b>Dla uzyskania jeszcze wi\u0119kszego po\u0142ysku rekomendujemy u\u017cycie EXCELLENT PRO CLEANER SHINE&#038;MORE, kt\u00f3ry doskonale usunie warstw\u0119 dyspersyjn\u0105 i nada niesamowitego blasku stylizacji.<\/p>\n<p><strong>Gramatura:<\/strong> g<br \/>\n<strong>Pojemno\u015b\u0107:<\/strong> 7<br \/>\n<strong>P\u0142e\u0107:<\/strong> damski<br \/>\n<strong>S\u0142o\u0144ce:<\/strong> nie<\/p>\n<p><strong>Uwagi:<\/strong><\/p>\n<p>Produkt przeznaczony wy\u0142\u0105cznie do u\u017cytku profesjonalnego.\u00a0Mo\u017ce powodowa\u0107 reakcje alergiczne.\u00a0Unika\u0107 bezpo\u015bredniego kontaktu ze sk\u00f3r\u0105 i oczami.\u00a0Chroni\u0107 przed dzie\u0107mi.\u00a0Przed u\u017cyciem nale\u017cy dok\u0142adnie zapozna\u0107 si\u0119 z instrukcj\u0105 i stosowa\u0107 zgodnie z jej przeznaczeniem.\u00a0Nie stosowa\u0107 w przypadku nadwra\u017cliwo\u015bci na jakikolwiek sk\u0142adnik produktu.\u00a0Sk\u0142ad produktu znajduje si\u0119 na etykiecie i mo\u017ce r\u00f3\u017cni\u0107 si\u0119 w zale\u017cno\u015bci od partii produkcyjnej.\u00a0W razie wyst\u0105pienia reakcji niepo\u017c\u0105danej, takich jak pieczenie, sw\u0119dzenie czy zaczerwienienie, nale\u017cy przerwa\u0107 stosowanie i skonsultowa\u0107 si\u0119 z lekarzem.\u00a0Produkt nale\u017cy aplikowa\u0107 wy\u0142\u0105cznie na zdrow\u0105, nieuszkodzon\u0105 p\u0142ytk\u0119 paznokcia.\u00a0Przechowywa\u0107 w ch\u0142odnym, suchym miejscu, z dala od bezpo\u015bredniego \u015bwiat\u0142a s\u0142onecznego i \u017ar\u00f3de\u0142 ciep\u0142a.<\/p>\n<p><strong>Sk\u0142adniki:<\/strong><\/p>\n<p>BIS-HEA POLY(1,4-BUTANEDIOL)-22\/IPDI COPOLYMER, HEMA, TRIMETHYLOLPROPANE TRIMETHACRYLATE, ISOBORNYL METHACRYLATE, ETHYL TRIMETHYLBENZOYL PHENYLPHOSPHINATE, HYDROXYCYCLOHEXYL PHENYL KETONE, PEG-10 DIMETHICONE, P-HYDROXYANISOLE, HYDROQUINONE, CI 60725.<\/p>\n","protected":false},"excerpt":{"rendered":"<p> <strong>Gramatura:<\/strong> g<br \/>  <strong>Pojemno\u015b\u0107:<\/strong> 7<br \/>  <strong>P\u0142e\u0107:<\/strong> damski<br \/>  <strong>S\u0142o\u0144ce:<\/strong> nie <\/p>\n","protected":false},"featured_media":52930,"comment_status":"open","ping_status":"closed","template":"","meta":{"_acf_changed":false},"kategoria-hurtowni":[289,83,174],"product_brand":[623],"product_cat":[76],"product_tag":[],"class_list":{"0":"post-52929","1":"product","2":"type-product","3":"status-publish","4":"has-post-thumbnail","6":"kategoria-hurtowni-bazy-i-top-coaty","7":"kategoria-hurtowni-makijaz","8":"kategoria-hurtowni-makijaz-paznokcie","9":"product_brand-excellent-pro","10":"product_cat-primavera","12":"first","13":"outofstock","14":"taxable","15":"shipping-taxable","16":"product-type-simple"},"acf":[],"_links":{"self":[{"href":"https:\/\/premino.pl\/index.php?rest_route=\/wp\/v2\/product\/52929","targetHints":{"allow":["GET"]}}],"collection":[{"href":"https:\/\/premino.pl\/index.php?rest_route=\/wp\/v2\/product"}],"about":[{"href":"https:\/\/premino.pl\/index.php?rest_route=\/wp\/v2\/types\/product"}],"replies":[{"embeddable":true,"href":"https:\/\/premino.pl\/index.php?rest_route=%2Fwp%2Fv2%2Fcomments&post=52929"}],"wp:featuredmedia":[{"embeddable":true,"href":"https:\/\/premino.pl\/index.php?rest_route=\/wp\/v2\/media\/52930"}],"wp:attachment":[{"href":"https:\/\/premino.pl\/index.php?rest_route=%2Fwp%2Fv2%2Fmedia&parent=52929"}],"wp:term":[{"taxonomy":"kategoria-hurtowni","embeddable":true,"href":"https:\/\/premino.pl\/index.php?rest_route=%2Fwp%2Fv2%2Fkategoria-hurtowni&post=52929"},{"taxonomy":"product_brand","embeddable":true,"href":"https:\/\/premino.pl\/index.php?rest_route=%2Fwp%2Fv2%2Fproduct_brand&post=52929"},{"taxonomy":"product_cat","embeddable":true,"href":"https:\/\/premino.pl\/index.php?rest_route=%2Fwp%2Fv2%2Fproduct_cat&post=52929"},{"taxonomy":"product_tag","embeddable":true,"href":"https:\/\/premino.pl\/index.php?rest_route=%2Fwp%2Fv2%2Fproduct_tag&post=52929"}],"curies":[{"name":"wp","href":"https:\/\/api.w.org\/{rel}","templated":true}]}}