{"id":53035,"date":"2026-05-13T15:51:10","date_gmt":"2026-05-13T13:51:10","guid":{"rendered":"https:\/\/premino.pl\/?product=star-gel-zel-budujacy-cover-dark-50g"},"modified":"2026-05-13T15:51:13","modified_gmt":"2026-05-13T13:51:13","slug":"star-gel-zel-budujacy-cover-dark-50g","status":"publish","type":"product","link":"https:\/\/premino.pl\/?product=star-gel-zel-budujacy-cover-dark-50g","title":{"rendered":"Star Gel \u017cel buduj\u0105cy Cover Dark 50g"},"content":{"rendered":"<p>Ch\u0142odny, ciemniejszy be\u017c z dodatkiem z\u0142otego brokatu, kt\u00f3ry idealnie sprawdzi si\u0119 dla os\u00f3b o ciemniejszej karnacji. Samopoziomuj\u0105cy si\u0119 i \u015bredniog\u0119sty produkt, dzi\u0119ki kt\u00f3remu mo\u017cna stworzy\u0107 efektown\u0105, po\u0142yskuj\u0105c\u0105 i zwracaj\u0105c\u0105 uwag\u0119 stylizacj\u0119 bez konieczno\u015bci aplikowania lakieru hybrydowego. \u017bel ten b\u0119dzie doskona\u0142ym wyborem dla os\u00f3b ceni\u0105cych sobie trwa\u0142o\u015b\u0107 manicure, gdy\u017c \u015bwietna przyczepno\u015b\u0107 oraz jego twardo\u015b\u0107 powoduj\u0105, \u017ce ryzyko zapowietrze\u0144, ubytk\u00f3w i kruszenia si\u0119 jest zminimalizowane. \u0141atwy w aplikacji i opracowaniu produkt b\u0119dzie doskona\u0142ym wyborem dla stylistki na ka\u017cdym stopniu zaawansowania. Mo\u017cna go wykorzysta\u0107 do wyr\u00f3wnania i utwardzenia naturalnej p\u0142ytki, a tak\u017ce do kr\u00f3tkich przed\u0142u\u017ce\u0144 paznokci na szablonie oraz tipsie.<\/p>\n<p><b>Specyfikacja:<br \/><\/b>Twardo\u015b\u0107: \u015aredniotwardy<br \/>Poziom krycia: 80%<br \/>Konsystencja: \u015aredniog\u0119sty<br \/>Szybko\u015b\u0107 poziomowania: Szybkie<\/p>\n<p><b>Przeznaczenie:<br \/><\/b>Kr\u00f3tkie i \u015brednie przed\u0142u\u017cenia (do 3,4 na szablonie)<br \/>Uzupe\u0142nienia<br \/>Utwardzenie naturalnej p\u0142ytki<\/p>\n<p><b>Czas utwardzania:<br \/><\/b>Lampa EXCELLENT PRO MASTER POWER 54W (365nm + 405nm): 60 sekund<br \/>Inne lampy UV\/LED (365nm + 405nm): 120-180 sekund (w zale\u017cno\u015bci od mocy i rodzaju lampy)<br \/>Lampy LED (405nm): Nie utwardza si\u0119<br \/>Lampy UV (365nm): 120-180 sekund<\/p>\n<p><strong>Gramatura:<\/strong> g<br \/>\n<strong>Kolor:<\/strong> Cover Dark<br \/>\n<strong>Pojemno\u015b\u0107:<\/strong> 50<br \/>\n<strong>P\u0142e\u0107:<\/strong> damski<br \/>\n<strong>S\u0142o\u0144ce:<\/strong> nie<\/p>\n<p><strong>Uwagi:<\/strong><\/p>\n<p>Produkt przeznaczony wy\u0142\u0105cznie do u\u017cytku profesjonalnego.\u00a0Mo\u017ce powodowa\u0107 reakcje alergiczne.\u00a0Unika\u0107 bezpo\u015bredniego kontaktu ze sk\u00f3r\u0105 i oczami.\u00a0Chroni\u0107 przed dzie\u0107mi.\u00a0Przed u\u017cyciem nale\u017cy dok\u0142adnie zapozna\u0107 si\u0119 z instrukcj\u0105 i stosowa\u0107 zgodnie z jej przeznaczeniem.\u00a0Nie stosowa\u0107 w przypadku nadwra\u017cliwo\u015bci na jakikolwiek sk\u0142adnik produktu.\u00a0Sk\u0142ad produktu znajduje si\u0119 na etykiecie i mo\u017ce r\u00f3\u017cni\u0107 si\u0119 w zale\u017cno\u015bci od partii produkcyjnej.\u00a0W razie wyst\u0105pienia reakcji niepo\u017c\u0105danej, takich jak pieczenie, sw\u0119dzenie czy zaczerwienienie, nale\u017cy przerwa\u0107 stosowanie i skonsultowa\u0107 si\u0119 z lekarzem.\u00a0Produkt nale\u017cy aplikowa\u0107 wy\u0142\u0105cznie na zdrow\u0105, nieuszkodzon\u0105 p\u0142ytk\u0119 paznokcia.\u00a0Przechowywa\u0107 w ch\u0142odnym, suchym miejscu, z dala od bezpo\u015bredniego \u015bwiat\u0142a s\u0142onecznego i \u017ar\u00f3de\u0142 ciep\u0142a.<\/p>\n<p><strong>Sk\u0142adniki:<\/strong><\/p>\n<p>BIS-HEMA POLYNEOPENTYL GLYCOL ADIPATE\/IPDI COPOLYMER, BIS-HEA POLY(1,4-BUTANEDIOL)-9\/IPDI COPOLYMER, TRIMETHYLOLPROPANE TRIMETHACRYLATE (TMPTMA), BIS-HEA POLYGLYCOL ADIPATE\/IPDI COPOLYMER, HEXANEDIOL DIMETHARCYLATE, HYDROXYCYCLOHEXYL PHENYL KETONE, SILICA DIMETHYL SILYLATE, BENZOYL ISOPROPANOL, ISOBORNYL METHACRYLATE (IBOMA), +\/- [CI 77891, CI 74160, CI 60725, CI 12490, CI 77492, CI 15880, CI 77266, CI 15850, CI 19140, CI 73360].<\/p>\n","protected":false},"excerpt":{"rendered":"<p> <strong>Gramatura:<\/strong> g<br \/>  <strong>Kolor:<\/strong> Cover Dark<br \/>  <strong>Pojemno\u015b\u0107:<\/strong> 50<br \/>  <strong>P\u0142e\u0107:<\/strong> damski<br \/>  <strong>S\u0142o\u0144ce:<\/strong> nie <\/p>\n","protected":false},"featured_media":53036,"comment_status":"open","ping_status":"closed","template":"","meta":{"_acf_changed":false},"kategoria-hurtowni":[83,174,267],"product_brand":[623],"product_cat":[76],"product_tag":[],"class_list":{"0":"post-53035","1":"product","2":"type-product","3":"status-publish","4":"has-post-thumbnail","6":"kategoria-hurtowni-makijaz","7":"kategoria-hurtowni-makijaz-paznokcie","8":"kategoria-hurtowni-zele-i-akryle","9":"product_brand-excellent-pro","10":"product_cat-primavera","12":"first","13":"outofstock","14":"taxable","15":"shipping-taxable","16":"product-type-simple"},"acf":[],"_links":{"self":[{"href":"https:\/\/premino.pl\/index.php?rest_route=\/wp\/v2\/product\/53035","targetHints":{"allow":["GET"]}}],"collection":[{"href":"https:\/\/premino.pl\/index.php?rest_route=\/wp\/v2\/product"}],"about":[{"href":"https:\/\/premino.pl\/index.php?rest_route=\/wp\/v2\/types\/product"}],"replies":[{"embeddable":true,"href":"https:\/\/premino.pl\/index.php?rest_route=%2Fwp%2Fv2%2Fcomments&post=53035"}],"wp:featuredmedia":[{"embeddable":true,"href":"https:\/\/premino.pl\/index.php?rest_route=\/wp\/v2\/media\/53036"}],"wp:attachment":[{"href":"https:\/\/premino.pl\/index.php?rest_route=%2Fwp%2Fv2%2Fmedia&parent=53035"}],"wp:term":[{"taxonomy":"kategoria-hurtowni","embeddable":true,"href":"https:\/\/premino.pl\/index.php?rest_route=%2Fwp%2Fv2%2Fkategoria-hurtowni&post=53035"},{"taxonomy":"product_brand","embeddable":true,"href":"https:\/\/premino.pl\/index.php?rest_route=%2Fwp%2Fv2%2Fproduct_brand&post=53035"},{"taxonomy":"product_cat","embeddable":true,"href":"https:\/\/premino.pl\/index.php?rest_route=%2Fwp%2Fv2%2Fproduct_cat&post=53035"},{"taxonomy":"product_tag","embeddable":true,"href":"https:\/\/premino.pl\/index.php?rest_route=%2Fwp%2Fv2%2Fproduct_tag&post=53035"}],"curies":[{"name":"wp","href":"https:\/\/api.w.org\/{rel}","templated":true}]}}