{"id":53123,"date":"2026-05-13T15:51:51","date_gmt":"2026-05-13T13:51:51","guid":{"rendered":"https:\/\/premino.pl\/?product=builder-gel-with-thixotropy-zel-budujacy-deep-lavender-15g"},"modified":"2026-05-13T15:51:55","modified_gmt":"2026-05-13T13:51:55","slug":"builder-gel-with-thixotropy-zel-budujacy-deep-lavender-15g","status":"publish","type":"product","link":"https:\/\/premino.pl\/?product=builder-gel-with-thixotropy-zel-budujacy-deep-lavender-15g","title":{"rendered":"Builder Gel With Thixotropy \u017cel buduj\u0105cy Deep Lavender 15g"},"content":{"rendered":"<p><b>EXCELLENT PRO BUILDER GEL WITH THIXOTROPY DEEP LAVENDER<\/b>\u00a0&#8211; jednofazowy, twardy \u017cel w niepowtarzalnym, lawendowym kolorze. Idealnie sprawdzi si\u0119 jako produkt solo lub z b\u0142yszcz\u0105cym topem wyko\u0144czeniowym. Stworzy r\u00f3wnie\u017c \u015bwietn\u0105 baz\u0119 pod zdobienia lub french i babyboomer. Tiksotropowe w\u0142a\u015bciwo\u015bci pozwol\u0105 na szybk\u0105 i przyjemn\u0105 prac\u0119 \u017celem, poniewa\u017c nie b\u0119dzie on zalewa\u0142 sk\u00f3rek, a mimo to b\u0119dzie si\u0119 samopoziomowa\u0142. Doskona\u0142y do przed\u0142u\u017ce\u0144, nadbudowy oraz utwardzenia naturalnej p\u0142ytki.<\/p>\n<p><b>Specyfikacja:<br \/><\/b>Twardo\u015b\u0107: Twardy<br \/>Poziom krycia: 80%<br \/>Konsystencja: G\u0119sty<br \/>Szybko\u015b\u0107 poziomowania: \u015arednia<\/p>\n<p><b>Przeznaczenie:<br \/><\/b>Kr\u00f3tkie, d\u0142ugie i bardzo d\u0142ugie przed\u0142u\u017cenia<br \/>Uzupe\u0142nienia<br \/>Utwardzenie naturalnej p\u0142ytki<\/p>\n<p><b>Czas utwardzania:<br \/><\/b>Lampa EXCELLENT PRO MASTER POWER 54W (365nm + 405nm): 60 sekund<br \/>Inne lampy UV\/LED (365nm + 405nm) oraz LED (405nm): 60-120 sekund (w zale\u017cno\u015bci od mocy i rodzaju lampy)<br \/>Lampy UV (365nm): 120 sekund<\/p>\n<p><strong>Gramatura:<\/strong> g<br \/>\n<strong>Kolor:<\/strong> Deep Lavender<br \/>\n<strong>Pojemno\u015b\u0107:<\/strong> 15<br \/>\n<strong>P\u0142e\u0107:<\/strong> damski<br \/>\n<strong>S\u0142o\u0144ce:<\/strong> nie<\/p>\n<p><strong>Uwagi:<\/strong><\/p>\n<p>Produkt przeznaczony wy\u0142\u0105cznie do u\u017cytku profesjonalnego.\u00a0Mo\u017ce powodowa\u0107 reakcje alergiczne.\u00a0Unika\u0107 bezpo\u015bredniego kontaktu ze sk\u00f3r\u0105 i oczami.\u00a0Chroni\u0107 przed dzie\u0107mi.\u00a0Przed u\u017cyciem nale\u017cy dok\u0142adnie zapozna\u0107 si\u0119 z instrukcj\u0105 i stosowa\u0107 zgodnie z jej przeznaczeniem.\u00a0Nie stosowa\u0107 w przypadku nadwra\u017cliwo\u015bci na jakikolwiek sk\u0142adnik produktu.\u00a0Sk\u0142ad produktu znajduje si\u0119 na etykiecie i mo\u017ce r\u00f3\u017cni\u0107 si\u0119 w zale\u017cno\u015bci od partii produkcyjnej.\u00a0W razie wyst\u0105pienia reakcji niepo\u017c\u0105danej, takich jak pieczenie, sw\u0119dzenie czy zaczerwienienie, nale\u017cy przerwa\u0107 stosowanie i skonsultowa\u0107 si\u0119 z lekarzem.\u00a0Produkt nale\u017cy aplikowa\u0107 wy\u0142\u0105cznie na zdrow\u0105, nieuszkodzon\u0105 p\u0142ytk\u0119 paznokcia.\u00a0Przechowywa\u0107 w ch\u0142odnym, suchym miejscu, z dala od bezpo\u015bredniego \u015bwiat\u0142a s\u0142onecznego i \u017ar\u00f3de\u0142 ciep\u0142a.<\/p>\n<p><strong>Sk\u0142adniki:<\/strong><\/p>\n<p>BIS-HEMA POLYNEOPENTYL GLYCOL ADIPATE\/IPDI COPOLYMER, BIS-HEA POLY(1,4-BUTANEDIOL)-9\/IPDI COPOLYMER, TRIMETHYLOLPROPANE TRIMETHACRYLATE (TMPTMA), BIS-HEA POLYGLYCOL ADIPATE\/IPDI COPOLYMER, HEXANEDIOL DIMETHARCYLATE, HYDROXYCYCLOHEXYL PHENYL KETONE, SILICA DIMETHYL SILYLATE, ETHYL PHENYL(2,4,6-TRIMETHYLBENZOYL)PHOSPHINATE, BENZOYL ISOPROPANOL, +\/- [CI 77891, CI 74160, CI 60725, CI 77266, CI 12490, CI 77492, CI 15850, CI 15880, CI 19140, CI 73360, CI 77000].<\/p>\n","protected":false},"excerpt":{"rendered":"<p> <strong>Gramatura:<\/strong> g<br \/>  <strong>Kolor:<\/strong> Deep Lavender<br \/>  <strong>Pojemno\u015b\u0107:<\/strong> 15<br \/>  <strong>P\u0142e\u0107:<\/strong> damski<br \/>  <strong>S\u0142o\u0144ce:<\/strong> nie <\/p>\n","protected":false},"featured_media":53124,"comment_status":"open","ping_status":"closed","template":"","meta":{"_acf_changed":false},"kategoria-hurtowni":[83,174,267],"product_brand":[623],"product_cat":[76],"product_tag":[],"class_list":{"0":"post-53123","1":"product","2":"type-product","3":"status-publish","4":"has-post-thumbnail","6":"kategoria-hurtowni-makijaz","7":"kategoria-hurtowni-makijaz-paznokcie","8":"kategoria-hurtowni-zele-i-akryle","9":"product_brand-excellent-pro","10":"product_cat-primavera","12":"first","13":"outofstock","14":"taxable","15":"shipping-taxable","16":"product-type-simple"},"acf":[],"_links":{"self":[{"href":"https:\/\/premino.pl\/index.php?rest_route=\/wp\/v2\/product\/53123","targetHints":{"allow":["GET"]}}],"collection":[{"href":"https:\/\/premino.pl\/index.php?rest_route=\/wp\/v2\/product"}],"about":[{"href":"https:\/\/premino.pl\/index.php?rest_route=\/wp\/v2\/types\/product"}],"replies":[{"embeddable":true,"href":"https:\/\/premino.pl\/index.php?rest_route=%2Fwp%2Fv2%2Fcomments&post=53123"}],"wp:featuredmedia":[{"embeddable":true,"href":"https:\/\/premino.pl\/index.php?rest_route=\/wp\/v2\/media\/53124"}],"wp:attachment":[{"href":"https:\/\/premino.pl\/index.php?rest_route=%2Fwp%2Fv2%2Fmedia&parent=53123"}],"wp:term":[{"taxonomy":"kategoria-hurtowni","embeddable":true,"href":"https:\/\/premino.pl\/index.php?rest_route=%2Fwp%2Fv2%2Fkategoria-hurtowni&post=53123"},{"taxonomy":"product_brand","embeddable":true,"href":"https:\/\/premino.pl\/index.php?rest_route=%2Fwp%2Fv2%2Fproduct_brand&post=53123"},{"taxonomy":"product_cat","embeddable":true,"href":"https:\/\/premino.pl\/index.php?rest_route=%2Fwp%2Fv2%2Fproduct_cat&post=53123"},{"taxonomy":"product_tag","embeddable":true,"href":"https:\/\/premino.pl\/index.php?rest_route=%2Fwp%2Fv2%2Fproduct_tag&post=53123"}],"curies":[{"name":"wp","href":"https:\/\/api.w.org\/{rel}","templated":true}]}}