{"id":53245,"date":"2026-05-13T15:52:56","date_gmt":"2026-05-13T13:52:56","guid":{"rendered":"https:\/\/premino.pl\/?product=multifunction-gel-zel-budujacy-lass-vegass-15g"},"modified":"2026-05-13T15:52:58","modified_gmt":"2026-05-13T13:52:58","slug":"multifunction-gel-zel-budujacy-lass-vegass-15g","status":"publish","type":"product","link":"https:\/\/premino.pl\/?product=multifunction-gel-zel-budujacy-lass-vegass-15g","title":{"rendered":"Multifunction Gel \u017cel buduj\u0105cy Lass Vegass 15g"},"content":{"rendered":"<p>Wielofunkcyjny, prze\u017aroczysty \u017cel, kt\u00f3ry tworzy na paznokciu unikalny efekt. Dzi\u0119ki swoim w\u0142a\u015bciwo\u015bciom znajdzie zastosowanie w wielu aspektach pracy stylistki daj\u0105c ogrom mo\u017cliwo\u015bci, kt\u00f3re mo\u017cna wykona\u0107 jednym produktem. Doskonale nada si\u0119 do przed\u0142u\u017ce\u0144 kr\u00f3tkich, \u015brednich i d\u0142ugich, do numeru 5 na szablonie a tak\u017ce do budowy na tipsie ca\u0142ego paznokcia daj\u0105c wyj\u0105tkowy, mocno \u015bwietlisty efekt. Idealnie sprawdzi si\u0119 w zdobieniach typu princess nails, odwr\u00f3cone princess nails oraz we frenchu konstrukcyjnym a tak\u017ce w stylizacjach konstrukcyjnych w po\u0142\u0105czeniu z innymi \u017celami. Jego konsystencja pozwoli na zastosowanie go jako wierzchni\u0105 warstw\u0119 na ka\u017cdy \u017cel dodaj\u0105c niesamowitego b\u0142ysku. D\u0142u\u017csze wcieranie \u017celu spowoduje, \u017ce kawa\u0142ki folii b\u0119d\u0105 si\u0119 zmniejsza\u0107 wi\u0119c to stylistka ma pe\u0142n\u0105 kontrol\u0119 nad produktem i decyduje w jakiej formie chce go zaaplikowa\u0107. Ten wielofunkcyjny \u017cel stworzy niezwyk\u0142y podk\u0142ad pod r\u00f3\u017cnego rodzaju wzory, ornamenty i zdobienia. Doskonale sprawdzi si\u0119 r\u00f3wnie\u017c w stylizacjach przy u\u017cyciu dual form. Twardy \u017cel o \u015bredniog\u0119stej konsystencji, szybko poziomuj\u0105cy si\u0119 umo\u017cliwia na roz\u0142o\u017cenie \u017celu w taki spos\u00f3b aby ograniczy\u0107 pi\u0142owanie do minimum. Niezwykle wytrzyma\u0142y i odporny na uszkodzenia mechaniczne produkt, dzi\u0119ki kt\u00f3remu stworzysz trwa\u0142\u0105 stylizacj\u0119 bez obaw o wykruszanie si\u0119 i p\u0119kanie produktu. MULTIFUNCTION GEL LASS VEGASS pozwoli nie tylko przy\u015bpieszy\u0107 tempo pracy ale tak\u017ce pomo\u017ce skomponowa\u0107 wiele pi\u0119knych i niepowtarzalnych stylizacji wykreowanych przez wyobra\u017ani\u0119 stylistki. Produkt wolny od HEMA i TPO.<\/p>\n<p><b>Uwaga!<\/b>\u00a0Aby uzyska\u0107 jak najlepsz\u0105 przyczepno\u015b\u0107 \u017celu oraz ze wzgl\u0119du na zawarto\u015b\u0107 drobiny, przed aplikacj\u0105 zalecamy na\u0142o\u017cy\u0107 prze\u017aroczyst\u0105 baz\u0119. Rekomendujemy u\u017cycie Excellent PRO One Coat Multifunction Grafen Base.<\/p>\n<p><b>Specyfikacja:<\/b><br \/>Twardo\u015b\u0107:\u00a0Twardy<br \/>Poziom krycia:\u00a00%<br \/>Konsystencja:\u00a0\u015aredniog\u0119sty<br \/>Szybko\u015b\u0107 poziomowania:\u00a0Szybka<\/p>\n<p><b>Przeznaczenie:<br \/><\/b>Kr\u00f3tkie, \u015brednie i d\u0142ugie przed\u0142u\u017cenia (do 5 na szablonie)<br \/>Uzupe\u0142nienia<br \/>Utwardzenie naturalnej p\u0142ytki<br \/>Zdobienia typu princess nails<br \/>French konstrukcyjny<br \/>Stylizacje wykonywane dual formami<\/p>\n<p><b>Czas utwardzania:<br \/><\/b>Lampa EXCELLENT PRO MASTER POWER 54W (365nm + 405nm): 60 sekund<br \/>Inne lampy UV\/LED (365nm + 405nm): 60-120 sekund (w zale\u017cno\u015bci od mocy i rodzaju lampy)<br \/>Lampy LED (405nm): 60 sekund<br \/>Lampy UV (365nm): 120-180 sekund<\/p>\n<p><strong>Gramatura:<\/strong> g<br \/>\n<strong>Kolor:<\/strong> Lass Vegass<br \/>\n<strong>Pojemno\u015b\u0107:<\/strong> 15<br \/>\n<strong>P\u0142e\u0107:<\/strong> damski<br \/>\n<strong>S\u0142o\u0144ce:<\/strong> nie<\/p>\n<p><strong>Uwagi:<\/strong><\/p>\n<p>Produkt przeznaczony wy\u0142\u0105cznie do u\u017cytku profesjonalnego.\u00a0Mo\u017ce powodowa\u0107 reakcje alergiczne.\u00a0Unika\u0107 bezpo\u015bredniego kontaktu ze sk\u00f3r\u0105 i oczami.\u00a0Chroni\u0107 przed dzie\u0107mi.\u00a0Przed u\u017cyciem nale\u017cy dok\u0142adnie zapozna\u0107 si\u0119 z instrukcj\u0105 i stosowa\u0107 zgodnie z jej przeznaczeniem.\u00a0Nie stosowa\u0107 w przypadku nadwra\u017cliwo\u015bci na jakikolwiek sk\u0142adnik produktu.\u00a0Sk\u0142ad produktu znajduje si\u0119 na etykiecie i mo\u017ce r\u00f3\u017cni\u0107 si\u0119 w zale\u017cno\u015bci od partii produkcyjnej.\u00a0W razie wyst\u0105pienia reakcji niepo\u017c\u0105danej, takich jak pieczenie, sw\u0119dzenie czy zaczerwienienie, nale\u017cy przerwa\u0107 stosowanie i skonsultowa\u0107 si\u0119 z lekarzem.\u00a0Produkt nale\u017cy aplikowa\u0107 wy\u0142\u0105cznie na zdrow\u0105, nieuszkodzon\u0105 p\u0142ytk\u0119 paznokcia.\u00a0Przechowywa\u0107 w ch\u0142odnym, suchym miejscu, z dala od bezpo\u015bredniego \u015bwiat\u0142a s\u0142onecznego i \u017ar\u00f3de\u0142 ciep\u0142a.<\/p>\n<p><strong>Sk\u0142adniki:<\/strong><\/p>\n<p>BIS-HEMA POLYNEOPENTYL GLYCOL ADIPATE\/IPDI COPOLYMER, BIS-HEA POLY(1,4-BUTANEDIOL)-9\/IPDI COPOLYMER, TRIMETHYLOLPROPANE TRIMETHACRYLATE (TMPTMA), POLYURETHANE-57, HYDROXYPROPYL METHACRYLATE, BIS-HEA POLYGLYCOL ADIPATE\/IPDI COPOLYMER, HEXANEDIOL DIMETHARCYLATE, ISOBORNYL METHACRYLATE, CELLULOSE ACETATE BUTYRATE, HYDROXYCYCLOHEXYL PHENYL KETONE, SILICA DIMETHYL SILYLATE, BENZOYL ISOPROPANOL, ETHYL TRIMETHYLBENZOYL PHENYLPHOSPHINATE, GLYCOL DIMETHACRYLATE, SILICA, PEG-9 DIMETHACRYLATE, BIS(METHACRYLOYLOXYETHYL) PHOSPHATE, BHT, CYCLOHEXYL PHENYL KETONE, P-HYDROXYANISOLE, HYDROQUINONE, +\/- [CI 77891, CI 12490, CI 15880, CI 15850, CI 77007, CI 77492, CI 77742, CI 42090, CI 77510, CI 77491, CI 19140, CI 77000, CI 77266].<\/p>\n","protected":false},"excerpt":{"rendered":"<p> <strong>Gramatura:<\/strong> g<br \/>  <strong>Kolor:<\/strong> Lass Vegass<br \/>  <strong>Pojemno\u015b\u0107:<\/strong> 15<br \/>  <strong>P\u0142e\u0107:<\/strong> damski<br \/>  <strong>S\u0142o\u0144ce:<\/strong> nie <\/p>\n","protected":false},"featured_media":53246,"comment_status":"open","ping_status":"closed","template":"","meta":{"_acf_changed":false},"kategoria-hurtowni":[83,174,267],"product_brand":[623],"product_cat":[76],"product_tag":[],"class_list":{"0":"post-53245","1":"product","2":"type-product","3":"status-publish","4":"has-post-thumbnail","6":"kategoria-hurtowni-makijaz","7":"kategoria-hurtowni-makijaz-paznokcie","8":"kategoria-hurtowni-zele-i-akryle","9":"product_brand-excellent-pro","10":"product_cat-primavera","12":"first","13":"outofstock","14":"taxable","15":"shipping-taxable","16":"product-type-simple"},"acf":[],"_links":{"self":[{"href":"https:\/\/premino.pl\/index.php?rest_route=\/wp\/v2\/product\/53245","targetHints":{"allow":["GET"]}}],"collection":[{"href":"https:\/\/premino.pl\/index.php?rest_route=\/wp\/v2\/product"}],"about":[{"href":"https:\/\/premino.pl\/index.php?rest_route=\/wp\/v2\/types\/product"}],"replies":[{"embeddable":true,"href":"https:\/\/premino.pl\/index.php?rest_route=%2Fwp%2Fv2%2Fcomments&post=53245"}],"wp:featuredmedia":[{"embeddable":true,"href":"https:\/\/premino.pl\/index.php?rest_route=\/wp\/v2\/media\/53246"}],"wp:attachment":[{"href":"https:\/\/premino.pl\/index.php?rest_route=%2Fwp%2Fv2%2Fmedia&parent=53245"}],"wp:term":[{"taxonomy":"kategoria-hurtowni","embeddable":true,"href":"https:\/\/premino.pl\/index.php?rest_route=%2Fwp%2Fv2%2Fkategoria-hurtowni&post=53245"},{"taxonomy":"product_brand","embeddable":true,"href":"https:\/\/premino.pl\/index.php?rest_route=%2Fwp%2Fv2%2Fproduct_brand&post=53245"},{"taxonomy":"product_cat","embeddable":true,"href":"https:\/\/premino.pl\/index.php?rest_route=%2Fwp%2Fv2%2Fproduct_cat&post=53245"},{"taxonomy":"product_tag","embeddable":true,"href":"https:\/\/premino.pl\/index.php?rest_route=%2Fwp%2Fv2%2Fproduct_tag&post=53245"}],"curies":[{"name":"wp","href":"https:\/\/api.w.org\/{rel}","templated":true}]}}