{"id":53337,"date":"2026-05-13T15:53:36","date_gmt":"2026-05-13T13:53:36","guid":{"rendered":"https:\/\/premino.pl\/?product=fiber-gel-polyamide-plus-zel-budujacy-romantic-glow-15g"},"modified":"2026-05-13T15:53:37","modified_gmt":"2026-05-13T13:53:37","slug":"fiber-gel-polyamide-plus-zel-budujacy-romantic-glow-15g","status":"publish","type":"product","link":"https:\/\/premino.pl\/?product=fiber-gel-polyamide-plus-zel-budujacy-romantic-glow-15g","title":{"rendered":"Fiber Gel Polyamide Plus \u017cel buduj\u0105cy Romantic Glow 15g"},"content":{"rendered":"<p>Twardy \u017cel, w naturalnym kolorze z efektem glam, z dodatkiem w\u0142\u00f3kien poliamidowych, kt\u00f3ry b\u0119dzie idealnym produktem do cienkich i naturalnie wygl\u0105daj\u0105cych stylizacji. Dodatek &#8222;inteligentnych&#8221; w\u0142\u00f3kien poliamidowych sprawia, \u017ce \u017cel ma doskona\u0142e napi\u0119cie powierzchniowe, co pozwala pracowa\u0107 jednocze\u015bnie na czterech paznokciach i tym samym przy\u015bpieszy\u0107 tempo pracy. Unikalna konsystencja produktu dodatkowo wymusza szybsz\u0105 prac\u0119, przez co ca\u0142y proces stylizacji \u017celem wykonuje si\u0119 ekspresowo. Samopoziomuj\u0105ce w\u0142a\u015bciwo\u015bci powoduj\u0105, \u017ce \u017cel wyr\u00f3wnuje si\u0119 samoistnie w szybkim czasie, dzi\u0119ki czemu mo\u017cna roz\u0142o\u017cy\u0107 go na tyle precyzyjnie aby ograniczy\u0107 pi\u0142owanie do minimum. Jego twardo\u015b\u0107 pozwoli na kr\u00f3tkie, \u015brednie i d\u0142ugie przed\u0142u\u017cenie paznokci na szablonie. \u015awietnie sprawdzi si\u0119 do szybkich uzupe\u0142nie\u0144, nadbudowy oraz wyr\u00f3wnywania naturalnej p\u0142ytki. FIBER GEL POLYAMIDE PLUS b\u0119dzie r\u00f3wnie\u017c odpowiednim \u017celem do stylizacji wykonywanych przy pomocy dual form. Produkt wolny od HEMA i TPO.<\/p>\n<p><b>Specyfikacja:<br \/><\/b>Twardo\u015b\u0107: Twardy<br \/>Poziom krycia: 80%<br \/>Konsystencja: Unikalna<br \/>Szybko\u015b\u0107 poziomowania: Szybka<\/p>\n<p><b>Przeznaczenie:<br \/><\/b>Kr\u00f3tkie, d\u0142ugie i bardzo d\u0142ugie przed\u0142u\u017cenia<br \/>Uzupe\u0142nienia<br \/>Utwardzenie naturalnej p\u0142ytki<\/p>\n<p><b>Czas utwardzania:<br \/><\/b>Lampa EXCELLENT PRO MASTER POWER 54W (365nm + 405nm): 60 sekund<br \/>Inne lampy UV\/LED (365nm + 405nm): 60-120 sekund (w zale\u017cno\u015bci od mocy i rodzaju lampy)<br \/>Lampy LED (405nm): 60 sekund<br \/>Lampy UV (365nm): 120-180 sekund<\/p>\n<p><strong>Gramatura:<\/strong> g<br \/>\n<strong>Kolor:<\/strong> Romantic Glow<br \/>\n<strong>Pojemno\u015b\u0107:<\/strong> 15<br \/>\n<strong>P\u0142e\u0107:<\/strong> damski<br \/>\n<strong>S\u0142o\u0144ce:<\/strong> nie<\/p>\n<p><strong>Uwagi:<\/strong><\/p>\n<p>Produkt przeznaczony wy\u0142\u0105cznie do u\u017cytku profesjonalnego.\u00a0Mo\u017ce powodowa\u0107 reakcje alergiczne.\u00a0Unika\u0107 bezpo\u015bredniego kontaktu ze sk\u00f3r\u0105 i oczami.\u00a0Chroni\u0107 przed dzie\u0107mi.\u00a0Przed u\u017cyciem nale\u017cy dok\u0142adnie zapozna\u0107 si\u0119 z instrukcj\u0105 i stosowa\u0107 zgodnie z jej przeznaczeniem.\u00a0Nie stosowa\u0107 w przypadku nadwra\u017cliwo\u015bci na jakikolwiek sk\u0142adnik produktu.\u00a0Sk\u0142ad produktu znajduje si\u0119 na etykiecie i mo\u017ce r\u00f3\u017cni\u0107 si\u0119 w zale\u017cno\u015bci od partii produkcyjnej.\u00a0W razie wyst\u0105pienia reakcji niepo\u017c\u0105danej, takich jak pieczenie, sw\u0119dzenie czy zaczerwienienie, nale\u017cy przerwa\u0107 stosowanie i skonsultowa\u0107 si\u0119 z lekarzem.\u00a0Produkt nale\u017cy aplikowa\u0107 wy\u0142\u0105cznie na zdrow\u0105, nieuszkodzon\u0105 p\u0142ytk\u0119 paznokcia.\u00a0Przechowywa\u0107 w ch\u0142odnym, suchym miejscu, z dala od bezpo\u015bredniego \u015bwiat\u0142a s\u0142onecznego i \u017ar\u00f3de\u0142 ciep\u0142a.<\/p>\n<p><strong>Sk\u0142adniki:<\/strong><\/p>\n<p>BIS-HEMA POLYNEOPENTYL GLYCOL ADIPATE\/IPDI COPOLYMER, BIS-HEA POLY(1,4-BUTANEDIOL)-9\/IPDI COPOLYMER, TRIMETHYLOLPROPANE TRIMETHACRYLATE (TMPTMA), POLYURETHANE-57, HYDROXYPROPYL METHACRYLATE, BIS-HEA POLYGLYCOL ADIPATE\/IPDI COPOLYMER, HEXANEDIOL DIMETHARCYLATE, ISOBORNYL METHACRYLATE, CELLULOSE ACETATE BUTYRATE, HYDROXYCYCLOHEXYL PHENYL KETONE, SILICA DIMETHYL SILYLATE, BENZOYL ISOPROPANOL, ETHYL TRIMETHYLBENZOYL PHENYLPHOSPHINATE, SILICA, GLYCOL DIMETHACRYLATE, CALCIUM ALUMINUM BOROSILICATE, NYLON-66, BIS(METHACRYLOYLOXYETHYL) PHOSPHATE, PEG-9 DIMETHACRYLATE, TOCOPHEROL, CALCIUM PANTOTHENATE, TIN OXIDE, P-HYDROXYANISOLE, HYDROQUINONE, BHT, CYCLOHEXYL PHENYL KETONE, +\/- [CI 77891, CI 12490, CI 15880, CI 15850, CI 77007, CI 77492, CI 77742, CI 42090, CI 77510, CI 77491, CI 19140, CI 77000, CI 77266].<\/p>\n","protected":false},"excerpt":{"rendered":"<p> <strong>Gramatura:<\/strong> g<br \/>  <strong>Kolor:<\/strong> Romantic Glow<br \/>  <strong>Pojemno\u015b\u0107:<\/strong> 15<br \/>  <strong>P\u0142e\u0107:<\/strong> damski<br \/>  <strong>S\u0142o\u0144ce:<\/strong> nie <\/p>\n","protected":false},"featured_media":53338,"comment_status":"open","ping_status":"closed","template":"","meta":{"_acf_changed":false},"kategoria-hurtowni":[83,174,267],"product_brand":[623],"product_cat":[76],"product_tag":[],"class_list":{"0":"post-53337","1":"product","2":"type-product","3":"status-publish","4":"has-post-thumbnail","6":"kategoria-hurtowni-makijaz","7":"kategoria-hurtowni-makijaz-paznokcie","8":"kategoria-hurtowni-zele-i-akryle","9":"product_brand-excellent-pro","10":"product_cat-primavera","12":"first","13":"outofstock","14":"taxable","15":"shipping-taxable","16":"product-type-simple"},"acf":[],"_links":{"self":[{"href":"https:\/\/premino.pl\/index.php?rest_route=\/wp\/v2\/product\/53337","targetHints":{"allow":["GET"]}}],"collection":[{"href":"https:\/\/premino.pl\/index.php?rest_route=\/wp\/v2\/product"}],"about":[{"href":"https:\/\/premino.pl\/index.php?rest_route=\/wp\/v2\/types\/product"}],"replies":[{"embeddable":true,"href":"https:\/\/premino.pl\/index.php?rest_route=%2Fwp%2Fv2%2Fcomments&post=53337"}],"wp:featuredmedia":[{"embeddable":true,"href":"https:\/\/premino.pl\/index.php?rest_route=\/wp\/v2\/media\/53338"}],"wp:attachment":[{"href":"https:\/\/premino.pl\/index.php?rest_route=%2Fwp%2Fv2%2Fmedia&parent=53337"}],"wp:term":[{"taxonomy":"kategoria-hurtowni","embeddable":true,"href":"https:\/\/premino.pl\/index.php?rest_route=%2Fwp%2Fv2%2Fkategoria-hurtowni&post=53337"},{"taxonomy":"product_brand","embeddable":true,"href":"https:\/\/premino.pl\/index.php?rest_route=%2Fwp%2Fv2%2Fproduct_brand&post=53337"},{"taxonomy":"product_cat","embeddable":true,"href":"https:\/\/premino.pl\/index.php?rest_route=%2Fwp%2Fv2%2Fproduct_cat&post=53337"},{"taxonomy":"product_tag","embeddable":true,"href":"https:\/\/premino.pl\/index.php?rest_route=%2Fwp%2Fv2%2Fproduct_tag&post=53337"}],"curies":[{"name":"wp","href":"https:\/\/api.w.org\/{rel}","templated":true}]}}