{"id":53463,"date":"2026-05-13T15:54:26","date_gmt":"2026-05-13T13:54:26","guid":{"rendered":"https:\/\/premino.pl\/?product=single-sea-salt-chill-pill-tabletki-do-kapieli-70g"},"modified":"2026-05-13T15:54:28","modified_gmt":"2026-05-13T13:54:28","slug":"single-sea-salt-chill-pill-tabletki-do-kapieli-70g","status":"publish","type":"product","link":"https:\/\/premino.pl\/?product=single-sea-salt-chill-pill-tabletki-do-kapieli-70g","title":{"rendered":"Single Sea Salt Chill Pill tabletki do k\u0105pieli 70g"},"content":{"rendered":"<p>Przekszta\u0142\u0107 k\u0105piel w kolorow\u0105, pachn\u0105c\u0105 oaz\u0119 dzi\u0119ki Chill Pills \u2013 wega\u0144skim, r\u0119cznie robionym tabletkom do k\u0105pieli stworzonym z mi\u0142o\u015bci\u0105. Dost\u0119pne w r\u00f3\u017cnych zapachach i kolorach, kt\u00f3re mo\u017cesz dowolnie \u0142\u0105czy\u0107, aby stworzy\u0107 w\u0142asn\u0105 aromatyczn\u0105 eksplozj\u0119 relaksu.<\/p>\n<p>Sea Salt to \u015bwie\u017cy, czysty zapach z mineralnymi nutami soli, kt\u00f3ry przywodzi na my\u015bl spok\u00f3j nadmorskiego wypoczynku.<\/p>\n<p>\u0141\u0105cz i mieszaj z innymi tabletkami Chill Pills, aby stworzy\u0107 swoj\u0105 unikaln\u0105 mieszank\u0119!<\/p>\n<p><b>Spos\u00f3b u\u017cycia:\u00a0<\/b>Wrzu\u0107 Chill Pill do wanny i pozw\u00f3l, aby \u015bwie\u017cy, s\u0142ony aromat przeni\u00f3s\u0142 Ci\u0119 na relaksuj\u0105cy nadmorski wypoczynek.<\/p>\n<p><strong>Dzia\u0142anie:<\/strong> od\u015bwie\u017ca, relaksuj\u0105ce<br \/>\n<strong>Gramatura:<\/strong> g<br \/>\n<strong>Konsystencja:<\/strong> tabletki do k\u0105pieli<br \/>\n<strong>Linie elitarne:<\/strong> nie<br \/>\n<strong>Lokalizacja:<\/strong> ca\u0142e cia\u0142o<br \/>\n<strong>Piel\u0119gnacja cia\u0142a:<\/strong> tak<br \/>\n<strong>Pojemno\u015b\u0107:<\/strong> 70<br \/>\n<strong>P\u0142e\u0107:<\/strong> unisex<br \/>\n<strong>S\u0142o\u0144ce:<\/strong> nie<\/p>\n<p><strong>Uwagi:<\/strong><\/p>\n<p>Tylko do u\u017cytku zewn\u0119trznego.<\/p>\n<p><strong>Sk\u0142adniki:<\/strong><\/p>\n<p>Sodium Bicarbonate<\/p>\n","protected":false},"excerpt":{"rendered":"<p> <strong>Dzia\u0142anie:<\/strong> od\u015bwie\u017ca, relaksuj\u0105ce<br \/>  <strong>Gramatura:<\/strong> g<br \/>  <strong>Konsystencja:<\/strong> tabletki do k\u0105pieli<br \/>  <strong>Linie elitarne:<\/strong> nie<br \/>  <strong>Lokalizacja:<\/strong> ca\u0142e cia\u0142o<br \/>  <strong>Piel\u0119gnacja cia\u0142a:<\/strong> tak<br \/>  <strong>Pojemno\u015b\u0107:<\/strong> 70<br \/>  <strong>P\u0142e\u0107:<\/strong> unisex<br \/>  <strong>S\u0142o\u0144ce:<\/strong> nie <\/p>\n","protected":false},"featured_media":53464,"comment_status":"open","ping_status":"closed","template":"","meta":{"_acf_changed":false},"kategoria-hurtowni":[90,91],"product_brand":[812],"product_cat":[76],"product_tag":[],"class_list":{"0":"post-53463","1":"product","2":"type-product","3":"status-publish","4":"has-post-thumbnail","6":"kategoria-hurtowni-pielegnacja","7":"kategoria-hurtowni-pielegnacja-ciala","8":"product_brand-bomb-cosmetics","9":"product_cat-primavera","11":"first","12":"outofstock","13":"taxable","14":"shipping-taxable","15":"product-type-simple"},"acf":[],"_links":{"self":[{"href":"https:\/\/premino.pl\/index.php?rest_route=\/wp\/v2\/product\/53463","targetHints":{"allow":["GET"]}}],"collection":[{"href":"https:\/\/premino.pl\/index.php?rest_route=\/wp\/v2\/product"}],"about":[{"href":"https:\/\/premino.pl\/index.php?rest_route=\/wp\/v2\/types\/product"}],"replies":[{"embeddable":true,"href":"https:\/\/premino.pl\/index.php?rest_route=%2Fwp%2Fv2%2Fcomments&post=53463"}],"wp:featuredmedia":[{"embeddable":true,"href":"https:\/\/premino.pl\/index.php?rest_route=\/wp\/v2\/media\/53464"}],"wp:attachment":[{"href":"https:\/\/premino.pl\/index.php?rest_route=%2Fwp%2Fv2%2Fmedia&parent=53463"}],"wp:term":[{"taxonomy":"kategoria-hurtowni","embeddable":true,"href":"https:\/\/premino.pl\/index.php?rest_route=%2Fwp%2Fv2%2Fkategoria-hurtowni&post=53463"},{"taxonomy":"product_brand","embeddable":true,"href":"https:\/\/premino.pl\/index.php?rest_route=%2Fwp%2Fv2%2Fproduct_brand&post=53463"},{"taxonomy":"product_cat","embeddable":true,"href":"https:\/\/premino.pl\/index.php?rest_route=%2Fwp%2Fv2%2Fproduct_cat&post=53463"},{"taxonomy":"product_tag","embeddable":true,"href":"https:\/\/premino.pl\/index.php?rest_route=%2Fwp%2Fv2%2Fproduct_tag&post=53463"}],"curies":[{"name":"wp","href":"https:\/\/api.w.org\/{rel}","templated":true}]}}