{"id":53657,"date":"2026-05-13T15:55:50","date_gmt":"2026-05-13T13:55:50","guid":{"rendered":"https:\/\/premino.pl\/?product=elixir-serum-do-twarzy-5ml"},"modified":"2026-05-13T15:55:50","modified_gmt":"2026-05-13T13:55:50","slug":"elixir-serum-do-twarzy-5ml","status":"publish","type":"product","link":"https:\/\/premino.pl\/?product=elixir-serum-do-twarzy-5ml","title":{"rendered":"Elixir serum do twarzy 5ml"},"content":{"rendered":"<p>Elixir to zaawansowane serum z potr\u00f3jnym dzia\u0142aniem piel\u0119gnacyjnym, wzbogacone o poczw\u00f3rn\u0105 dawk\u0119 opatentowanego Healing Concentrate\u2122. Ta wyj\u0105tkowa formu\u0142a redukuje drobne linie i zmarszczki, uj\u0119drnia sk\u00f3r\u0119 oraz intensywnie nawil\u017ca. Kliniczne badania potwierdzaj\u0105, \u017ce Elixir roz\u015bwietla cer\u0119, poprawia jej tekstur\u0119, koryguje przebarwienia i wzmacnia naturaln\u0105 barier\u0119 ochronn\u0105 sk\u00f3ry. Dzi\u0119ki ekstraktom z sza\u0142wii i pestek dyni serum \u0142agodzi podra\u017cnienia, redukuje zaczerwienienia oraz minimalizuje niedoskona\u0142o\u015bci. Sk\u00f3ra natychmiast staje si\u0119 zrewitalizowana, a przy regularnym stosowaniu zauwa\u017calna jest poprawa kolorytu, spr\u0119\u017cysto\u015bci i g\u0142adko\u015bci cery.<\/p>\n<p><b>Sk\u0142adniki aktywne:<br \/><\/b>\u2022 Healing Concentrate\u2122 \u2013 najsilniejszy, klinicznie potwierdzony koncentrat, kt\u00f3ry poprawia nawil\u017cenie, zwi\u0119ksza elastyczno\u015b\u0107 i j\u0119drno\u015b\u0107 sk\u00f3ry oraz wzmacnia jej barier\u0119 ochronn\u0105.<br \/>\u2022 Ekstrakt z sza\u0142wii \u2013 wspiera odnow\u0119 kom\u00f3rkow\u0105, zwi\u0119ksza produkcj\u0119 ceramid\u00f3w i zmniejsza stany zapalne, wzmacniaj\u0105c barier\u0119 ochronn\u0105 sk\u00f3ry.<br \/>\u2022 Ekstrakt z pestek dyni \u2013 dzia\u0142a g\u0142\u0119biej ni\u017c kolagen morski, nawil\u017ca i wyg\u0142adza zmarszczki, daj\u0105c efekt przypominaj\u0105cy wype\u0142niacz.<br \/>\u2022 Ekstrakt z kie\u0142k\u00f3w s\u0142onecznika \u2013 pomaga spowolni\u0107 oznaki starzenia i przed\u0142u\u017ca \u017cywotno\u015b\u0107 sk\u00f3ry.<\/p>\n<p><b>Stosowanie:<br \/><\/b>Oczy\u015b\u0107 sk\u00f3r\u0119. Na\u0142\u00f3\u017c kilka kropli serum lub dodaj je do swojego ulubionego serum, aby wzmocni\u0107 dzia\u0142anie Healing Concentrate\u2122. Kontynuuj piel\u0119gnacj\u0119 stosuj\u0105c pozosta\u0142e produkty w swojej rutynie.<\/p>\n<p><strong>Dzia\u0142anie:<\/strong> chroni, nawil\u017caj\u0105ce, redukuje zmarszczki, regeneruje, roz\u015bwietlaj\u0105ce, wyr\u00f3wnuje koloryt sk\u00f3ry, \u0142agodzi podra\u017cnienia<br \/>\n<strong>Gramatura:<\/strong> ml<br \/>\n<strong>Konsystencja:<\/strong> emulsja<br \/>\n<strong>Linie elitarne:<\/strong> tak<br \/>\n<strong>Piel\u0119gnacja specyficzna:<\/strong> serum<br \/>\n<strong>Pojemno\u015b\u0107:<\/strong> 5<br \/>\n<strong>Pora stosowania:<\/strong> dowolnie<br \/>\n<strong>P\u0142e\u0107:<\/strong> damski<br \/>\n<strong>Rodzaj sk\u00f3ry:<\/strong> dojrza\u0142a<br \/>\n<strong>S\u0142o\u0144ce:<\/strong> nie<br \/>\n<strong>Typ sk\u00f3ry:<\/strong> mieszana\/t\u0142usta, normalna, sucha<\/p>\n<p><strong>Uwagi:<\/strong><\/p>\n<p>Produkt przeznaczony wy\u0142\u0105cznie do u\u017cytku zewn\u0119trznego. Stosuj zgodnie z instrukcj\u0105 oraz zaleceniami producenta. Unikaj kontaktu z oczami i ustami. W razie dostania si\u0119 produktu do oczu natychmiast przemyj obficie wod\u0105. Trzymaj poza zasi\u0119giem dzieci.<\/p>\n<p><strong>Sk\u0142adniki:<\/strong><\/p>\n<p>Aqua (Water), Saccharomyces Ferment, Pentylene Glycol, Propanediol, Phospholipids, Maltodextrin, Phenoxyethanol, Glycerin, Leuconostoc\/Radish Root Ferment Filtrate, Cucurbita Pepo (Pumpkin) Seed Extract, Carbomer, Sphingomonas Ferment Extract, Parfum (Fragrance), Tetrasodium Glutamate Diacetate, Sodium Hyaluronate, Salvia Officinalis (Sage) Leaf Extract, Ethylhexylglycerin, Citric Acid, Helianthus Annuus (Sunflower) Sprout Extract, Sodium Benzoate, Sodium Hydroxide, Potassium Sorbate, Citral, Geraniol, Limonene, Linalool.<\/p>\n","protected":false},"excerpt":{"rendered":"<p> <strong>Dzia\u0142anie:<\/strong> chroni, nawil\u017caj\u0105ce, redukuje zmarszczki, regeneruje, roz\u015bwietlaj\u0105ce, wyr\u00f3wnuje koloryt sk\u00f3ry, \u0142agodzi podra\u017cnienia<br \/>  <strong>Gramatura:<\/strong> ml<br \/>  <strong>Konsystencja:<\/strong> emulsja<br \/>  <strong>Linie elitarne:<\/strong> tak<br \/>  <strong>Piel\u0119gnacja specyficzna:<\/strong> serum<br \/>  <strong>Pojemno\u015b\u0107:<\/strong> 5<br \/>  <strong>Pora stosowania:<\/strong> dowolnie<br \/>  <strong>P\u0142e\u0107:<\/strong> damski<br \/>  <strong>Rodzaj sk\u00f3ry:<\/strong> dojrza\u0142a<br \/>  <strong>S\u0142o\u0144ce:<\/strong> nie<br \/>  <strong>Typ sk\u00f3ry:<\/strong> mieszana\/t\u0142usta, normalna, sucha <\/p>\n","protected":false},"featured_media":53658,"comment_status":"open","ping_status":"closed","template":"","meta":{"_acf_changed":false},"kategoria-hurtowni":[90,109,110],"product_brand":[809],"product_cat":[76],"product_tag":[],"class_list":{"0":"post-53657","1":"product","2":"type-product","3":"status-publish","4":"has-post-thumbnail","6":"kategoria-hurtowni-pielegnacja","7":"kategoria-hurtowni-pielegnacja-twarzy-pielegnacja","8":"kategoria-hurtowni-twarz-pielegnacja-twarzy-pielegnacja","9":"product_brand-omorovicza","10":"product_cat-primavera","12":"first","13":"outofstock","14":"taxable","15":"shipping-taxable","16":"product-type-simple"},"acf":[],"_links":{"self":[{"href":"https:\/\/premino.pl\/index.php?rest_route=\/wp\/v2\/product\/53657","targetHints":{"allow":["GET"]}}],"collection":[{"href":"https:\/\/premino.pl\/index.php?rest_route=\/wp\/v2\/product"}],"about":[{"href":"https:\/\/premino.pl\/index.php?rest_route=\/wp\/v2\/types\/product"}],"replies":[{"embeddable":true,"href":"https:\/\/premino.pl\/index.php?rest_route=%2Fwp%2Fv2%2Fcomments&post=53657"}],"wp:featuredmedia":[{"embeddable":true,"href":"https:\/\/premino.pl\/index.php?rest_route=\/wp\/v2\/media\/53658"}],"wp:attachment":[{"href":"https:\/\/premino.pl\/index.php?rest_route=%2Fwp%2Fv2%2Fmedia&parent=53657"}],"wp:term":[{"taxonomy":"kategoria-hurtowni","embeddable":true,"href":"https:\/\/premino.pl\/index.php?rest_route=%2Fwp%2Fv2%2Fkategoria-hurtowni&post=53657"},{"taxonomy":"product_brand","embeddable":true,"href":"https:\/\/premino.pl\/index.php?rest_route=%2Fwp%2Fv2%2Fproduct_brand&post=53657"},{"taxonomy":"product_cat","embeddable":true,"href":"https:\/\/premino.pl\/index.php?rest_route=%2Fwp%2Fv2%2Fproduct_cat&post=53657"},{"taxonomy":"product_tag","embeddable":true,"href":"https:\/\/premino.pl\/index.php?rest_route=%2Fwp%2Fv2%2Fproduct_tag&post=53657"}],"curies":[{"name":"wp","href":"https:\/\/api.w.org\/{rel}","templated":true}]}}