{"id":53659,"date":"2026-05-13T15:55:50","date_gmt":"2026-05-13T13:55:50","guid":{"rendered":"https:\/\/premino.pl\/?product=cleansing-foam-oczyszczajaca-pianka-do-twarzy-30ml"},"modified":"2026-05-13T15:55:50","modified_gmt":"2026-05-13T13:55:50","slug":"cleansing-foam-oczyszczajaca-pianka-do-twarzy-30ml","status":"publish","type":"product","link":"https:\/\/premino.pl\/?product=cleansing-foam-oczyszczajaca-pianka-do-twarzy-30ml","title":{"rendered":"Cleansing Foam oczyszczaj\u0105ca pianka do twarzy 30ml"},"content":{"rendered":"<p>Od\u015bwie\u017caj\u0105ca pianka oczyszczaj\u0105ca delikatnie detoksykuje sk\u00f3r\u0119 i przywraca jej naturaln\u0105 r\u00f3wnowag\u0119, jednocze\u015bnie chroni\u0105c barier\u0119 wilgoci. Idealna zar\u00f3wno na poranne od\u015bwie\u017cenie, jak i wieczorne oczyszczanie, formu\u0142a bez siarczan\u00f3w usuwa zanieczyszczenia bez wysuszania, pozostawiaj\u0105c sk\u00f3r\u0119 czyst\u0105, mi\u0119kk\u0105 i promienn\u0105. Wzbogacona subtelnym zapachem kwiatu pomara\u0144czy, zmienia codzienne oczyszczanie w zmys\u0142owy rytua\u0142 odpowiedni dla ka\u017cdego rodzaju sk\u00f3ry, tak\u017ce wra\u017cliwej.<\/p>\n<p><b>Kluczowe korzy\u015bci:<\/b><br \/>\u2022 Delikatne, ale skuteczne oczyszczenie i detoksykacja<br \/>\u2022 Utrzymanie naturalnej r\u00f3wnowagi sk\u00f3ry i poziomu nawil\u017cenia<br \/>\u2022 Ochrona bariery sk\u00f3ry dzi\u0119ki formule bez siarczan\u00f3w<\/p>\n<p><b>Sk\u0142adniki aktywne:<br \/><\/b>\u2022 Glukonian miedzi: oczyszcza i detoksykuje sk\u00f3r\u0119, reguluje naturalny poziom sebum<br \/>\u2022 Pektyna jab\u0142kowa: wspomaga nawil\u017cenie i elastyczno\u015b\u0107, utrzymuj\u0105c odpowiedni poziom wilgoci w sk\u00f3rze<br \/>\u2022 Bez siarczan\u00f3w: delikatnie oczyszcza, nie naruszaj\u0105c bariery ochronnej sk\u00f3ry<br \/>\u2022 Koncentrat leczniczy\u2122: klinicznie udowodnione dzia\u0142anie nawil\u017caj\u0105ce, zwi\u0119kszaj\u0105ce j\u0119drno\u015b\u0107 i elastyczno\u015b\u0107 sk\u00f3ry oraz wzmacniaj\u0105ce jej barier\u0119 ochronn\u0105<\/p>\n<p><b>Stosowanie:<br \/><\/b>Nanie\u015b niewielk\u0105 ilo\u015b\u0107 pianki na wilgotn\u0105 sk\u00f3r\u0119 twarzy, delikatnie wmasuj, a nast\u0119pnie dok\u0142adnie sp\u0142ucz.<\/p>\n<p><strong>Dzia\u0142anie:<\/strong> nawil\u017caj\u0105ce, oczyszczaj\u0105ce, uelastycznia, uj\u0119drnia, zmi\u0119kcza<br \/>\n<strong>Gramatura:<\/strong> ml<br \/>\n<strong>Konsystencja:<\/strong> pianka<br \/>\n<strong>Linie elitarne:<\/strong> tak<br \/>\n<strong>Piel\u0119gnacja specyficzna:<\/strong> nie<br \/>\n<strong>Pojemno\u015b\u0107:<\/strong> 30<br \/>\n<strong>Pora stosowania:<\/strong> dowolnie<br \/>\n<strong>P\u0142e\u0107:<\/strong> damski<br \/>\n<strong>Rodzaj sk\u00f3ry:<\/strong> wra\u017cliwa<br \/>\n<strong>S\u0142o\u0144ce:<\/strong> nie<br \/>\n<strong>Typ sk\u00f3ry:<\/strong> mieszana\/t\u0142usta, normalna, sucha<\/p>\n<p><strong>Uwagi:<\/strong><\/p>\n<p>Produkt przeznaczony wy\u0142\u0105cznie do u\u017cytku zewn\u0119trznego. Stosuj zgodnie z instrukcj\u0105 oraz zaleceniami producenta. Unikaj kontaktu z oczami i ustami. W razie dostania si\u0119 produktu do oczu natychmiast przemyj obficie wod\u0105. Trzymaj poza zasi\u0119giem dzieci.<\/p>\n<p><strong>Sk\u0142adniki:<\/strong><\/p>\n<p>AQUA (HUNGARIAN THERMAL WATER), GLYCERIN, SODIUM COCOYL ISETHIONATE, SORBITOL, DISODIUM LAURYL SULFOSUCCINATE, SODIUM CHLORIDE, PHENOXYETHANOL, SACCHAROMYCES (HUNGARIAN THERMAL WATER) FERMENT EXTRACT, LIMONENE, XANTHAN GUM, PARFUM (FRAGRANCE), COPPER GLUCONATE, LINALOOL, ETHYLHEXYLGLYCERIN, DISODIUM EDTA, PYRUS MALUS (APPLE) FRUIT EXTRACT, PHOSPHOLIPIDS, CHLORELLA VULGARIS\/LUPINUS ALBUS PROTEINE FERMENT, PECTIN.<\/p>\n","protected":false},"excerpt":{"rendered":"<p> <strong>Dzia\u0142anie:<\/strong> nawil\u017caj\u0105ce, oczyszczaj\u0105ce, uelastycznia, uj\u0119drnia, zmi\u0119kcza<br \/>  <strong>Gramatura:<\/strong> ml<br \/>  <strong>Konsystencja:<\/strong> pianka<br \/>  <strong>Linie elitarne:<\/strong> tak<br \/>  <strong>Piel\u0119gnacja specyficzna:<\/strong> nie<br \/>  <strong>Pojemno\u015b\u0107:<\/strong> 30<br \/>  <strong>Pora stosowania:<\/strong> dowolnie<br \/>  <strong>P\u0142e\u0107:<\/strong> damski<br \/>  <strong>Rodzaj sk\u00f3ry:<\/strong> wra\u017cliwa<br \/>  <strong>S\u0142o\u0144ce:<\/strong> nie<br \/>  <strong>Typ sk\u00f3ry:<\/strong> mieszana\/t\u0142usta, normalna, sucha <\/p>\n","protected":false},"featured_media":53660,"comment_status":"open","ping_status":"closed","template":"","meta":{"_acf_changed":false},"kategoria-hurtowni":[90,109,110],"product_brand":[809],"product_cat":[76],"product_tag":[],"class_list":{"0":"post-53659","1":"product","2":"type-product","3":"status-publish","4":"has-post-thumbnail","6":"kategoria-hurtowni-pielegnacja","7":"kategoria-hurtowni-pielegnacja-twarzy-pielegnacja","8":"kategoria-hurtowni-twarz-pielegnacja-twarzy-pielegnacja","9":"product_brand-omorovicza","10":"product_cat-primavera","12":"first","13":"outofstock","14":"taxable","15":"shipping-taxable","16":"product-type-simple"},"acf":[],"_links":{"self":[{"href":"https:\/\/premino.pl\/index.php?rest_route=\/wp\/v2\/product\/53659","targetHints":{"allow":["GET"]}}],"collection":[{"href":"https:\/\/premino.pl\/index.php?rest_route=\/wp\/v2\/product"}],"about":[{"href":"https:\/\/premino.pl\/index.php?rest_route=\/wp\/v2\/types\/product"}],"replies":[{"embeddable":true,"href":"https:\/\/premino.pl\/index.php?rest_route=%2Fwp%2Fv2%2Fcomments&post=53659"}],"wp:featuredmedia":[{"embeddable":true,"href":"https:\/\/premino.pl\/index.php?rest_route=\/wp\/v2\/media\/53660"}],"wp:attachment":[{"href":"https:\/\/premino.pl\/index.php?rest_route=%2Fwp%2Fv2%2Fmedia&parent=53659"}],"wp:term":[{"taxonomy":"kategoria-hurtowni","embeddable":true,"href":"https:\/\/premino.pl\/index.php?rest_route=%2Fwp%2Fv2%2Fkategoria-hurtowni&post=53659"},{"taxonomy":"product_brand","embeddable":true,"href":"https:\/\/premino.pl\/index.php?rest_route=%2Fwp%2Fv2%2Fproduct_brand&post=53659"},{"taxonomy":"product_cat","embeddable":true,"href":"https:\/\/premino.pl\/index.php?rest_route=%2Fwp%2Fv2%2Fproduct_cat&post=53659"},{"taxonomy":"product_tag","embeddable":true,"href":"https:\/\/premino.pl\/index.php?rest_route=%2Fwp%2Fv2%2Fproduct_tag&post=53659"}],"curies":[{"name":"wp","href":"https:\/\/api.w.org\/{rel}","templated":true}]}}