{"id":53677,"date":"2026-05-13T15:55:57","date_gmt":"2026-05-13T13:55:57","guid":{"rendered":"https:\/\/premino.pl\/?product=ultramoor-mud-mask-maska-blotna-50ml-2"},"modified":"2026-05-13T15:55:57","modified_gmt":"2026-05-13T13:55:57","slug":"ultramoor-mud-mask-maska-blotna-50ml-2","status":"publish","type":"product","link":"https:\/\/premino.pl\/?product=ultramoor-mud-mask-maska-blotna-50ml-2","title":{"rendered":"Ultramoor Mud Mask maska b\u0142otna 50ml"},"content":{"rendered":"<p>Ten szybki, domowy zabieg o jako\u015bci spa \u0142\u0105czy w sobie dobroczynne w\u0142a\u015bciwo\u015bci jedwabistego, mineralnego b\u0142ota torfowego i kremowej, rzadkiej glinki hektorytowej. Sk\u0142adniki te g\u0142\u0119boko oczyszczaj\u0105 sk\u00f3r\u0119, usuwaj\u0105c zanieczyszczenia, jednocze\u015bnie dbaj\u0105c o odpowiedni poziom nawil\u017cenia. Aminokwasy delikatnie z\u0142uszczaj\u0105 martwy nask\u00f3rek, a ekstrakt z planktonu morskiego wyg\u0142adza drobne zmarszczki, od\u017cywia w\u0142\u00f3kna kolagenowe oraz wzmacnia i uj\u0119drnia sk\u00f3r\u0119.<\/p>\n<p><b>Kluczowe korzy\u015bci:<br \/><\/b>\u2022 G\u0142\u0119bokie oczyszczenie sk\u00f3ry<br \/>\u2022 Remineralizacja i od\u017cywienie<br \/>\u2022 Uj\u0119drnienie i wzmocnienie sk\u00f3ry<\/p>\n<p><b>Spos\u00f3b u\u017cycia:<\/b><br \/>Na\u0142o\u017cy\u0107 na twarz i szyj\u0119, omijaj\u0105c okolice oczu. Pozostawi\u0107 na 5\u201310 minut w zale\u017cno\u015bci od wra\u017cliwo\u015bci sk\u00f3ry.\u00a0Dok\u0142adnie sp\u0142uka\u0107 ciep\u0142\u0105 wod\u0105, a nast\u0119pnie delikatnie osuszy\u0107 sk\u00f3r\u0119.<\/p>\n<p><strong>Dzia\u0142anie:<\/strong> nawil\u017caj\u0105ce, oczyszczaj\u0105ce, od\u017cywcze, redukuje zmarszczki, regeneruje, uelastycznia, uj\u0119drnia, wyg\u0142adza, z\u0142uszcza nask\u00f3rek<br \/>\n<strong>Gramatura:<\/strong> ml<br \/>\n<strong>Konsystencja:<\/strong> maska<br \/>\n<strong>Linie elitarne:<\/strong> tak<br \/>\n<strong>Piel\u0119gnacja specyficzna:<\/strong> maska<br \/>\n<strong>Pojemno\u015b\u0107:<\/strong> 50<br \/>\n<strong>Pora stosowania:<\/strong> dowolnie, raz na jaki\u015b czas<br \/>\n<strong>P\u0142e\u0107:<\/strong> damski<br \/>\n<strong>Rodzaj sk\u00f3ry:<\/strong> wra\u017cliwa<br \/>\n<strong>S\u0142o\u0144ce:<\/strong> nie<br \/>\n<strong>Typ sk\u00f3ry:<\/strong> mieszana\/t\u0142usta, normalna<\/p>\n<p><strong>Uwagi:<\/strong><\/p>\n<p>Produkt przeznaczony wy\u0142\u0105cznie do u\u017cytku zewn\u0119trznego. Stosuj zgodnie z instrukcj\u0105 oraz zaleceniami producenta. Unikaj kontaktu z oczami i ustami. W razie dostania si\u0119 produktu do oczu natychmiast przemyj obficie wod\u0105. Trzymaj poza zasi\u0119giem dzieci.<\/p>\n<p><strong>Sk\u0142adniki:<\/strong><\/p>\n<p>AQUA (HUNGARIAN THERMAL WATER), GLYCERIN, SIMMONDSIA CHINENSIS (JOJOBA) SEED OIL, BIFIDA FERMENT LYSATE, SACCHAROMYCES (HUNGARIAN THERMAL WATER) FERMENT EXTRACT, LACTOCOCCUS FERMENT LYSATE, HELIANTHUS ANNUUS (SUNFLOWER) SEED OIL, CAPRYLYL\/CAPRYL GLUCOSIDE, LEUCONOSTOC\/RADISH ROOT FERMENT FILTRATE, XYLITYLGLUCOSIDE, AVENA SATIVA (OAT) KERNEL OIL, HYDROLYZED JOJOBA ESTERS, CYCLODEXTRIN, BAKUCHIOL, ANHYDROXYLITOL, CITRUS LIMON (LEMON) PEEL POWDER, SCLEROTIUM GUM, SODIUM POLYGLUTAMATE, XYLITOL, AMORPHOPHALLUS KONJAC ROOT EXTRACT, PHOSPHOLIPIDS, COCOS NUCIFERA (COCONUT) FRUIT EXTRACT, HYALURONIC ACID, PARFUM (FRAGRANCE), RUBUS CHAMAEMORUS (CLOUDBERRY) SEED OIL, GLUCOSE, CETEARETH-25, PENTYLENE GLYCOL, RETINAL, LUPINUS ALBUS SEED EXTRACT, CETYL ALCOHOL, PLANKTON EXTRACT, SACCHAROMYCES\/COPPER FERMENT, SACCHAROMYCES\/IRON FERMENT, SACCHAROMYCES\/MAGNESIUM FERMENT, SACCHAROMYCES\/SILICON FERMENT, SACCHAROMYCES\/ZINC FERMENT, LONICERA CAPRIFOLIUM (HONEYSUCKLE) FLOWER EXTRACT, SODIUM CHLORIDE, BEHENIC ACID, CERAMIDE NP, CHOLESTEROL, LONICERA JAPONICA (HONEYSUCKLE) FLOWER EXTRACT, ACETIC ACID, TOCOPHEROL, CERAMIDE NS, CERAMIDE AP, CERAMIDE EOP, CERAMIDE EOS, CAPROOYL PHYTOSPHINGOSINE, CAPROOYL SPHINGOSINE, LACTOBACILLUS, LACTIC ACID, O-CYMEN-5-OL, BENZYL ALCOHOL, SODIUM BENZOATE, CINNAMYL ALCOHOL, GERANIOL, LINALOOL, SORBITOL.<\/p>\n","protected":false},"excerpt":{"rendered":"<p> <strong>Dzia\u0142anie:<\/strong> nawil\u017caj\u0105ce, oczyszczaj\u0105ce, od\u017cywcze, redukuje zmarszczki, regeneruje, uelastycznia, uj\u0119drnia, wyg\u0142adza, z\u0142uszcza nask\u00f3rek<br \/>  <strong>Gramatura:<\/strong> ml<br \/>  <strong>Konsystencja:<\/strong> maska<br \/>  <strong>Linie elitarne:<\/strong> tak<br \/>  <strong>Piel\u0119gnacja specyficzna:<\/strong> maska<br \/>  <strong>Pojemno\u015b\u0107:<\/strong> 50<br \/>  <strong>Pora stosowania:<\/strong> dowolnie, raz na jaki\u015b czas<br \/>  <strong>P\u0142e\u0107:<\/strong> damski<br \/>  <strong>Rodzaj sk\u00f3ry:<\/strong> wra\u017cliwa<br \/>  <strong>S\u0142o\u0144ce:<\/strong> nie<br \/>  <strong>Typ sk\u00f3ry:<\/strong> mieszana\/t\u0142usta, normalna <\/p>\n","protected":false},"featured_media":53678,"comment_status":"open","ping_status":"closed","template":"","meta":{"_acf_changed":false},"kategoria-hurtowni":[90,109,110],"product_brand":[809],"product_cat":[76],"product_tag":[],"class_list":{"0":"post-53677","1":"product","2":"type-product","3":"status-publish","4":"has-post-thumbnail","6":"kategoria-hurtowni-pielegnacja","7":"kategoria-hurtowni-pielegnacja-twarzy-pielegnacja","8":"kategoria-hurtowni-twarz-pielegnacja-twarzy-pielegnacja","9":"product_brand-omorovicza","10":"product_cat-primavera","12":"first","13":"outofstock","14":"taxable","15":"shipping-taxable","16":"product-type-simple"},"acf":[],"_links":{"self":[{"href":"https:\/\/premino.pl\/index.php?rest_route=\/wp\/v2\/product\/53677","targetHints":{"allow":["GET"]}}],"collection":[{"href":"https:\/\/premino.pl\/index.php?rest_route=\/wp\/v2\/product"}],"about":[{"href":"https:\/\/premino.pl\/index.php?rest_route=\/wp\/v2\/types\/product"}],"replies":[{"embeddable":true,"href":"https:\/\/premino.pl\/index.php?rest_route=%2Fwp%2Fv2%2Fcomments&post=53677"}],"wp:featuredmedia":[{"embeddable":true,"href":"https:\/\/premino.pl\/index.php?rest_route=\/wp\/v2\/media\/53678"}],"wp:attachment":[{"href":"https:\/\/premino.pl\/index.php?rest_route=%2Fwp%2Fv2%2Fmedia&parent=53677"}],"wp:term":[{"taxonomy":"kategoria-hurtowni","embeddable":true,"href":"https:\/\/premino.pl\/index.php?rest_route=%2Fwp%2Fv2%2Fkategoria-hurtowni&post=53677"},{"taxonomy":"product_brand","embeddable":true,"href":"https:\/\/premino.pl\/index.php?rest_route=%2Fwp%2Fv2%2Fproduct_brand&post=53677"},{"taxonomy":"product_cat","embeddable":true,"href":"https:\/\/premino.pl\/index.php?rest_route=%2Fwp%2Fv2%2Fproduct_cat&post=53677"},{"taxonomy":"product_tag","embeddable":true,"href":"https:\/\/premino.pl\/index.php?rest_route=%2Fwp%2Fv2%2Fproduct_tag&post=53677"}],"curies":[{"name":"wp","href":"https:\/\/api.w.org\/{rel}","templated":true}]}}