{"id":53811,"date":"2026-05-13T15:56:53","date_gmt":"2026-05-13T13:56:53","guid":{"rendered":"https:\/\/premino.pl\/?product=abeille-royale-przeciwstarzeniowe-serum-do-twarzy-15ml"},"modified":"2026-05-13T15:56:54","modified_gmt":"2026-05-13T13:56:54","slug":"abeille-royale-przeciwstarzeniowe-serum-do-twarzy-15ml","status":"publish","type":"product","link":"https:\/\/premino.pl\/?product=abeille-royale-przeciwstarzeniowe-serum-do-twarzy-15ml","title":{"rendered":"Abeille Royale przeciwstarzeniowe serum do twarzy 15ml"},"content":{"rendered":"<p>Efekt 15 lat bada\u0144, poparty 9 patentami i 9 publikacjami naukowymi, zaowocowa\u0142 stworzeniem prze\u0142omowego Youth Watery Oil Serum. Jego niezwyk\u0142\u0105 moc regeneruj\u0105c\u0105 zawdzi\u0119cza trzem miodom wytwarzanym przez czarne pszczo\u0142y \u2013 rzadki gatunek, ceniony za wyj\u0105tkowe w\u0142a\u015bciwo\u015bci swoich miod\u00f3w.<\/p>\n<p>Dzi\u0119ki g\u0142\u0119boko wnikaj\u0105cej konsystencji\u00b9, serum dzia\u0142a w samym sercu nask\u00f3rka, aktywuj\u0105c naturalne mechanizmy samonaprawy sk\u00f3ry. W rezultacie cera staje si\u0119 g\u0142\u0119boko zregenerowana, odzyskuje j\u0119drno\u015b\u0107, blask i g\u0142adko\u015b\u0107, a zmarszczki zostaj\u0105 widocznie wyg\u0142adzone.<\/p>\n<p>Jego lekka, ekskluzywna formu\u0142a, odpowiednia dla ka\u017cdego rodzaju sk\u00f3ry, zosta\u0142a wzbogacona mikrogranulkami, kt\u00f3re rozpuszczaj\u0105 si\u0119 w kontakcie z cer\u0105, uwalniaj\u0105c cenne sk\u0142adniki aktywne. Produkt zawiera 99% sk\u0142adnik\u00f3w pochodzenia naturalnego\u00b2.<\/p>\n<p>\u00b9W nask\u00f3rku.<br \/>\u00b2Obliczenia na podstawie mi\u0119dzynarodowej normy ISO 16128, z uwzgl\u0119dnieniem wody.<\/p>\n<p><b>Udowodniona skuteczno\u015b\u0107<br \/><\/b>Po 1 kropli:<br \/>\u2022 Sk\u00f3ra zostaje g\u0142\u0119boko zregenerowana*.<br \/>\u2022 Bariera ochronna staje si\u0119 silniejsza.<\/p>\n<p>Po 1 godzinie:<br \/>\u2022 Sk\u00f3ra jest wyra\u017anie j\u0119drniejsza i bardziej promienna.<br \/>\u2022 Zmarszczki zmniejszaj\u0105 si\u0119 o 25%**.<br \/>\u2022 Poziom nawil\u017cenia wzrasta o 124%***.<\/p>\n<p>Po 1 miesi\u0105cu:<br \/>\u2022 Sk\u00f3ra staje si\u0119 48% g\u0142adsza, 53% bardziej napi\u0119ta i 56% bardziej elastyczna****.<\/p>\n<p>*Na sk\u00f3rze<br \/>**Test organiczny mierz\u0105cy d\u0142ugo\u015b\u0107 zmarszczek, przeprowadzony na 31 kobietach, po 1 aplikacji.<br \/>***Test organiczny, przeprowadzony na 40 kobietach, po 1 aplikacji.<br \/>**** Test samooceny, 40 uczestnik\u00f3w, 2 zg\u0142oszenia dziennie.<\/p>\n<p><b>Moc trzech miod\u00f3w czarnych pszcz\u00f3\u0142<br \/><\/b>Formu\u0142a \u0142\u0105czy trzy wyj\u0105tkowe miody pochodz\u0105ce z rzadkich kolonii czarnych pszcz\u00f3\u0142, wybranych spo\u015br\u00f3d ponad 300 pr\u00f3bek za ich niezwyk\u0142e w\u0142a\u015bciwo\u015bci regeneruj\u0105ce:<br \/>\u2022 Mi\u00f3d z wyspy Ouessant (Francja) \u2013 bogaty w aminokwasy i polifenole, przyspiesza odnow\u0119 sk\u00f3ry o 50%.<br \/>\u2022 Mi\u00f3d z Connemary (Irlandia) \u2013 wspiera naturaln\u0105 produkcj\u0119 kwasu hialuronowego o 96%.<br \/>\u2022 Mi\u00f3d z las\u00f3w Tr\u00f8gstad (Norwegia) \u2013 stymuluje regeneracj\u0119 kom\u00f3rek a\u017c o 87%.<\/p>\n<p>Formu\u0142\u0119 dope\u0142nia ekskluzywne mleczko pszczele, \u017ar\u00f3d\u0142o bia\u0142ek, witamin i lipid\u00f3w, pozyskiwane w kontrolowanej sieci Guerlain we Francji.<\/p>\n<p><b>Wyj\u0105tkowa konsystencja<br \/><\/b>Opracowana w laboratoriach Guerlain tekstura serum \u0142\u0105czy \u015bwie\u017co\u015b\u0107 wody z komfortem olejku. Mikrosfery aktywnych sk\u0142adnik\u00f3w natychmiast wtapiaj\u0105 si\u0119 w sk\u00f3r\u0119, zapewniaj\u0105c intensywne nawil\u017cenie i g\u0142\u0119bok\u0105 regeneracj\u0119.<\/p>\n<p><b>Spos\u00f3b u\u017cycia<br \/><\/b>Delikatnie wstrz\u0105\u015bnij butelk\u0105. Nanie\u015b 10 kropli na d\u0142onie i ogrzej produkt. Na\u0142\u00f3\u017c na twarz, zaczynaj\u0105c od \u015brodka ku zewn\u0105trz. Zaci\u015bnij d\u0142onie w pi\u0119\u015bci i wykonuj okr\u0119\u017cne ruchy ku g\u00f3rze, aby pobudzi\u0107 mikrokr\u0105\u017cenie.<\/p>\n<p><strong>Dzia\u0142anie:<\/strong> chroni, nawil\u017caj\u0105ce, od\u017cywcze, redukuje zmarszczki, regeneruje, roz\u015bwietlaj\u0105ce, uelastycznia, uj\u0119drnia, wyg\u0142adza<br \/>\n<strong>Gramatura:<\/strong> ml<br \/>\n<strong>Konsystencja:<\/strong> olejek<br \/>\n<strong>Linie elitarne:<\/strong> tak<br \/>\n<strong>Piel\u0119gnacja specyficzna:<\/strong> serum<br \/>\n<strong>Pojemno\u015b\u0107:<\/strong> 15<br \/>\n<strong>Pora stosowania:<\/strong> dowolnie, dzie\u0144, noc<br \/>\n<strong>P\u0142e\u0107:<\/strong> damski<br \/>\n<strong>Rodzaj sk\u00f3ry:<\/strong> wra\u017cliwa<br \/>\n<strong>S\u0142o\u0144ce:<\/strong> nie<br \/>\n<strong>Typ sk\u00f3ry:<\/strong> mieszana\/t\u0142usta, normalna, sucha<\/p>\n<p><strong>Uwagi:<\/strong><\/p>\n<p>Unika\u0107 kontaktu z oczami.<\/p>\n<p><strong>Sk\u0142adniki:<\/strong><\/p>\n<p>AQUA (WATER) \u2022 GLYCERIN \u2022 PENTYLENE GLYCOL \u2022 POLYGLYCERIN-3 \u2022 ALCOHOL \u2022 MEL (HONEY) \u2022 ROYAL JELLY \u2022 POLYGLYCERYL-10 STEARATE \u2022 MANNITOL \u2022 POLYGLYCERYL-10 OLEATE \u2022 MICROCRYSTALLINE CELLULOSE \u2022 CHLORPHENESIN \u2022 PARFUM (FRAGRANCE) \u2022 PROPANEDIOL \u2022 POLYACRYLATE CROSSPOLYMER-6 \u2022 TRISODIUM ETHYLENEDIAMINE DISUCCINATE \u2022 HYDROXYACETOPHENONE \u2022 CITRIC ACID \u2022 SODIUM CITRATE \u2022 BIOSACCHARIDE GUM-2 \u2022 TOCOPHERYL ACETATE \u2022 MALTODEXTRIN \u2022 ADENOSINE \u2022 CAPRYLIC\/CAPRIC TRIGLYCERIDE \u2022 SYNTHETIC FLUORPHLOGOPITE \u2022 ACRYLATES\/AMMONIUM METHACRYLATE COPOLYMER \u2022 TRIETHYL CITRATE \u2022 CI 77891 (TITANIUM DIOXIDE) \u2022 SODIUM BENZOATE \u2022 BIOSACCHARIDE GUM-1 \u2022 POTASSIUM SORBATE \u2022 CI 77492 (IRON OXIDES) \u2022 HYDROXYPROPYL METHYLCELLULOSE \u2022 CI 77491 (IRON OXIDES) \u2022 HELIANTHUS ANNUUS (SUNFLOWER) SEED OIL \u2022 PROPOLIS EXTRACT \u2022 SIMETHICONE \u2022 TIN OXIDE<\/p>\n","protected":false},"excerpt":{"rendered":"<p> <strong>Dzia\u0142anie:<\/strong> chroni, nawil\u017caj\u0105ce, od\u017cywcze, redukuje zmarszczki, regeneruje, roz\u015bwietlaj\u0105ce, uelastycznia, uj\u0119drnia, wyg\u0142adza<br \/>  <strong>Gramatura:<\/strong> ml<br \/>  <strong>Konsystencja:<\/strong> olejek<br \/>  <strong>Linie elitarne:<\/strong> tak<br \/>  <strong>Piel\u0119gnacja specyficzna:<\/strong> serum<br \/>  <strong>Pojemno\u015b\u0107:<\/strong> 15<br \/>  <strong>Pora stosowania:<\/strong> dowolnie, dzie\u0144, noc<br \/>  <strong>P\u0142e\u0107:<\/strong> damski<br \/>  <strong>Rodzaj sk\u00f3ry:<\/strong> wra\u017cliwa<br \/>  <strong>S\u0142o\u0144ce:<\/strong> nie<br \/>  <strong>Typ sk\u00f3ry:<\/strong> mieszana\/t\u0142usta, normalna, sucha <\/p>\n","protected":false},"featured_media":53812,"comment_status":"open","ping_status":"closed","template":"","meta":{"_acf_changed":false},"kategoria-hurtowni":[90,109,110],"product_brand":[308],"product_cat":[76],"product_tag":[],"class_list":{"0":"post-53811","1":"product","2":"type-product","3":"status-publish","4":"has-post-thumbnail","6":"kategoria-hurtowni-pielegnacja","7":"kategoria-hurtowni-pielegnacja-twarzy-pielegnacja","8":"kategoria-hurtowni-twarz-pielegnacja-twarzy-pielegnacja","9":"product_brand-guerlain","10":"product_cat-primavera","12":"first","13":"outofstock","14":"taxable","15":"shipping-taxable","16":"product-type-simple"},"acf":[],"_links":{"self":[{"href":"https:\/\/premino.pl\/index.php?rest_route=\/wp\/v2\/product\/53811","targetHints":{"allow":["GET"]}}],"collection":[{"href":"https:\/\/premino.pl\/index.php?rest_route=\/wp\/v2\/product"}],"about":[{"href":"https:\/\/premino.pl\/index.php?rest_route=\/wp\/v2\/types\/product"}],"replies":[{"embeddable":true,"href":"https:\/\/premino.pl\/index.php?rest_route=%2Fwp%2Fv2%2Fcomments&post=53811"}],"wp:featuredmedia":[{"embeddable":true,"href":"https:\/\/premino.pl\/index.php?rest_route=\/wp\/v2\/media\/53812"}],"wp:attachment":[{"href":"https:\/\/premino.pl\/index.php?rest_route=%2Fwp%2Fv2%2Fmedia&parent=53811"}],"wp:term":[{"taxonomy":"kategoria-hurtowni","embeddable":true,"href":"https:\/\/premino.pl\/index.php?rest_route=%2Fwp%2Fv2%2Fkategoria-hurtowni&post=53811"},{"taxonomy":"product_brand","embeddable":true,"href":"https:\/\/premino.pl\/index.php?rest_route=%2Fwp%2Fv2%2Fproduct_brand&post=53811"},{"taxonomy":"product_cat","embeddable":true,"href":"https:\/\/premino.pl\/index.php?rest_route=%2Fwp%2Fv2%2Fproduct_cat&post=53811"},{"taxonomy":"product_tag","embeddable":true,"href":"https:\/\/premino.pl\/index.php?rest_route=%2Fwp%2Fv2%2Fproduct_tag&post=53811"}],"curies":[{"name":"wp","href":"https:\/\/api.w.org\/{rel}","templated":true}]}}