{"id":53901,"date":"2026-05-13T15:57:32","date_gmt":"2026-05-13T13:57:32","guid":{"rendered":"https:\/\/premino.pl\/?product=masculin-pluriel-woda-toaletowa-spray-70ml"},"modified":"2026-05-13T15:57:34","modified_gmt":"2026-05-13T13:57:34","slug":"masculin-pluriel-woda-toaletowa-spray-70ml","status":"publish","type":"product","link":"https:\/\/premino.pl\/?product=masculin-pluriel-woda-toaletowa-spray-70ml","title":{"rendered":"Masculin Pluriel woda toaletowa spray 70ml"},"content":{"rendered":"<p>Masculin Pluriel: niesamowite dzie\u0142o sk\u0142adaj\u0105ce si\u0119 z wielu warstw i detali, stworzone tak, by rozwija\u0107 si\u0119 swobodnie i zmys\u0142owo, niezale\u017cnie od chwilowych trend\u00f3w. To ho\u0142d dla ponadczasowo\u015bci i poszukiwanie jako\u015bci, kt\u00f3ra odzwierciedla mistrzostwo klasycznych wzorc\u00f3w.<\/p>\n<p><b>Nuty zapachowe:<br \/><\/b><br \/><b>Nuta g\u0142owy: <\/b>grejpfrut<br \/><b>Nuta serca: <\/b>lawenda, sk\u00f3ra, cedr<br \/><b>Nuta bazy: <\/b>wetyweria, nuty drzewne, paczula<\/p>\n<p><strong>Gramatura:<\/strong> ml<br \/>\n<strong>Linia k\u0105pielowa:<\/strong> nie<br \/>\n<strong>Miniatura:<\/strong> nie<br \/>\n<strong>Nuta bazy:<\/strong> nuty drzewne, paczula, wetyweria<br \/>\n<strong>Nuta g\u0142owy:<\/strong> grejpfrut<br \/>\n<strong>Nuta g\u0142\u00f3wna:<\/strong> aromatyczne, drzewne<br \/>\n<strong>Nuta serca:<\/strong> cedr, lawenda, sk\u00f3ra<br \/>\n<strong>Pojemno\u015b\u0107:<\/strong> 70<br \/>\n<strong>Produkt rzadki:<\/strong> tak<br \/>\n<strong>Pr\u00f3bka:<\/strong> nie<br \/>\n<strong>P\u0142e\u0107:<\/strong> m\u0119ski<br \/>\n<strong>Rodzaj:<\/strong> woda toaletowa<br \/>\n<strong>Tester:<\/strong> nie<br \/>\n<strong>Zapach alternatywny:<\/strong> nie<br \/>\n<strong>Zestaw:<\/strong> nie<\/p>\n<p><strong>Uwagi:<\/strong><\/p>\n<p>Produkt przechowywa\u0107 z dala od ognia i \u017ar\u00f3de\u0142 ciep\u0142a. Trzyma\u0107 w miejscu niedost\u0119pnym dla dzieci. Nie stosowa\u0107 na podra\u017cnion\u0105 lub uszkodzon\u0105 sk\u00f3r\u0119. Unika\u0107 kontaktu z oczami.<\/p>\n<p><strong>Sk\u0142adniki:<\/strong><\/p>\n<p>ALCOHOL; PARFUM (FRAGRANCE); AQUA (WATER); LINALOOL; LIMONENE; HYDROXYCITRONELLAL; TRIETHYL CITRATE; BUTYL METHOXYDIBENZOYLMETHANE; CITRONELLOL; COUMARIN; GERANIOL; DIETHYLAMINO HYDROXYBENZOYL HEXYL BENZOATE; HEXYL CINNAMAL; ALPHA-ISOMETHYL IONONE; EUGENOL; CITRAL; PENTAERYTHRITYL TETRA-DI-T-BUTYL HYDROXYHYDROCINNAMATE; ISOEUGENOL.<\/p>\n","protected":false},"excerpt":{"rendered":"<p> <strong>Gramatura:<\/strong> ml<br \/>  <strong>Linia k\u0105pielowa:<\/strong> nie<br \/>  <strong>Miniatura:<\/strong> nie<br \/>  <strong>Nuta bazy:<\/strong> nuty drzewne, paczula, wetyweria<br \/>  <strong>Nuta g\u0142owy:<\/strong> grejpfrut<br \/>  <strong>Nuta g\u0142\u00f3wna:<\/strong> aromatyczne, drzewne<br \/>  <strong>Nuta serca:<\/strong> cedr, lawenda, sk\u00f3ra<br \/>  <strong>Pojemno\u015b\u0107:<\/strong> 70<br \/>  <strong>Produkt rzadki:<\/strong> tak<br \/>  <strong>Pr\u00f3bka:<\/strong> nie<br \/>  <strong>P\u0142e\u0107:<\/strong> m\u0119ski<br \/>  <strong>Rodzaj:<\/strong> woda toaletowa<br \/>  <strong>Tester:<\/strong> nie<br \/>  <strong>Zapach alternatywny:<\/strong> nie<br \/>  <strong>Zestaw:<\/strong> nie <\/p>\n","protected":false},"featured_media":53902,"comment_status":"open","ping_status":"closed","template":"","meta":{"_acf_changed":false},"kategoria-hurtowni":[87,88],"product_brand":[820],"product_cat":[76],"product_tag":[],"class_list":{"0":"post-53901","1":"product","2":"type-product","3":"status-publish","4":"has-post-thumbnail","6":"kategoria-hurtowni-perfumy","7":"kategoria-hurtowni-zapachy","8":"product_brand-maison-francis-kurkdjian","9":"product_cat-primavera","11":"first","12":"outofstock","13":"taxable","14":"shipping-taxable","15":"product-type-simple"},"acf":[],"_links":{"self":[{"href":"https:\/\/premino.pl\/index.php?rest_route=\/wp\/v2\/product\/53901","targetHints":{"allow":["GET"]}}],"collection":[{"href":"https:\/\/premino.pl\/index.php?rest_route=\/wp\/v2\/product"}],"about":[{"href":"https:\/\/premino.pl\/index.php?rest_route=\/wp\/v2\/types\/product"}],"replies":[{"embeddable":true,"href":"https:\/\/premino.pl\/index.php?rest_route=%2Fwp%2Fv2%2Fcomments&post=53901"}],"wp:featuredmedia":[{"embeddable":true,"href":"https:\/\/premino.pl\/index.php?rest_route=\/wp\/v2\/media\/53902"}],"wp:attachment":[{"href":"https:\/\/premino.pl\/index.php?rest_route=%2Fwp%2Fv2%2Fmedia&parent=53901"}],"wp:term":[{"taxonomy":"kategoria-hurtowni","embeddable":true,"href":"https:\/\/premino.pl\/index.php?rest_route=%2Fwp%2Fv2%2Fkategoria-hurtowni&post=53901"},{"taxonomy":"product_brand","embeddable":true,"href":"https:\/\/premino.pl\/index.php?rest_route=%2Fwp%2Fv2%2Fproduct_brand&post=53901"},{"taxonomy":"product_cat","embeddable":true,"href":"https:\/\/premino.pl\/index.php?rest_route=%2Fwp%2Fv2%2Fproduct_cat&post=53901"},{"taxonomy":"product_tag","embeddable":true,"href":"https:\/\/premino.pl\/index.php?rest_route=%2Fwp%2Fv2%2Fproduct_tag&post=53901"}],"curies":[{"name":"wp","href":"https:\/\/api.w.org\/{rel}","templated":true}]}}