{"id":53969,"date":"2026-05-13T15:58:06","date_gmt":"2026-05-13T13:58:06","guid":{"rendered":"https:\/\/premino.pl\/?product=jeans-urban-blue-woda-toaletowa-spray-100ml"},"modified":"2026-05-13T15:58:06","modified_gmt":"2026-05-13T13:58:06","slug":"jeans-urban-blue-woda-toaletowa-spray-100ml","status":"publish","type":"product","link":"https:\/\/premino.pl\/?product=jeans-urban-blue-woda-toaletowa-spray-100ml","title":{"rendered":"Jeans Urban Blue woda toaletowa spray 100ml"},"content":{"rendered":"<p>Urban Blue to zapach stworzony dla m\u0119\u017cczyzn ceni\u0105cych miejsk\u0105 energi\u0119 i swobod\u0119 wyra\u017cania siebie. Oddaje dynamik\u0119 \u017cycia w mie\u015bcie i nowoczesny, kreatywny charakter marki.<\/p>\n<p><b>Nuty zapachowe:<br \/><\/b><br \/><b>Nuta g\u0142owy: <\/b>imbir<br \/><b>Nuta serca: <\/b>nuty morskie<br \/><b>Nuta bazy: <\/b>mech<\/p>\n<p><strong>Gramatura:<\/strong> ml<br \/>\n<strong>Linia k\u0105pielowa:<\/strong> nie<br \/>\n<strong>Miniatura:<\/strong> nie<br \/>\n<strong>Nuta bazy:<\/strong> mech<br \/>\n<strong>Nuta g\u0142owy:<\/strong> imbir<br \/>\n<strong>Nuta g\u0142\u00f3wna:<\/strong> aromatyczne, wodne<br \/>\n<strong>Nuta serca:<\/strong> nuty morskie<br \/>\n<strong>Pojemno\u015b\u0107:<\/strong> 100<br \/>\n<strong>Produkt rzadki:<\/strong> nie<br \/>\n<strong>Pr\u00f3bka:<\/strong> nie<br \/>\n<strong>P\u0142e\u0107:<\/strong> m\u0119ski<br \/>\n<strong>Rodzaj:<\/strong> woda toaletowa<br \/>\n<strong>Tester:<\/strong> nie<br \/>\n<strong>Zapach alternatywny:<\/strong> nie<br \/>\n<strong>Zestaw:<\/strong> nie<\/p>\n<p><strong>Uwagi:<\/strong><\/p>\n<p>Produkt \u0142atwopalny. Przechowywa\u0107 z dala od ognia i \u017ar\u00f3de\u0142 ciep\u0142a. Trzyma\u0107 w miejscu niedost\u0119pnym dla dzieci. Nie stosowa\u0107 na podra\u017cnion\u0105 lub uszkodzon\u0105 sk\u00f3r\u0119. Unika\u0107 kontaktu z oczami.<\/p>\n<p><strong>Sk\u0142adniki:<\/strong><\/p>\n<p>ALCOHOL DENAT. (SD ALCOHOL 40-B), PARFUM (FRAGRANCE), AQUA (WATER), LINALOOL, ETHYLHEXYL METHOXYCINNAMATE, BENZYL SALICYLATE, LIMONENE, BUTYL METHOXYDIBENZOYLMETHANE, CITRONELLOL, COUMARIN, ETHYLHEXYL SALICYLATE, CITRAL, EUGENOL, ALCOHOL, GERANIOL, TRIS(TETRAMETHYLHYDROXYPIPERIDINOL) CITRATE, BHT, CI 60730 (EXT. VIOLET 2), CI 42090 (BLUE 1), CITRIC ACID, TRIETHANOLAMINE.<\/p>\n","protected":false},"excerpt":{"rendered":"<p> <strong>Gramatura:<\/strong> ml<br \/>  <strong>Linia k\u0105pielowa:<\/strong> nie<br \/>  <strong>Miniatura:<\/strong> nie<br \/>  <strong>Nuta bazy:<\/strong> mech<br \/>  <strong>Nuta g\u0142owy:<\/strong> imbir<br \/>  <strong>Nuta g\u0142\u00f3wna:<\/strong> aromatyczne, wodne<br \/>  <strong>Nuta serca:<\/strong> nuty morskie<br \/>  <strong>Pojemno\u015b\u0107:<\/strong> 100<br \/>  <strong>Produkt rzadki:<\/strong> nie<br \/>  <strong>Pr\u00f3bka:<\/strong> nie<br \/>  <strong>P\u0142e\u0107:<\/strong> m\u0119ski<br \/>  <strong>Rodzaj:<\/strong> woda toaletowa<br \/>  <strong>Tester:<\/strong> nie<br \/>  <strong>Zapach alternatywny:<\/strong> nie<br \/>  <strong>Zestaw:<\/strong> nie <\/p>\n","protected":false},"featured_media":53970,"comment_status":"open","ping_status":"closed","template":"","meta":{"_acf_changed":false},"kategoria-hurtowni":[87,88],"product_brand":[794],"product_cat":[76],"product_tag":[],"class_list":{"0":"post-53969","1":"product","2":"type-product","3":"status-publish","4":"has-post-thumbnail","6":"kategoria-hurtowni-perfumy","7":"kategoria-hurtowni-zapachy","8":"product_brand-karl-lagerfeld","9":"product_cat-primavera","11":"first","12":"outofstock","13":"taxable","14":"shipping-taxable","15":"product-type-simple"},"acf":[],"_links":{"self":[{"href":"https:\/\/premino.pl\/index.php?rest_route=\/wp\/v2\/product\/53969","targetHints":{"allow":["GET"]}}],"collection":[{"href":"https:\/\/premino.pl\/index.php?rest_route=\/wp\/v2\/product"}],"about":[{"href":"https:\/\/premino.pl\/index.php?rest_route=\/wp\/v2\/types\/product"}],"replies":[{"embeddable":true,"href":"https:\/\/premino.pl\/index.php?rest_route=%2Fwp%2Fv2%2Fcomments&post=53969"}],"wp:featuredmedia":[{"embeddable":true,"href":"https:\/\/premino.pl\/index.php?rest_route=\/wp\/v2\/media\/53970"}],"wp:attachment":[{"href":"https:\/\/premino.pl\/index.php?rest_route=%2Fwp%2Fv2%2Fmedia&parent=53969"}],"wp:term":[{"taxonomy":"kategoria-hurtowni","embeddable":true,"href":"https:\/\/premino.pl\/index.php?rest_route=%2Fwp%2Fv2%2Fkategoria-hurtowni&post=53969"},{"taxonomy":"product_brand","embeddable":true,"href":"https:\/\/premino.pl\/index.php?rest_route=%2Fwp%2Fv2%2Fproduct_brand&post=53969"},{"taxonomy":"product_cat","embeddable":true,"href":"https:\/\/premino.pl\/index.php?rest_route=%2Fwp%2Fv2%2Fproduct_cat&post=53969"},{"taxonomy":"product_tag","embeddable":true,"href":"https:\/\/premino.pl\/index.php?rest_route=%2Fwp%2Fv2%2Fproduct_tag&post=53969"}],"curies":[{"name":"wp","href":"https:\/\/api.w.org\/{rel}","templated":true}]}}