{"id":53987,"date":"2026-05-13T15:58:14","date_gmt":"2026-05-13T13:58:14","guid":{"rendered":"https:\/\/premino.pl\/?product=sand-and-skin-woda-perfumowana-spray-100ml"},"modified":"2026-05-13T15:58:14","modified_gmt":"2026-05-13T13:58:14","slug":"sand-and-skin-woda-perfumowana-spray-100ml","status":"publish","type":"product","link":"https:\/\/premino.pl\/?product=sand-and-skin-woda-perfumowana-spray-100ml","title":{"rendered":"Sand And Skin woda perfumowana spray 100ml"},"content":{"rendered":"<p>Jak b\u0142ogi sen o tropikalnej wyspie, Sand And Skin przenosi w \u015bwiat b\u0142ogo\u015bci i chwilowej wieczno\u015bci na z\u0142ocistej, piaszczystej pla\u017cy. S\u0142o\u0144ce delikatnie muskaj\u0105ce sk\u00f3r\u0119 otula aromatem wanilii z Madagaskaru, subtelnie wzmocnionej nut\u0105 benzoesu i egzotycznym akcentem ylang-ylang. To uzale\u017cniaj\u0105ca, ciep\u0142a kompozycja o niezwyk\u0142ym, magnetycznym uroku.<\/p>\n<p><b>Nuty zapachowe:<br \/><\/b><br \/><b>Nuta g\u0142owy: <\/b>madagaskarska wanilia<br \/><b>Nuta serca: <\/b>ylang-ylang, benzoes<br \/><b>Nuta bazy: <\/b>amyris, drzewo sanda\u0142owe, paczula, labdanum, pi\u017cmo<\/p>\n<p><strong>Gramatura:<\/strong> ml<br \/>\n<strong>Linia k\u0105pielowa:<\/strong> nie<br \/>\n<strong>Miniatura:<\/strong> nie<br \/>\n<strong>Nuta bazy:<\/strong> amyris, drzewo sanda\u0142owe, labdanum, paczula, pi\u017cmo<br \/>\n<strong>Nuta g\u0142owy:<\/strong> madagaskarska wanilia<br \/>\n<strong>Nuta g\u0142\u00f3wna:<\/strong> kwiatowe, orientalne<br \/>\n<strong>Nuta serca:<\/strong> benzoes, ylang-ylang<br \/>\n<strong>Pojemno\u015b\u0107:<\/strong> 100<br \/>\n<strong>Produkt rzadki:<\/strong> tak<br \/>\n<strong>Pr\u00f3bka:<\/strong> nie<br \/>\n<strong>P\u0142e\u0107:<\/strong> unisex<br \/>\n<strong>Rodzaj:<\/strong> woda perfumowana<br \/>\n<strong>Tester:<\/strong> nie<br \/>\n<strong>Zapach alternatywny:<\/strong> nie<br \/>\n<strong>Zestaw:<\/strong> nie<\/p>\n<p><strong>Uwagi:<\/strong><\/p>\n<p>Wy\u0142\u0105cznie do u\u017cytku zewn\u0119trznego. Unika\u0107 kontaktu z oczami. W przypadku kontaktu z oczami natychmiast przemy\u0107 du\u017c\u0105 ilo\u015bci\u0105 wody. Zaprzesta\u0107 stosowania w przypadku wyst\u0105pienia podra\u017cnienia lub wysypki. Przechowywa\u0107 poza zasi\u0119giem dzieci. Produkt \u0142atwopalny. Chroni\u0107 przed ciep\u0142em i ogniem. Nie stosowa\u0107 na uszkodzon\u0105 lub podra\u017cnion\u0105 sk\u00f3r\u0119.<\/p>\n<p><strong>Sk\u0142adniki:<\/strong><\/p>\n<p>ALCOHOL DENAT., PARFUM (FRAGRANCE), AQUA (WATER), ETHYLHEXYL METHOXYCINNAMATE, ETHYLHEXYL SALICYLATE, BUTYL METHOXYDIBENZOYLMETHANE, BENZYL SALICYLATE, FARNESOL, BENZYL BENZOATE, BENZYL CINNAMATE, ISOEUGENOL, BENZYL ALCOHOL, CINNAMYL ALCOHOL.<\/p>\n","protected":false},"excerpt":{"rendered":"<p> <strong>Gramatura:<\/strong> ml<br \/>  <strong>Linia k\u0105pielowa:<\/strong> nie<br \/>  <strong>Miniatura:<\/strong> nie<br \/>  <strong>Nuta bazy:<\/strong> amyris, drzewo sanda\u0142owe, labdanum, paczula, pi\u017cmo<br \/>  <strong>Nuta g\u0142owy:<\/strong> madagaskarska wanilia<br \/>  <strong>Nuta g\u0142\u00f3wna:<\/strong> kwiatowe, orientalne<br \/>  <strong>Nuta serca:<\/strong> benzoes, ylang-ylang<br \/>  <strong>Pojemno\u015b\u0107:<\/strong> 100<br \/>  <strong>Produkt rzadki:<\/strong> tak<br \/>  <strong>Pr\u00f3bka:<\/strong> nie<br \/>  <strong>P\u0142e\u0107:<\/strong> unisex<br \/>  <strong>Rodzaj:<\/strong> woda perfumowana<br \/>  <strong>Tester:<\/strong> nie<br \/>  <strong>Zapach alternatywny:<\/strong> nie<br \/>  <strong>Zestaw:<\/strong> nie <\/p>\n","protected":false},"featured_media":53988,"comment_status":"open","ping_status":"closed","template":"","meta":{"_acf_changed":false},"kategoria-hurtowni":[87,88],"product_brand":[821],"product_cat":[76],"product_tag":[],"class_list":{"0":"post-53987","1":"product","2":"type-product","3":"status-publish","4":"has-post-thumbnail","6":"kategoria-hurtowni-perfumy","7":"kategoria-hurtowni-zapachy","8":"product_brand-floraiku","9":"product_cat-primavera","11":"first","12":"outofstock","13":"taxable","14":"shipping-taxable","15":"product-type-simple"},"acf":[],"_links":{"self":[{"href":"https:\/\/premino.pl\/index.php?rest_route=\/wp\/v2\/product\/53987","targetHints":{"allow":["GET"]}}],"collection":[{"href":"https:\/\/premino.pl\/index.php?rest_route=\/wp\/v2\/product"}],"about":[{"href":"https:\/\/premino.pl\/index.php?rest_route=\/wp\/v2\/types\/product"}],"replies":[{"embeddable":true,"href":"https:\/\/premino.pl\/index.php?rest_route=%2Fwp%2Fv2%2Fcomments&post=53987"}],"wp:featuredmedia":[{"embeddable":true,"href":"https:\/\/premino.pl\/index.php?rest_route=\/wp\/v2\/media\/53988"}],"wp:attachment":[{"href":"https:\/\/premino.pl\/index.php?rest_route=%2Fwp%2Fv2%2Fmedia&parent=53987"}],"wp:term":[{"taxonomy":"kategoria-hurtowni","embeddable":true,"href":"https:\/\/premino.pl\/index.php?rest_route=%2Fwp%2Fv2%2Fkategoria-hurtowni&post=53987"},{"taxonomy":"product_brand","embeddable":true,"href":"https:\/\/premino.pl\/index.php?rest_route=%2Fwp%2Fv2%2Fproduct_brand&post=53987"},{"taxonomy":"product_cat","embeddable":true,"href":"https:\/\/premino.pl\/index.php?rest_route=%2Fwp%2Fv2%2Fproduct_cat&post=53987"},{"taxonomy":"product_tag","embeddable":true,"href":"https:\/\/premino.pl\/index.php?rest_route=%2Fwp%2Fv2%2Fproduct_tag&post=53987"}],"curies":[{"name":"wp","href":"https:\/\/api.w.org\/{rel}","templated":true}]}}