{"id":54003,"date":"2026-05-13T15:58:18","date_gmt":"2026-05-13T13:58:18","guid":{"rendered":"https:\/\/premino.pl\/?product=nawilzenie-regeneracja-aksamitny-balsam-do-ciala-drzewo-sandalowe-125ml"},"modified":"2026-05-13T15:58:20","modified_gmt":"2026-05-13T13:58:20","slug":"nawilzenie-regeneracja-aksamitny-balsam-do-ciala-drzewo-sandalowe-125ml","status":"publish","type":"product","link":"https:\/\/premino.pl\/?product=nawilzenie-regeneracja-aksamitny-balsam-do-ciala-drzewo-sandalowe-125ml","title":{"rendered":"Nawil\u017cenie Regeneracja aksamitny balsam do cia\u0142a Drzewo Sanda\u0142owe 125ml"},"content":{"rendered":"<p>Balsam  do cia\u0142a, kt\u00f3ry natychmiast przynosi ulg\u0119 przesuszonej i podra\u017cnionej sk\u00f3rze.  Dzi\u0119ki starannie dobranym sk\u0142adnikom aktywnym intensywnie nawil\u017ca, regeneruje  i przywraca komfort ju\u017c od pierwszej aplikacji. Jego aksamitna konsystencja  szybko si\u0119 wch\u0142ania, pozostawiaj\u0105c sk\u00f3r\u0119 mi\u0119kk\u0105, g\u0142adk\u0105 i elastyczn\u0105. Formu\u0142a zosta\u0142a wzbogacona o aloes, kt\u00f3ry koi i wspiera naturaln\u0105 odnow\u0119  nask\u00f3rka. Mas\u0142o mango g\u0142\u0119boko od\u017cywia i zmi\u0119kcza, wzmacniaj\u0105c barier\u0119  ochronn\u0105 sk\u00f3ry. Obecna w balsamie trehaloza chroni przed odwodnieniem i  dzia\u0142aniem wolnych rodnik\u00f3w, zapewniaj\u0105c sk\u00f3rze d\u0142ugotrwa\u0142e uczucie  nawodnienia. Zapach drzewa sanda\u0142owego dzia\u0142a relaksuj\u0105co i poprawia nastr\u00f3j,  zamieniaj\u0105c codzienn\u0105 piel\u0119gnacj\u0119 w moment odpr\u0119\u017cenia i przyjemno\u015bci.<\/p>\n<p><b>Korzy\u015bci:<\/b><br \/>\u2022 Natychmiastowe  i d\u0142ugotrwa\u0142e nawil\u017cenie.<br \/>    \u2022 Odczucie ulgi i ukojenie sk\u00f3ry.<br \/>\u2022 Niweluje uczucie dyskomfortu wywo\u0142ane sw\u0119dzeniem sk\u00f3ry.<br \/>\u2022 Zapewnia sk\u00f3rze g\u0142adko\u015b\u0107.<br \/>\u2022 Daje efekt wyg\u0142adzenia sk\u00f3ry.<br \/>    \u2022 Zapach produktu poprawia nastr\u00f3j.<\/p>\n<p><b>Stosowanie:<\/b><br \/>Nanie\u015b  niewielk\u0105 ilo\u015b\u0107 balsamu na czyst\u0105 sk\u00f3r\u0119 i delikatnie wmasuj, wykonuj\u0105c  koliste ruchy w kierunku serca.<\/p>\n<p><strong>Dzia\u0142anie:<\/strong> chroni, nawil\u017caj\u0105ce, od\u017cywcze, regeneruje, uelastycznia, uj\u0119drnia, wyg\u0142adza, zmi\u0119kcza<br \/>\n<strong>Gramatura:<\/strong> ml<br \/>\n<strong>Konsystencja:<\/strong> balsam<br \/>\n<strong>Linie elitarne:<\/strong> nie<br \/>\n<strong>Lokalizacja:<\/strong> ca\u0142e cia\u0142o<br \/>\n<strong>Piel\u0119gnacja cia\u0142a:<\/strong> tak<br \/>\n<strong>Pojemno\u015b\u0107:<\/strong> 125<br \/>\n<strong>P\u0142e\u0107:<\/strong> damski<br \/>\n<strong>S\u0142o\u0144ce:<\/strong> nie<\/p>\n<p><strong>Uwagi:<\/strong><\/p>\n<p>Tylko do u\u017cytku zewn\u0119trznego. Unika\u0107 kontaktu z oczami. W przypadku podra\u017cnienia zaprzesta\u0107 stosowania.<\/p>\n<p><strong>Sk\u0142adniki:<\/strong><\/p>\n<p>Aqua, Aloe Barbadensis Leaf Juice, Glycerin, Mangifera Indica Seed Butter, Helianthus Annuus Hybrid Oil, Isopropyl Myristate, Prunus Amygdalus Dulcis Oil, Cetearyl Alcohol, Glyceryl Stearate SE, Glyceryl Stearate Citrate, Panthenol, Trehalose, Phenoxyethanol, Parfum, Xanthan Gum, Sodium Benzoate, Potassium Sorbate, Sodium Hydroxide, Citric Acid, Ethylhexylglycerin, Tetramethyl Acetyloctahydronaphthalenes, Hexamethylindanopyran, Hydroxycitronellal, Linalool, Linalyl Acetate, Vanillin, Citrus Limon Peel Oil, Acetyl Cedrene, Limonene, Citronellol, Cananga Odorata Oil\/Extract, Isoeugenyl Acetate, Benzyl Alcohol, Trimethylbenzenepropanol, Benzyl Benzoate, Pelargonium Graveolens Flower Oil, Geraniol, Pinene, Pogostemon Cablin Oil.<\/p>\n","protected":false},"excerpt":{"rendered":"<p> <strong>Dzia\u0142anie:<\/strong> chroni, nawil\u017caj\u0105ce, od\u017cywcze, regeneruje, uelastycznia, uj\u0119drnia, wyg\u0142adza, zmi\u0119kcza<br \/>  <strong>Gramatura:<\/strong> ml<br \/>  <strong>Konsystencja:<\/strong> balsam<br \/>  <strong>Linie elitarne:<\/strong> nie<br \/>  <strong>Lokalizacja:<\/strong> ca\u0142e cia\u0142o<br \/>  <strong>Piel\u0119gnacja cia\u0142a:<\/strong> tak<br \/>  <strong>Pojemno\u015b\u0107:<\/strong> 125<br \/>  <strong>P\u0142e\u0107:<\/strong> damski<br \/>  <strong>S\u0142o\u0144ce:<\/strong> nie <\/p>\n","protected":false},"featured_media":54004,"comment_status":"open","ping_status":"closed","template":"","meta":{"_acf_changed":false},"kategoria-hurtowni":[100,165],"product_brand":[822],"product_cat":[76],"product_tag":[],"class_list":{"0":"post-54003","1":"product","2":"type-product","3":"status-publish","4":"has-post-thumbnail","6":"kategoria-hurtowni-eco-bio","7":"kategoria-hurtowni-pielegnacja-ciala-eco-bio","8":"product_brand-orientana","9":"product_cat-primavera","11":"first","12":"outofstock","13":"taxable","14":"shipping-taxable","15":"product-type-simple"},"acf":[],"_links":{"self":[{"href":"https:\/\/premino.pl\/index.php?rest_route=\/wp\/v2\/product\/54003","targetHints":{"allow":["GET"]}}],"collection":[{"href":"https:\/\/premino.pl\/index.php?rest_route=\/wp\/v2\/product"}],"about":[{"href":"https:\/\/premino.pl\/index.php?rest_route=\/wp\/v2\/types\/product"}],"replies":[{"embeddable":true,"href":"https:\/\/premino.pl\/index.php?rest_route=%2Fwp%2Fv2%2Fcomments&post=54003"}],"wp:featuredmedia":[{"embeddable":true,"href":"https:\/\/premino.pl\/index.php?rest_route=\/wp\/v2\/media\/54004"}],"wp:attachment":[{"href":"https:\/\/premino.pl\/index.php?rest_route=%2Fwp%2Fv2%2Fmedia&parent=54003"}],"wp:term":[{"taxonomy":"kategoria-hurtowni","embeddable":true,"href":"https:\/\/premino.pl\/index.php?rest_route=%2Fwp%2Fv2%2Fkategoria-hurtowni&post=54003"},{"taxonomy":"product_brand","embeddable":true,"href":"https:\/\/premino.pl\/index.php?rest_route=%2Fwp%2Fv2%2Fproduct_brand&post=54003"},{"taxonomy":"product_cat","embeddable":true,"href":"https:\/\/premino.pl\/index.php?rest_route=%2Fwp%2Fv2%2Fproduct_cat&post=54003"},{"taxonomy":"product_tag","embeddable":true,"href":"https:\/\/premino.pl\/index.php?rest_route=%2Fwp%2Fv2%2Fproduct_tag&post=54003"}],"curies":[{"name":"wp","href":"https:\/\/api.w.org\/{rel}","templated":true}]}}