{"id":54005,"date":"2026-05-13T15:58:18","date_gmt":"2026-05-13T13:58:18","guid":{"rendered":"https:\/\/premino.pl\/?product=perfumowana-mgielka-nawilzajaca-do-ciala-i-wlosow-drzewo-sandalowe-50ml"},"modified":"2026-05-13T15:58:20","modified_gmt":"2026-05-13T13:58:20","slug":"perfumowana-mgielka-nawilzajaca-do-ciala-i-wlosow-drzewo-sandalowe-50ml","status":"publish","type":"product","link":"https:\/\/premino.pl\/?product=perfumowana-mgielka-nawilzajaca-do-ciala-i-wlosow-drzewo-sandalowe-50ml","title":{"rendered":"Perfumowana mgie\u0142ka nawil\u017caj\u0105ca do cia\u0142a i w\u0142os\u00f3w Drzewo Sanda\u0142owe 50ml"},"content":{"rendered":"<p>Nawil\u017caj\u0105ca  mgie\u0142ka do w\u0142os\u00f3w i cia\u0142a o zapachu drzewa sanda\u0142owego. Otula w\u0142osy i cia\u0142o  kremow\u0105 nut\u0105 sanda\u0142owca, \u015bliwki i kwitn\u0105cych kwiat\u00f3w koj\u0105c zmys\u0142y i  przenosz\u0105c nas do orientalnego ogrodu w letni wiecz\u00f3r.<\/p>\n<p>Formu\u0142a mgie\u0142ki zosta\u0142a stworzona, by nie tylko nadawa\u0107 pi\u0119kny zapach, ale  tak\u017ce piel\u0119gnowa\u0107. Dzi\u0119ki zawarto\u015bci nawil\u017caj\u0105cych sk\u0142adnik\u00f3w i emolient\u00f3w  dba o Twoj\u0105 sk\u00f3r\u0119 i w\u0142osy, nadaj\u0105c im jedwabist\u0105 mi\u0119kko\u015b\u0107 i zdrowy blask. <\/p>\n<p> Bezalkoholowa, lekka i idealna na ka\u017cd\u0105 okazj\u0119. Zamkni\u0119ta w kompaktowej  buteleczce z atomizerem, kt\u00f3r\u0105 zawsze mo\u017cesz mie\u0107 przy sobie \u2013 w torebce,  plecaku czy kieszeni. U\u017cywaj jej, gdy tylko poczujesz potrzeb\u0119 od\u015bwie\u017cenia  lub zapragniesz otuli\u0107 si\u0119 cudownym zapachem orientalnego drzewa sanda\u0142owego.  Mgie\u0142ka nie obci\u0105\u017ca w\u0142os\u00f3w.<\/p>\n<p>\u2022 perfumuje  w\u0142osy i cia\u0142o<br \/>\u2022 nawil\u017ca w\u0142osy i cia\u0142o<br \/>\u2022 od\u015bwie\u017ca w\u0142osy i cia\u0142o<br \/>\u2022 u\u0142atwia rozczesywanie  w\u0142os\u00f3w<br \/>\u2022 ma  udowodnione dzia\u0142anie relaksuj\u0105ce i odpr\u0119\u017caj\u0105ce<br \/>\u2022 bez alkoholu<\/p>\n<p><b>Stosowanie: <\/b>Przed  u\u017cyciem wstrz\u0105\u015bnij. Rozpyl mgie\u0142k\u0119 z odleg\u0142o\u015bci oko\u0142o 20\u201330 cm na cia\u0142o lub  w\u0142osy, kiedy tylko potrzebujesz od\u015bwie\u017cenia lub chcesz otuli\u0107 si\u0119 subtelnym  zapachem.<\/p>\n<p><strong>Dzia\u0142anie:<\/strong> nawil\u017caj\u0105ce, relaksuj\u0105ce<br \/>\n<strong>Gramatura:<\/strong> ml<br \/>\n<strong>Konsystencja:<\/strong> mgie\u0142ka<br \/>\n<strong>Linie elitarne:<\/strong> nie<br \/>\n<strong>Lokalizacja:<\/strong> ca\u0142e cia\u0142o<br \/>\n<strong>Piel\u0119gnacja cia\u0142a:<\/strong> tak<br \/>\n<strong>Pojemno\u015b\u0107:<\/strong> 50<br \/>\n<strong>P\u0142e\u0107:<\/strong> damski<br \/>\n<strong>S\u0142o\u0144ce:<\/strong> nie<\/p>\n<p><strong>Uwagi:<\/strong><\/p>\n<p>Unikaj kontaktu z oczami i ustami. Nie stosuj pod pachami.<\/p>\n<p><strong>Sk\u0142adniki:<\/strong><\/p>\n<p>Aqua, Lavandula Angustifolia Flower Water, Propanediol, Olive Oil PEG-7 Esters, Parfum, Glycerin, Polysorbate 20, Trehalose, Sodium Benzoate, Potassium Sorbate, Citric Acid, Tetramethyl Acetyloctahydronaphthalenes, Hexamethylindanopyran, Hydroxycitronellal, Linalool, Linalyl Acetate, Vanillin, Citrus Limon Peel Oil, Acetyl Cedrene, Limonene, Citronellol, Cananga Odorata Oil\/Extract, Isoeugenyl Acetate, Benzyl Alcohol, Trimethylbenzenepropanol, Benzyl Benzoate, Pelargonium Graveolens Flower Oil, Geraniol, Pinene, Pogostemon Cablin Oil, Terpineol, Beta-Caryophyllene, Coumarin, Rose Ketones, Isoeugenol, Geranyl Acetate, Hexyl Cinnamal, Citral, Benzyl Salicylate.<\/p>\n","protected":false},"excerpt":{"rendered":"<p> <strong>Dzia\u0142anie:<\/strong> nawil\u017caj\u0105ce, relaksuj\u0105ce<br \/>  <strong>Gramatura:<\/strong> ml<br \/>  <strong>Konsystencja:<\/strong> mgie\u0142ka<br \/>  <strong>Linie elitarne:<\/strong> nie<br \/>  <strong>Lokalizacja:<\/strong> ca\u0142e cia\u0142o<br \/>  <strong>Piel\u0119gnacja cia\u0142a:<\/strong> tak<br \/>  <strong>Pojemno\u015b\u0107:<\/strong> 50<br \/>  <strong>P\u0142e\u0107:<\/strong> damski<br \/>  <strong>S\u0142o\u0144ce:<\/strong> nie <\/p>\n","protected":false},"featured_media":54006,"comment_status":"open","ping_status":"closed","template":"","meta":{"_acf_changed":false},"kategoria-hurtowni":[100,165],"product_brand":[822],"product_cat":[76],"product_tag":[],"class_list":{"0":"post-54005","1":"product","2":"type-product","3":"status-publish","4":"has-post-thumbnail","6":"kategoria-hurtowni-eco-bio","7":"kategoria-hurtowni-pielegnacja-ciala-eco-bio","8":"product_brand-orientana","9":"product_cat-primavera","11":"first","12":"outofstock","13":"taxable","14":"shipping-taxable","15":"product-type-simple"},"acf":[],"_links":{"self":[{"href":"https:\/\/premino.pl\/index.php?rest_route=\/wp\/v2\/product\/54005","targetHints":{"allow":["GET"]}}],"collection":[{"href":"https:\/\/premino.pl\/index.php?rest_route=\/wp\/v2\/product"}],"about":[{"href":"https:\/\/premino.pl\/index.php?rest_route=\/wp\/v2\/types\/product"}],"replies":[{"embeddable":true,"href":"https:\/\/premino.pl\/index.php?rest_route=%2Fwp%2Fv2%2Fcomments&post=54005"}],"wp:featuredmedia":[{"embeddable":true,"href":"https:\/\/premino.pl\/index.php?rest_route=\/wp\/v2\/media\/54006"}],"wp:attachment":[{"href":"https:\/\/premino.pl\/index.php?rest_route=%2Fwp%2Fv2%2Fmedia&parent=54005"}],"wp:term":[{"taxonomy":"kategoria-hurtowni","embeddable":true,"href":"https:\/\/premino.pl\/index.php?rest_route=%2Fwp%2Fv2%2Fkategoria-hurtowni&post=54005"},{"taxonomy":"product_brand","embeddable":true,"href":"https:\/\/premino.pl\/index.php?rest_route=%2Fwp%2Fv2%2Fproduct_brand&post=54005"},{"taxonomy":"product_cat","embeddable":true,"href":"https:\/\/premino.pl\/index.php?rest_route=%2Fwp%2Fv2%2Fproduct_cat&post=54005"},{"taxonomy":"product_tag","embeddable":true,"href":"https:\/\/premino.pl\/index.php?rest_route=%2Fwp%2Fv2%2Fproduct_tag&post=54005"}],"curies":[{"name":"wp","href":"https:\/\/api.w.org\/{rel}","templated":true}]}}