{"id":54007,"date":"2026-05-13T15:58:22","date_gmt":"2026-05-13T13:58:22","guid":{"rendered":"https:\/\/premino.pl\/?product=nawilzenie-tonik-esencja-do-twarzy-100ml"},"modified":"2026-05-13T15:58:22","modified_gmt":"2026-05-13T13:58:22","slug":"nawilzenie-tonik-esencja-do-twarzy-100ml","status":"publish","type":"product","link":"https:\/\/premino.pl\/?product=nawilzenie-tonik-esencja-do-twarzy-100ml","title":{"rendered":"Nawil\u017cenie tonik-esencja do twarzy 100ml"},"content":{"rendered":"<p>Po\u0142\u0105czenie  toniku i esencji w jednym &#8211; przywraca sk\u00f3rze naturalne pH, usuwa martwe  kom\u00f3rki nask\u00f3rka i wyg\u0142adza powierzchni\u0119 sk\u00f3ry, wzmacnia barier\u0119  hydrolipidow\u0105 i pomaga utrzyma\u0107 nawil\u017cenie. Obecne w sk\u0142adzie proteiny ry\u017cowe  dzia\u0142aj\u0105 kondycjonuj\u0105co i nawil\u017caj\u0105co, poprawiaj\u0105 elastyczno\u015b\u0107 i g\u0142adko\u015b\u0107, a  tak\u017ce wspieraj\u0105 proces odnowy kom\u00f3rkowej, dzi\u0119ki czemu sk\u00f3ra staje si\u0119  bardziej spr\u0119\u017cysta i pe\u0142na blasku. Tonik Esencja skutecznie przygotowuje  sk\u00f3r\u0119 do dalszej piel\u0119gnacji.<\/p>\n<p><b>Korzy\u015bci:<\/b><br \/>\u2022 Natychmiastowe  i d\u0142ugotrwa\u0142e nawil\u017cenie.\u00a0 \u00a0 \u00a0 \u00a0 \u00a0 \u00a0 \u00a0 \u00a0 \u00a0 \u00a0 \u00a0 \u00a0 \u00a0 \u00a0<br \/>    \u2022 Sk\u00f3ra staje si\u0119 g\u0142adka, j\u0119drna, spr\u0119\u017cysta i elastyczna w dotyku.<br \/>\u2022 \u0141agodzi podra\u017cnienia i zaczerwienienia  na sk\u00f3rze.<br \/>\u2022 Poprawia napi\u0119cie  sk\u00f3ry i sprawia, \u017ce staje si\u0119 mi\u0119kka i jedwabista w dotyku.<\/p>\n<p><b>Stosowanie:<br \/><\/b>Przed  u\u017cyciem wstrz\u0105\u015bnij. Rano i\/lub wieczorem nanie\u015b kilka kropli na d\u0142o\u0144,  rozprowad\u017a na twarzy, szyi i dekolcie, a nast\u0119pnie delikatnie wklep lub  wmasuj, omijaj\u0105c okolice oczu. Stosuj przed aplikacj\u0105 serum lub kremu.<\/p>\n<p><strong>Dzia\u0142anie:<\/strong> chroni, nawil\u017caj\u0105ce, regeneruje, r\u00f3wnowa\u017c\u0105ce, uelastycznia, wyg\u0142adza, z\u0142uszcza nask\u00f3rek<br \/>\n<strong>Gramatura:<\/strong> ml<br \/>\n<strong>Konsystencja:<\/strong> tonik<br \/>\n<strong>Linie elitarne:<\/strong> nie<br \/>\n<strong>Piel\u0119gnacja specyficzna:<\/strong> nie<br \/>\n<strong>Pojemno\u015b\u0107:<\/strong> 100<br \/>\n<strong>Pora stosowania:<\/strong> dowolnie<br \/>\n<strong>P\u0142e\u0107:<\/strong> damski<br \/>\n<strong>Rodzaj sk\u00f3ry:<\/strong> dojrza\u0142a<br \/>\n<strong>S\u0142o\u0144ce:<\/strong> nie<br \/>\n<strong>Typ sk\u00f3ry:<\/strong> mieszana\/t\u0142usta, normalna, sucha<\/p>\n<p><strong>Uwagi:<\/strong><\/p>\n<p>Tylko do u\u017cytku zewn\u0119trznego. Unika\u0107 kontaktu z oczami. W przypadku podra\u017cnienia zaprzesta\u0107 stosowania.<\/p>\n<p><strong>Sk\u0142adniki:<\/strong><\/p>\n<p>Aqua*, Propanediol*, Glycerin*, Caprylic\/Capric Triglyceride*, Isoamyl Laurate*, Gluconolactone*, Allantoin, Hydrolyzed Rice Protein*, Hyaluronic Acid*, Sodium Hyaluronate*, Tocopherol*, Prunus Yedoensis Flower Extract*, Phoenix Dactylifera Fruit Extract*, Oryza Sativa Extract*, Camellia Sinensis Leaf Water*, Hydrolyzed Glycosaminoglycans*, Oryza Sativa Bran Oil*, Helianthus Annuus Seed Oil*, Cetearyl Alcohol*, Lauryl Glucoside*, Polyglyceryl-6 Laurate*, Distarch Phosphate*, Sodium Stearoyl Glutamate*, Cellulose*, Acacia Senegal Gum*, Myristyl Glucoside*, Xanthan Gum*, Cellulose Gum*, Tetrasodium Glutamate Diacetate*, Phenethyl Alcohol, Ethylhexylglycerin, Sodium Benzoate, Potassium Sorbate, Sorbic Acid, Citric Acid*, Sodium Hydroxide, Parfum *surowce pochodzenia naturalnego<\/p>\n","protected":false},"excerpt":{"rendered":"<p> <strong>Dzia\u0142anie:<\/strong> chroni, nawil\u017caj\u0105ce, regeneruje, r\u00f3wnowa\u017c\u0105ce, uelastycznia, wyg\u0142adza, z\u0142uszcza nask\u00f3rek<br \/>  <strong>Gramatura:<\/strong> ml<br \/>  <strong>Konsystencja:<\/strong> tonik<br \/>  <strong>Linie elitarne:<\/strong> nie<br \/>  <strong>Piel\u0119gnacja specyficzna:<\/strong> nie<br \/>  <strong>Pojemno\u015b\u0107:<\/strong> 100<br \/>  <strong>Pora stosowania:<\/strong> dowolnie<br \/>  <strong>P\u0142e\u0107:<\/strong> damski<br \/>  <strong>Rodzaj sk\u00f3ry:<\/strong> dojrza\u0142a<br \/>  <strong>S\u0142o\u0144ce:<\/strong> nie<br \/>  <strong>Typ sk\u00f3ry:<\/strong> mieszana\/t\u0142usta, normalna, sucha <\/p>\n","protected":false},"featured_media":54008,"comment_status":"open","ping_status":"closed","template":"","meta":{"_acf_changed":false},"kategoria-hurtowni":[100,101,102],"product_brand":[822],"product_cat":[76],"product_tag":[],"class_list":{"0":"post-54007","1":"product","2":"type-product","3":"status-publish","4":"has-post-thumbnail","6":"kategoria-hurtowni-eco-bio","7":"kategoria-hurtowni-pielegnacja-twarzy","8":"kategoria-hurtowni-twarz","9":"product_brand-orientana","10":"product_cat-primavera","12":"first","13":"outofstock","14":"taxable","15":"shipping-taxable","16":"product-type-simple"},"acf":[],"_links":{"self":[{"href":"https:\/\/premino.pl\/index.php?rest_route=\/wp\/v2\/product\/54007","targetHints":{"allow":["GET"]}}],"collection":[{"href":"https:\/\/premino.pl\/index.php?rest_route=\/wp\/v2\/product"}],"about":[{"href":"https:\/\/premino.pl\/index.php?rest_route=\/wp\/v2\/types\/product"}],"replies":[{"embeddable":true,"href":"https:\/\/premino.pl\/index.php?rest_route=%2Fwp%2Fv2%2Fcomments&post=54007"}],"wp:featuredmedia":[{"embeddable":true,"href":"https:\/\/premino.pl\/index.php?rest_route=\/wp\/v2\/media\/54008"}],"wp:attachment":[{"href":"https:\/\/premino.pl\/index.php?rest_route=%2Fwp%2Fv2%2Fmedia&parent=54007"}],"wp:term":[{"taxonomy":"kategoria-hurtowni","embeddable":true,"href":"https:\/\/premino.pl\/index.php?rest_route=%2Fwp%2Fv2%2Fkategoria-hurtowni&post=54007"},{"taxonomy":"product_brand","embeddable":true,"href":"https:\/\/premino.pl\/index.php?rest_route=%2Fwp%2Fv2%2Fproduct_brand&post=54007"},{"taxonomy":"product_cat","embeddable":true,"href":"https:\/\/premino.pl\/index.php?rest_route=%2Fwp%2Fv2%2Fproduct_cat&post=54007"},{"taxonomy":"product_tag","embeddable":true,"href":"https:\/\/premino.pl\/index.php?rest_route=%2Fwp%2Fv2%2Fproduct_tag&post=54007"}],"curies":[{"name":"wp","href":"https:\/\/api.w.org\/{rel}","templated":true}]}}