{"id":54025,"date":"2026-05-13T15:58:26","date_gmt":"2026-05-13T13:58:26","guid":{"rendered":"https:\/\/premino.pl\/?product=maska-lopianowa-do-wlosow-suchych-i-oslabionych-300ml"},"modified":"2026-05-13T15:58:30","modified_gmt":"2026-05-13T13:58:30","slug":"maska-lopianowa-do-wlosow-suchych-i-oslabionych-300ml","status":"publish","type":"product","link":"https:\/\/premino.pl\/?product=maska-lopianowa-do-wlosow-suchych-i-oslabionych-300ml","title":{"rendered":"Maska \u0142opianowa do w\u0142os\u00f3w suchych i os\u0142abionych 300ml"},"content":{"rendered":"<p><b>Zio\u0142owe kosmetyki z g\u0142\u0119bokich zak\u0105tk\u00f3w natury wed\u0142ug tradycyjnych receptur Zielarki Agaty.<\/b><br \/>Zielarka Agata przez lata podr\u00f3\u017cy i zg\u0142\u0119biania tajnik\u00f3w natury odkrywa\u0142a przepisy na pi\u0119kno cia\u0142a i w\u0142os\u00f3w, stosowane przez rdzennych mieszka\u0144c\u00f3w r\u00f3\u017cnych region\u00f3w \u015bwiata. Dzi\u015b mo\u017cesz w pe\u0142ni czerpa\u0107 z tradycyjnych receptur skrz\u0119tnie zebranych w seriach Skarby Polne oraz Domowe Tradycje i przekona\u0107 si\u0119, jak dobra mo\u017ce by\u0107 symbioza tw\u00f3rczego cz\u0142owieka i tajemniczej natury.<\/p>\n<p>Maska \u0142opianowa o dzia\u0142aniu wzmacniaj\u0105co &#8211; regeneruj\u0105cym przeznaczona jest do piel\u0119gnacji w\u0142os\u00f3w suchych i os\u0142abionych. Ekstrakt z \u0142opianu, proteiny pszenicznych i ekstrakt z brzozy, wzmacniaj\u0105 w\u0142osy i ograniczaj\u0105 ich wypadanie. Wyci\u0105g z owoc\u00f3w maliny moroszki od\u017cywia, nawil\u017ca i wyg\u0142adza. Ekstrakt z sza\u0142wii lekarskiej oraz oleje z nasion czarnej porzeczki i lnu nadaj\u0105 w\u0142osom mi\u0119kko\u015b\u0107 i elastyczno\u015b\u0107. Maska wzmacnia i ogranicza wypadanie w\u0142os\u00f3w, oraz u\u0142atwia ich rozczesywanie.<\/p>\n<p><b>Co dobrego czyni maska \u0142opianowa do w\u0142os\u00f3w od Zielarki Agaty?<\/b><br \/>&#8211; wzmacnia w\u0142osy i ogranicza ich wypadanie,<br \/>&#8211; regeneruje i chroni przed szkodliwym dzia\u0142aniem czynnik\u00f3w zewn\u0119trznych,<br \/>&#8211; od\u017cywia,<br \/>&#8211; nawil\u017ca i wyg\u0142adza,<br \/>&#8211; nadaje w\u0142osom mi\u0119kko\u015b\u0107 i elastyczno\u015b\u0107,<br \/>&#8211; u\u0142atwia rozczesywanie.<\/p>\n<p><b>Spos\u00f3b u\u017cycia:<\/b><br \/>Na\u0142\u00f3\u017c mask\u0119 na umyte, mokre w\u0142osy. Dok\u0142adnie rozprowad\u017a od nasady po ko\u0144c\u00f3wki, pozostaw na kilkana\u015bcie minut, a nast\u0119pnie sp\u0142ucz.<\/p>\n<p><strong>Gramatura:<\/strong> ml<br \/>\n<strong>Henna:<\/strong> nie<br \/>\n<strong>Konsystencja:<\/strong> maska<br \/>\n<strong>Linie elitarne:<\/strong> nie<br \/>\n<strong>Pojemno\u015b\u0107:<\/strong> 300<br \/>\n<strong>P\u0142e\u0107:<\/strong> damski<br \/>\n<strong>S\u0142o\u0144ce:<\/strong> nie<\/p>\n<p><strong>Uwagi:<\/strong><\/p>\n<p>Tylko do u\u017cytku zewn\u0119trznego.\u00a0Przechowywa\u0107 w suchym i ch\u0142odnym miejscu.<\/p>\n<p><strong>Sk\u0142adniki:<\/strong><\/p>\n<p>Aqua, Cetearyl Alcohol, Cetrimonium Chloride, Arctium Lappa Root Extract, Hydrogenated Soybean Oil, Linum Usitatissimum Seed Oil, Ribes Nigrum Seed Oil, Salvia Officinalis Leaf Extract*, Rubus Chamaemorus Fruit Extract, Helianthus Annuus Seed Oil*, Hydrolyzed Rice Protein, Betula Alba Leaf Extract*, Hydrolyzed Wheat Protein, Panthenol, Niacinamide, Pyridoxine HCl, Guar Hydroxypropyltrimonium Chloride, Ceteareth-20, Benzyl Alcohol, Sodium Benzoate, Potassium Sorbate, Citric Acid, CI 15985, CI 19140, CI 42090, CI 14720, CI 16255, Parfum. (*) &#8211; Ingredients from organic farming<\/p>\n","protected":false},"excerpt":{"rendered":"<p> <strong>Gramatura:<\/strong> ml<br \/>  <strong>Henna:<\/strong> nie<br \/>  <strong>Konsystencja:<\/strong> maska<br \/>  <strong>Linie elitarne:<\/strong> nie<br \/>  <strong>Pojemno\u015b\u0107:<\/strong> 300<br \/>  <strong>P\u0142e\u0107:<\/strong> damski<br \/>  <strong>S\u0142o\u0144ce:<\/strong> nie <\/p>\n","protected":false},"featured_media":54026,"comment_status":"open","ping_status":"closed","template":"","meta":{"_acf_changed":false},"kategoria-hurtowni":[100,166],"product_brand":[649],"product_cat":[76],"product_tag":[],"class_list":{"0":"post-54025","1":"product","2":"type-product","3":"status-publish","4":"has-post-thumbnail","6":"kategoria-hurtowni-eco-bio","7":"kategoria-hurtowni-pielegnacja-wlosy","8":"product_brand-receptury-zielarki","9":"product_cat-primavera","11":"first","12":"outofstock","13":"taxable","14":"shipping-taxable","15":"product-type-simple"},"acf":[],"_links":{"self":[{"href":"https:\/\/premino.pl\/index.php?rest_route=\/wp\/v2\/product\/54025","targetHints":{"allow":["GET"]}}],"collection":[{"href":"https:\/\/premino.pl\/index.php?rest_route=\/wp\/v2\/product"}],"about":[{"href":"https:\/\/premino.pl\/index.php?rest_route=\/wp\/v2\/types\/product"}],"replies":[{"embeddable":true,"href":"https:\/\/premino.pl\/index.php?rest_route=%2Fwp%2Fv2%2Fcomments&post=54025"}],"wp:featuredmedia":[{"embeddable":true,"href":"https:\/\/premino.pl\/index.php?rest_route=\/wp\/v2\/media\/54026"}],"wp:attachment":[{"href":"https:\/\/premino.pl\/index.php?rest_route=%2Fwp%2Fv2%2Fmedia&parent=54025"}],"wp:term":[{"taxonomy":"kategoria-hurtowni","embeddable":true,"href":"https:\/\/premino.pl\/index.php?rest_route=%2Fwp%2Fv2%2Fkategoria-hurtowni&post=54025"},{"taxonomy":"product_brand","embeddable":true,"href":"https:\/\/premino.pl\/index.php?rest_route=%2Fwp%2Fv2%2Fproduct_brand&post=54025"},{"taxonomy":"product_cat","embeddable":true,"href":"https:\/\/premino.pl\/index.php?rest_route=%2Fwp%2Fv2%2Fproduct_cat&post=54025"},{"taxonomy":"product_tag","embeddable":true,"href":"https:\/\/premino.pl\/index.php?rest_route=%2Fwp%2Fv2%2Fproduct_tag&post=54025"}],"curies":[{"name":"wp","href":"https:\/\/api.w.org\/{rel}","templated":true}]}}