{"id":54031,"date":"2026-05-13T15:58:32","date_gmt":"2026-05-13T13:58:32","guid":{"rendered":"https:\/\/premino.pl\/?product=ziolowe-czarne-mydlo-do-mycia-ciala-i-wlosow-300ml"},"modified":"2026-05-13T15:58:33","modified_gmt":"2026-05-13T13:58:33","slug":"ziolowe-czarne-mydlo-do-mycia-ciala-i-wlosow-300ml","status":"publish","type":"product","link":"https:\/\/premino.pl\/?product=ziolowe-czarne-mydlo-do-mycia-ciala-i-wlosow-300ml","title":{"rendered":"Zio\u0142owe czarne myd\u0142o do mycia cia\u0142a i w\u0142os\u00f3w 300ml"},"content":{"rendered":"<p><b>Zio\u0142owe kosmetyki z g\u0142\u0119bokich zak\u0105tk\u00f3w natury wed\u0142ug tradycyjnych receptur Zielarki Agaty.<\/b><br \/>Zielarka Agata przez lata podr\u00f3\u017cy i zg\u0142\u0119biania tajnik\u00f3w natury odkrywa\u0142a przepisy na pi\u0119kno cia\u0142a i w\u0142os\u00f3w, stosowane przez rdzennych mieszka\u0144c\u00f3w r\u00f3\u017cnych region\u00f3w \u015bwiata. Dzi\u015b mo\u017cesz w pe\u0142ni czerpa\u0107 z tradycyjnych receptur skrz\u0119tnie zebranych w seriach Skarby Polne oraz Domowe Tradycje i przekona\u0107 si\u0119, jak dobra mo\u017ce by\u0107 symbioza tw\u00f3rczego cz\u0142owieka i tajemniczej natury.<\/p>\n<p>Czarne myd\u0142o do cia\u0142a i w\u0142os\u00f3w zawiera kompozycj\u0119 starannie wyselekcjonowanych zi\u00f3\u0142 i owoc\u00f3w, oraz dzikie ro\u015bliny w tym adaptogeny, bogate w ogromn\u0105 ilo\u015b\u0107 witamin i minera\u0142\u00f3w. Mieszanka tych sk\u0142adnik\u00f3w skutecznie oczyszcza, piel\u0119gnuje, od\u017cywia i wzmacnia sk\u00f3r\u0119 oraz w\u0142osy.<\/p>\n<p><b>Co dobrego czyni czarne myd\u0142o do cia\u0142a i w\u0142os\u00f3w od Zielarki Agaty?<\/b><br \/>&#8211; oczyszcza i piel\u0119gnuje,<br \/>&#8211; od\u017cywia i wzmacnia,<br \/>&#8211; poprawia kondycj\u0119 sk\u00f3ry i w\u0142os\u00f3w.<\/p>\n<p><b>Spos\u00f3b u\u017cycia:<\/b><br \/>Na\u0142\u00f3\u017c myd\u0142o na mokre w\u0142osy i cia\u0142o, spie\u0144, a nast\u0119pnie sp\u0142ucz. Czynno\u015b\u0107 mo\u017cesz powt\u00f3rzy\u0107, je\u015bli Twoje w\u0142osy tego potrzebuj\u0105.<\/p>\n<p><strong>Dzia\u0142anie:<\/strong> nawil\u017caj\u0105ce, oczyszczaj\u0105ce, od\u015bwie\u017ca, od\u017cywcze, regeneruje<br \/>\n<strong>Gramatura:<\/strong> ml<br \/>\n<strong>Konsystencja:<\/strong> myd\u0142o<br \/>\n<strong>Linie elitarne:<\/strong> nie<br \/>\n<strong>Lokalizacja:<\/strong> ca\u0142e cia\u0142o<br \/>\n<strong>Piel\u0119gnacja cia\u0142a:<\/strong> tak<br \/>\n<strong>Pojemno\u015b\u0107:<\/strong> 300<br \/>\n<strong>P\u0142e\u0107:<\/strong> unisex<br \/>\n<strong>S\u0142o\u0144ce:<\/strong> nie<\/p>\n<p><strong>Uwagi:<\/strong><\/p>\n<p>Tylko do u\u017cytku zewn\u0119trznego.\u00a0Przechowywa\u0107 w suchym i ch\u0142odnym miejscu.<\/p>\n<p><strong>Sk\u0142adniki:<\/strong><\/p>\n<p>Aqua, Sodium Laureth Sulfate, Hydrogenated Starch Hydrolysate, Cocamide DEA, Dimethiconol, Parfum, Polyquaternium-44, TEA-Dodecylbenzenesulfonate, Cortusa Matthioli Flower\/Leaf\/Stem Extract*, Achillea Millefolium Extract*, Urtica Dioica Extract*, Chamomilla Recutita Flower Extract*, Salvia Officinalis Leaf Extract*, Betula Alba Juice*, Melissa Officinalis Flower\/Leaf\/Stem Water*, Pulmonaria Officinalis Extract*, Avena Sativa Kernel Extract*, Arctostaphylos Uva Ursi Leaf Extract, Hyssopus Officinalis Extract, Inula Helenium Extract, Berberis Vulgaris Bark Extract, Hesperis Sibirica Flower\/Leaf\/Stem Extract*, Rhodiola Rosea Root Extract*, Cetraria Islandica Extract, Humulus Lupulus Extract, Helianthus Annuus Hybrid Oil, Scutellaria Baicalensis Root Extract*, Pinus Sibirica Seed Oil, Quercus Robur Bark Extract*, Glycine Soja Oil*, Linum Usitatissimum Seed Oil, Hippophae Rhamnoides Fruit Oil, Abies Sibirica Needle Oil, Amaranthus Spinosus Seed Oil*, Arctium Lappa Root Extract, Hydrogenated Soybean Oil, Rosa Canina Fruit Oil*, Juniperus Communis Oil, Ichthammol, Cera Alba*, Malva Sylvestris Flower Extract*, Abies Sibirica Needle Extract*, Rosmarinus Officinalis Leaf Oil, Althaea Officinalis Root Extract*, Larix Sibirica Needle Extract*, Gypsophila Paniculata Root Extract, Saponaria Officinalis Root Extract*, Glycyrrhiza Glabra Root Extract*, Agrostis Stolonifera Extract*, Crepis Sibirica Flower\/Leaf\/Stem Extract*, Glycerin, Citric Acid, Lactic Acid, Benzyl Alcohol, Phenoxyethanol, Ethylhexylglycerin, Sodium Benzoate, Potassium Sorbate, Amyl Cinnamal, Geraniol, Hexyl Cinnamal, Linalool, CI 19140, CI 42090, CI 15985, CI 14720. (*) &#8211; Ingredients from organic farming.<\/p>\n","protected":false},"excerpt":{"rendered":"<p> <strong>Dzia\u0142anie:<\/strong> nawil\u017caj\u0105ce, oczyszczaj\u0105ce, od\u015bwie\u017ca, od\u017cywcze, regeneruje<br \/>  <strong>Gramatura:<\/strong> ml<br \/>  <strong>Konsystencja:<\/strong> myd\u0142o<br \/>  <strong>Linie elitarne:<\/strong> nie<br \/>  <strong>Lokalizacja:<\/strong> ca\u0142e cia\u0142o<br \/>  <strong>Piel\u0119gnacja cia\u0142a:<\/strong> tak<br \/>  <strong>Pojemno\u015b\u0107:<\/strong> 300<br \/>  <strong>P\u0142e\u0107:<\/strong> unisex<br \/>  <strong>S\u0142o\u0144ce:<\/strong> nie <\/p>\n","protected":false},"featured_media":54032,"comment_status":"open","ping_status":"closed","template":"","meta":{"_acf_changed":false},"kategoria-hurtowni":[100,165],"product_brand":[649],"product_cat":[76],"product_tag":[],"class_list":{"0":"post-54031","1":"product","2":"type-product","3":"status-publish","4":"has-post-thumbnail","6":"kategoria-hurtowni-eco-bio","7":"kategoria-hurtowni-pielegnacja-ciala-eco-bio","8":"product_brand-receptury-zielarki","9":"product_cat-primavera","11":"first","12":"outofstock","13":"taxable","14":"shipping-taxable","15":"product-type-simple"},"acf":[],"_links":{"self":[{"href":"https:\/\/premino.pl\/index.php?rest_route=\/wp\/v2\/product\/54031","targetHints":{"allow":["GET"]}}],"collection":[{"href":"https:\/\/premino.pl\/index.php?rest_route=\/wp\/v2\/product"}],"about":[{"href":"https:\/\/premino.pl\/index.php?rest_route=\/wp\/v2\/types\/product"}],"replies":[{"embeddable":true,"href":"https:\/\/premino.pl\/index.php?rest_route=%2Fwp%2Fv2%2Fcomments&post=54031"}],"wp:featuredmedia":[{"embeddable":true,"href":"https:\/\/premino.pl\/index.php?rest_route=\/wp\/v2\/media\/54032"}],"wp:attachment":[{"href":"https:\/\/premino.pl\/index.php?rest_route=%2Fwp%2Fv2%2Fmedia&parent=54031"}],"wp:term":[{"taxonomy":"kategoria-hurtowni","embeddable":true,"href":"https:\/\/premino.pl\/index.php?rest_route=%2Fwp%2Fv2%2Fkategoria-hurtowni&post=54031"},{"taxonomy":"product_brand","embeddable":true,"href":"https:\/\/premino.pl\/index.php?rest_route=%2Fwp%2Fv2%2Fproduct_brand&post=54031"},{"taxonomy":"product_cat","embeddable":true,"href":"https:\/\/premino.pl\/index.php?rest_route=%2Fwp%2Fv2%2Fproduct_cat&post=54031"},{"taxonomy":"product_tag","embeddable":true,"href":"https:\/\/premino.pl\/index.php?rest_route=%2Fwp%2Fv2%2Fproduct_tag&post=54031"}],"curies":[{"name":"wp","href":"https:\/\/api.w.org\/{rel}","templated":true}]}}