{"id":54037,"date":"2026-05-13T15:58:36","date_gmt":"2026-05-13T13:58:36","guid":{"rendered":"https:\/\/premino.pl\/?product=bio-chusteczki-nawilzane-dla-dzieci-6x60szt"},"modified":"2026-05-13T15:58:36","modified_gmt":"2026-05-13T13:58:36","slug":"bio-chusteczki-nawilzane-dla-dzieci-6x60szt","status":"publish","type":"product","link":"https:\/\/premino.pl\/?product=bio-chusteczki-nawilzane-dla-dzieci-6x60szt","title":{"rendered":"BIO chusteczki nawil\u017cane dla dzieci 6\u00d760szt"},"content":{"rendered":"<p>Odkryj rewolucyjne WaterWipes BIO &#8211; chusteczki nawil\u017cane, kt\u00f3re nie tylko piel\u0119gnuj\u0105 delikatn\u0105 sk\u00f3r\u0119 Twojego dziecka, ale tak\u017ce troszcz\u0105 si\u0119 o nasz\u0105 planet\u0119. Stworzone z my\u015bl\u0105 o bezpiecze\u0144stwie niemowl\u0105t i w zgodzie z natur\u0105, te 100% biodegradowalne chusteczki s\u0105 uk\u0142onem w kierunku ekologii.<\/p>\n<p><b>Kluczowe cechy:<br \/><\/b>\u2022 Biodegradowalno\u015b\u0107: WaterWipes BIO to owoc idei &#8222;Bezpieczne dla delikatnej sk\u00f3ry noworodka, bezpieczne dla planety&#8221;. Rozk\u0142adaj\u0105 si\u0119 w harmonii z natur\u0105, pozostawiaj\u0105c \u015blad tylko w postaci korzy\u015bci.<br \/>\u2022 Delikatno\u015b\u0107 i bezpiecze\u0144stwo: Nas\u0105czone w 99,99% czyst\u0105 wod\u0105, chusteczki WaterWipes BIO s\u0105 odpowiedzi\u0105 na potrzeby wra\u017cliwej sk\u00f3ry dziecka. Ich zastosowanie jest wygodne i bezpieczne, eliminuj\u0105c ryzyko podra\u017cnie\u0144 czy reakcji alergicznych.<br \/>\u2022 Wszechstronno\u015b\u0107: WaterWipes BIO s\u0105 zawsze tam, gdzie ich potrzebujesz &#8211; podczas przewijania, posi\u0142k\u00f3w, na placu zabaw, podczas zakup\u00f3w oraz spacer\u00f3w.<\/p>\n<p><b>Innowacyjne rozwi\u0105zania:<br \/><\/b>\u2022 Biodegradowalny materia\u0142: Materia\u0142 chusteczek ulega pe\u0142nej biodegradacji w ci\u0105gu 12 tygodni, wspieraj\u0105c zr\u00f3wnowa\u017cony rozw\u00f3j i troszcz\u0105c si\u0119 o nasz\u0105 planet\u0119.<br \/>\u2022 Energetyka odnawialna: Materia\u0142y wykorzystane do produkcji chusteczek pochodz\u0105 z \u017ar\u00f3de\u0142 odnawialnych, kieruj\u0105c si\u0119 ide\u0105 zr\u00f3wnowa\u017conego rozwoju.<br \/>\u2022 Jedwabi\u015bcie g\u0142adka wiskoza: Chusteczki wykonane z delikatnej wiskozy s\u0105 nie tylko wytrzyma\u0142e, ale r\u00f3wnie\u017c przyjemne w dotyku. Idealne dla wra\u017cliwej sk\u00f3ry, nie powoduj\u0105 podra\u017cnie\u0144 ani sucho\u015bci.<br \/>\u2022 Bez sztucznych sk\u0142adnik\u00f3w: WaterWipes BIO nie zawieraj\u0105 SLS, PEG\u00f3w, phenoxyethanolu, Sodium Benzoate, sztucznych zapach\u00f3w czy barwnik\u00f3w.<br \/>\u2022 Czysta woda: Woda u\u017cywana w procesie nas\u0105czania chusteczek jest poddana siedmiostopniowemu procesowi oczyszczania, gwarantuj\u0105c maksymaln\u0105 czysto\u015b\u0107.<\/p>\n<p><b>Dla sk\u00f3ry i \u015brodowiska:<br \/><\/b>\u2022 Skonstruowane, aby by\u0107 bezpiecznymi dla wra\u017cliwej sk\u00f3ry niemowl\u0105t oraz os\u00f3b z problemami sk\u00f3rnymi, takimi jak AZS, egzema czy \u0142uszczyca.<br \/>\u2022 Wyj\u0105tkowo praktyczne podczas przewijania oraz w sytuacjach poza domem &#8211; nie wymagaj\u0105 sp\u0142ukiwania i nie zawieraj\u0105 chemicznych sk\u0142adnik\u00f3w.<br \/>\u2022 Zapewniaj\u0105 maksymaln\u0105 czysto\u015b\u0107 w prosty i ekologiczny spos\u00f3b.<\/p>\n<p>WaterWipes BIO &#8211; dla Czysto\u015bci, Delikatno\u015bci i Przysz\u0142o\u015bci. Pozw\u00f3l, by Twoje dziecko cieszy\u0142o si\u0119 trosk\u0105, kt\u00f3r\u0105 zas\u0142uguje, a przy okazji dba\u0142o\u015b\u0107 o nasz\u0105 planet\u0119.<\/p>\n<p><strong>Dla dzieci:<\/strong> Tak<br \/>\n<strong>Dzia\u0142anie:<\/strong> nawil\u017caj\u0105ce, oczyszczaj\u0105ce<br \/>\n<strong>Gramatura:<\/strong> sztuka<br \/>\n<strong>Konsystencja:<\/strong> chusteczki<br \/>\n<strong>Linie elitarne:<\/strong> nie<br \/>\n<strong>Lokalizacja:<\/strong> ca\u0142e cia\u0142o<br \/>\n<strong>Piel\u0119gnacja cia\u0142a:<\/strong> tak<br \/>\n<strong>Pojemno\u015b\u0107:<\/strong> 360<br \/>\n<strong>P\u0142e\u0107:<\/strong> unisex<br \/>\n<strong>S\u0142o\u0144ce:<\/strong> nie<\/p>\n<p><strong>Uwagi:<\/strong><\/p>\n<p>Nie sp\u0142ukiwa\u0107 w toalecie. Nie przecina\u0107 opakowania.<\/p>\n<p><strong>Sk\u0142adniki:<\/strong><\/p>\n<p>Water (Aqua), Citrus Grandis (Grapefruit) Seed Extract* *Zawiera \u015blad\u202fchlorku benzalkoniowego<\/p>\n","protected":false},"excerpt":{"rendered":"<p> <strong>Dla dzieci:<\/strong> Tak<br \/>  <strong>Dzia\u0142anie:<\/strong> nawil\u017caj\u0105ce, oczyszczaj\u0105ce<br \/>  <strong>Gramatura:<\/strong> sztuka<br \/>  <strong>Konsystencja:<\/strong> chusteczki<br \/>  <strong>Linie elitarne:<\/strong> nie<br \/>  <strong>Lokalizacja:<\/strong> ca\u0142e cia\u0142o<br \/>  <strong>Piel\u0119gnacja cia\u0142a:<\/strong> tak<br \/>  <strong>Pojemno\u015b\u0107:<\/strong> 360<br \/>  <strong>P\u0142e\u0107:<\/strong> unisex<br \/>  <strong>S\u0142o\u0144ce:<\/strong> nie <\/p>\n","protected":false},"featured_media":54038,"comment_status":"open","ping_status":"closed","template":"","meta":{"_acf_changed":false},"kategoria-hurtowni":[90,91],"product_brand":[304],"product_cat":[76],"product_tag":[],"class_list":{"0":"post-54037","1":"product","2":"type-product","3":"status-publish","4":"has-post-thumbnail","6":"kategoria-hurtowni-pielegnacja","7":"kategoria-hurtowni-pielegnacja-ciala","8":"product_brand-waterwipes","9":"product_cat-primavera","11":"first","12":"outofstock","13":"taxable","14":"shipping-taxable","15":"product-type-simple"},"acf":[],"_links":{"self":[{"href":"https:\/\/premino.pl\/index.php?rest_route=\/wp\/v2\/product\/54037","targetHints":{"allow":["GET"]}}],"collection":[{"href":"https:\/\/premino.pl\/index.php?rest_route=\/wp\/v2\/product"}],"about":[{"href":"https:\/\/premino.pl\/index.php?rest_route=\/wp\/v2\/types\/product"}],"replies":[{"embeddable":true,"href":"https:\/\/premino.pl\/index.php?rest_route=%2Fwp%2Fv2%2Fcomments&post=54037"}],"wp:featuredmedia":[{"embeddable":true,"href":"https:\/\/premino.pl\/index.php?rest_route=\/wp\/v2\/media\/54038"}],"wp:attachment":[{"href":"https:\/\/premino.pl\/index.php?rest_route=%2Fwp%2Fv2%2Fmedia&parent=54037"}],"wp:term":[{"taxonomy":"kategoria-hurtowni","embeddable":true,"href":"https:\/\/premino.pl\/index.php?rest_route=%2Fwp%2Fv2%2Fkategoria-hurtowni&post=54037"},{"taxonomy":"product_brand","embeddable":true,"href":"https:\/\/premino.pl\/index.php?rest_route=%2Fwp%2Fv2%2Fproduct_brand&post=54037"},{"taxonomy":"product_cat","embeddable":true,"href":"https:\/\/premino.pl\/index.php?rest_route=%2Fwp%2Fv2%2Fproduct_cat&post=54037"},{"taxonomy":"product_tag","embeddable":true,"href":"https:\/\/premino.pl\/index.php?rest_route=%2Fwp%2Fv2%2Fproduct_tag&post=54037"}],"curies":[{"name":"wp","href":"https:\/\/api.w.org\/{rel}","templated":true}]}}