{"id":54049,"date":"2026-05-13T15:58:40","date_gmt":"2026-05-13T13:58:40","guid":{"rendered":"https:\/\/premino.pl\/?product=oblepikha-repair-serum-regenerujace-do-wlosow-20w1-200ml"},"modified":"2026-05-13T15:58:41","modified_gmt":"2026-05-13T13:58:41","slug":"oblepikha-repair-serum-regenerujace-do-wlosow-20w1-200ml","status":"publish","type":"product","link":"https:\/\/premino.pl\/?product=oblepikha-repair-serum-regenerujace-do-wlosow-20w1-200ml","title":{"rendered":"Oblepikha Repair serum regeneruj\u0105ce do w\u0142os\u00f3w 20w1 200ml"},"content":{"rendered":"<p>Poznaj superbohatera w piel\u0119gnacji w\u0142os\u00f3w \u2013 wielofunkcyjne serum Repair 20 w 1! Dzi\u0119ki 20 silnym w\u0142a\u015bciwo\u015bciom zawartym w jednej buteleczce, serum naprawia, od\u017cywia i przywraca w\u0142osom naturalne pi\u0119kno. Zaledwie jedna skuteczna formu\u0142a pozwala po\u017cegna\u0107 si\u0119 z rozdwojonymi ko\u0144c\u00f3wkami, sucho\u015bci\u0105 i matowo\u015bci\u0105. Prze\u017cyj przemian\u0119, o kt\u00f3rej zawsze marzy\u0142e\u015b!<\/p>\n<p><b>Spos\u00f3b u\u017cycia:\u00a0<\/b>Wstrz\u0105\u015bnij przed u\u017cyciem. Rozpyl serum na umyte, wilgotne w\u0142osy z odleg\u0142o\u015bci 20-30 cm. Nie sp\u0142ukuj.<\/p>\n<p><strong>Gramatura:<\/strong> ml<br \/>\n<strong>Henna:<\/strong> nie<br \/>\n<strong>Konsystencja:<\/strong> mgie\u0142ka<br \/>\n<strong>Linie elitarne:<\/strong> nie<br \/>\n<strong>Pojemno\u015b\u0107:<\/strong> 200<br \/>\n<strong>P\u0142e\u0107:<\/strong> damski<br \/>\n<strong>S\u0142o\u0144ce:<\/strong> nie<\/p>\n<p><strong>Uwagi:<\/strong><\/p>\n<p>Tylko do u\u017cytku zewn\u0119trznego. Przechowywa\u0107 z dala od dzieci. W przypadku wyst\u0105pienia dyskomfortu, przerwa\u0107 stosowanie.<\/p>\n<p><strong>Sk\u0142adniki:<\/strong><\/p>\n<p>Aqua, Dipropylene Glycol, Heptyl Glucoside, Amodimethicone, Hippophae Rhamnoides Fruit Oil*, Hippophae Rhamnoides Fruit Extract*, Hippophae Rhamnoides Fruit Water, Hydrolyzed Vegetable Protein, Phospholipids, Glycine Soja Oil, Glycolipids, Glycine Soja Sterols, Argania Spinosa Kernel Oil*, Citrus Aurantium Dulcis Peel Oil*, Pinus Sylvestris Leaf Extract, Urtica Dioica Extract, Rhodiola Rosea Root Extract*, Picea Abies Leaf Extract, Rosa Damascena Flower Water*, Rubus Idaeus Fruit Extract*, Glycerin, Cetrimonium Chloride, Trideceth-12, Polysilicone-29, Sodium Hydroxide, Citric Acid, Benzyl Alcohol, Benzoic Acid, Sorbic Acid, Sodium Benzoate, Potassium Sorbate, Phenoxyethanol, CI 15985, Parfum, Linalool.<\/p>\n","protected":false},"excerpt":{"rendered":"<p> <strong>Gramatura:<\/strong> ml<br \/>  <strong>Henna:<\/strong> nie<br \/>  <strong>Konsystencja:<\/strong> mgie\u0142ka<br \/>  <strong>Linie elitarne:<\/strong> nie<br \/>  <strong>Pojemno\u015b\u0107:<\/strong> 200<br \/>  <strong>P\u0142e\u0107:<\/strong> damski<br \/>  <strong>S\u0142o\u0144ce:<\/strong> nie <\/p>\n","protected":false},"featured_media":54050,"comment_status":"open","ping_status":"closed","template":"","meta":{"_acf_changed":false},"kategoria-hurtowni":[100,166],"product_brand":[305],"product_cat":[76],"product_tag":[],"class_list":{"0":"post-54049","1":"product","2":"type-product","3":"status-publish","4":"has-post-thumbnail","6":"kategoria-hurtowni-eco-bio","7":"kategoria-hurtowni-pielegnacja-wlosy","8":"product_brand-natura-siberica","9":"product_cat-primavera","11":"first","12":"outofstock","13":"taxable","14":"shipping-taxable","15":"product-type-simple"},"acf":[],"_links":{"self":[{"href":"https:\/\/premino.pl\/index.php?rest_route=\/wp\/v2\/product\/54049","targetHints":{"allow":["GET"]}}],"collection":[{"href":"https:\/\/premino.pl\/index.php?rest_route=\/wp\/v2\/product"}],"about":[{"href":"https:\/\/premino.pl\/index.php?rest_route=\/wp\/v2\/types\/product"}],"replies":[{"embeddable":true,"href":"https:\/\/premino.pl\/index.php?rest_route=%2Fwp%2Fv2%2Fcomments&post=54049"}],"wp:featuredmedia":[{"embeddable":true,"href":"https:\/\/premino.pl\/index.php?rest_route=\/wp\/v2\/media\/54050"}],"wp:attachment":[{"href":"https:\/\/premino.pl\/index.php?rest_route=%2Fwp%2Fv2%2Fmedia&parent=54049"}],"wp:term":[{"taxonomy":"kategoria-hurtowni","embeddable":true,"href":"https:\/\/premino.pl\/index.php?rest_route=%2Fwp%2Fv2%2Fkategoria-hurtowni&post=54049"},{"taxonomy":"product_brand","embeddable":true,"href":"https:\/\/premino.pl\/index.php?rest_route=%2Fwp%2Fv2%2Fproduct_brand&post=54049"},{"taxonomy":"product_cat","embeddable":true,"href":"https:\/\/premino.pl\/index.php?rest_route=%2Fwp%2Fv2%2Fproduct_cat&post=54049"},{"taxonomy":"product_tag","embeddable":true,"href":"https:\/\/premino.pl\/index.php?rest_route=%2Fwp%2Fv2%2Fproduct_tag&post=54049"}],"curies":[{"name":"wp","href":"https:\/\/api.w.org\/{rel}","templated":true}]}}