{"id":54057,"date":"2026-05-13T15:58:44","date_gmt":"2026-05-13T13:58:44","guid":{"rendered":"https:\/\/premino.pl\/?product=oblepikha-detox-peeling-w-piance-do-skory-glowy-150ml"},"modified":"2026-05-13T15:58:44","modified_gmt":"2026-05-13T13:58:44","slug":"oblepikha-detox-peeling-w-piance-do-skory-glowy-150ml","status":"publish","type":"product","link":"https:\/\/premino.pl\/?product=oblepikha-detox-peeling-w-piance-do-skory-glowy-150ml","title":{"rendered":"Oblepikha Detox peeling w piance do sk\u00f3ry g\u0142owy 150ml"},"content":{"rendered":"<p>Peeling w piance do sk\u00f3ry g\u0142owy z 3x rokitnikiem i kwasem salicylowym, stworzony do g\u0142\u0119bokiego oczyszczania, rewitalizacji i wsparcia zdrowego wzrostu w\u0142os\u00f3w.<\/p>\n<p><b>Korzy\u015bci:<\/b><br \/>\u2022 Usuwa nadmiar sebum i martwe kom\u00f3rki nask\u00f3rka<br \/>\u2022 Od\u015bwie\u017ca i pobudza sk\u00f3r\u0119 g\u0142owy<br \/>\u2022 Wzmacnia cebulki w\u0142os\u00f3w i poprawia ich kondycj\u0119<\/p>\n<p><b>3x kompleks rokitnika:<br \/><\/b>\u2022 Organiczny hydrolat rokitnika: rewitalizuje w\u0142osy od nasady po ko\u0144ce<br \/>\u2022 Olejek rokitnikowy: g\u0142\u0119boko nawil\u017ca, zwi\u0119ksza elastyczno\u015b\u0107, nadaje naturalny po\u0142ysk, redukuje rozdwajanie ko\u0144c\u00f3wek<br \/>\u2022 Ekstrakt z rokitnika: bogaty w witaminy C i E, chroni przed uszkodzeniami i stymuluje wzrost w\u0142os\u00f3w<\/p>\n<p><b>Kompleks biolipidowy:<br \/><\/b>\u2022 Utrzymuje optymalny poziom wilgoci<br \/>\u2022 Chroni przed wysuszeniem i rozdwajaniem ko\u0144c\u00f3wek<br \/>\u2022 Pokrywa w\u0142osy ochronn\u0105 warstw\u0105, poprawiaj\u0105c wch\u0142anianie sk\u0142adnik\u00f3w aktywnych<\/p>\n<p><b>Kwas salicylowy:<br \/><\/b>\u2022 Z\u0142uszcza i oczyszcza sk\u00f3r\u0119 g\u0142owy<br \/>\u2022 Reguluje produkcj\u0119 sebum<br \/>\u2022 Redukuje \u0142upie\u017c i sucho\u015b\u0107<br \/>\u2022 Wspiera zdrowy wzrost w\u0142os\u00f3w<\/p>\n<p><b>Dlaczego warto wybra\u0107 ten produkt:<\/b><br \/>\u2022 Wega\u0144ska i nietestowana na zwierz\u0119tach<br \/>\u2022 Zaawansowana, naukowo opracowana formu\u0142a<br \/>\u2022 Detoksykuje, r\u00f3wnowa\u017cy i g\u0142\u0119boko oczyszcza sk\u00f3r\u0119 g\u0142owy<\/p>\n<p><b>Spos\u00f3b u\u017cycia:<\/b><br \/>Wyci\u015bnij piank\u0119 i na\u0142\u00f3\u017c j\u0105 na sk\u00f3r\u0119 g\u0142owy. Delikatnie wmasuj, pozostaw na kilka minut, a nast\u0119pnie dok\u0142adnie sp\u0142ucz i umyj w\u0142osy jak zwykle.<\/p>\n<p><strong>Gramatura:<\/strong> ml<br \/>\n<strong>Henna:<\/strong> nie<br \/>\n<strong>Konsystencja:<\/strong> peeling, pianka<br \/>\n<strong>Linie elitarne:<\/strong> nie<br \/>\n<strong>Pojemno\u015b\u0107:<\/strong> 150<br \/>\n<strong>P\u0142e\u0107:<\/strong> damski<br \/>\n<strong>S\u0142o\u0144ce:<\/strong> nie<\/p>\n<p><strong>Uwagi:<\/strong><\/p>\n<p>Tylko do u\u017cytku zewn\u0119trznego. Przechowywa\u0107 z dala od dzieci. W przypadku wyst\u0105pienia dyskomfortu, przerwa\u0107 stosowanie.<\/p>\n<p><strong>Sk\u0142adniki:<\/strong><\/p>\n<p>Aqua, Heptyl Glucoside, Glycolic acid, Glycerin, Hydrogenated Starch Hydrolysate, Cocamidopropyl Betaine, Panthenol, Lauryl Glucoside, Hippophae Rhamnoides Fruit Oil*, Hippophae Rhamnoides Fruit Extract*, Hippophae Rhamnoides Fruit WaterWH H, Argania Spinosa Kernel Oil*, Linum Usitatissimum Seed Oil*, Panax Ginseng Root Extract*, Pinus Sylvestris Bark ExtractWH, Mentha Piperita Leaf Extract*, Sorbus Aucuparia Fruit ExtractWH, Quercus Robur Bark ExtractWH, Phospholipids, Glycine Soja Oil, Glycolipids, Glycine Soja Sterols, Allantoin, Lactic Acid, Shikimic Acid, Salicylic Acid, Sodium Hydroxide, Menthol, Benzyl Alcohol, Sodium Benzoate, Potassium sorbate, Citric Acid, Dehydroacetic Acid, CI 15985, Parfum, Citrus Aurantium Peel Oil, Geraniol, Geranyl Acetate, Limonene, Linalool, Linalyl Acetate.<\/p>\n","protected":false},"excerpt":{"rendered":"<p> <strong>Gramatura:<\/strong> ml<br \/>  <strong>Henna:<\/strong> nie<br \/>  <strong>Konsystencja:<\/strong> peeling, pianka<br \/>  <strong>Linie elitarne:<\/strong> nie<br \/>  <strong>Pojemno\u015b\u0107:<\/strong> 150<br \/>  <strong>P\u0142e\u0107:<\/strong> damski<br \/>  <strong>S\u0142o\u0144ce:<\/strong> nie <\/p>\n","protected":false},"featured_media":54058,"comment_status":"open","ping_status":"closed","template":"","meta":{"_acf_changed":false},"kategoria-hurtowni":[100,166],"product_brand":[305],"product_cat":[76],"product_tag":[],"class_list":{"0":"post-54057","1":"product","2":"type-product","3":"status-publish","4":"has-post-thumbnail","6":"kategoria-hurtowni-eco-bio","7":"kategoria-hurtowni-pielegnacja-wlosy","8":"product_brand-natura-siberica","9":"product_cat-primavera","11":"first","12":"outofstock","13":"taxable","14":"shipping-taxable","15":"product-type-simple"},"acf":[],"_links":{"self":[{"href":"https:\/\/premino.pl\/index.php?rest_route=\/wp\/v2\/product\/54057","targetHints":{"allow":["GET"]}}],"collection":[{"href":"https:\/\/premino.pl\/index.php?rest_route=\/wp\/v2\/product"}],"about":[{"href":"https:\/\/premino.pl\/index.php?rest_route=\/wp\/v2\/types\/product"}],"replies":[{"embeddable":true,"href":"https:\/\/premino.pl\/index.php?rest_route=%2Fwp%2Fv2%2Fcomments&post=54057"}],"wp:featuredmedia":[{"embeddable":true,"href":"https:\/\/premino.pl\/index.php?rest_route=\/wp\/v2\/media\/54058"}],"wp:attachment":[{"href":"https:\/\/premino.pl\/index.php?rest_route=%2Fwp%2Fv2%2Fmedia&parent=54057"}],"wp:term":[{"taxonomy":"kategoria-hurtowni","embeddable":true,"href":"https:\/\/premino.pl\/index.php?rest_route=%2Fwp%2Fv2%2Fkategoria-hurtowni&post=54057"},{"taxonomy":"product_brand","embeddable":true,"href":"https:\/\/premino.pl\/index.php?rest_route=%2Fwp%2Fv2%2Fproduct_brand&post=54057"},{"taxonomy":"product_cat","embeddable":true,"href":"https:\/\/premino.pl\/index.php?rest_route=%2Fwp%2Fv2%2Fproduct_cat&post=54057"},{"taxonomy":"product_tag","embeddable":true,"href":"https:\/\/premino.pl\/index.php?rest_route=%2Fwp%2Fv2%2Fproduct_tag&post=54057"}],"curies":[{"name":"wp","href":"https:\/\/api.w.org\/{rel}","templated":true}]}}