{"id":54075,"date":"2026-05-13T15:58:48","date_gmt":"2026-05-13T13:58:48","guid":{"rendered":"https:\/\/premino.pl\/?product=oblepikha-curl-control-maska-do-wlosow-kreconych-200ml"},"modified":"2026-05-13T15:58:51","modified_gmt":"2026-05-13T13:58:51","slug":"oblepikha-curl-control-maska-do-wlosow-kreconych-200ml","status":"publish","type":"product","link":"https:\/\/premino.pl\/?product=oblepikha-curl-control-maska-do-wlosow-kreconych-200ml","title":{"rendered":"Oblepikha Curl Control maska do w\u0142os\u00f3w kr\u0119conych 200ml"},"content":{"rendered":"<p>Zapomnij o matowych, suchych i pozbawionych \u017cycia w\u0142osach! Czas na prawdziw\u0105 rewitalizacj\u0119 z intensywnie od\u017cywcz\u0105 mask\u0105 do w\u0142os\u00f3w, kt\u00f3ra przywraca blask, elastyczno\u015b\u0107 i si\u0142\u0119 nawet najbardziej wymagaj\u0105cym kosmykom. Jej bogata formu\u0142a g\u0142\u0119boko regeneruje w\u0142osy od nasady a\u017c po same ko\u0144ce, odbudowuj\u0105c ich struktur\u0119 i uzupe\u0142niaj\u0105c utracone sk\u0142adniki od\u017cywcze. Maska dzia\u0142a jak intensywna kuracja \u2013 wyg\u0142adza, nawil\u017ca i dodaje obj\u0119to\u015bci, a Twoje w\u0142osy odzyskuj\u0105 zdrowy wygl\u0105d i naturaln\u0105 witalno\u015b\u0107. Dzi\u0119ki starannie dobranym sk\u0142adnikom aktywnym, staj\u0105 si\u0119 mi\u0119kkie, jedwabiste i pe\u0142ne blasku \u2013 jak po wizycie w salonie fryzjerskim.<\/p>\n<p><b>Spos\u00f3b u\u017cycia:\u00a0<\/b>Na\u0142o\u017cy\u0107 na czyste, wilgotne w\u0142osy, pozostawi\u0107 na 3-5 minut. Sp\u0142uka\u0107.<\/p>\n<p><strong>Gramatura:<\/strong> ml<br \/>\n<strong>Henna:<\/strong> nie<br \/>\n<strong>Konsystencja:<\/strong> maska<br \/>\n<strong>Linie elitarne:<\/strong> nie<br \/>\n<strong>Pojemno\u015b\u0107:<\/strong> 200<br \/>\n<strong>P\u0142e\u0107:<\/strong> damski<br \/>\n<strong>S\u0142o\u0144ce:<\/strong> nie<\/p>\n<p><strong>Uwagi:<\/strong><\/p>\n<p>Tylko do u\u017cytku zewn\u0119trznego. Przechowywa\u0107 z dala od dzieci. W przypadku wyst\u0105pienia dyskomfortu, przerwa\u0107 stosowanie.<\/p>\n<p><strong>Sk\u0142adniki:<\/strong><\/p>\n<p>Aqua, Cetearyl Alcohol, Glyceryl Stearate, Behentrimonium Chloride, Bis-Cetearyl Amodimethicone, Ricinus Communis Seed Oil, Cetyl Palmitate, Cetrimonium Chloride, Hippophae Rhamnoides Fruit Oil*, Hippophae Rhamnoides Fruit Extract*, Hippophae Rhamnoides Fruit WaterWH H, Hydrolyzed Vegetable Protein, Phospholipids, Glycine Soja Oil, Glycolipids, Glycine Soja Sterols, Argania Spinosa Kernel Oil*, Citrus Aurantium Dulcis Peel Oil*, Pinus Sylvestris Leaf ExtractWH, Urtica Dioica ExtractWH, Rhodiola Rosea Root Extract*, Picea Abies Leaf ExtractWH, Rosa Damascena Flower Water*, Rubus Idaeus Fruit Extract*, Glycerin, Panthenol, Tocopheryl Acetate, Cetrimonium Bromide, Hydroxyethylcellulose, Guar Hydroxypropyltrimonium Chloride, Dimethicone, Dimethiconol, Citric Acid, Benzyl Alcohol, Benzoic Acid, Sorbic Acid, Sodium Benzoate, Potassium Sorbate, CI 15985, Parfum. (*) Sk\u0142adniki pochodz\u0105ce z upraw ekologicznych. (WH) Dziko rosn\u0105ce ro\u015bliny, pochodne organiczne. (H) Hydrolat organiczny z ro\u015blin.<\/p>\n","protected":false},"excerpt":{"rendered":"<p> <strong>Gramatura:<\/strong> ml<br \/>  <strong>Henna:<\/strong> nie<br \/>  <strong>Konsystencja:<\/strong> maska<br \/>  <strong>Linie elitarne:<\/strong> nie<br \/>  <strong>Pojemno\u015b\u0107:<\/strong> 200<br \/>  <strong>P\u0142e\u0107:<\/strong> damski<br \/>  <strong>S\u0142o\u0144ce:<\/strong> nie <\/p>\n","protected":false},"featured_media":54076,"comment_status":"open","ping_status":"closed","template":"","meta":{"_acf_changed":false},"kategoria-hurtowni":[100,166],"product_brand":[305],"product_cat":[76],"product_tag":[],"class_list":{"0":"post-54075","1":"product","2":"type-product","3":"status-publish","4":"has-post-thumbnail","6":"kategoria-hurtowni-eco-bio","7":"kategoria-hurtowni-pielegnacja-wlosy","8":"product_brand-natura-siberica","9":"product_cat-primavera","11":"first","12":"outofstock","13":"taxable","14":"shipping-taxable","15":"product-type-simple"},"acf":[],"_links":{"self":[{"href":"https:\/\/premino.pl\/index.php?rest_route=\/wp\/v2\/product\/54075","targetHints":{"allow":["GET"]}}],"collection":[{"href":"https:\/\/premino.pl\/index.php?rest_route=\/wp\/v2\/product"}],"about":[{"href":"https:\/\/premino.pl\/index.php?rest_route=\/wp\/v2\/types\/product"}],"replies":[{"embeddable":true,"href":"https:\/\/premino.pl\/index.php?rest_route=%2Fwp%2Fv2%2Fcomments&post=54075"}],"wp:featuredmedia":[{"embeddable":true,"href":"https:\/\/premino.pl\/index.php?rest_route=\/wp\/v2\/media\/54076"}],"wp:attachment":[{"href":"https:\/\/premino.pl\/index.php?rest_route=%2Fwp%2Fv2%2Fmedia&parent=54075"}],"wp:term":[{"taxonomy":"kategoria-hurtowni","embeddable":true,"href":"https:\/\/premino.pl\/index.php?rest_route=%2Fwp%2Fv2%2Fkategoria-hurtowni&post=54075"},{"taxonomy":"product_brand","embeddable":true,"href":"https:\/\/premino.pl\/index.php?rest_route=%2Fwp%2Fv2%2Fproduct_brand&post=54075"},{"taxonomy":"product_cat","embeddable":true,"href":"https:\/\/premino.pl\/index.php?rest_route=%2Fwp%2Fv2%2Fproduct_cat&post=54075"},{"taxonomy":"product_tag","embeddable":true,"href":"https:\/\/premino.pl\/index.php?rest_route=%2Fwp%2Fv2%2Fproduct_tag&post=54075"}],"curies":[{"name":"wp","href":"https:\/\/api.w.org\/{rel}","templated":true}]}}