{"id":54083,"date":"2026-05-13T15:58:53","date_gmt":"2026-05-13T13:58:53","guid":{"rendered":"https:\/\/premino.pl\/?product=men-odzywcze-serum-do-brody-50ml"},"modified":"2026-05-13T15:58:55","modified_gmt":"2026-05-13T13:58:55","slug":"men-odzywcze-serum-do-brody-50ml","status":"publish","type":"product","link":"https:\/\/premino.pl\/?product=men-odzywcze-serum-do-brody-50ml","title":{"rendered":"Men od\u017cywcze serum do brody 50ml"},"content":{"rendered":"<p>Lekka i niet\u0142usta formu\u0142a kosmetyku nadaje brodzie l\u015bni\u0105cy i zadbany wygl\u0105d. Dzika mieszanka ekstrakt\u00f3w olejowych z brzozy, \u017ce\u0144-szenia i nagietka sprawia, \u017ce broda wygl\u0105da na pe\u0142niejsz\u0105, staje si\u0119 bardziej mi\u0119kka i podatna na uk\u0142adanie.<\/p>\n<p><b>Spos\u00f3b u\u017cycia:\u00a0<\/b>Nanie\u015b 2-3 krople produktu na d\u0142onie i wetrzyj w brod\u0119 oraz sk\u00f3r\u0119 twarzy.<\/p>\n<p><strong>Gramatura:<\/strong> ml<br \/>\n<strong>Konsystencja:<\/strong> emulsja<br \/>\n<strong>Linie elitarne:<\/strong> nie<br \/>\n<strong>Piel\u0119gnacja specyficzna:<\/strong> serum<br \/>\n<strong>Pojemno\u015b\u0107:<\/strong> 50<br \/>\n<strong>P\u0142e\u0107:<\/strong> m\u0119ski<br \/>\n<strong>S\u0142o\u0144ce:<\/strong> nie<\/p>\n<p><strong>Uwagi:<\/strong><\/p>\n<p>Tylko do u\u017cytku zewn\u0119trznego. Przechowywa\u0107 z dala od dzieci. W przypadku wyst\u0105pienia dyskomfortu, przerwa\u0107 stosowanie.<\/p>\n<p><strong>Sk\u0142adniki:<\/strong><\/p>\n<p>Prunus Amygdalus Dulcis Oil, Silica, Hydrolyzed Keratin, Panax Ginseng Root Extract*, Calendula Officinalis Flower Extract*, Betula Alba Leaf Extract*, Arnica Montana Flower Extract*, Rubus Chamaemorus Fruit Extract, Cinnamomum Zeylanicum Bark Extract*, Helianthus Annuus Seed Oil*, Bakuchiol, Tocopheryl Acetate, Parfum, Benzyl Benzoate, Beta-Caryophyllene, Linalool, Pinene, Pogostemon Cablin Oil, Tetramethyl Acetyloctahydronaphthalenes, Trimethylcyclopentenyl Methylisopentenol. (*) Sk\u0142adniki pochodz\u0105ce z upraw ekologicznych. (WH) Dziko rosn\u0105ce ro\u015bliny, pochodne organiczne.<\/p>\n","protected":false},"excerpt":{"rendered":"<p> <strong>Gramatura:<\/strong> ml<br \/>  <strong>Konsystencja:<\/strong> emulsja<br \/>  <strong>Linie elitarne:<\/strong> nie<br \/>  <strong>Piel\u0119gnacja specyficzna:<\/strong> serum<br \/>  <strong>Pojemno\u015b\u0107:<\/strong> 50<br \/>  <strong>P\u0142e\u0107:<\/strong> m\u0119ski<br \/>  <strong>S\u0142o\u0144ce:<\/strong> nie <\/p>\n","protected":false},"featured_media":54084,"comment_status":"open","ping_status":"closed","template":"","meta":{"_acf_changed":false},"kategoria-hurtowni":[824,100,101],"product_brand":[305],"product_cat":[76],"product_tag":[],"class_list":{"0":"post-54083","1":"product","2":"type-product","3":"status-publish","4":"has-post-thumbnail","6":"kategoria-hurtowni-broda-pielegnacja-twarzy","7":"kategoria-hurtowni-eco-bio","8":"kategoria-hurtowni-pielegnacja-twarzy","9":"product_brand-natura-siberica","10":"product_cat-primavera","12":"first","13":"outofstock","14":"taxable","15":"shipping-taxable","16":"product-type-simple"},"acf":[],"_links":{"self":[{"href":"https:\/\/premino.pl\/index.php?rest_route=\/wp\/v2\/product\/54083","targetHints":{"allow":["GET"]}}],"collection":[{"href":"https:\/\/premino.pl\/index.php?rest_route=\/wp\/v2\/product"}],"about":[{"href":"https:\/\/premino.pl\/index.php?rest_route=\/wp\/v2\/types\/product"}],"replies":[{"embeddable":true,"href":"https:\/\/premino.pl\/index.php?rest_route=%2Fwp%2Fv2%2Fcomments&post=54083"}],"wp:featuredmedia":[{"embeddable":true,"href":"https:\/\/premino.pl\/index.php?rest_route=\/wp\/v2\/media\/54084"}],"wp:attachment":[{"href":"https:\/\/premino.pl\/index.php?rest_route=%2Fwp%2Fv2%2Fmedia&parent=54083"}],"wp:term":[{"taxonomy":"kategoria-hurtowni","embeddable":true,"href":"https:\/\/premino.pl\/index.php?rest_route=%2Fwp%2Fv2%2Fkategoria-hurtowni&post=54083"},{"taxonomy":"product_brand","embeddable":true,"href":"https:\/\/premino.pl\/index.php?rest_route=%2Fwp%2Fv2%2Fproduct_brand&post=54083"},{"taxonomy":"product_cat","embeddable":true,"href":"https:\/\/premino.pl\/index.php?rest_route=%2Fwp%2Fv2%2Fproduct_cat&post=54083"},{"taxonomy":"product_tag","embeddable":true,"href":"https:\/\/premino.pl\/index.php?rest_route=%2Fwp%2Fv2%2Fproduct_tag&post=54083"}],"curies":[{"name":"wp","href":"https:\/\/api.w.org\/{rel}","templated":true}]}}