{"id":54085,"date":"2026-05-13T15:58:53","date_gmt":"2026-05-13T13:58:53","guid":{"rendered":"https:\/\/premino.pl\/?product=lab-biome-super-tonizujace-platki-pod-oczy-60szt"},"modified":"2026-05-13T15:58:55","modified_gmt":"2026-05-13T13:58:55","slug":"lab-biome-super-tonizujace-platki-pod-oczy-60szt","status":"publish","type":"product","link":"https:\/\/premino.pl\/?product=lab-biome-super-tonizujace-platki-pod-oczy-60szt","title":{"rendered":"Lab Biome super tonizuj\u0105ce p\u0142atki pod oczy 60szt"},"content":{"rendered":"<p>Ch\u0142odz\u0105ce, komfortowe i skuteczne \u2013 p\u0142atki hydro\u017celowe pod oczy natychmiast od\u015bwie\u017caj\u0105 spojrzenie, redukuj\u0105 oznaki zm\u0119czenia i przywracaj\u0105 sk\u00f3rze g\u0142adko\u015b\u0107. Idealne przed wa\u017cnym wyj\u015bciem lub jako moment relaksu w ci\u0105gu dnia.<\/p>\n<p><b>Spos\u00f3b u\u017cycia:\u00a0<\/b>Mo\u017cna stosowa\u0107 codziennie. Na\u0142o\u017cy\u0107 p\u0142atki pod oczy. Pozostawi\u0107 na oko\u0142o 15 minut. Delikatnie wklepa\u0107 serum w sk\u00f3r\u0119.<\/p>\n<p><strong>Dzia\u0142anie:<\/strong> nawil\u017caj\u0105ce, od\u017cywcze, redukuj\u0105ce si\u0144ce worki opuchni\u0119cia, regeneruje, rozja\u015bnia cienie, usuwa oznaki zm\u0119czenia<br \/>\n<strong>Gramatura:<\/strong> sztuka<br \/>\n<strong>Konsystencja:<\/strong> p\u0142aty<br \/>\n<strong>Linie elitarne:<\/strong> nie<br \/>\n<strong>Piel\u0119gnacja specyficzna:<\/strong> nie<br \/>\n<strong>Pojemno\u015b\u0107:<\/strong> 60<br \/>\n<strong>Pora stosowania:<\/strong> dowolnie<br \/>\n<strong>P\u0142e\u0107:<\/strong> damski<br \/>\n<strong>Rodzaj sk\u00f3ry:<\/strong> dojrza\u0142a, m\u0142oda, wra\u017cliwa<br \/>\n<strong>S\u0142o\u0144ce:<\/strong> nie<\/p>\n<p><strong>Uwagi:<\/strong><\/p>\n<p>Tylko do u\u017cytku zewn\u0119trznego. Unika\u0107 bezpo\u015bredniego kontaktu z oczami. Przechowywa\u0107 w miejscu niedost\u0119pnym dla dzieci i z dala od promieni s\u0142onecznych.<\/p>\n<p><strong>Sk\u0142adniki:<\/strong><\/p>\n<p>Aqua, Glycerin, Carrageenan, Heptyl Glucoside, Maltodextrin, Lactobacillus Ferment, Caffeine, Tocopheryl Acetate, Aloe Barbadensis Leaf Juice*, Vaccinium Vulcanorum Fruit ExtractWH Scutellaria Baicalensis Root Extract*, Pinus Sibirica Seed Oil* , Rosa Rugosa Flower Extract (wh), Tilia Cordata Flower Extract (wh), Sodium Hyaluronate, Panthenol, Xanthan Gum, Hydroxyethylcellulose, Hydroxypropyl Guar, Benzyl Alcohol, Ethylhexylglycerin, Sodium Benzoate, Potassium Sorbate, Iron Oxides, Sodium Citrate, Calcium Sodium Borosilicate, Silica, CI 77891, Citric Acid, Parfum.<\/p>\n","protected":false},"excerpt":{"rendered":"<p> <strong>Dzia\u0142anie:<\/strong> nawil\u017caj\u0105ce, od\u017cywcze, redukuj\u0105ce si\u0144ce worki opuchni\u0119cia, regeneruje, rozja\u015bnia cienie, usuwa oznaki zm\u0119czenia<br \/>  <strong>Gramatura:<\/strong> sztuka<br \/>  <strong>Konsystencja:<\/strong> p\u0142aty<br \/>  <strong>Linie elitarne:<\/strong> nie<br \/>  <strong>Piel\u0119gnacja specyficzna:<\/strong> nie<br \/>  <strong>Pojemno\u015b\u0107:<\/strong> 60<br \/>  <strong>Pora stosowania:<\/strong> dowolnie<br \/>  <strong>P\u0142e\u0107:<\/strong> damski<br \/>  <strong>Rodzaj sk\u00f3ry:<\/strong> dojrza\u0142a, m\u0142oda, wra\u017cliwa<br \/>  <strong>S\u0142o\u0144ce:<\/strong> nie <\/p>\n","protected":false},"featured_media":54086,"comment_status":"open","ping_status":"closed","template":"","meta":{"_acf_changed":false},"kategoria-hurtowni":[100,164,101],"product_brand":[305],"product_cat":[76],"product_tag":[],"class_list":{"0":"post-54085","1":"product","2":"type-product","3":"status-publish","4":"has-post-thumbnail","6":"kategoria-hurtowni-eco-bio","7":"kategoria-hurtowni-oczy","8":"kategoria-hurtowni-pielegnacja-twarzy","9":"product_brand-natura-siberica","10":"product_cat-primavera","12":"first","13":"outofstock","14":"taxable","15":"shipping-taxable","16":"product-type-simple"},"acf":[],"_links":{"self":[{"href":"https:\/\/premino.pl\/index.php?rest_route=\/wp\/v2\/product\/54085","targetHints":{"allow":["GET"]}}],"collection":[{"href":"https:\/\/premino.pl\/index.php?rest_route=\/wp\/v2\/product"}],"about":[{"href":"https:\/\/premino.pl\/index.php?rest_route=\/wp\/v2\/types\/product"}],"replies":[{"embeddable":true,"href":"https:\/\/premino.pl\/index.php?rest_route=%2Fwp%2Fv2%2Fcomments&post=54085"}],"wp:featuredmedia":[{"embeddable":true,"href":"https:\/\/premino.pl\/index.php?rest_route=\/wp\/v2\/media\/54086"}],"wp:attachment":[{"href":"https:\/\/premino.pl\/index.php?rest_route=%2Fwp%2Fv2%2Fmedia&parent=54085"}],"wp:term":[{"taxonomy":"kategoria-hurtowni","embeddable":true,"href":"https:\/\/premino.pl\/index.php?rest_route=%2Fwp%2Fv2%2Fkategoria-hurtowni&post=54085"},{"taxonomy":"product_brand","embeddable":true,"href":"https:\/\/premino.pl\/index.php?rest_route=%2Fwp%2Fv2%2Fproduct_brand&post=54085"},{"taxonomy":"product_cat","embeddable":true,"href":"https:\/\/premino.pl\/index.php?rest_route=%2Fwp%2Fv2%2Fproduct_cat&post=54085"},{"taxonomy":"product_tag","embeddable":true,"href":"https:\/\/premino.pl\/index.php?rest_route=%2Fwp%2Fv2%2Fproduct_tag&post=54085"}],"curies":[{"name":"wp","href":"https:\/\/api.w.org\/{rel}","templated":true}]}}