{"id":54109,"date":"2026-05-13T15:59:07","date_gmt":"2026-05-13T13:59:07","guid":{"rendered":"https:\/\/premino.pl\/?product=cica-c-berrica-rozswietlajacy-krem-do-twarzy-spf20-50ml"},"modified":"2026-05-13T15:59:07","modified_gmt":"2026-05-13T13:59:07","slug":"cica-c-berrica-rozswietlajacy-krem-do-twarzy-spf20-50ml","status":"publish","type":"product","link":"https:\/\/premino.pl\/?product=cica-c-berrica-rozswietlajacy-krem-do-twarzy-spf20-50ml","title":{"rendered":"Cica C-Berrica roz\u015bwietlaj\u0105cy krem do twarzy SPF20 50ml"},"content":{"rendered":"<p>Krem dzi\u0119ki lekkiej, a zarazem bogatej formule, intensywnie nawil\u017ca, zapobiega uczuciu sucho\u015bci oraz chroni sk\u00f3r\u0119 przed szkodliwym dzia\u0142aniem promieni s\u0142onecznych. Krem pomaga utrzyma\u0107 odpowiedni poziom nawil\u017cenia przez ca\u0142y dzie\u0144, wzmacniaj\u0105c naturaln\u0105 barier\u0119 ochronn\u0105 sk\u00f3ry i poprawiaj\u0105c jej elastyczno\u015b\u0107 oraz g\u0142adko\u015b\u0107.<\/p>\n<p><b>Spos\u00f3b u\u017cycia:\u00a0<\/b>Na\u0142\u00f3\u017c niewielk\u0105 ilo\u015b\u0107 kremu na oczyszczon\u0105, such\u0105 sk\u00f3r\u0119.<\/p>\n<p><strong>Dzia\u0142anie:<\/strong> chroni, chroni przed s\u0142o\u0144cem, nawil\u017caj\u0105ce, roz\u015bwietlaj\u0105ce, uelastycznia, wyg\u0142adza, zmi\u0119kcza<br \/>\n<strong>Faktor SPF:<\/strong> 20<br \/>\n<strong>Gramatura:<\/strong> ml<br \/>\n<strong>Konsystencja:<\/strong> krem<br \/>\n<strong>Linie elitarne:<\/strong> nie<br \/>\n<strong>Piel\u0119gnacja specyficzna:<\/strong> nie<br \/>\n<strong>Pojemno\u015b\u0107:<\/strong> 50<br \/>\n<strong>Pora stosowania:<\/strong> dzie\u0144<br \/>\n<strong>P\u0142e\u0107:<\/strong> damski<br \/>\n<strong>Rodzaj sk\u00f3ry:<\/strong> dojrza\u0142a, m\u0142oda, wra\u017cliwa<br \/>\n<strong>S\u0142o\u0144ce:<\/strong> tak<br \/>\n<strong>Typ sk\u00f3ry:<\/strong> mieszana\/t\u0142usta, normalna, sucha<\/p>\n<p><strong>Uwagi:<\/strong><\/p>\n<p>Tylko do u\u017cytku zewn\u0119trznego. Unika\u0107 bezpo\u015bredniego kontaktu z oczami. Przechowywa\u0107 w miejscu niedost\u0119pnym dla dzieci i z dala od promieni s\u0142onecznych.<\/p>\n<p><strong>Sk\u0142adniki:<\/strong><\/p>\n<p>Aqua, Ethylhexyl Methoxycinnamate, Coco-Caprylate\/Caprate, C12-15 Alkyl Benzoate, Diethylamino Hydroxybenzoyl Hexyl Benzoate, Glyceryl Stearate, Cetearyl Glucoside, Cetearyl Alcohol, Glycerin, Bis-Ethylhexyloxyphenol Methoxyphenyl Triazine, Panthenol, Sodium Ascorbyl Phosphate, Acetyl Dipeptide-1 Cetyl Ester, Butylene Glycol, Laureth-3, Hydroxyethylcellulose, Centella Asiatica Leaf Extract, Saccharomyces Ferment Lysate Filtrate, Hippophae Rhamnoides Fruit Oil*, Hippophae Rhamnoides Fruit Water*, Citrus Limon Fruit Extract*, Vaccinium Vitis-Idaea Fruit Extract*, Hypericum Perforatum Extract*, Avena Sativa Kernel Extract*, Calluna Vulgaris ExtractWH, Mentha Piperita Leaf ExtractWH, Quercus Robur Bark ExtractWH, Sodium Stearoyl Glutamate, Xanthan Gum, Citric Acid, Ethylhexylglycerin, Benzyl Alcohol, Sodium Benzoate, Potassium Sorbate, Parfum, Benzyl Salicylate, Hexamethylindanopyran, Linalool, Rose Ketones, Tetramethyl Acetyloctahydronaphthalenes, CI 15985, CI 19140. (*) \u2013 Ingredients from Organic Farming, (WH) \u2013 Wild harvested plants organic derivatives<\/p>\n","protected":false},"excerpt":{"rendered":"<p> <strong>Dzia\u0142anie:<\/strong> chroni, chroni przed s\u0142o\u0144cem, nawil\u017caj\u0105ce, roz\u015bwietlaj\u0105ce, uelastycznia, wyg\u0142adza, zmi\u0119kcza<br \/>  <strong>Faktor SPF:<\/strong> 20<br \/>  <strong>Gramatura:<\/strong> ml<br \/>  <strong>Konsystencja:<\/strong> krem<br \/>  <strong>Linie elitarne:<\/strong> nie<br \/>  <strong>Piel\u0119gnacja specyficzna:<\/strong> nie<br \/>  <strong>Pojemno\u015b\u0107:<\/strong> 50<br \/>  <strong>Pora stosowania:<\/strong> dzie\u0144<br \/>  <strong>P\u0142e\u0107:<\/strong> damski<br \/>  <strong>Rodzaj sk\u00f3ry:<\/strong> dojrza\u0142a, m\u0142oda, wra\u017cliwa<br \/>  <strong>S\u0142o\u0144ce:<\/strong> tak<br \/>  <strong>Typ sk\u00f3ry:<\/strong> mieszana\/t\u0142usta, normalna, sucha <\/p>\n","protected":false},"featured_media":54110,"comment_status":"open","ping_status":"closed","template":"","meta":{"_acf_changed":false},"kategoria-hurtowni":[100,101,102],"product_brand":[305],"product_cat":[76],"product_tag":[],"class_list":{"0":"post-54109","1":"product","2":"type-product","3":"status-publish","4":"has-post-thumbnail","6":"kategoria-hurtowni-eco-bio","7":"kategoria-hurtowni-pielegnacja-twarzy","8":"kategoria-hurtowni-twarz","9":"product_brand-natura-siberica","10":"product_cat-primavera","12":"first","13":"outofstock","14":"taxable","15":"shipping-taxable","16":"product-type-simple"},"acf":[],"_links":{"self":[{"href":"https:\/\/premino.pl\/index.php?rest_route=\/wp\/v2\/product\/54109","targetHints":{"allow":["GET"]}}],"collection":[{"href":"https:\/\/premino.pl\/index.php?rest_route=\/wp\/v2\/product"}],"about":[{"href":"https:\/\/premino.pl\/index.php?rest_route=\/wp\/v2\/types\/product"}],"replies":[{"embeddable":true,"href":"https:\/\/premino.pl\/index.php?rest_route=%2Fwp%2Fv2%2Fcomments&post=54109"}],"wp:featuredmedia":[{"embeddable":true,"href":"https:\/\/premino.pl\/index.php?rest_route=\/wp\/v2\/media\/54110"}],"wp:attachment":[{"href":"https:\/\/premino.pl\/index.php?rest_route=%2Fwp%2Fv2%2Fmedia&parent=54109"}],"wp:term":[{"taxonomy":"kategoria-hurtowni","embeddable":true,"href":"https:\/\/premino.pl\/index.php?rest_route=%2Fwp%2Fv2%2Fkategoria-hurtowni&post=54109"},{"taxonomy":"product_brand","embeddable":true,"href":"https:\/\/premino.pl\/index.php?rest_route=%2Fwp%2Fv2%2Fproduct_brand&post=54109"},{"taxonomy":"product_cat","embeddable":true,"href":"https:\/\/premino.pl\/index.php?rest_route=%2Fwp%2Fv2%2Fproduct_cat&post=54109"},{"taxonomy":"product_tag","embeddable":true,"href":"https:\/\/premino.pl\/index.php?rest_route=%2Fwp%2Fv2%2Fproduct_tag&post=54109"}],"curies":[{"name":"wp","href":"https:\/\/api.w.org\/{rel}","templated":true}]}}