{"id":54111,"date":"2026-05-13T15:59:07","date_gmt":"2026-05-13T13:59:07","guid":{"rendered":"https:\/\/premino.pl\/?product=cica-c-berrica-kojacy-tonik-do-twarzy-150ml"},"modified":"2026-05-13T15:59:08","modified_gmt":"2026-05-13T13:59:08","slug":"cica-c-berrica-kojacy-tonik-do-twarzy-150ml","status":"publish","type":"product","link":"https:\/\/premino.pl\/?product=cica-c-berrica-kojacy-tonik-do-twarzy-150ml","title":{"rendered":"Cica C-Berrica koj\u0105cy tonik do twarzy 150ml"},"content":{"rendered":"<p>Tonik to niezast\u0105piony krok w Twojej codziennej piel\u0119gnacji \u2013 przywraca sk\u00f3rze blask, nawil\u017ca i od\u015bwie\u017ca bez uczucia t\u0142usto\u015bci. Dzi\u0119ki zawarto\u015bci ekstraktu z w\u0105kroty azjatyckiej dzia\u0142a koj\u0105co i wspomaga regeneracj\u0119, pozostawiaj\u0105c cer\u0119 g\u0142adk\u0105, promienn\u0105 i idealnie przygotowan\u0105 na kolejne etapy piel\u0119gnacji. Usuwa resztki zanieczyszcze\u0144, przywraca r\u00f3wnowag\u0119 i wzmacnia skuteczno\u015b\u0107 dalszych produkt\u00f3w. Dla sk\u00f3ry, kt\u00f3ra ka\u017cdego dnia wygl\u0105da zdrowo i \u015bwie\u017co.<\/p>\n<p><b>Spos\u00f3b u\u017cycia:\u00a0<\/b>Nawil\u017c p\u0142atek kosmetyczny tonikiem i delikatnie przetrzyj ca\u0142\u0105 twarz, omijaj\u0105c okolic\u0119 oczu.<\/p>\n<p><strong>Dzia\u0142anie:<\/strong> nawil\u017caj\u0105ce, oczyszczaj\u0105ce, regeneruje, roz\u015bwietlaj\u0105ce, r\u00f3wnowa\u017c\u0105ce, wyg\u0142adza, \u0142agodzi podra\u017cnienia<br \/>\n<strong>Gramatura:<\/strong> ml<br \/>\n<strong>Konsystencja:<\/strong> tonik<br \/>\n<strong>Linie elitarne:<\/strong> nie<br \/>\n<strong>Piel\u0119gnacja specyficzna:<\/strong> nie<br \/>\n<strong>Pojemno\u015b\u0107:<\/strong> 150<br \/>\n<strong>Pora stosowania:<\/strong> dowolnie<br \/>\n<strong>P\u0142e\u0107:<\/strong> damski<br \/>\n<strong>Rodzaj sk\u00f3ry:<\/strong> wra\u017cliwa<br \/>\n<strong>S\u0142o\u0144ce:<\/strong> nie<br \/>\n<strong>Typ sk\u00f3ry:<\/strong> mieszana\/t\u0142usta, normalna, sucha<\/p>\n<p><strong>Uwagi:<\/strong><\/p>\n<p>Tylko do u\u017cytku zewn\u0119trznego. Unika\u0107 bezpo\u015bredniego kontaktu z oczami. Przechowywa\u0107 w miejscu niedost\u0119pnym dla dzieci i z dala od promieni s\u0142onecznych.<\/p>\n<p><strong>Sk\u0142adniki:<\/strong><\/p>\n<p>Aqua, Aloe Barbadensis Leaf Juice*, Glycerin, Heptyl Glucoside, Sodium Ascorbyl Phosphate, Acetyl Dipeptide-1 Cetyl Ester, Butylene Glycol, Laureth-3, Hydroxyethylcellulose, Centella Asiatica Leaf Extract,Saccharomyces Ferment Lysate Filtrate, Hippophae Rhamnoides Fruit Water*, Citrus Limon Fruit Extract*, Vaccinium Vitis-Idaea Fruit Extract*, Hypericum Perforatum Extract*, Avena Sativa Kernel Extract*, Calluna Vulgaris ExtractWH, Mentha Piperita Leaf ExtractWH, Quercus Robur Bark ExtractWH, Niacinamide, Panthenol, Lactic Acid, Sodium Hyaluronate, Tetrasodium Glutamate Diacetate, Citric Acid, Ethylhexylglycerin, Benzyl Alcohol, Sodium Benzoate, Potassium Sorbate, Parfum, Benzyl Salicylate, Hexamethylindanopyran, Linalool, Rose Ketones, Tetramethyl Acetyloctahydronaphthalenes, CI 19140, CI 42051. (*) \u2013 Ingredients from Organic Farming, (WH) \u2013 Wild harvested plants organic derivatives.<\/p>\n","protected":false},"excerpt":{"rendered":"<p> <strong>Dzia\u0142anie:<\/strong> nawil\u017caj\u0105ce, oczyszczaj\u0105ce, regeneruje, roz\u015bwietlaj\u0105ce, r\u00f3wnowa\u017c\u0105ce, wyg\u0142adza, \u0142agodzi podra\u017cnienia<br \/>  <strong>Gramatura:<\/strong> ml<br \/>  <strong>Konsystencja:<\/strong> tonik<br \/>  <strong>Linie elitarne:<\/strong> nie<br \/>  <strong>Piel\u0119gnacja specyficzna:<\/strong> nie<br \/>  <strong>Pojemno\u015b\u0107:<\/strong> 150<br \/>  <strong>Pora stosowania:<\/strong> dowolnie<br \/>  <strong>P\u0142e\u0107:<\/strong> damski<br \/>  <strong>Rodzaj sk\u00f3ry:<\/strong> wra\u017cliwa<br \/>  <strong>S\u0142o\u0144ce:<\/strong> nie<br \/>  <strong>Typ sk\u00f3ry:<\/strong> mieszana\/t\u0142usta, normalna, sucha <\/p>\n","protected":false},"featured_media":54112,"comment_status":"open","ping_status":"closed","template":"","meta":{"_acf_changed":false},"kategoria-hurtowni":[100,101,102],"product_brand":[305],"product_cat":[76],"product_tag":[],"class_list":{"0":"post-54111","1":"product","2":"type-product","3":"status-publish","4":"has-post-thumbnail","6":"kategoria-hurtowni-eco-bio","7":"kategoria-hurtowni-pielegnacja-twarzy","8":"kategoria-hurtowni-twarz","9":"product_brand-natura-siberica","10":"product_cat-primavera","12":"first","13":"outofstock","14":"taxable","15":"shipping-taxable","16":"product-type-simple"},"acf":[],"_links":{"self":[{"href":"https:\/\/premino.pl\/index.php?rest_route=\/wp\/v2\/product\/54111","targetHints":{"allow":["GET"]}}],"collection":[{"href":"https:\/\/premino.pl\/index.php?rest_route=\/wp\/v2\/product"}],"about":[{"href":"https:\/\/premino.pl\/index.php?rest_route=\/wp\/v2\/types\/product"}],"replies":[{"embeddable":true,"href":"https:\/\/premino.pl\/index.php?rest_route=%2Fwp%2Fv2%2Fcomments&post=54111"}],"wp:featuredmedia":[{"embeddable":true,"href":"https:\/\/premino.pl\/index.php?rest_route=\/wp\/v2\/media\/54112"}],"wp:attachment":[{"href":"https:\/\/premino.pl\/index.php?rest_route=%2Fwp%2Fv2%2Fmedia&parent=54111"}],"wp:term":[{"taxonomy":"kategoria-hurtowni","embeddable":true,"href":"https:\/\/premino.pl\/index.php?rest_route=%2Fwp%2Fv2%2Fkategoria-hurtowni&post=54111"},{"taxonomy":"product_brand","embeddable":true,"href":"https:\/\/premino.pl\/index.php?rest_route=%2Fwp%2Fv2%2Fproduct_brand&post=54111"},{"taxonomy":"product_cat","embeddable":true,"href":"https:\/\/premino.pl\/index.php?rest_route=%2Fwp%2Fv2%2Fproduct_cat&post=54111"},{"taxonomy":"product_tag","embeddable":true,"href":"https:\/\/premino.pl\/index.php?rest_route=%2Fwp%2Fv2%2Fproduct_tag&post=54111"}],"curies":[{"name":"wp","href":"https:\/\/api.w.org\/{rel}","templated":true}]}}