{"id":54119,"date":"2026-05-13T15:59:11","date_gmt":"2026-05-13T13:59:11","guid":{"rendered":"https:\/\/premino.pl\/?product=blueberry-siberica-antyoksydacyjny-zestaw-do-pielegnacji-twarzy"},"modified":"2026-05-13T15:59:12","modified_gmt":"2026-05-13T13:59:12","slug":"blueberry-siberica-antyoksydacyjny-zestaw-do-pielegnacji-twarzy","status":"publish","type":"product","link":"https:\/\/premino.pl\/?product=blueberry-siberica-antyoksydacyjny-zestaw-do-pielegnacji-twarzy","title":{"rendered":"Blueberry Siberica antyoksydacyjny zestaw do piel\u0119gnacji twarzy"},"content":{"rendered":"<p><b>Zestaw do piel\u0119gnacji twarzy \u2013 pianka, maska pod oczy i krem-maska na noc<br \/><\/b>Kompleksowy zestaw do codziennej piel\u0119gnacji twarzy, kt\u00f3ry oczyszcza, nawil\u017ca i regeneruje sk\u00f3r\u0119. Kosmetyki wzbogacone dzikimi bor\u00f3wkami wulkanicznymi, zbieranymi w surowej tajdze, s\u0105 pe\u0142ne cennych antyoksydant\u00f3w \u2013 antocyjan\u00f3w, kt\u00f3re poprawiaj\u0105 koloryt, elastyczno\u015b\u0107 i kondycj\u0119 sk\u00f3ry. Wszystkie produkty s\u0105 wega\u0144skie i posiadaj\u0105 certyfikat Vegan.<\/p>\n<p><b>Wega\u0144ska, kremowa pianka oczyszczaj\u0105ca do twarzy \u2013 75 ml<br \/><\/b>Delikatna, a jednocze\u015bnie skuteczna pianka oczyszczaj\u0105ca usuwa zanieczyszczenia i resztki makija\u017cu, pozostawiaj\u0105c sk\u00f3r\u0119 mi\u0119kk\u0105 i \u015bwie\u017c\u0105. Zawiera kwas hialuronowy, kt\u00f3ry intensywnie nawil\u017ca, oraz alantoin\u0119, kt\u00f3ra \u0142agodzi podra\u017cnienia i chroni sk\u00f3r\u0119 przed szkodliwym wp\u0142ywem czynnik\u00f3w zewn\u0119trznych.<\/p>\n<p><b>Wega\u0144ska, supernawil\u017caj\u0105ca maska pod oczy \u2013 30 ml<br \/><\/b>Lekka maska pod oczy intensywnie nawil\u017ca, uelastycznia i regeneruje delikatn\u0105 sk\u00f3r\u0119 wok\u00f3\u0142 oczu. Redukuje oznaki zm\u0119czenia i cienie pod oczami. Kwas hialuronowy zapobiega utracie wilgoci i powstawaniu zmarszczek, a ro\u015blinna elastyna poprawia koloryt, j\u0119drno\u015b\u0107 i blask sk\u00f3ry.<\/p>\n<p><b>Wega\u0144ski, odm\u0142adzaj\u0105cy krem-maska na noc \u2013 30 ml<br \/><\/b>Bogata kremowa maska na noc wyg\u0142adza drobne zmarszczki, wyr\u00f3wnuje koloryt sk\u00f3ry i intensywnie j\u0105 regeneruje. Koenzym Q10 dzia\u0142a jako silny antyoksydant, stymuluje produkcj\u0119 elastyny i przywraca j\u0119drno\u015b\u0107, a ceramidy z organicznego ekstraktu z bor\u00f3wki wulkanicznej wzmacniaj\u0105 barier\u0119 ochronn\u0105 sk\u00f3ry, utrzymuj\u0105 jej nawil\u017cenie i chroni\u0105 przed szkodliwym wp\u0142ywem \u015brodowiska.<\/p>\n<p><b>Spos\u00f3b u\u017cycia<br \/><\/b>1. Wmasuj piank\u0119 w wilgotn\u0105 sk\u00f3r\u0119 twarzy do momentu powstania piany, a nast\u0119pnie sp\u0142ucz ciep\u0142\u0105 wod\u0105.<br \/>2. Na\u0142\u00f3\u017c cienk\u0105 warstw\u0119 maski pod oczy na 10\u201315 minut, a nast\u0119pnie usu\u0144 nadmiar bawe\u0142nianym p\u0142atkiem.<br \/>3. Na oczyszczon\u0105, such\u0105 sk\u00f3r\u0119 twarzy nanie\u015b krem-maseczk\u0119 na noc i pozostaw do wch\u0142oni\u0119cia \u2013 nie sp\u0142ukuj.<\/p>\n<p><strong>Dzia\u0142anie:<\/strong> chroni, demakija\u017c, nawil\u017caj\u0105ce, oczyszczaj\u0105ce, od\u017cywcze, redukuje zmarszczki, regeneruje, roz\u015bwietlaj\u0105ce, uelastycznia, uj\u0119drnia, usuwa oznaki zm\u0119czenia, wyg\u0142adza, wyr\u00f3wnuje koloryt sk\u00f3ry, \u0142agodzi podra\u017cnienia<br \/>\n<strong>Gramatura:<\/strong> sztuka<br \/>\n<strong>Konsystencja:<\/strong> krem, maska, pianka<br \/>\n<strong>Linie elitarne:<\/strong> nie<br \/>\n<strong>Piel\u0119gnacja specyficzna:<\/strong> maska<br \/>\n<strong>Pojemno\u015b\u0107:<\/strong> 3<br \/>\n<strong>Pora stosowania:<\/strong> dowolnie, dzie\u0144, noc<br \/>\n<strong>P\u0142e\u0107:<\/strong> damski<br \/>\n<strong>Rodzaj sk\u00f3ry:<\/strong> wra\u017cliwa<br \/>\n<strong>S\u0142o\u0144ce:<\/strong> nie<br \/>\n<strong>Typ sk\u00f3ry:<\/strong> mieszana\/t\u0142usta, normalna, sucha<\/p>\n<p><strong>Uwagi:<\/strong><\/p>\n<p>Unika\u0107 bezpo\u015bredniego kontaktu z oczami. Tylko do u\u017cytku zewn\u0119trznego.<\/p>\n<p><strong>Sk\u0142adniki:<\/strong><\/p>\n<p>Pianka: Aqua, Sodium Cocoyl Isethionate, Hydrogenated Starch Hydrolysate, Stearic Acid, Palmitic Acid, Glycerin, Vaccinium Myrtillus Fruit WaterH, Vaccinium Vulcanorum Fruit ExtractWH, Rubus Arcticus Fruit Extract*, Salvia Officinalis Leaf Extract*, Sambucus Nigra Flower Extract*, Aralia Mandshurica Leaf\/Stem Extract*, Hippophae Rhamnoides Fruit ExtractWH, Rhododendron Adamsii Leaf\/Stem ExtractWH, Allantoin, Sodium Hyaluronate, Xantham Gum, Citric Acid, Benzyl Alcohol, Sodium Benzoate, Potassium Sorbate, Parfum, CI 28440, CI 16035.<br \/>Maska: Aqua, Glycerin, Hydroxyethylcellulose, Hydrolyzed Rice Protein, Vaccinium Myrtillus Fruit WaterH, Vaccinium Vulcanorum Fruit ExtractWH, Sambucus Nigra Flower Extract*, Aralia Mandshurica Leaf\/Stem Extract*, Salvia Officinalis Leaf Extract*, Rhododendron Adamsii Leaf\/Stem ExtractWH, Bidens Tripartita Flower\/Leaf\/Stem WaterWH, Sodium Hyaluronate, Caprylyl\/Capryl Glucoside, Sodium Cocoyl Glutamate, Glyceryl Caprylate, Polyglyceryl-6 Oleate, Sodium Surfactin, Menthyl Lactate, Citric Acid, Benzyl Alcohol, Ethylhehylglycerin, Sodium Benzoate, Potassium Sorbate, Parfum, CI 28440, CI 16035.<br \/>Krem: Aqua, Butyrospermum Parkii Butter, Caprylic\/Capric Triglyceride, Coco-Caprylate\/Caprate, Glyceryl Stearate, Glycerin, Cetearyl Alcohol, Niacinamide, Vaccinium Vulcanorum Fruit ExtractWH, Vaccinium Myrtillus Fruit Extract*, Ribes Nigrum Leaf Extract*, Rosa Davurica Flower ExtractWH, Rubus Arcticus Fruit Extract*, Dasiphora Fruticosa ExtractWH, Phospholipids, Sphingolipids, Ubiquinone, Sodium Stearoyl Glutamate, Xanthan Gum, Citric Acid, Benzyl Alcohol, Ethylhexylglycerin, Sodium Benzoate, Potassium Sorbate, Parfum, CI 28440, CI 16035, Eugenol.<br \/>(*) Sk\u0142adniki pochodz\u0105ce z upraw ekologicznych, (WH) Sk\u0142adniki naturalne pozyskane metod\u0105 \u201edzikich zbior\u00f3w\u201d, (H) &#8211; hydrolat pochodz\u0105cy z zi\u00f3\u0142 syberyjskich.<\/p>\n","protected":false},"excerpt":{"rendered":"<p> <strong>Dzia\u0142anie:<\/strong> chroni, demakija\u017c, nawil\u017caj\u0105ce, oczyszczaj\u0105ce, od\u017cywcze, redukuje zmarszczki, regeneruje, roz\u015bwietlaj\u0105ce, uelastycznia, uj\u0119drnia, usuwa oznaki zm\u0119czenia, wyg\u0142adza, wyr\u00f3wnuje koloryt sk\u00f3ry, \u0142agodzi podra\u017cnienia<br \/>  <strong>Gramatura:<\/strong> sztuka<br \/>  <strong>Konsystencja:<\/strong> krem, maska, pianka<br \/>  <strong>Linie elitarne:<\/strong> nie<br \/>  <strong>Piel\u0119gnacja specyficzna:<\/strong> maska<br \/>  <strong>Pojemno\u015b\u0107:<\/strong> 3<br \/>  <strong>Pora stosowania:<\/strong> dowolnie, dzie\u0144, noc<br \/>  <strong>P\u0142e\u0107:<\/strong> damski<br \/>  <strong>Rodzaj sk\u00f3ry:<\/strong> wra\u017cliwa<br \/>  <strong>S\u0142o\u0144ce:<\/strong> nie<br \/>  <strong>Typ sk\u00f3ry:<\/strong> mieszana\/t\u0142usta, normalna, sucha <\/p>\n","protected":false},"featured_media":54120,"comment_status":"open","ping_status":"closed","template":"","meta":{"_acf_changed":false},"kategoria-hurtowni":[100,101,102],"product_brand":[305],"product_cat":[76],"product_tag":[],"class_list":{"0":"post-54119","1":"product","2":"type-product","3":"status-publish","4":"has-post-thumbnail","6":"kategoria-hurtowni-eco-bio","7":"kategoria-hurtowni-pielegnacja-twarzy","8":"kategoria-hurtowni-twarz","9":"product_brand-natura-siberica","10":"product_cat-primavera","12":"first","13":"outofstock","14":"taxable","15":"shipping-taxable","16":"product-type-simple"},"acf":[],"_links":{"self":[{"href":"https:\/\/premino.pl\/index.php?rest_route=\/wp\/v2\/product\/54119","targetHints":{"allow":["GET"]}}],"collection":[{"href":"https:\/\/premino.pl\/index.php?rest_route=\/wp\/v2\/product"}],"about":[{"href":"https:\/\/premino.pl\/index.php?rest_route=\/wp\/v2\/types\/product"}],"replies":[{"embeddable":true,"href":"https:\/\/premino.pl\/index.php?rest_route=%2Fwp%2Fv2%2Fcomments&post=54119"}],"wp:featuredmedia":[{"embeddable":true,"href":"https:\/\/premino.pl\/index.php?rest_route=\/wp\/v2\/media\/54120"}],"wp:attachment":[{"href":"https:\/\/premino.pl\/index.php?rest_route=%2Fwp%2Fv2%2Fmedia&parent=54119"}],"wp:term":[{"taxonomy":"kategoria-hurtowni","embeddable":true,"href":"https:\/\/premino.pl\/index.php?rest_route=%2Fwp%2Fv2%2Fkategoria-hurtowni&post=54119"},{"taxonomy":"product_brand","embeddable":true,"href":"https:\/\/premino.pl\/index.php?rest_route=%2Fwp%2Fv2%2Fproduct_brand&post=54119"},{"taxonomy":"product_cat","embeddable":true,"href":"https:\/\/premino.pl\/index.php?rest_route=%2Fwp%2Fv2%2Fproduct_cat&post=54119"},{"taxonomy":"product_tag","embeddable":true,"href":"https:\/\/premino.pl\/index.php?rest_route=%2Fwp%2Fv2%2Fproduct_tag&post=54119"}],"curies":[{"name":"wp","href":"https:\/\/api.w.org\/{rel}","templated":true}]}}