{"id":54121,"date":"2026-05-13T15:59:11","date_gmt":"2026-05-13T13:59:11","guid":{"rendered":"https:\/\/premino.pl\/?product=men-naturalny-zmiekczajacy-szampon-odzywka-do-wlosow-2w1-250ml"},"modified":"2026-05-13T15:59:12","modified_gmt":"2026-05-13T13:59:12","slug":"men-naturalny-zmiekczajacy-szampon-odzywka-do-wlosow-2w1-250ml","status":"publish","type":"product","link":"https:\/\/premino.pl\/?product=men-naturalny-zmiekczajacy-szampon-odzywka-do-wlosow-2w1-250ml","title":{"rendered":"Men naturalny zmi\u0119kczaj\u0105cy szampon-od\u017cywka do w\u0142os\u00f3w 2w1 250ml"},"content":{"rendered":"<p>100% Syberia &#8211; czysto\u015b\u0107 i moc. Specjalnie wyselekcjonowana formu\u0142a szamponu na bazie syberyjskich ro\u015blin wykorzystuje ich moc w regeneracji i odm\u0142adzaniu, m\u0119skiej sk\u00f3ry. Zawiera esencj\u0119 dzikiej i surowej Syberii: Olej z cedru syberyjskiego jest bogatym \u017ar\u00f3d\u0142em kwas\u00f3w t\u0142uszczowych, witamin i minera\u0142\u00f3w. Herbatka kurylska ro\u015blina, kt\u00f3ra wyst\u0119puje w Rosji i na Dalekim Wschodzie. Zawiera ona wiele sk\u0142adnik\u00f3w od\u017cywczych, takich jak witaminy, minera\u0142y i przeciwutleniacze. Ekstrakt ze skrzypu polnego znany z zawarto\u015bci krzemionki, kt\u00f3ra wzmacnia w\u0142osy i poprawia ich elastyczno\u015b\u0107.<\/p>\n<p><b>Jakie daje efekty?<\/b><br \/>&#8211; oczyszcza i od\u017cywia w\u0142osy i sk\u00f3r\u0119 g\u0142owy,<br \/>&#8211; zmi\u0119kcza, wyg\u0142adza i u\u0142atwia rozczesywanie,<br \/>&#8211; wzmacnia w\u0142osy,<br \/>&#8211; chroni j\u0105 przed negatywnym dzia\u0142aniem czynnik\u00f3w zewn\u0119trznych takich jak stres, zm\u0119czenie czy zanieczyszczenie \u015brodowiska,<br \/>&#8211; poprawia te\u017c kondycj\u0119 w\u0142os\u00f3w, wzmacniaj\u0105c w\u0142osy i aktywuj\u0105c ich wzrost,<br \/>&#8211; jest \u0142agodny dla sk\u00f3ry g\u0142owy, nie powoduje jej wysuszenia, a ponadto ma \u015bwie\u017cy m\u0119ski zapach.<\/p>\n<p><b>Spos\u00f3b u\u017cycia:<\/b><br \/>Na\u0142\u00f3\u017c niewielk\u0105 ilo\u015b\u0107 szamponu na wilgotne w\u0142osy. Masuj, a\u017c do uzyskania piany, a nast\u0119pnie sp\u0142ucz za pomoc\u0105 ciep\u0142ej wody. Stosuj codziennie.<\/p>\n<p><strong>Gramatura:<\/strong> ml<br \/>\n<strong>Henna:<\/strong> nie<br \/>\n<strong>Konsystencja:<\/strong> od\u017cywka, szampon<br \/>\n<strong>Linie elitarne:<\/strong> nie<br \/>\n<strong>Pojemno\u015b\u0107:<\/strong> 250<br \/>\n<strong>P\u0142e\u0107:<\/strong> m\u0119ski<br \/>\n<strong>S\u0142o\u0144ce:<\/strong> nie<\/p>\n<p><strong>Uwagi:<\/strong><\/p>\n<p>Tylko do u\u017cytku zewn\u0119trznego.<\/p>\n<p><strong>Sk\u0142adniki:<\/strong><\/p>\n<p>Aqua, Sodium Coco-Sulfate, Lauryl Glucoside, Sodium Chloride, Cocamidopropyl Betaine, Pinus Sibirica Seed OilWH, Dasiphora Fruticosa Extract*, Corispermum Sibiricum ExtractWH, Hesperis Sibirica Flower\/Leaf\/Stem ExtractWH, Calendula Officinalis Flower Extract*, Pinus Sibirica Needle ExtractWH, Usnea Barbata ExtractWH, Salvia Officinalis Leaf Extract*, Diplazium Sibiricum Leaf\/Stem Extract*,Guar Hydroxypropyltrimonium Chloride, Citric Acid, Benzyl Alcohol, Sodium Benzoate, Potassium Sorbate, Parfum, Pogostemon Cabin Leaf Oil, Piper Nigrum Seed Oil, Hexyl Cinnamal.(*) Sk\u0142adniki pochodz\u0105ce z upraw ekologicznych(WH) Sk\u0142adniki naturalne pozyskane metod\u0105 \u201edzikich zbior\u00f3w\u201d<\/p>\n","protected":false},"excerpt":{"rendered":"<p> <strong>Gramatura:<\/strong> ml<br \/>  <strong>Henna:<\/strong> nie<br \/>  <strong>Konsystencja:<\/strong> od\u017cywka, szampon<br \/>  <strong>Linie elitarne:<\/strong> nie<br \/>  <strong>Pojemno\u015b\u0107:<\/strong> 250<br \/>  <strong>P\u0142e\u0107:<\/strong> m\u0119ski<br \/>  <strong>S\u0142o\u0144ce:<\/strong> nie <\/p>\n","protected":false},"featured_media":54122,"comment_status":"open","ping_status":"closed","template":"","meta":{"_acf_changed":false},"kategoria-hurtowni":[100,166],"product_brand":[305],"product_cat":[76],"product_tag":[],"class_list":{"0":"post-54121","1":"product","2":"type-product","3":"status-publish","4":"has-post-thumbnail","6":"kategoria-hurtowni-eco-bio","7":"kategoria-hurtowni-pielegnacja-wlosy","8":"product_brand-natura-siberica","9":"product_cat-primavera","11":"first","12":"outofstock","13":"taxable","14":"shipping-taxable","15":"product-type-simple"},"acf":[],"_links":{"self":[{"href":"https:\/\/premino.pl\/index.php?rest_route=\/wp\/v2\/product\/54121","targetHints":{"allow":["GET"]}}],"collection":[{"href":"https:\/\/premino.pl\/index.php?rest_route=\/wp\/v2\/product"}],"about":[{"href":"https:\/\/premino.pl\/index.php?rest_route=\/wp\/v2\/types\/product"}],"replies":[{"embeddable":true,"href":"https:\/\/premino.pl\/index.php?rest_route=%2Fwp%2Fv2%2Fcomments&post=54121"}],"wp:featuredmedia":[{"embeddable":true,"href":"https:\/\/premino.pl\/index.php?rest_route=\/wp\/v2\/media\/54122"}],"wp:attachment":[{"href":"https:\/\/premino.pl\/index.php?rest_route=%2Fwp%2Fv2%2Fmedia&parent=54121"}],"wp:term":[{"taxonomy":"kategoria-hurtowni","embeddable":true,"href":"https:\/\/premino.pl\/index.php?rest_route=%2Fwp%2Fv2%2Fkategoria-hurtowni&post=54121"},{"taxonomy":"product_brand","embeddable":true,"href":"https:\/\/premino.pl\/index.php?rest_route=%2Fwp%2Fv2%2Fproduct_brand&post=54121"},{"taxonomy":"product_cat","embeddable":true,"href":"https:\/\/premino.pl\/index.php?rest_route=%2Fwp%2Fv2%2Fproduct_cat&post=54121"},{"taxonomy":"product_tag","embeddable":true,"href":"https:\/\/premino.pl\/index.php?rest_route=%2Fwp%2Fv2%2Fproduct_tag&post=54121"}],"curies":[{"name":"wp","href":"https:\/\/api.w.org\/{rel}","templated":true}]}}