{"id":54123,"date":"2026-05-13T15:59:11","date_gmt":"2026-05-13T13:59:11","guid":{"rendered":"https:\/\/premino.pl\/?product=blueberry-siberica-kremowa-pianka-oczyszczajaca-do-twarzy-75ml"},"modified":"2026-05-13T15:59:13","modified_gmt":"2026-05-13T13:59:13","slug":"blueberry-siberica-kremowa-pianka-oczyszczajaca-do-twarzy-75ml","status":"publish","type":"product","link":"https:\/\/premino.pl\/?product=blueberry-siberica-kremowa-pianka-oczyszczajaca-do-twarzy-75ml","title":{"rendered":"Blueberry Siberica kremowa pianka oczyszczaj\u0105ca do twarzy 75ml"},"content":{"rendered":"<p>Pragniesz cieszy\u0107 si\u0119 idealnie czyst\u0105, promienn\u0105 i g\u0142adk\u0105 sk\u00f3r\u0105, kt\u00f3ra ka\u017cdego dnia zachwyca elastyczno\u015bci\u0105? Ta pianka w kremie zosta\u0142a stworzona w\u0142a\u015bnie dla Ciebie!<\/p>\n<p>\u2022 Delikatnie, ale skutecznie oczyszcza sk\u00f3r\u0119.<br \/>\u2022 G\u0142\u0119boko nawil\u017ca i zapobiega przesuszeniu.<br \/>\u2022 \u0141agodzi podra\u017cnienia i wyr\u00f3wnuje koloryt.<br \/>\u2022 Przywraca naturalny blask i \u015bwie\u017co\u015b\u0107.<br \/>\u2022 W 100% wega\u0144ska.<\/p>\n<p>Zamknij oczy i pozw\u00f3l sobie na chwil\u0119 relaksu z wyj\u0105tkowym po\u0142\u0105czeniem syberyjskiej natury i aktywnych sk\u0142adnik\u00f3w, kt\u00f3re wsp\u00f3lnie zadbaj\u0105 o pi\u0119kno Twojej sk\u00f3ry. Dzikie bor\u00f3wki wulkaniczne, zbierane w surowej, zimnej tajdze, s\u0105 bogate w antyoksydanty \u2013 antocyjany, kt\u00f3re wspieraj\u0105 regeneracj\u0119 nask\u00f3rka, poprawiaj\u0105 koloryt i elastyczno\u015b\u0107 sk\u00f3ry. Kwas hialuronowy intensywnie nawil\u017ca i zapobiega powstawaniu zmarszczek, a alantoina \u0142agodzi podra\u017cnienia i chroni przed szkodliwym wp\u0142ywem czynnik\u00f3w zewn\u0119trznych.<\/p>\n<p><b>Spos\u00f3b u\u017cycia:<\/b><br \/>Na\u0142\u00f3\u017c niewielk\u0105 ilo\u015b\u0107 pianki na wilgotn\u0105 sk\u00f3r\u0119 twarzy. Delikatnie masuj do momentu powstania mi\u0119kkiej piany, nast\u0119pnie sp\u0142ucz ciep\u0142\u0105 wod\u0105. Stosuj codziennie \u2013 rano i\/lub wieczorem.<\/p>\n<p><strong>Dzia\u0142anie:<\/strong> nawil\u017caj\u0105ce, oczyszczaj\u0105ce, od\u017cywcze, regeneruje, wyr\u00f3wnuje koloryt sk\u00f3ry, \u0142agodzi podra\u017cnienia<br \/>\n<strong>Gramatura:<\/strong> ml<br \/>\n<strong>Konsystencja:<\/strong> pianka<br \/>\n<strong>Linie elitarne:<\/strong> nie<br \/>\n<strong>Piel\u0119gnacja specyficzna:<\/strong> nie<br \/>\n<strong>Pojemno\u015b\u0107:<\/strong> 75<br \/>\n<strong>Pora stosowania:<\/strong> dowolnie<br \/>\n<strong>P\u0142e\u0107:<\/strong> damski<br \/>\n<strong>Rodzaj sk\u00f3ry:<\/strong> wra\u017cliwa<br \/>\n<strong>S\u0142o\u0144ce:<\/strong> nie<br \/>\n<strong>Typ sk\u00f3ry:<\/strong> mieszana\/t\u0142usta, normalna, sucha<\/p>\n<p><strong>Uwagi:<\/strong><\/p>\n<p>Unika\u0107 kontaktu z oczami.<\/p>\n<p><strong>Sk\u0142adniki:<\/strong><\/p>\n<p>Aqua, Sodium Cocoyl Isethionate, Hydrogenated Starch Hydrolysate, Stearic Acid, Palmitic Acid, Glycerin, Vaccinium Myrtillus Fruit WaterH, Vaccinium Vulcanorum Fruit ExtractWH, Rubus Arcticus Fruit Extract*, Salvia Officinalis Leaf Extract*, Sambucus Nigra Flower Extract*, Aralia Mandshurica Leaf\/Stem Extract*, Hippophae Rhamnoides Fruit ExtractWH, Rhododendron Adamsii Leaf\/Stem ExtractWH, Allantoin, Sodium Hyaluronate, Xantham Gum, Citric Acid, Benzyl Alcohol, Sodium Benzoate, Potassium Sorbate, Parfum, CI 28440, CI 16035. (*) Sk\u0142adniki pochodz\u0105ce z upraw ekologicznych, (WH) Sk\u0142adniki naturalne pozyskane metod\u0105 \u201edzikich zbior\u00f3w\u201d, (H) Organiczny hydrolat pozyskiwany z ro\u015blin syberyjskich<\/p>\n","protected":false},"excerpt":{"rendered":"<p> <strong>Dzia\u0142anie:<\/strong> nawil\u017caj\u0105ce, oczyszczaj\u0105ce, od\u017cywcze, regeneruje, wyr\u00f3wnuje koloryt sk\u00f3ry, \u0142agodzi podra\u017cnienia<br \/>  <strong>Gramatura:<\/strong> ml<br \/>  <strong>Konsystencja:<\/strong> pianka<br \/>  <strong>Linie elitarne:<\/strong> nie<br \/>  <strong>Piel\u0119gnacja specyficzna:<\/strong> nie<br \/>  <strong>Pojemno\u015b\u0107:<\/strong> 75<br \/>  <strong>Pora stosowania:<\/strong> dowolnie<br \/>  <strong>P\u0142e\u0107:<\/strong> damski<br \/>  <strong>Rodzaj sk\u00f3ry:<\/strong> wra\u017cliwa<br \/>  <strong>S\u0142o\u0144ce:<\/strong> nie<br \/>  <strong>Typ sk\u00f3ry:<\/strong> mieszana\/t\u0142usta, normalna, sucha <\/p>\n","protected":false},"featured_media":54124,"comment_status":"open","ping_status":"closed","template":"","meta":{"_acf_changed":false},"kategoria-hurtowni":[100,101,102],"product_brand":[305],"product_cat":[76],"product_tag":[],"class_list":{"0":"post-54123","1":"product","2":"type-product","3":"status-publish","4":"has-post-thumbnail","6":"kategoria-hurtowni-eco-bio","7":"kategoria-hurtowni-pielegnacja-twarzy","8":"kategoria-hurtowni-twarz","9":"product_brand-natura-siberica","10":"product_cat-primavera","12":"first","13":"outofstock","14":"taxable","15":"shipping-taxable","16":"product-type-simple"},"acf":[],"_links":{"self":[{"href":"https:\/\/premino.pl\/index.php?rest_route=\/wp\/v2\/product\/54123","targetHints":{"allow":["GET"]}}],"collection":[{"href":"https:\/\/premino.pl\/index.php?rest_route=\/wp\/v2\/product"}],"about":[{"href":"https:\/\/premino.pl\/index.php?rest_route=\/wp\/v2\/types\/product"}],"replies":[{"embeddable":true,"href":"https:\/\/premino.pl\/index.php?rest_route=%2Fwp%2Fv2%2Fcomments&post=54123"}],"wp:featuredmedia":[{"embeddable":true,"href":"https:\/\/premino.pl\/index.php?rest_route=\/wp\/v2\/media\/54124"}],"wp:attachment":[{"href":"https:\/\/premino.pl\/index.php?rest_route=%2Fwp%2Fv2%2Fmedia&parent=54123"}],"wp:term":[{"taxonomy":"kategoria-hurtowni","embeddable":true,"href":"https:\/\/premino.pl\/index.php?rest_route=%2Fwp%2Fv2%2Fkategoria-hurtowni&post=54123"},{"taxonomy":"product_brand","embeddable":true,"href":"https:\/\/premino.pl\/index.php?rest_route=%2Fwp%2Fv2%2Fproduct_brand&post=54123"},{"taxonomy":"product_cat","embeddable":true,"href":"https:\/\/premino.pl\/index.php?rest_route=%2Fwp%2Fv2%2Fproduct_cat&post=54123"},{"taxonomy":"product_tag","embeddable":true,"href":"https:\/\/premino.pl\/index.php?rest_route=%2Fwp%2Fv2%2Fproduct_tag&post=54123"}],"curies":[{"name":"wp","href":"https:\/\/api.w.org\/{rel}","templated":true}]}}