{"id":54127,"date":"2026-05-13T15:59:15","date_gmt":"2026-05-13T13:59:15","guid":{"rendered":"https:\/\/premino.pl\/?product=for-men-naturalne-czarne-mydlo-do-wlosow-i-ciala-200ml"},"modified":"2026-05-13T15:59:15","modified_gmt":"2026-05-13T13:59:15","slug":"for-men-naturalne-czarne-mydlo-do-wlosow-i-ciala-200ml","status":"publish","type":"product","link":"https:\/\/premino.pl\/?product=for-men-naturalne-czarne-mydlo-do-wlosow-i-ciala-200ml","title":{"rendered":"For Men naturalne czarne myd\u0142o do w\u0142os\u00f3w i cia\u0142a 200ml"},"content":{"rendered":"<p>Od\u015bwie\u017caj\u0105ce, czarne myd\u0142o do w\u0142os\u00f3w i cia\u0142a w 100% syberyjski kosmetyk, kt\u00f3ry skuteczne wykorzystuje si\u0142\u0119 i bogate w\u0142a\u015bciwo\u015bci dziko rosn\u0105cych jag\u00f3d i zi\u00f3\u0142. Zawiera esencj\u0119 dzikiej surowej Syberii: w\u0119giel aktywny, olejek z mi\u0119ty pieprzowej, ekstrakt z ja\u0142owca syberyjskiego, ekstrakt z cytry\u0144ca, olejek z sosny syberyjskiej. <\/p>\n<p>97% sk\u0142adnik\u00f3w naturalnych.<\/p>\n<p><b>Jakie daje efekty?<br \/><\/b>&#8211; \u0142agodnie a jednocze\u015bnie dobrze oczyszcza<br \/>&#8211; d\u0142ugotrwale orze\u017awia i dodaje energii na ca\u0142y dzie\u0144<br \/>&#8211; r\u00f3wnocze\u015bnie od\u015bwie\u017ca sk\u00f3r\u0119 i wzmacnia struktur\u0119 w\u0142os\u00f3w<\/p>\n<p><b>Spos\u00f3b u\u017cycia:<\/b><br \/>Aplikuj niewielk\u0105 ilo\u015b\u0107 produktu na mokr\u0105 sk\u00f3r\u0119 cia\u0142a oraz w\u0142osy, nast\u0119pnie spie\u0144 i sp\u0142ucz ciep\u0142\u0105 wod\u0105. Produkt odpowiedni do w\u0142os\u00f3w oraz cia\u0142a.<\/p>\n<p><strong>Dzia\u0142anie:<\/strong> ch\u0142odz\u0105ce, nawil\u017caj\u0105ce, oczyszczaj\u0105ce, od\u015bwie\u017ca<br \/>\n<strong>Gramatura:<\/strong> ml<br \/>\n<strong>Konsystencja:<\/strong> myd\u0142o<br \/>\n<strong>Linie elitarne:<\/strong> nie<br \/>\n<strong>Lokalizacja:<\/strong> ca\u0142e cia\u0142o<br \/>\n<strong>Piel\u0119gnacja cia\u0142a:<\/strong> tak<br \/>\n<strong>Piel\u0119gnacja w ci\u0105\u017cy:<\/strong> nie<br \/>\n<strong>Pojemno\u015b\u0107:<\/strong> 200<br \/>\n<strong>P\u0142e\u0107:<\/strong> m\u0119ski<br \/>\n<strong>S\u0142o\u0144ce:<\/strong> nie<\/p>\n<p><strong>Uwagi:<\/strong><\/p>\n<p>Przechowywa\u0107 w temperaturze pokojowej z dala od promieni s\u0142onecznych.<\/p>\n<p><strong>Sk\u0142adniki:<\/strong><\/p>\n<p>Aqua, Sodium Coco-Sulfate, Decyl Glucoside, Cocamidopropyl Betaine, Cetyl Hydroxyethylcellulose, Stearic Acid, Palmitic Acid, Coco-Glucoside, Glyceryl Oleate, Juniperus Sibirica Needle ExtractWH*, Schisandra Chinensis ExtractWH*, Pinus Sibirica Seed OilWH*, Hypericum Perforatum Extract*, Lophanthus Anisatus Extract*, Linum Usitatissimum Seed Oil*, Menthol, Mentha Piperita Leaf Oil, Charcoal Powder, Citric Acid, Benzyl Alcohol, Sodium Benzoate, Potassium Sorbate, Parfum, CI 28440, CI 15985, CI 19140, CI 42090, CI 14720, Limonene.(*) Sk\u0142adniki pochodz\u0105ce z upraw ekologicznych(WH) Sk\u0142adniki naturalne pozyskane metod\u0105 \u201edzikich zbior\u00f3w\u201d<\/p>\n","protected":false},"excerpt":{"rendered":"<p> <strong>Dzia\u0142anie:<\/strong> ch\u0142odz\u0105ce, nawil\u017caj\u0105ce, oczyszczaj\u0105ce, od\u015bwie\u017ca<br \/>  <strong>Gramatura:<\/strong> ml<br \/>  <strong>Konsystencja:<\/strong> myd\u0142o<br \/>  <strong>Linie elitarne:<\/strong> nie<br \/>  <strong>Lokalizacja:<\/strong> ca\u0142e cia\u0142o<br \/>  <strong>Piel\u0119gnacja cia\u0142a:<\/strong> tak<br \/>  <strong>Piel\u0119gnacja w ci\u0105\u017cy:<\/strong> nie<br \/>  <strong>Pojemno\u015b\u0107:<\/strong> 200<br \/>  <strong>P\u0142e\u0107:<\/strong> m\u0119ski<br \/>  <strong>S\u0142o\u0144ce:<\/strong> nie <\/p>\n","protected":false},"featured_media":54128,"comment_status":"open","ping_status":"closed","template":"","meta":{"_acf_changed":false},"kategoria-hurtowni":[100,165],"product_brand":[305],"product_cat":[76],"product_tag":[],"class_list":{"0":"post-54127","1":"product","2":"type-product","3":"status-publish","4":"has-post-thumbnail","6":"kategoria-hurtowni-eco-bio","7":"kategoria-hurtowni-pielegnacja-ciala-eco-bio","8":"product_brand-natura-siberica","9":"product_cat-primavera","11":"first","12":"outofstock","13":"taxable","14":"shipping-taxable","15":"product-type-simple"},"acf":[],"_links":{"self":[{"href":"https:\/\/premino.pl\/index.php?rest_route=\/wp\/v2\/product\/54127","targetHints":{"allow":["GET"]}}],"collection":[{"href":"https:\/\/premino.pl\/index.php?rest_route=\/wp\/v2\/product"}],"about":[{"href":"https:\/\/premino.pl\/index.php?rest_route=\/wp\/v2\/types\/product"}],"replies":[{"embeddable":true,"href":"https:\/\/premino.pl\/index.php?rest_route=%2Fwp%2Fv2%2Fcomments&post=54127"}],"wp:featuredmedia":[{"embeddable":true,"href":"https:\/\/premino.pl\/index.php?rest_route=\/wp\/v2\/media\/54128"}],"wp:attachment":[{"href":"https:\/\/premino.pl\/index.php?rest_route=%2Fwp%2Fv2%2Fmedia&parent=54127"}],"wp:term":[{"taxonomy":"kategoria-hurtowni","embeddable":true,"href":"https:\/\/premino.pl\/index.php?rest_route=%2Fwp%2Fv2%2Fkategoria-hurtowni&post=54127"},{"taxonomy":"product_brand","embeddable":true,"href":"https:\/\/premino.pl\/index.php?rest_route=%2Fwp%2Fv2%2Fproduct_brand&post=54127"},{"taxonomy":"product_cat","embeddable":true,"href":"https:\/\/premino.pl\/index.php?rest_route=%2Fwp%2Fv2%2Fproduct_cat&post=54127"},{"taxonomy":"product_tag","embeddable":true,"href":"https:\/\/premino.pl\/index.php?rest_route=%2Fwp%2Fv2%2Fproduct_tag&post=54127"}],"curies":[{"name":"wp","href":"https:\/\/api.w.org\/{rel}","templated":true}]}}