{"id":54279,"date":"2026-05-13T16:00:22","date_gmt":"2026-05-13T14:00:22","guid":{"rendered":"https:\/\/premino.pl\/?product=vinocrush-krem-koloryzujacy-4-30ml"},"modified":"2026-05-13T16:00:23","modified_gmt":"2026-05-13T14:00:23","slug":"vinocrush-krem-koloryzujacy-4-30ml","status":"publish","type":"product","link":"https:\/\/premino.pl\/?product=vinocrush-krem-koloryzujacy-4-30ml","title":{"rendered":"Vinocrush krem koloryzuj\u0105cy 4 30ml"},"content":{"rendered":"<p>Krem CC Vinocrush \u0142\u0105czy piel\u0119gnacj\u0119 i makija\u017c, zapewniaj\u0105c ujednolicony koloryt sk\u00f3ry, jednocze\u015bnie podkre\u015blaj\u0105c jej naturalne pi\u0119kno. Zamkni\u0119te w kapsu\u0142kach pigmenty pochodzenia ro\u015blinnego wtapiaj\u0105 si\u0119 w sk\u00f3r\u0119, tworz\u0105c naturalne, r\u00f3wnomierne wyko\u0144czenie, idealne do codziennego stosowania.<\/p>\n<p><b>Czysta i skuteczna formu\u0142a:<br \/><\/b>\u2022 96% sk\u0142adnik\u00f3w pochodzenia naturalnego<br \/>\u2022 Bez syntetycznych substancji zapachowych<br \/>\u2022 Niekomedogenny<br \/>\u2022 Testowany dermatologicznie<br \/>\u2022 Wega\u0144ski<br \/>\u2022 Z kwasem hialuronowym i wod\u0105 winogronow\u0105 \u2013 nawil\u017ca i roz\u015bwietla cer\u0119 przez ca\u0142y dzie\u0144<\/p>\n<p><b>Widoczne rezultaty:<br \/><\/b>100% uczestnik\u00f3w badania potwierdzi\u0142o wyr\u00f3wnanie kolorytu sk\u00f3ry*<\/p>\n<p>*Badanie kliniczne, 20 os\u00f3b, 28 dni.<\/p>\n<p><b>Kluczowe sk\u0142adniki:<br \/><\/b>\u2022 Kwas hialuronowy \u2013 naturalny, biotechnologicznie pozyskiwany, wyg\u0142adza i zapewnia d\u0142ugotrwa\u0142e nawil\u017cenie.<br \/>\u2022 Niacynamid (witamina B3) \u2013 zmniejsza widoczno\u015b\u0107 rozszerzonych por\u00f3w i \u0142agodzi sk\u00f3r\u0119.<\/p>\n<p><b>Czy wiesz, \u017ce\u2026<br \/><\/b>Krem CC Vinocrush zawiera ponad milion kapsu\u0142ek ro\u015blinnych, kt\u00f3re chroni\u0105 naturalne pigmenty przed utlenianiem. Po rozprowadzeniu kapsu\u0142ki uwalniaj\u0105 pigment, dopasowuj\u0105c odcie\u0144 do Twojej sk\u00f3ry i tworz\u0105c jednolit\u0105, nieskaziteln\u0105 cer\u0119.<\/p>\n<p><b>Spos\u00f3b u\u017cycia:<br \/><\/b>Na\u0142\u00f3\u017c 1 kropl\u0119 wielko\u015bci orzecha laskowego na twarz i szyj\u0119, rozprowadzaj\u0105c palcami. Pod wp\u0142ywem sk\u00f3ry pigmenty uwalniaj\u0105 si\u0119 z kapsu\u0142ek, nadaj\u0105c cerze naturalny i r\u00f3wnomierny odcie\u0144.<\/p>\n<p><strong>Br\u0105zuj\u0105cy:<\/strong> nie<br \/>\n<strong>Gramatura:<\/strong> ml<br \/>\n<strong>Kolor:<\/strong> 4<br \/>\n<strong>Pojemno\u015b\u0107:<\/strong> 30<br \/>\n<strong>P\u0142e\u0107:<\/strong> damski<br \/>\n<strong>S\u0142o\u0144ce:<\/strong> nie<\/p>\n<p><strong>Uwagi:<\/strong><\/p>\n<p>Unika\u0107 kontaktu z oczami.<\/p>\n<p><strong>Sk\u0142adniki:<\/strong><\/p>\n<p>AQUA\/WATER\/EAU, ETHYL OLEATE, COCO-CAPRYLATE\/CAPRATE, CI 77891 (TITANIUM DIOXIDE), C13-15 ALKANE, C15-19 ALKANE, GLYCERIN, POLYGLYCERYL-3 POLYRICINOLEATE, GLYCERYL BEHENATE, PROPANEDIOL, SQUALANE, CI 77492 (IRON OXIDES), METHYLPROPANEDIOL, DISTEARDIMONIUM HECTORITE, NIACINAMIDE, SODIUM CHLORIDE, VITIS VINIFERA (GRAPE) FRUIT WATER, SILICA, CELLULOSE ACETATE, MAGNESIUM STEARATE, PROPYLENE GLYCOL STEARATE, CAPRYLYL GLYCOL, CETYL ALCOHOL, CI 77491 (IRON OXIDES), CI 77499 (IRON OXIDES), XANTHAN GUM, TOCOPHEROL, HELIANTHUS ANNUUS (SUNFLOWER) SEED OIL, HYDROGENATED LECITHIN, HYDROLYZED HYALURONIC ACID, O-CYMEN-5-OL, PHENYLPROPANOL, VITIS VINIFERA (GRAPE) JUICE, CITRIC ACID, SODIUM BENZOATE, POTASSIUM SORBATE.<\/p>\n","protected":false},"excerpt":{"rendered":"<p> <strong>Br\u0105zuj\u0105cy:<\/strong> nie<br \/>  <strong>Gramatura:<\/strong> ml<br \/>  <strong>Kolor:<\/strong> 4<br \/>  <strong>Pojemno\u015b\u0107:<\/strong> 30<br \/>  <strong>P\u0142e\u0107:<\/strong> damski<br \/>  <strong>S\u0142o\u0144ce:<\/strong> nie <\/p>\n","protected":false},"featured_media":54280,"comment_status":"open","ping_status":"closed","template":"","meta":{"_acf_changed":false},"kategoria-hurtowni":[277,83,129],"product_brand":[653],"product_cat":[76],"product_tag":[],"class_list":{"0":"post-54279","1":"product","2":"type-product","3":"status-publish","4":"has-post-thumbnail","6":"kategoria-hurtowni-kremy-bb-i-cc","7":"kategoria-hurtowni-makijaz","8":"kategoria-hurtowni-makijaz-twarz","9":"product_brand-caudalie","10":"product_cat-primavera","12":"first","13":"outofstock","14":"taxable","15":"shipping-taxable","16":"product-type-simple"},"acf":[],"_links":{"self":[{"href":"https:\/\/premino.pl\/index.php?rest_route=\/wp\/v2\/product\/54279","targetHints":{"allow":["GET"]}}],"collection":[{"href":"https:\/\/premino.pl\/index.php?rest_route=\/wp\/v2\/product"}],"about":[{"href":"https:\/\/premino.pl\/index.php?rest_route=\/wp\/v2\/types\/product"}],"replies":[{"embeddable":true,"href":"https:\/\/premino.pl\/index.php?rest_route=%2Fwp%2Fv2%2Fcomments&post=54279"}],"wp:featuredmedia":[{"embeddable":true,"href":"https:\/\/premino.pl\/index.php?rest_route=\/wp\/v2\/media\/54280"}],"wp:attachment":[{"href":"https:\/\/premino.pl\/index.php?rest_route=%2Fwp%2Fv2%2Fmedia&parent=54279"}],"wp:term":[{"taxonomy":"kategoria-hurtowni","embeddable":true,"href":"https:\/\/premino.pl\/index.php?rest_route=%2Fwp%2Fv2%2Fkategoria-hurtowni&post=54279"},{"taxonomy":"product_brand","embeddable":true,"href":"https:\/\/premino.pl\/index.php?rest_route=%2Fwp%2Fv2%2Fproduct_brand&post=54279"},{"taxonomy":"product_cat","embeddable":true,"href":"https:\/\/premino.pl\/index.php?rest_route=%2Fwp%2Fv2%2Fproduct_cat&post=54279"},{"taxonomy":"product_tag","embeddable":true,"href":"https:\/\/premino.pl\/index.php?rest_route=%2Fwp%2Fv2%2Fproduct_tag&post=54279"}],"curies":[{"name":"wp","href":"https:\/\/api.w.org\/{rel}","templated":true}]}}