{"id":54283,"date":"2026-05-13T16:00:22","date_gmt":"2026-05-13T14:00:22","guid":{"rendered":"https:\/\/premino.pl\/?product=vinoclean-tonik-nawilzajacy-400ml"},"modified":"2026-05-13T16:00:24","modified_gmt":"2026-05-13T14:00:24","slug":"vinoclean-tonik-nawilzajacy-400ml","status":"publish","type":"product","link":"https:\/\/premino.pl\/?product=vinoclean-tonik-nawilzajacy-400ml","title":{"rendered":"Vinoclean tonik nawil\u017caj\u0105cy 400ml"},"content":{"rendered":"<p>Tonik do twarzy to niezb\u0119dny krok w codziennej piel\u0119gnacji, kt\u00f3ry delikatnie usuwa pozosta\u0142o\u015bci makija\u017cu i zanieczyszcze\u0144, jednocze\u015bnie rewitalizuj\u0105c i od\u015bwie\u017caj\u0105c sk\u00f3r\u0119. Dzi\u0119ki po\u0142\u0105czeniu matuj\u0105cej organicznej wody r\u00f3\u017canej oraz nawil\u017caj\u0105cego kompleksu Vinolevure, sk\u00f3ra staje si\u0119 czysta, mi\u0119kka i pe\u0142na blasku \u2013 doskonale przygotowana do dalszych etap\u00f3w piel\u0119gnacji.<\/p>\n<p><b>Formu\u0142a:<br \/><\/b>\u2022 99% sk\u0142adnik\u00f3w pochodzenia naturalnego<br \/>\u2022 wega\u0144ska<br \/>\u2022 testowana dermatologicznie i okulistycznie<br \/>\u2022 bez alkoholu<\/p>\n<p><b>Kluczowe sk\u0142adniki aktywne:<br \/><\/b>\u2022 Organiczny hydrolat r\u00f3\u017cany \u2013 tonizuje, matuje i przywraca naturalny blask sk\u00f3ry.<br \/>\u2022 Vinolevure \u2013 sk\u0142adnik pozyskiwany z dro\u017cd\u017cy winiarskich, kt\u00f3ry intensywnie nawil\u017ca i wzmacnia barier\u0119 ochronn\u0105 sk\u00f3ry.<\/p>\n<p><b>Czy wiesz, \u017ce&#8230;<br \/><\/b>Formu\u0142a pozbawiona alkoholu szanuje naturaln\u0105 r\u00f3wnowag\u0119 sk\u00f3ry, dzi\u0119ki czemu tonik jest odpowiedni dla ka\u017cdego typu cery, nawet tej najbardziej wra\u017cliwej.<\/p>\n<p><b>Spos\u00f3b u\u017cycia:<\/b><br \/>Na\u0142\u00f3\u017c tonik na oczyszczon\u0105 sk\u00f3r\u0119 twarzy i szyi przy pomocy wacika kosmetycznego. Nie sp\u0142ukuj. Stosuj rano i wieczorem, aby przygotowa\u0107 sk\u00f3r\u0119 do dalszej piel\u0119gnacji.<\/p>\n<p><strong>Dzia\u0142anie:<\/strong> nawil\u017caj\u0105ce, regeneruje, r\u00f3wnowa\u017c\u0105ce, \u0142agodzi podra\u017cnienia<br \/>\n<strong>Gramatura:<\/strong> ml<br \/>\n<strong>Konsystencja:<\/strong> tonik<br \/>\n<strong>Linie elitarne:<\/strong> tak<br \/>\n<strong>Piel\u0119gnacja specyficzna:<\/strong> nie<br \/>\n<strong>Pojemno\u015b\u0107:<\/strong> 400<br \/>\n<strong>Pora stosowania:<\/strong> dowolnie<br \/>\n<strong>P\u0142e\u0107:<\/strong> damski<br \/>\n<strong>Rodzaj sk\u00f3ry:<\/strong> wra\u017cliwa<br \/>\n<strong>S\u0142o\u0144ce:<\/strong> nie<br \/>\n<strong>Typ sk\u00f3ry:<\/strong> mieszana\/t\u0142usta, normalna, sucha<\/p>\n<p><strong>Uwagi:<\/strong><\/p>\n<p>Unika\u0107 kontaktu z oczami.<\/p>\n<p><strong>Sk\u0142adniki:<\/strong><\/p>\n<p>AQUA\/WATER\/EAU, BUTYLENE GLYCOL, ROSA DAMASCENA FLOWER WATER, SACCHARIDE ISOMERATE, METHYLPROPANEDIOL, SODIUM BENZOATE, CAPRYLYL GLYCOL, CITRIC ACID, PHENYLPROPANOL, SODIUM CARBOXYMETHYL BETA- GLUCAN, SODIUM CITRATE.<\/p>\n","protected":false},"excerpt":{"rendered":"<p> <strong>Dzia\u0142anie:<\/strong> nawil\u017caj\u0105ce, regeneruje, r\u00f3wnowa\u017c\u0105ce, \u0142agodzi podra\u017cnienia<br \/>  <strong>Gramatura:<\/strong> ml<br \/>  <strong>Konsystencja:<\/strong> tonik<br \/>  <strong>Linie elitarne:<\/strong> tak<br \/>  <strong>Piel\u0119gnacja specyficzna:<\/strong> nie<br \/>  <strong>Pojemno\u015b\u0107:<\/strong> 400<br \/>  <strong>Pora stosowania:<\/strong> dowolnie<br \/>  <strong>P\u0142e\u0107:<\/strong> damski<br \/>  <strong>Rodzaj sk\u00f3ry:<\/strong> wra\u017cliwa<br \/>  <strong>S\u0142o\u0144ce:<\/strong> nie<br \/>  <strong>Typ sk\u00f3ry:<\/strong> mieszana\/t\u0142usta, normalna, sucha <\/p>\n","protected":false},"featured_media":54284,"comment_status":"open","ping_status":"closed","template":"","meta":{"_acf_changed":false},"kategoria-hurtowni":[90,109,110],"product_brand":[653],"product_cat":[76],"product_tag":[],"class_list":{"0":"post-54283","1":"product","2":"type-product","3":"status-publish","4":"has-post-thumbnail","6":"kategoria-hurtowni-pielegnacja","7":"kategoria-hurtowni-pielegnacja-twarzy-pielegnacja","8":"kategoria-hurtowni-twarz-pielegnacja-twarzy-pielegnacja","9":"product_brand-caudalie","10":"product_cat-primavera","12":"first","13":"outofstock","14":"taxable","15":"shipping-taxable","16":"product-type-simple"},"acf":[],"_links":{"self":[{"href":"https:\/\/premino.pl\/index.php?rest_route=\/wp\/v2\/product\/54283","targetHints":{"allow":["GET"]}}],"collection":[{"href":"https:\/\/premino.pl\/index.php?rest_route=\/wp\/v2\/product"}],"about":[{"href":"https:\/\/premino.pl\/index.php?rest_route=\/wp\/v2\/types\/product"}],"replies":[{"embeddable":true,"href":"https:\/\/premino.pl\/index.php?rest_route=%2Fwp%2Fv2%2Fcomments&post=54283"}],"wp:featuredmedia":[{"embeddable":true,"href":"https:\/\/premino.pl\/index.php?rest_route=\/wp\/v2\/media\/54284"}],"wp:attachment":[{"href":"https:\/\/premino.pl\/index.php?rest_route=%2Fwp%2Fv2%2Fmedia&parent=54283"}],"wp:term":[{"taxonomy":"kategoria-hurtowni","embeddable":true,"href":"https:\/\/premino.pl\/index.php?rest_route=%2Fwp%2Fv2%2Fkategoria-hurtowni&post=54283"},{"taxonomy":"product_brand","embeddable":true,"href":"https:\/\/premino.pl\/index.php?rest_route=%2Fwp%2Fv2%2Fproduct_brand&post=54283"},{"taxonomy":"product_cat","embeddable":true,"href":"https:\/\/premino.pl\/index.php?rest_route=%2Fwp%2Fv2%2Fproduct_cat&post=54283"},{"taxonomy":"product_tag","embeddable":true,"href":"https:\/\/premino.pl\/index.php?rest_route=%2Fwp%2Fv2%2Fproduct_tag&post=54283"}],"curies":[{"name":"wp","href":"https:\/\/api.w.org\/{rel}","templated":true}]}}