{"id":54293,"date":"2026-05-13T16:00:27","date_gmt":"2026-05-13T14:00:27","guid":{"rendered":"https:\/\/premino.pl\/?product=vinoclean-plyn-micelarny-do-demakijazu-400ml"},"modified":"2026-05-13T16:00:29","modified_gmt":"2026-05-13T14:00:29","slug":"vinoclean-plyn-micelarny-do-demakijazu-400ml","status":"publish","type":"product","link":"https:\/\/premino.pl\/?product=vinoclean-plyn-micelarny-do-demakijazu-400ml","title":{"rendered":"Vinoclean p\u0142yn micelarny do demakija\u017cu 400ml"},"content":{"rendered":"<p>P\u0142yn micelarny delikatnie oczyszcza i usuwa makija\u017c z twarzy i oczu, jednocze\u015bnie dbaj\u0105c o naturaln\u0105 r\u00f3wnowag\u0119 sk\u00f3ry. Wzbogacony organiczn\u0105 wod\u0105 winogronow\u0105, koi i nawil\u017ca, pozostawiaj\u0105c cer\u0119 czyst\u0105, mi\u0119kk\u0105 i komfortow\u0105.<\/p>\n<p><b>Dlaczego warto?<br \/><\/b>\u2022 98% sk\u0142adnik\u00f3w pochodzenia naturalnego<br \/>\u2022 Wega\u0144ski<br \/>\u2022 Opakowanie z 100% plastiku pochodz\u0105cego z recyklingu<\/p>\n<p><b>Kluczowe sk\u0142adniki:<br \/><\/b>\u2022 Rumianek \u2013 \u0142agodzi i zmi\u0119kcza sk\u00f3r\u0119<br \/>\u2022 Organiczna woda winogronowa \u2013 nawil\u017ca, koi, dzia\u0142a antyoksydacyjnie i prebiotycznie, wspieraj\u0105c zdrow\u0105 mikrobiot\u0119 sk\u00f3ry<\/p>\n<p><b>Spos\u00f3b u\u017cycia:<\/b><br \/>Nas\u0105cz wacik p\u0142ynem micelarnym i delikatnie przetrzyj twarz i szyj\u0119. W razie potrzeby czynno\u015b\u0107 mo\u017cna powt\u00f3rzy\u0107. Nie wymaga sp\u0142ukiwania.<\/p>\n<p><strong>Dzia\u0142anie:<\/strong> chroni, demakija\u017c, nawil\u017caj\u0105ce, oczyszczaj\u0105ce, r\u00f3wnowa\u017c\u0105ce, \u0142agodzi podra\u017cnienia<br \/>\n<strong>Gramatura:<\/strong> ml<br \/>\n<strong>Konsystencja:<\/strong> p\u0142yn do demakija\u017cu<br \/>\n<strong>Linie elitarne:<\/strong> tak<br \/>\n<strong>Piel\u0119gnacja specyficzna:<\/strong> nie<br \/>\n<strong>Pojemno\u015b\u0107:<\/strong> 400<br \/>\n<strong>Pora stosowania:<\/strong> dowolnie<br \/>\n<strong>P\u0142e\u0107:<\/strong> damski<br \/>\n<strong>Rodzaj sk\u00f3ry:<\/strong> wra\u017cliwa<br \/>\n<strong>S\u0142o\u0144ce:<\/strong> nie<br \/>\n<strong>Typ sk\u00f3ry:<\/strong> mieszana\/t\u0142usta, normalna, sucha<\/p>\n<p><strong>Uwagi:<\/strong><\/p>\n<p>Unika\u0107 bezpo\u015bredniego kontaktu z oczami.<\/p>\n<p><strong>Sk\u0142adniki:<\/strong><\/p>\n<p>AQUA\/WATER\/EAU, GLYCERIN, POLOXAMER 188, VITIS VINIFERA (GRAPE) FRUIT WATER, HEPTYL GLUCOSIDE, CAPRYL\/CAPRAMIDOPROPYL BETAINE, SODIUM LEVULINATE, SODIUM ANISATE, SODIUM CHLORIDE, CHAMOMILLA RECUTITA (MATRICARIA) FLOWER EXTRACT, CITRIC ACID, VITIS VINIFERA (GRAPE) JUICE, SODIUM BENZOATE, POTASSIUM SORBATE, PARFUM (FRAGRANCE).<\/p>\n","protected":false},"excerpt":{"rendered":"<p> <strong>Dzia\u0142anie:<\/strong> chroni, demakija\u017c, nawil\u017caj\u0105ce, oczyszczaj\u0105ce, r\u00f3wnowa\u017c\u0105ce, \u0142agodzi podra\u017cnienia<br \/>  <strong>Gramatura:<\/strong> ml<br \/>  <strong>Konsystencja:<\/strong> p\u0142yn do demakija\u017cu<br \/>  <strong>Linie elitarne:<\/strong> tak<br \/>  <strong>Piel\u0119gnacja specyficzna:<\/strong> nie<br \/>  <strong>Pojemno\u015b\u0107:<\/strong> 400<br \/>  <strong>Pora stosowania:<\/strong> dowolnie<br \/>  <strong>P\u0142e\u0107:<\/strong> damski<br \/>  <strong>Rodzaj sk\u00f3ry:<\/strong> wra\u017cliwa<br \/>  <strong>S\u0142o\u0144ce:<\/strong> nie<br \/>  <strong>Typ sk\u00f3ry:<\/strong> mieszana\/t\u0142usta, normalna, sucha <\/p>\n","protected":false},"featured_media":54294,"comment_status":"open","ping_status":"closed","template":"","meta":{"_acf_changed":false},"kategoria-hurtowni":[90,109,110],"product_brand":[653],"product_cat":[76],"product_tag":[],"class_list":{"0":"post-54293","1":"product","2":"type-product","3":"status-publish","4":"has-post-thumbnail","6":"kategoria-hurtowni-pielegnacja","7":"kategoria-hurtowni-pielegnacja-twarzy-pielegnacja","8":"kategoria-hurtowni-twarz-pielegnacja-twarzy-pielegnacja","9":"product_brand-caudalie","10":"product_cat-primavera","12":"first","13":"outofstock","14":"taxable","15":"shipping-taxable","16":"product-type-simple"},"acf":[],"_links":{"self":[{"href":"https:\/\/premino.pl\/index.php?rest_route=\/wp\/v2\/product\/54293","targetHints":{"allow":["GET"]}}],"collection":[{"href":"https:\/\/premino.pl\/index.php?rest_route=\/wp\/v2\/product"}],"about":[{"href":"https:\/\/premino.pl\/index.php?rest_route=\/wp\/v2\/types\/product"}],"replies":[{"embeddable":true,"href":"https:\/\/premino.pl\/index.php?rest_route=%2Fwp%2Fv2%2Fcomments&post=54293"}],"wp:featuredmedia":[{"embeddable":true,"href":"https:\/\/premino.pl\/index.php?rest_route=\/wp\/v2\/media\/54294"}],"wp:attachment":[{"href":"https:\/\/premino.pl\/index.php?rest_route=%2Fwp%2Fv2%2Fmedia&parent=54293"}],"wp:term":[{"taxonomy":"kategoria-hurtowni","embeddable":true,"href":"https:\/\/premino.pl\/index.php?rest_route=%2Fwp%2Fv2%2Fkategoria-hurtowni&post=54293"},{"taxonomy":"product_brand","embeddable":true,"href":"https:\/\/premino.pl\/index.php?rest_route=%2Fwp%2Fv2%2Fproduct_brand&post=54293"},{"taxonomy":"product_cat","embeddable":true,"href":"https:\/\/premino.pl\/index.php?rest_route=%2Fwp%2Fv2%2Fproduct_cat&post=54293"},{"taxonomy":"product_tag","embeddable":true,"href":"https:\/\/premino.pl\/index.php?rest_route=%2Fwp%2Fv2%2Fproduct_tag&post=54293"}],"curies":[{"name":"wp","href":"https:\/\/api.w.org\/{rel}","templated":true}]}}