{"id":54299,"date":"2026-05-13T16:00:31","date_gmt":"2026-05-13T14:00:31","guid":{"rendered":"https:\/\/premino.pl\/?product=vinotherapist-pomadka-do-ust-4-5g"},"modified":"2026-05-13T16:00:31","modified_gmt":"2026-05-13T14:00:31","slug":"vinotherapist-pomadka-do-ust-4-5g","status":"publish","type":"product","link":"https:\/\/premino.pl\/?product=vinotherapist-pomadka-do-ust-4-5g","title":{"rendered":"Vinotherapist pomadka do ust 4.5g"},"content":{"rendered":"<p>Ten od\u017cywczy balsam do ust, wzbogacony olejem z pestek winogron i antyoksydacyjnymi polifenolami, intensywnie nawil\u017ca, chroni i koi nawet najbardziej suche usta. Jego delikatna, rozp\u0142ywaj\u0105ca si\u0119 konsystencja otula usta mi\u0119kko\u015bci\u0105, nie pozostawiaj\u0105c t\u0142ustego filmu. Subtelny zapach wanilii z nut\u0105 pomara\u0144czy sprawia, \u017ce piel\u0119gnacja staje si\u0119 czyst\u0105 przyjemno\u015bci\u0105, a usta pozostaj\u0105 g\u0142adkie i chronione przez ca\u0142y dzie\u0144.<\/p>\n<p><b>Naturalna formu\u0142a:<br \/><\/b>\u2022 98% sk\u0142adnik\u00f3w pochodzenia naturalnego<br \/>\u2022 Testowany dermatologicznie<br \/>\u2022 Wega\u0144ski<\/p>\n<p><b>Widoczne rezultaty:<br \/><\/b>91% kobiet potwierdza, \u017ce ich usta s\u0105 bardziej od\u017cywione i ukojone*<\/p>\n<p>*Badanie kliniczne, 22 osoby, 14 dni.<\/p>\n<p><b>Kluczowe sk\u0142adniki:<br \/><\/b>\u2022 Organiczne mas\u0142o shea \u2013 w 100% naturalne, pozyskiwane w zr\u00f3wnowa\u017cony spos\u00f3b; intensywnie regeneruje i od\u017cywia such\u0105 sk\u00f3r\u0119.<br \/>\u2022 Polifenole z pestek winogron \u2013 silne antyoksydanty, kt\u00f3re neutralizuj\u0105 100% wolnych rodnik\u00f3w i chroni\u0105 usta przed przedwczesnym starzeniem.<br \/>\u2022 Olej z pestek winogron \u2013 od\u017cywia, wyg\u0142adza i wspiera naturaln\u0105 barier\u0119 ochronn\u0105 sk\u00f3ry ust.<\/p>\n<p><b>Spos\u00f3b u\u017cycia:<br \/><\/b>Nak\u0142adaj balsam na usta tak cz\u0119sto, jak potrzebujesz.<\/p>\n<p><strong>Dzia\u0142anie:<\/strong> chroni, nawil\u017ca, od\u017cywia, regeneruje, uelastycznia<br \/>\n<strong>Gramatura:<\/strong> g<br \/>\n<strong>Konsystencja:<\/strong> balsam<br \/>\n<strong>Linie elitarne:<\/strong> tak<br \/>\n<strong>Piel\u0119gnacja specyficzna:<\/strong> nie<br \/>\n<strong>Pojemno\u015b\u0107:<\/strong> 4.5<br \/>\n<strong>P\u0142e\u0107:<\/strong> damski<br \/>\n<strong>S\u0142o\u0144ce:<\/strong> nie<\/p>\n<p><strong>Uwagi:<\/strong><\/p>\n<p>Unika\u0107 kontaktu z oczami.<\/p>\n<p><strong>Sk\u0142adniki:<\/strong><\/p>\n<p>CAPRYLIC\/CAPRIC TRIGLYCERIDE, RICINUS COMMUNIS (CASTOR) SEED OIL, CERA ALBA\/BEESWAX\/CIRE D&#8217;ABEILLE, C10-18 TRIGLYCERIDES, BUTYROSPERMUM PARKII (SHEA) BUTTER, MACADAMIA TERNIFOLIA SEED OIL, COPERNICIA CERIFERA CERA \/ COPERNICIA CERIFERA (CARNAUBA) WAX \/ CIRE DE CARNAUBA, HYDROGENATED CASTOR OIL, PALMITOYL GRAPE SEED EXTRACT, TOCOPHERYL ACETATE, LIMONENE, LINALOOL, LEONTOPODIUM ALPINUM FLOWER\/LEAF EXTRACT, GERANIOL, PARFUM (FRAGRANCE).<\/p>\n","protected":false},"excerpt":{"rendered":"<p> <strong>Dzia\u0142anie:<\/strong> chroni, nawil\u017ca, od\u017cywia, regeneruje, uelastycznia<br \/>  <strong>Gramatura:<\/strong> g<br \/>  <strong>Konsystencja:<\/strong> balsam<br \/>  <strong>Linie elitarne:<\/strong> tak<br \/>  <strong>Piel\u0119gnacja specyficzna:<\/strong> nie<br \/>  <strong>Pojemno\u015b\u0107:<\/strong> 4.5<br \/>  <strong>P\u0142e\u0107:<\/strong> damski<br \/>  <strong>S\u0142o\u0144ce:<\/strong> nie <\/p>\n","protected":false},"featured_media":54300,"comment_status":"open","ping_status":"closed","template":"","meta":{"_acf_changed":false},"kategoria-hurtowni":[90,109,181],"product_brand":[653],"product_cat":[76],"product_tag":[],"class_list":{"0":"post-54299","1":"product","2":"type-product","3":"status-publish","4":"has-post-thumbnail","6":"kategoria-hurtowni-pielegnacja","7":"kategoria-hurtowni-pielegnacja-twarzy-pielegnacja","8":"kategoria-hurtowni-usta-pielegnacja-twarzy-pielegnacja","9":"product_brand-caudalie","10":"product_cat-primavera","12":"first","13":"outofstock","14":"taxable","15":"shipping-taxable","16":"product-type-simple"},"acf":[],"_links":{"self":[{"href":"https:\/\/premino.pl\/index.php?rest_route=\/wp\/v2\/product\/54299","targetHints":{"allow":["GET"]}}],"collection":[{"href":"https:\/\/premino.pl\/index.php?rest_route=\/wp\/v2\/product"}],"about":[{"href":"https:\/\/premino.pl\/index.php?rest_route=\/wp\/v2\/types\/product"}],"replies":[{"embeddable":true,"href":"https:\/\/premino.pl\/index.php?rest_route=%2Fwp%2Fv2%2Fcomments&post=54299"}],"wp:featuredmedia":[{"embeddable":true,"href":"https:\/\/premino.pl\/index.php?rest_route=\/wp\/v2\/media\/54300"}],"wp:attachment":[{"href":"https:\/\/premino.pl\/index.php?rest_route=%2Fwp%2Fv2%2Fmedia&parent=54299"}],"wp:term":[{"taxonomy":"kategoria-hurtowni","embeddable":true,"href":"https:\/\/premino.pl\/index.php?rest_route=%2Fwp%2Fv2%2Fkategoria-hurtowni&post=54299"},{"taxonomy":"product_brand","embeddable":true,"href":"https:\/\/premino.pl\/index.php?rest_route=%2Fwp%2Fv2%2Fproduct_brand&post=54299"},{"taxonomy":"product_cat","embeddable":true,"href":"https:\/\/premino.pl\/index.php?rest_route=%2Fwp%2Fv2%2Fproduct_cat&post=54299"},{"taxonomy":"product_tag","embeddable":true,"href":"https:\/\/premino.pl\/index.php?rest_route=%2Fwp%2Fv2%2Fproduct_tag&post=54299"}],"curies":[{"name":"wp","href":"https:\/\/api.w.org\/{rel}","templated":true}]}}