{"id":54303,"date":"2026-05-13T16:00:31","date_gmt":"2026-05-13T14:00:31","guid":{"rendered":"https:\/\/premino.pl\/?product=vinoclean-maska-detoksykujaca-instant-35ml"},"modified":"2026-05-13T16:00:33","modified_gmt":"2026-05-13T14:00:33","slug":"vinoclean-maska-detoksykujaca-instant-35ml","status":"publish","type":"product","link":"https:\/\/premino.pl\/?product=vinoclean-maska-detoksykujaca-instant-35ml","title":{"rendered":"Vinoclean maska detoksykuj\u0105ca instant 35ml"},"content":{"rendered":"<p>Maska g\u0142\u0119boko oczyszcza sk\u00f3r\u0119, usuwa zanieczyszczenia i nadmiar sebum, przywracaj\u0105c cerze \u015bwie\u017co\u015b\u0107, g\u0142adko\u015b\u0107 i naturalny blask. Zw\u0119\u017ca pory i przywraca r\u00f3wnowag\u0119 sk\u00f3rze nara\u017conej na stres i zanieczyszczenia \u015brodowiskowe.<\/p>\n<p><b>Formu\u0142a czystego sk\u0142adu:<br \/><\/b>\u2022 99% sk\u0142adnik\u00f3w pochodzenia naturalnego<br \/>\u2022 Bez PEG-\u00f3w i silikon\u00f3w<br \/>\u2022 Bez substancji zapachowych<br \/>\u2022 Wega\u0144ska<\/p>\n<p><b>Widoczne rezultaty:<br \/><\/b>100% badanych potwierdzi\u0142o efekt detoksykacji sk\u00f3ry*<\/p>\n<p>*Badanie kliniczne, % satysfakcji, 21 os\u00f3b, 21 dni.<\/p>\n<p><b>Kluczowe sk\u0142adniki:<br \/><\/b>\u2022 R\u00f3\u017cowa glinka (kaolin + bentonit) \u2013 delikatnie, lecz skutecznie detoksykuje, absorbuje nadmiar sebum i matuje cer\u0119.<br \/>\u2022 Ekstrakt z kawy (Arabika i Robusta) \u2013 bogaty w antyoksydanty, \u0142agodzi zaczerwienienia i stymuluje mikrokr\u0105\u017cenie, nadaj\u0105c sk\u00f3rze zdrowy wygl\u0105d.<br \/>\u2022 Organiczne wyt\u0142oki z winogron \u2013 naturalny sk\u0142adnik pozyskiwany z procesu produkcji wina, dzia\u0142a \u0142agodz\u0105co i wspomaga drena\u017c sk\u00f3ry.<\/p>\n<p><b>Spos\u00f3b u\u017cycia:<br \/><\/b>Nak\u0142adaj cienk\u0105 warstw\u0119 maski na oczyszczon\u0105 sk\u00f3r\u0119 2 razy w tygodniu. Pozostaw na 5\u201310 minut, a\u017c lekko zaschnie, a nast\u0119pnie dok\u0142adnie sp\u0142ucz wod\u0105.<\/p>\n<p><strong>Dzia\u0142anie:<\/strong> oczyszczaj\u0105ce, redukcja por\u00f3w<br \/>\n<strong>Gramatura:<\/strong> ml<br \/>\n<strong>Konsystencja:<\/strong> maska<br \/>\n<strong>Linie elitarne:<\/strong> tak<br \/>\n<strong>Piel\u0119gnacja specyficzna:<\/strong> maska<br \/>\n<strong>Pojemno\u015b\u0107:<\/strong> 35<br \/>\n<strong>Pora stosowania:<\/strong> dowolnie, raz na jaki\u015b czas<br \/>\n<strong>P\u0142e\u0107:<\/strong> damski<br \/>\n<strong>Rodzaj sk\u00f3ry:<\/strong> dojrza\u0142a, m\u0142oda<br \/>\n<strong>S\u0142o\u0144ce:<\/strong> nie<br \/>\n<strong>Typ sk\u00f3ry:<\/strong> mieszana\/t\u0142usta, normalna, sucha<\/p>\n<p><strong>Uwagi:<\/strong><\/p>\n<p>Unika\u0107 kontaktu z oczami.<\/p>\n<p><strong>Sk\u0142adniki:<\/strong><\/p>\n<p>AQUA\/WATER\/EAU, KAOLIN, BENTONITE, GLYCERIN, ACACIA SENEGAL GUM, XANTHAN GUM, BENZYL ALCOHOL, ALCOHOL, SODIUM DEHYDROACETATE, CI 77491 (IRON OXIDES), CITRUS AURANTIUM BERGAMIA (BERGAMOT) FRUIT OIL, LAVANDULA ANGUSTIFOLIA (LAVENDER) OIL, LINALOOL, LIMONENE, SODIUM CITRATE, CITRIC ACID, DEHYDROACETIC ACID, COFFEA ARABICA (COFFEE) SEED EXTRACT, COFFEA ROBUSTA SEED EXTRACT, CARBOMER, CUPRESSUS SEMPERVIRENS OIL, SALVIA SCLAREA (CLARY) OIL, CI 77499 (IRON OXIDES), VITIS VINIFERA (GRAPE) FRUIT EXTRACT, COMMIPHORA MYRRHA OIL, SANTALUM ALBUM (SANDALWOOD) OIL, PAPAIN, 1,2-HEXANEDIOL, CAPRYLYL GLYCOL, SODIUM BENZOATE, ANTHEMIS NOBILIS FLOWER OIL, LACTIC ACID, ALGIN, POTASSIUM SORBATE.<\/p>\n","protected":false},"excerpt":{"rendered":"<p> <strong>Dzia\u0142anie:<\/strong> oczyszczaj\u0105ce, redukcja por\u00f3w<br \/>  <strong>Gramatura:<\/strong> ml<br \/>  <strong>Konsystencja:<\/strong> maska<br \/>  <strong>Linie elitarne:<\/strong> tak<br \/>  <strong>Piel\u0119gnacja specyficzna:<\/strong> maska<br \/>  <strong>Pojemno\u015b\u0107:<\/strong> 35<br \/>  <strong>Pora stosowania:<\/strong> dowolnie, raz na jaki\u015b czas<br \/>  <strong>P\u0142e\u0107:<\/strong> damski<br \/>  <strong>Rodzaj sk\u00f3ry:<\/strong> dojrza\u0142a, m\u0142oda<br \/>  <strong>S\u0142o\u0144ce:<\/strong> nie<br \/>  <strong>Typ sk\u00f3ry:<\/strong> mieszana\/t\u0142usta, normalna, sucha <\/p>\n","protected":false},"featured_media":54304,"comment_status":"open","ping_status":"closed","template":"","meta":{"_acf_changed":false},"kategoria-hurtowni":[90,109,110],"product_brand":[653],"product_cat":[76],"product_tag":[],"class_list":{"0":"post-54303","1":"product","2":"type-product","3":"status-publish","4":"has-post-thumbnail","6":"kategoria-hurtowni-pielegnacja","7":"kategoria-hurtowni-pielegnacja-twarzy-pielegnacja","8":"kategoria-hurtowni-twarz-pielegnacja-twarzy-pielegnacja","9":"product_brand-caudalie","10":"product_cat-primavera","12":"first","13":"outofstock","14":"taxable","15":"shipping-taxable","16":"product-type-simple"},"acf":[],"_links":{"self":[{"href":"https:\/\/premino.pl\/index.php?rest_route=\/wp\/v2\/product\/54303","targetHints":{"allow":["GET"]}}],"collection":[{"href":"https:\/\/premino.pl\/index.php?rest_route=\/wp\/v2\/product"}],"about":[{"href":"https:\/\/premino.pl\/index.php?rest_route=\/wp\/v2\/types\/product"}],"replies":[{"embeddable":true,"href":"https:\/\/premino.pl\/index.php?rest_route=%2Fwp%2Fv2%2Fcomments&post=54303"}],"wp:featuredmedia":[{"embeddable":true,"href":"https:\/\/premino.pl\/index.php?rest_route=\/wp\/v2\/media\/54304"}],"wp:attachment":[{"href":"https:\/\/premino.pl\/index.php?rest_route=%2Fwp%2Fv2%2Fmedia&parent=54303"}],"wp:term":[{"taxonomy":"kategoria-hurtowni","embeddable":true,"href":"https:\/\/premino.pl\/index.php?rest_route=%2Fwp%2Fv2%2Fkategoria-hurtowni&post=54303"},{"taxonomy":"product_brand","embeddable":true,"href":"https:\/\/premino.pl\/index.php?rest_route=%2Fwp%2Fv2%2Fproduct_brand&post=54303"},{"taxonomy":"product_cat","embeddable":true,"href":"https:\/\/premino.pl\/index.php?rest_route=%2Fwp%2Fv2%2Fproduct_cat&post=54303"},{"taxonomy":"product_tag","embeddable":true,"href":"https:\/\/premino.pl\/index.php?rest_route=%2Fwp%2Fv2%2Fproduct_tag&post=54303"}],"curies":[{"name":"wp","href":"https:\/\/api.w.org\/{rel}","templated":true}]}}