{"id":54307,"date":"2026-05-13T16:00:35","date_gmt":"2026-05-13T14:00:35","guid":{"rendered":"https:\/\/premino.pl\/?product=premier-cru-krem-anti-age-50ml"},"modified":"2026-05-13T16:00:35","modified_gmt":"2026-05-13T14:00:35","slug":"premier-cru-krem-anti-age-50ml","status":"publish","type":"product","link":"https:\/\/premino.pl\/?product=premier-cru-krem-anti-age-50ml","title":{"rendered":"Premier Cru krem anti-age 50ml"},"content":{"rendered":"<p>Innowacyjna formu\u0142a kremu Premier Cru to po\u0142\u0105czenie nauki i natury, kt\u00f3re zapewnia sk\u00f3rze m\u0142odszy wygl\u0105d na d\u0142u\u017cej. Krem intensywnie koryguje wszystkie oznaki starzenia \u2014 zmarszczki, utrat\u0119 j\u0119drno\u015bci, przebarwienia oraz brak obj\u0119to\u015bci. Wzbogacony o opatentowany kompleks d\u0142ugowieczno\u015bci i naturalny wype\u0142niacz, reaktywuje m\u0142odzie\u0144czy potencja\u0142 sk\u00f3ry i wspiera jej prawid\u0142owe funkcjonowanie.<\/p>\n<p><b>Kluczowe sk\u0142adniki:<br \/><\/b>\u2022 Viniferin \u2013 opatentowany sk\u0142adnik z soku winogron, 62x skuteczniejszy od witaminy C i 43% skuteczniejszy od 10% niacynamidu w redukcji przebarwie\u0144.<br \/>\u2022 Patent d\u0142ugowieczno\u015bci (Caudalie x Harvard Medical School) \u2013 aktywowany resweratrolem, stymuluje bia\u0142ka d\u0142ugowieczno\u015bci sirtuiny 128x silniej, wspieraj\u0105c produkcj\u0119 kolagenu, elastyny i kwasu hialuronowego.<br \/>\u2022 Naturalny wype\u0142niacz z drzewa r\u00f3\u017canego \u2013 pobudza produkcj\u0119 kluczowych cz\u0105steczek m\u0142odo\u015bci (kolagenu, elastyny, fibryliny-1 i kwasu hialuronowego), zwi\u0119kszaj\u0105c obj\u0119to\u015b\u0107 sk\u00f3ry i poprawiaj\u0105c kontury twarzy.<\/p>\n<p><b>Czysty sk\u0142ad i \u015bwiadoma piel\u0119gnacja:<br \/><\/b>\u2022 98% sk\u0142adnik\u00f3w pochodzenia naturalnego<br \/>\u2022 Bez syntetycznych substancji zapachowych<br \/>\u2022 Wega\u0144ski i niekomedogenny<br \/>\u2022 Testowany dermatologicznie<\/p>\n<p><b>Czy wiesz, \u017ce\u2026<br \/><\/b>Krem wzbogacony o napinaj\u0105ce cukry zapewnia widoczny efekt liftingu ju\u017c po 3 minutach, kt\u00f3ry utrzymuje si\u0119 nawet do 6 godzin.<\/p>\n<p><b>Zaanga\u017cowanie w ochron\u0119 \u015brodowiska:<br \/><\/b>Szklany s\u0142oik nadaje si\u0119 do ponownego nape\u0142nienia i recyklingu. Dzi\u0119ki systemowi wymiennych wk\u0142ad\u00f3w u\u017cywa si\u0119 o 89% mniej opakowa\u0144, co czyni Premier Cru przyjaznym dla planety wyborem.<\/p>\n<p><b>Spos\u00f3b u\u017cycia:<br \/><\/b>Nak\u0142adaj krem rano i wieczorem na twarz i szyj\u0119. Stosuj samodzielnie lub po na\u0142o\u017ceniu serum dla pe\u0142niejszego efektu.<\/p>\n<p><strong>Dzia\u0142anie:<\/strong> nawil\u017caj\u0105ce, redukuje zmarszczki, regeneruje, rozja\u015bnia przebarwienia, uelastycznia, uj\u0119drnia<br \/>\n<strong>Gramatura:<\/strong> ml<br \/>\n<strong>Konsystencja:<\/strong> krem<br \/>\n<strong>Linie elitarne:<\/strong> tak<br \/>\n<strong>Piel\u0119gnacja specyficzna:<\/strong> nie<br \/>\n<strong>Pojemno\u015b\u0107:<\/strong> 50<br \/>\n<strong>Pora stosowania:<\/strong> dowolnie, dzie\u0144, noc<br \/>\n<strong>P\u0142e\u0107:<\/strong> damski<br \/>\n<strong>Rodzaj sk\u00f3ry:<\/strong> dojrza\u0142a<br \/>\n<strong>S\u0142o\u0144ce:<\/strong> nie<br \/>\n<strong>Typ sk\u00f3ry:<\/strong> mieszana\/t\u0142usta, normalna, sucha<\/p>\n<p><strong>Uwagi:<\/strong><\/p>\n<p>Unika\u0107 kontaktu z oczami.<\/p>\n<p><strong>Sk\u0142adniki:<\/strong><\/p>\n<p>AQUA\/WATER\/EAU, GLYCERIN, HYDROGENATED ETHYLHEXYL OLIVATE, CAPRYLIC\/CAPRIC TRIGLYCERIDE, BUTYLENE GLYCOL, CETEARYL ALCOHOL, CETEARYL GLUCOSIDE, COCO-CAPRYLATE\/CAPRATE, SESAMUM INDICUM (SESAME) SEED OIL, VITIS VINIFERA (GRAPE) SEED OIL, BUTYROSPERMUM PARKII (SHEA) BUTTER EXTRACT, PROPANEDIOL, PALMITOYL GRAPEVINE SHOOT EXTRACT, PALMITOYL GRAPE SEED EXTRACT, HYDROGENATED OLIVE OIL UNSAPONIFIABLES, PENTAERYTHRITYL DISTEARATE, POTASSIUM CETYL PHOSPHATE, CARBOMER, CAPRYLYL GLYCOL, XANTHAN GUM, HYDROLYZED HYALURONIC ACID, MAGNOLIA OFFICINALIS BARK EXTRACT, POTASSIUM SORBATE, TOCOPHEROL, HELIANTHUS ANNUUS (SUNFLOWER) SEED OIL, ADENOSINE, SODIUM HYDROXIDE, SODIUM PHYTATE, GLEDITSIA TRIACANTHOS SEED EXTRACT, ANIBA ROSODORA WOOD EXTRACT, PARFUM (FRAGRANCE), GERANIOL, LINALOOL, CITRONELLOL.<\/p>\n","protected":false},"excerpt":{"rendered":"<p> <strong>Dzia\u0142anie:<\/strong> nawil\u017caj\u0105ce, redukuje zmarszczki, regeneruje, rozja\u015bnia przebarwienia, uelastycznia, uj\u0119drnia<br \/>  <strong>Gramatura:<\/strong> ml<br \/>  <strong>Konsystencja:<\/strong> krem<br \/>  <strong>Linie elitarne:<\/strong> tak<br \/>  <strong>Piel\u0119gnacja specyficzna:<\/strong> nie<br \/>  <strong>Pojemno\u015b\u0107:<\/strong> 50<br \/>  <strong>Pora stosowania:<\/strong> dowolnie, dzie\u0144, noc<br \/>  <strong>P\u0142e\u0107:<\/strong> damski<br \/>  <strong>Rodzaj sk\u00f3ry:<\/strong> dojrza\u0142a<br \/>  <strong>S\u0142o\u0144ce:<\/strong> nie<br \/>  <strong>Typ sk\u00f3ry:<\/strong> mieszana\/t\u0142usta, normalna, sucha <\/p>\n","protected":false},"featured_media":54308,"comment_status":"open","ping_status":"closed","template":"","meta":{"_acf_changed":false},"kategoria-hurtowni":[90,109,110],"product_brand":[653],"product_cat":[76],"product_tag":[],"class_list":{"0":"post-54307","1":"product","2":"type-product","3":"status-publish","4":"has-post-thumbnail","6":"kategoria-hurtowni-pielegnacja","7":"kategoria-hurtowni-pielegnacja-twarzy-pielegnacja","8":"kategoria-hurtowni-twarz-pielegnacja-twarzy-pielegnacja","9":"product_brand-caudalie","10":"product_cat-primavera","12":"first","13":"outofstock","14":"taxable","15":"shipping-taxable","16":"product-type-simple"},"acf":[],"_links":{"self":[{"href":"https:\/\/premino.pl\/index.php?rest_route=\/wp\/v2\/product\/54307","targetHints":{"allow":["GET"]}}],"collection":[{"href":"https:\/\/premino.pl\/index.php?rest_route=\/wp\/v2\/product"}],"about":[{"href":"https:\/\/premino.pl\/index.php?rest_route=\/wp\/v2\/types\/product"}],"replies":[{"embeddable":true,"href":"https:\/\/premino.pl\/index.php?rest_route=%2Fwp%2Fv2%2Fcomments&post=54307"}],"wp:featuredmedia":[{"embeddable":true,"href":"https:\/\/premino.pl\/index.php?rest_route=\/wp\/v2\/media\/54308"}],"wp:attachment":[{"href":"https:\/\/premino.pl\/index.php?rest_route=%2Fwp%2Fv2%2Fmedia&parent=54307"}],"wp:term":[{"taxonomy":"kategoria-hurtowni","embeddable":true,"href":"https:\/\/premino.pl\/index.php?rest_route=%2Fwp%2Fv2%2Fkategoria-hurtowni&post=54307"},{"taxonomy":"product_brand","embeddable":true,"href":"https:\/\/premino.pl\/index.php?rest_route=%2Fwp%2Fv2%2Fproduct_brand&post=54307"},{"taxonomy":"product_cat","embeddable":true,"href":"https:\/\/premino.pl\/index.php?rest_route=%2Fwp%2Fv2%2Fproduct_cat&post=54307"},{"taxonomy":"product_tag","embeddable":true,"href":"https:\/\/premino.pl\/index.php?rest_route=%2Fwp%2Fv2%2Fproduct_tag&post=54307"}],"curies":[{"name":"wp","href":"https:\/\/api.w.org\/{rel}","templated":true}]}}