{"id":54309,"date":"2026-05-13T16:00:35","date_gmt":"2026-05-13T14:00:35","guid":{"rendered":"https:\/\/premino.pl\/?product=vinoclean-olejek-do-demakijazu-75ml"},"modified":"2026-05-13T16:00:35","modified_gmt":"2026-05-13T14:00:35","slug":"vinoclean-olejek-do-demakijazu-75ml","status":"publish","type":"product","link":"https:\/\/premino.pl\/?product=vinoclean-olejek-do-demakijazu-75ml","title":{"rendered":"Vinoclean olejek do demakija\u017cu 75ml"},"content":{"rendered":"<p>Odkryj moc natury w codziennym rytuale piel\u0119gnacyjnym. Olejek do demakija\u017cu to wyj\u0105tkowa mieszanka od\u017cywczych olej\u00f3w ro\u015blinnych w 100% pochodzenia naturalnego, kt\u00f3ra skutecznie usuwa wszelkie zanieczyszczenia i makija\u017c \u2013 nawet wodoodporny. Jego czysta, wega\u0144ska formu\u0142a delikatnie oczyszcza twarz, oczy i usta, pozostawiaj\u0105c sk\u00f3r\u0119 mi\u0119kk\u0105, g\u0142adk\u0105 i od\u017cywion\u0105.<\/p>\n<p><b>Formu\u0142a:<br \/><\/b>\u2022 100% sk\u0142adnik\u00f3w pochodzenia naturalnego<br \/>\u2022 wega\u0144ska<br \/>\u2022 opakowanie w 100% z recyklingu (zbi\u00f3rka plastiku 100%)<\/p>\n<p><b>Kluczowe sk\u0142adniki aktywne:<br \/><\/b>\u2022 Olej z pestek winogron \u2013 t\u0142oczony na zimno, bogaty w antyoksydanty i sk\u0142adniki od\u017cywcze, chroni i regeneruje sk\u00f3r\u0119.<br \/>\u2022 Olej migda\u0142owy \u2013 \u017ar\u00f3d\u0142o kwas\u00f3w Omega 6 i 9 oraz witamin A, B, D i E; zmi\u0119kcza i \u0142agodzi sk\u00f3r\u0119.<br \/>\u2022 Olej rycynowy \u2013 wzmacnia i piel\u0119gnuje rz\u0119sy.<\/p>\n<p><b>Czy wiesz, \u017ce&#8230;<br \/><\/b>Podczas kontaktu z wod\u0105 olejek zamienia si\u0119 w lekkie, od\u017cywcze mleczko, kt\u00f3re \u0142atwo si\u0119 sp\u0142ukuje, nie pozostawiaj\u0105c t\u0142ustej warstwy.<\/p>\n<p><b>Spos\u00f3b u\u017cycia:<\/b><br \/>Rozgrzej w d\u0142oniach 2\u20133 porcje olejku, wmasuj w such\u0105 sk\u00f3r\u0119 twarzy, zamykaj\u0105c oczy. Nast\u0119pnie zwil\u017c d\u0142onie wod\u0105, aby przekszta\u0142ci\u0107 olejek w emulsj\u0119, i dok\u0142adnie sp\u0142ucz.<\/p>\n<p><strong>Dzia\u0142anie:<\/strong> demakija\u017c, nawil\u017caj\u0105ce, oczyszczaj\u0105ce, od\u017cywcze<br \/>\n<strong>Gramatura:<\/strong> ml<br \/>\n<strong>Konsystencja:<\/strong> olejek<br \/>\n<strong>Linie elitarne:<\/strong> tak<br \/>\n<strong>Piel\u0119gnacja specyficzna:<\/strong> nie<br \/>\n<strong>Pojemno\u015b\u0107:<\/strong> 75<br \/>\n<strong>Pora stosowania:<\/strong> dowolnie<br \/>\n<strong>P\u0142e\u0107:<\/strong> damski<br \/>\n<strong>Rodzaj sk\u00f3ry:<\/strong> wra\u017cliwa<br \/>\n<strong>S\u0142o\u0144ce:<\/strong> nie<br \/>\n<strong>Typ sk\u00f3ry:<\/strong> mieszana\/t\u0142usta, normalna, sucha<\/p>\n<p><strong>Uwagi:<\/strong><\/p>\n<p>Unika\u0107 bezpo\u015bredniego kontaktu z oczami.<\/p>\n<p><strong>Sk\u0142adniki:<\/strong><\/p>\n<p>HELIANTHUS ANNUUS (SUNFLOWER) SEED OIL, POLYGLYCERYL-4 OLEATE, CAPRYLIC\/CAPRIC TRIGLYCERIDE, RICINUS COMMUNIS (CASTOR) SEED OIL, PRUNUS AMYGDALUS DULCIS (SWEET ALMOND) OIL, VITIS VINIFERA (GRAPE) SEED OIL, TOCOPHEROL, PARFUM (FRAGRANCE).<\/p>\n","protected":false},"excerpt":{"rendered":"<p> <strong>Dzia\u0142anie:<\/strong> demakija\u017c, nawil\u017caj\u0105ce, oczyszczaj\u0105ce, od\u017cywcze<br \/>  <strong>Gramatura:<\/strong> ml<br \/>  <strong>Konsystencja:<\/strong> olejek<br \/>  <strong>Linie elitarne:<\/strong> tak<br \/>  <strong>Piel\u0119gnacja specyficzna:<\/strong> nie<br \/>  <strong>Pojemno\u015b\u0107:<\/strong> 75<br \/>  <strong>Pora stosowania:<\/strong> dowolnie<br \/>  <strong>P\u0142e\u0107:<\/strong> damski<br \/>  <strong>Rodzaj sk\u00f3ry:<\/strong> wra\u017cliwa<br \/>  <strong>S\u0142o\u0144ce:<\/strong> nie<br \/>  <strong>Typ sk\u00f3ry:<\/strong> mieszana\/t\u0142usta, normalna, sucha <\/p>\n","protected":false},"featured_media":54310,"comment_status":"open","ping_status":"closed","template":"","meta":{"_acf_changed":false},"kategoria-hurtowni":[90,109,110],"product_brand":[653],"product_cat":[76],"product_tag":[],"class_list":{"0":"post-54309","1":"product","2":"type-product","3":"status-publish","4":"has-post-thumbnail","6":"kategoria-hurtowni-pielegnacja","7":"kategoria-hurtowni-pielegnacja-twarzy-pielegnacja","8":"kategoria-hurtowni-twarz-pielegnacja-twarzy-pielegnacja","9":"product_brand-caudalie","10":"product_cat-primavera","12":"first","13":"outofstock","14":"taxable","15":"shipping-taxable","16":"product-type-simple"},"acf":[],"_links":{"self":[{"href":"https:\/\/premino.pl\/index.php?rest_route=\/wp\/v2\/product\/54309","targetHints":{"allow":["GET"]}}],"collection":[{"href":"https:\/\/premino.pl\/index.php?rest_route=\/wp\/v2\/product"}],"about":[{"href":"https:\/\/premino.pl\/index.php?rest_route=\/wp\/v2\/types\/product"}],"replies":[{"embeddable":true,"href":"https:\/\/premino.pl\/index.php?rest_route=%2Fwp%2Fv2%2Fcomments&post=54309"}],"wp:featuredmedia":[{"embeddable":true,"href":"https:\/\/premino.pl\/index.php?rest_route=\/wp\/v2\/media\/54310"}],"wp:attachment":[{"href":"https:\/\/premino.pl\/index.php?rest_route=%2Fwp%2Fv2%2Fmedia&parent=54309"}],"wp:term":[{"taxonomy":"kategoria-hurtowni","embeddable":true,"href":"https:\/\/premino.pl\/index.php?rest_route=%2Fwp%2Fv2%2Fkategoria-hurtowni&post=54309"},{"taxonomy":"product_brand","embeddable":true,"href":"https:\/\/premino.pl\/index.php?rest_route=%2Fwp%2Fv2%2Fproduct_brand&post=54309"},{"taxonomy":"product_cat","embeddable":true,"href":"https:\/\/premino.pl\/index.php?rest_route=%2Fwp%2Fv2%2Fproduct_cat&post=54309"},{"taxonomy":"product_tag","embeddable":true,"href":"https:\/\/premino.pl\/index.php?rest_route=%2Fwp%2Fv2%2Fproduct_tag&post=54309"}],"curies":[{"name":"wp","href":"https:\/\/api.w.org\/{rel}","templated":true}]}}